{"id":387,"date":"2022-10-11T09:27:01","date_gmt":"2022-10-11T07:27:01","guid":{"rendered":"https:\/\/naturvernforbundet.no\/ostfold\/?page_id=387"},"modified":"2025-04-22T11:57:14","modified_gmt":"2025-04-22T09:57:14","slug":"om-oss","status":"publish","type":"page","link":"https:\/\/naturvernforbundet.no\/ostfold\/om-oss\/","title":{"rendered":"Om oss"},"content":{"rendered":"\t<div class=\"template-page has-media alignfull wp-block-naturvern-hero\">\n\t\t<div class=\"hero__inner\">\n\t\t\t<div class=\"hero__inner_blocks\">\n\t\t\t\t\t\t\t\t\n<h1 class=\"wp-block-post-title\">Om oss<\/h1>\n\n\n<p>Bli bedre kjent med Naturvernforbundet i \u00d8stfold!<\/p>\n\n\n\n<div class=\"wp-block-buttons is-layout-flex wp-block-buttons-is-layout-flex\"><\/div>\n\n\t\t\t<\/div>\n\t\t\t\t\t<\/div>\n\t\t\t\t\t<div class=\"hero__image\">\n\t\t\t\t\t\t\t\t\t\t<img fetchpriority=\"high\" decoding=\"async\" width=\"1920\" height=\"1080\" src=\"https:\/\/naturvernforbundet.no\/content\/uploads\/sites\/22\/2024\/12\/Bilde-05.12.2024-21-07-46-1920x1080.jpg\" class=\"attachment-ultra size-ultra\" alt=\"\" style=\"object-position: 50% 42%;\" loading=\"eager\" srcset=\"https:\/\/naturvernforbundet.no\/content\/uploads\/sites\/22\/2024\/12\/Bilde-05.12.2024-21-07-46-1920x1080.jpg 1920w, https:\/\/naturvernforbundet.no\/content\/uploads\/sites\/22\/2024\/12\/Bilde-05.12.2024-21-07-46-300x169.jpg 300w, https:\/\/naturvernforbundet.no\/content\/uploads\/sites\/22\/2024\/12\/Bilde-05.12.2024-21-07-46-1024x576.jpg 1024w, https:\/\/naturvernforbundet.no\/content\/uploads\/sites\/22\/2024\/12\/Bilde-05.12.2024-21-07-46-768x432.jpg 768w, https:\/\/naturvernforbundet.no\/content\/uploads\/sites\/22\/2024\/12\/Bilde-05.12.2024-21-07-46-1536x864.jpg 1536w, https:\/\/naturvernforbundet.no\/content\/uploads\/sites\/22\/2024\/12\/Bilde-05.12.2024-21-07-46-2048x1152.jpg 2048w\" sizes=\"(max-width: 1920px) 100vw, 1920px\" \/>\t\t\t\t\t\t<\/div>\n\t\t\t<\/div>\n\t\n\n\n<p>Naturvernforbundet i \u00d8stfold best\u00e5r av fylkeslaget og lokallagene i Halden, Follo-Moss, Fredrikstad og Hvaler, Sarpsborg og Indre \u00d8stfold.<\/p>\n\n\n\n<p>Her finner du kontaktinformasjon til styremedlemmene i fylkesstyret samt adresse, organisasjonsnummer, kontonummer og lenke til styrende dokumenter.<\/p>\n\n\n\n<div class=\"wp-block-group is-style-green-light is-layout-constrained wp-block-group-is-layout-constrained\">\n<p class=\"is-style-default\"><strong>Postadresse fylkesstyret:<\/strong><br>Naturvernforbundet i \u00d8stfold<br>Kirkegaten&nbsp;31<br>1632 GAMLE FREDRIKSTAD<br><br><strong>E-post:<\/strong>&nbsp;<a href=\"mailto:post@naturostfold.no\" target=\"_blank\" rel=\"noreferrer noopener\">post@naturostfold.no<\/a><br><br><strong>Org.nr:<\/strong>&nbsp;971 248 149<br><strong>Kontonr:<\/strong>&nbsp;9365.15.61793<\/p>\n<\/div>\n\n\n\n<div class=\"wp-block-group is-layout-constrained wp-block-group-is-layout-constrained\">\n<div class=\"wp-block-group is-layout-constrained wp-block-group-is-layout-constrained\">\n<p>Last ned Naturvernforbundets arbeidsprogram her:<\/p>\n<\/div>\n<\/div>\n\n\n<div class=\"t2-files wp-block-t2-files\">\n<div class=\"t2-file-item wp-block-t2-file-item\">\n\t\t<a href=\"https:\/\/naturvernforbundet.no\/content\/uploads\/sites\/22\/2022\/10\/Naturvernforbundet-sitt-arbeidsprogram-2022-2024-vedteken-av-LM-2022.pdf\" class=\"t2-file-item__link t2-file-item__link--icon-left\" download>\n\t\t\t<span class=\"t2-file-item__icon\"><svg xmlns=\"http:\/\/www.w3.org\/2000\/svg\" viewBox=\"0 0 24 24\" height=\"24\" width=\"24\" class=\"t2-icon t2-icon-filedownload\" aria-hidden=\"true\" focusable=\"false\"><path d=\"M16.59 9H15V4C15 3.45 14.55 3 14 3H10C9.45 3 9 3.45 9 4V9H7.41C6.52 9 6.07 10.08 6.7 10.71L11.29 15.3C11.68 15.69 12.31 15.69 12.7 15.3L17.29 10.71C17.92 10.08 17.48 9 16.59 9ZM5 19C5 19.55 5.45 20 6 20H18C18.55 20 19 19.55 19 19C19 18.45 18.55 18 18 18H6C5.45 18 5 18.45 5 19Z\" \/><\/svg><\/span>\n\t\t\t<span class=\"t2-file-item__info\">\n\t\t\t\t<span class=\"t2-file-item__filename\">Naturvernforbundet sitt arbeidsprogram 2022-2024 (vedteken av LM 2022)<\/span>\n\t\t\t\t\n\t\t\t\t<span class=\"t2-file-item__meta\">pdf \u00b7 581 KB<\/span>\n\t\t\t<\/span>\n\t\t<\/a>\n\t\t<\/div>\n<\/div>\n\n\n<h2 class=\"wp-block-heading\"><strong>Fylkesstyret<\/strong> i \u00d8stfold 2025<\/h2>\n\n\n\n<p><strong>Styreleder <\/strong><br>H\u00e5kon Borch<br>Tlf: 97067685<br>E-post:&nbsp;<a href=\"mailto:hakon@naturostfold.no\" target=\"_blank\" rel=\"noreferrer noopener\">hakon@naturostfold.no<\/a><\/p>\n\n\n\n<p><strong>Nestleder <\/strong><br>Heidi Oskarsen<br>Tlf: 41269231<br>E-post: <a href=\"mailto:heidi.e.oskarsen@gmail.com\" target=\"_blank\" rel=\"noreferrer noopener\">heidi.e.oskarsen@gmail.com<\/a><\/p>\n\n\n\n<p><strong>Styremedlem<\/strong><br>Ragnar Johnsen<br>Tlf: 91882369<br>E-post:\u00a0<a href=\"mailto:ragjohn@online.no\" target=\"_blank\" rel=\"noreferrer noopener\">ragjohn@online.no<\/a><\/p>\n\n\n\n<p><strong>Styremedlem<\/strong><br>\u00d8ystein R. Henriksen<br>Tlf:&nbsp;91198055<br>E-post: <a href=\"mailto:ohe@zeimo.no\" target=\"_blank\" rel=\"noreferrer noopener\">ohe@zeimo.no<\/a><\/p>\n\n\n\n<p><strong>Styremedlem<\/strong><br>Ola Martin Wergeland Krog<br>Tlf: 97110439<br>E-post:\u00a0<a href=\"mailto:skog@naturostfold.no\" target=\"_blank\" rel=\"noreferrer noopener\">skog@naturostfold.no<\/a><\/p>\n\n\n\n<p><strong>Styremedlem<\/strong><br>Tom Christian O. Aln\u00e6s<br>Tlf: 95798395<br>E-post: <a href=\"mailto:tom@naturostfold.no\" target=\"_blank\" rel=\"noreferrer noopener\">tom@naturostfold.no<\/a><\/p>\n\n\n\n<p><strong>Styremedlem<\/strong><br>Ida Skjerden<br>Tlf: 97670790<br>E-post: <a href=\"mailto:ida.skjerden@hotmail.com\" target=\"_blank\" rel=\"noreferrer noopener\">ida.skjerden@hotmail.com<\/a><\/p>\n\n\n\n<p><strong>Styremedlem<\/strong><br>Cathrine Staal-Orten<br>Tlf:<br>E-post: <a href=\"mailto:cathrineorten@gmail.com\" target=\"_blank\" rel=\"noreferrer noopener\">cathrineorten@gmail.com<\/a><\/p>\n\n\n\n<p><strong>Varamedlem<\/strong><br>Kjell J\u00f8rgensen<br>Tlf: <br>E-post: <a href=\"mailto:kjell.jorgensen@bi.no\" target=\"_blank\" rel=\"noreferrer noopener\">kjell.jorgensen@bi.no<\/a><\/p>\n\n\n\n<p><strong>Varamedlem<\/strong><br>Monica Marcella Kj\u00e6rstad<br>Tlf: 92433054<br>E-post: <a href=\"mailto:beibiblaa@gmail.com\" target=\"_blank\" rel=\"noreferrer noopener\">beibiblaa@gmail.com<\/a><\/p>\n\n\n\n<p><strong>Varamedlem<\/strong><br>Astrid Pharo<br>Tlf: <br>E-post:<\/p>\n\n\n\n<p><strong>Fylkessekret\u00e6r<\/strong>&nbsp;<br>Martine Stave<br>tlf. 98409856<br>E-post: <a href=\"mailto:martine@naturostfold.no\" target=\"_blank\" rel=\"noreferrer noopener\">martine@naturostfold.no<\/a>&nbsp;<\/p>\n\n\n\n<h2 class=\"wp-block-heading\"><strong>Kontaktpersoner sak:<\/strong><\/h2>\n\n\n\n<p><strong>Viken Park<\/strong><br>Heidi Oskarsen: <a href=\"mailto:heidi.e.oskarsen@gmail.com\" target=\"_blank\" rel=\"noreferrer noopener\">heidi.e.oskarsen@gmail.com<\/a><\/p>\n\n\n\n<p><strong>Vannmilj\u00f8 og Levende kyst<\/strong><br>H\u00e5kon Borch: <a href=\"mailto:hakon@naturostfold.no\" target=\"_blank\" rel=\"noreferrer noopener\">hakon@naturostfold.no<\/a><\/p>\n\n\n\n<p><strong>Skog<\/strong><br>Ola M. Wergeland Krog: <a href=\"mailto:skog@naturostfold.no\" target=\"_blank\" rel=\"noreferrer noopener\">skog@naturostfold.no<\/a><\/p>\n\n\n\n<p><strong>Vindkraft<\/strong><br>Ola M. Wergeland Krog: <a href=\"mailto:skog@naturostfold.no\" target=\"_blank\" rel=\"noreferrer noopener\">skog@naturostfold.no<\/a><\/p>\n\n\n\n<p><strong>Samferdsel<\/strong><br>Ragnar Johnsen: <a href=\"mailto:ragjohn@online.no\" target=\"_blank\" rel=\"noreferrer noopener\">ragjohn@online.no<\/a><\/p>\n\n\n\n<p><strong>Landbruk\/\u00f8kologisk landbruk<\/strong><br>Ragnar Johnsen: <a href=\"mailto:ragjohn@online.no\" target=\"_blank\" rel=\"noreferrer noopener\">ragjohn@online.no<\/a><\/p>\n\n\n\n<div class=\"wp-block-group is-style-green-light is-layout-constrained wp-block-group-is-layout-constrained\">\n<p><em>Hvis du er usikker p\u00e5 hvem du b\u00f8r snakke med eller har andre sp\u00f8rsm\u00e5l, kan du kontakte Martine p\u00e5 <a href=\"mailto:martine@naturostfold.no\" target=\"_blank\" rel=\"noreferrer noopener\">martine@naturostfold.no<\/a>.<\/em><\/p>\n<\/div>\n\n\n","protected":false},"excerpt":{"rendered":"","protected":false},"author":3,"featured_media":1580,"parent":0,"menu_order":0,"comment_status":"closed","ping_status":"closed","template":"","meta":{"_relevanssi_hide_post":"","_relevanssi_hide_content":"","_relevanssi_pin_for_all":"","_relevanssi_pin_keywords":"","_relevanssi_unpin_keywords":"","_relevanssi_related_keywords":"","_relevanssi_related_include_ids":"","_relevanssi_related_exclude_ids":"","_relevanssi_related_no_append":"","_relevanssi_related_not_related":"","_relevanssi_related_posts":"44,168,459,460,424,410","_relevanssi_noindex_reason":"","hide_logo":false,"footnotes":""},"categories":[],"class_list":["post-387","page","type-page","status-publish","has-post-thumbnail","hentry"],"acf":[],"yoast_head":"<!-- This site is optimized with the Yoast SEO plugin v24.9 - https:\/\/yoast.com\/wordpress\/plugins\/seo\/ -->\n<title>Om oss - \u00d8stfold<\/title>\n<meta name=\"robots\" content=\"index, follow, max-snippet:-1, max-image-preview:large, max-video-preview:-1\" \/>\n<link rel=\"canonical\" href=\"https:\/\/naturvernforbundet.no\/ostfold\/om-oss\/\" \/>\n<meta property=\"og:locale\" content=\"nb_NO\" \/>\n<meta property=\"og:type\" content=\"article\" \/>\n<meta property=\"og:title\" content=\"Om oss - \u00d8stfold\" \/>\n<meta property=\"og:url\" content=\"https:\/\/naturvernforbundet.no\/ostfold\/om-oss\/\" \/>\n<meta property=\"og:site_name\" content=\"\u00d8stfold\" \/>\n<meta property=\"article:modified_time\" content=\"2025-04-22T09:57:14+00:00\" \/>\n<meta property=\"og:image\" content=\"https:\/\/naturvernforbundet.no\/content\/uploads\/sites\/22\/2024\/12\/Bilde-05.12.2024-21-07-46-scaled.jpg\" \/>\n\t<meta property=\"og:image:width\" content=\"2560\" \/>\n\t<meta property=\"og:image:height\" content=\"1440\" \/>\n\t<meta property=\"og:image:type\" content=\"image\/jpeg\" \/>\n<meta name=\"twitter:card\" content=\"summary_large_image\" \/>\n<meta name=\"twitter:label1\" content=\"Ansl. lesetid\" \/>\n\t<meta name=\"twitter:data1\" content=\"2 minutter\" \/>\n<script type=\"application\/ld+json\" class=\"yoast-schema-graph\">{\"@context\":\"https:\/\/schema.org\",\"@graph\":[{\"@type\":\"WebPage\",\"@id\":\"https:\/\/naturvernforbundet.no\/ostfold\/om-oss\/\",\"url\":\"https:\/\/naturvernforbundet.no\/ostfold\/om-oss\/\",\"name\":\"Om oss - \u00d8stfold\",\"isPartOf\":{\"@id\":\"https:\/\/naturvernforbundet.no\/ostfold\/#website\"},\"primaryImageOfPage\":{\"@id\":\"https:\/\/naturvernforbundet.no\/ostfold\/om-oss\/#primaryimage\"},\"image\":{\"@id\":\"https:\/\/naturvernforbundet.no\/ostfold\/om-oss\/#primaryimage\"},\"thumbnailUrl\":\"https:\/\/naturvernforbundet.no\/content\/uploads\/sites\/22\/2024\/12\/Bilde-05.12.2024-21-07-46-scaled.jpg\",\"datePublished\":\"2022-10-11T07:27:01+00:00\",\"dateModified\":\"2025-04-22T09:57:14+00:00\",\"breadcrumb\":{\"@id\":\"https:\/\/naturvernforbundet.no\/ostfold\/om-oss\/#breadcrumb\"},\"inLanguage\":\"nb-NO\",\"potentialAction\":[{\"@type\":\"ReadAction\",\"target\":[\"https:\/\/naturvernforbundet.no\/ostfold\/om-oss\/\"]}]},{\"@type\":\"ImageObject\",\"inLanguage\":\"nb-NO\",\"@id\":\"https:\/\/naturvernforbundet.no\/ostfold\/om-oss\/#primaryimage\",\"url\":\"https:\/\/naturvernforbundet.no\/content\/uploads\/sites\/22\/2024\/12\/Bilde-05.12.2024-21-07-46-scaled.jpg\",\"contentUrl\":\"https:\/\/naturvernforbundet.no\/content\/uploads\/sites\/22\/2024\/12\/Bilde-05.12.2024-21-07-46-scaled.jpg\",\"width\":2560,\"height\":1440},{\"@type\":\"BreadcrumbList\",\"@id\":\"https:\/\/naturvernforbundet.no\/ostfold\/om-oss\/#breadcrumb\",\"itemListElement\":[{\"@type\":\"ListItem\",\"position\":1,\"name\":\"Till naturvernforbundet.no\",\"item\":\"https:\/\/naturvernforbundet.no\/\"},{\"@type\":\"ListItem\",\"position\":2,\"name\":\"\u00d8stfold\",\"item\":\"https:\/\/naturvernforbundet.no\/ostfold\/\"},{\"@type\":\"ListItem\",\"position\":3,\"name\":\"Om oss\"}]},{\"@type\":\"WebSite\",\"@id\":\"https:\/\/naturvernforbundet.no\/ostfold\/#website\",\"url\":\"https:\/\/naturvernforbundet.no\/ostfold\/\",\"name\":\"\u00d8stfold\",\"description\":\"Naturvernforbundet i \u00d8stfold\",\"potentialAction\":[{\"@type\":\"SearchAction\",\"target\":{\"@type\":\"EntryPoint\",\"urlTemplate\":\"https:\/\/naturvernforbundet.no\/ostfold\/?s={search_term_string}\"},\"query-input\":{\"@type\":\"PropertyValueSpecification\",\"valueRequired\":true,\"valueName\":\"search_term_string\"}}],\"inLanguage\":\"nb-NO\"}]}<\/script>\n<!-- \/ Yoast SEO plugin. -->","yoast_head_json":{"title":"Om oss - \u00d8stfold","robots":{"index":"index","follow":"follow","max-snippet":"max-snippet:-1","max-image-preview":"max-image-preview:large","max-video-preview":"max-video-preview:-1"},"canonical":"https:\/\/naturvernforbundet.no\/ostfold\/om-oss\/","og_locale":"nb_NO","og_type":"article","og_title":"Om oss - \u00d8stfold","og_url":"https:\/\/naturvernforbundet.no\/ostfold\/om-oss\/","og_site_name":"\u00d8stfold","article_modified_time":"2025-04-22T09:57:14+00:00","og_image":[{"width":2560,"height":1440,"url":"https:\/\/naturvernforbundet.no\/content\/uploads\/sites\/22\/2024\/12\/Bilde-05.12.2024-21-07-46-scaled.jpg","type":"image\/jpeg"}],"twitter_card":"summary_large_image","twitter_misc":{"Ansl. lesetid":"2 minutter"},"schema":{"@context":"https:\/\/schema.org","@graph":[{"@type":"WebPage","@id":"https:\/\/naturvernforbundet.no\/ostfold\/om-oss\/","url":"https:\/\/naturvernforbundet.no\/ostfold\/om-oss\/","name":"Om oss - \u00d8stfold","isPartOf":{"@id":"https:\/\/naturvernforbundet.no\/ostfold\/#website"},"primaryImageOfPage":{"@id":"https:\/\/naturvernforbundet.no\/ostfold\/om-oss\/#primaryimage"},"image":{"@id":"https:\/\/naturvernforbundet.no\/ostfold\/om-oss\/#primaryimage"},"thumbnailUrl":"https:\/\/naturvernforbundet.no\/content\/uploads\/sites\/22\/2024\/12\/Bilde-05.12.2024-21-07-46-scaled.jpg","datePublished":"2022-10-11T07:27:01+00:00","dateModified":"2025-04-22T09:57:14+00:00","breadcrumb":{"@id":"https:\/\/naturvernforbundet.no\/ostfold\/om-oss\/#breadcrumb"},"inLanguage":"nb-NO","potentialAction":[{"@type":"ReadAction","target":["https:\/\/naturvernforbundet.no\/ostfold\/om-oss\/"]}]},{"@type":"ImageObject","inLanguage":"nb-NO","@id":"https:\/\/naturvernforbundet.no\/ostfold\/om-oss\/#primaryimage","url":"https:\/\/naturvernforbundet.no\/content\/uploads\/sites\/22\/2024\/12\/Bilde-05.12.2024-21-07-46-scaled.jpg","contentUrl":"https:\/\/naturvernforbundet.no\/content\/uploads\/sites\/22\/2024\/12\/Bilde-05.12.2024-21-07-46-scaled.jpg","width":2560,"height":1440},{"@type":"BreadcrumbList","@id":"https:\/\/naturvernforbundet.no\/ostfold\/om-oss\/#breadcrumb","itemListElement":[{"@type":"ListItem","position":1,"name":"Till naturvernforbundet.no","item":"https:\/\/naturvernforbundet.no\/"},{"@type":"ListItem","position":2,"name":"\u00d8stfold","item":"https:\/\/naturvernforbundet.no\/ostfold\/"},{"@type":"ListItem","position":3,"name":"Om oss"}]},{"@type":"WebSite","@id":"https:\/\/naturvernforbundet.no\/ostfold\/#website","url":"https:\/\/naturvernforbundet.no\/ostfold\/","name":"\u00d8stfold","description":"Naturvernforbundet i \u00d8stfold","potentialAction":[{"@type":"SearchAction","target":{"@type":"EntryPoint","urlTemplate":"https:\/\/naturvernforbundet.no\/ostfold\/?s={search_term_string}"},"query-input":{"@type":"PropertyValueSpecification","valueRequired":true,"valueName":"search_term_string"}}],"inLanguage":"nb-NO"}]}},"_links":{"self":[{"href":"https:\/\/naturvernforbundet.no\/ostfold\/wp-json\/wp\/v2\/pages\/387","targetHints":{"allow":["GET"]}}],"collection":[{"href":"https:\/\/naturvernforbundet.no\/ostfold\/wp-json\/wp\/v2\/pages"}],"about":[{"href":"https:\/\/naturvernforbundet.no\/ostfold\/wp-json\/wp\/v2\/types\/page"}],"author":[{"embeddable":true,"href":"https:\/\/naturvernforbundet.no\/ostfold\/wp-json\/wp\/v2\/users\/3"}],"replies":[{"embeddable":true,"href":"https:\/\/naturvernforbundet.no\/ostfold\/wp-json\/wp\/v2\/comments?post=387"}],"version-history":[{"count":16,"href":"https:\/\/naturvernforbundet.no\/ostfold\/wp-json\/wp\/v2\/pages\/387\/revisions"}],"predecessor-version":[{"id":1788,"href":"https:\/\/naturvernforbundet.no\/ostfold\/wp-json\/wp\/v2\/pages\/387\/revisions\/1788"}],"wp:featuredmedia":[{"embeddable":true,"href":"https:\/\/naturvernforbundet.no\/ostfold\/wp-json\/wp\/v2\/media\/1580"}],"wp:attachment":[{"href":"https:\/\/naturvernforbundet.no\/ostfold\/wp-json\/wp\/v2\/media?parent=387"}],"wp:term":[{"taxonomy":"category","embeddable":true,"href":"https:\/\/naturvernforbundet.no\/ostfold\/wp-json\/wp\/v2\/categories?post=387"}],"curies":[{"name":"wp","href":"https:\/\/api.w.org\/{rel}","templated":true}]}}