{"id":101,"date":"2022-10-07T11:05:49","date_gmt":"2022-10-07T09:05:49","guid":{"rendered":"https:\/\/naturvernforbundet.no\/sognogfjordane\/?page_id=101"},"modified":"2022-11-14T14:30:41","modified_gmt":"2022-11-14T13:30:41","slug":"vasskraft","status":"publish","type":"page","link":"https:\/\/naturvernforbundet.no\/sognogfjordane\/vasskraft\/","title":{"rendered":"Vasskraft"},"content":{"rendered":"\t<div class=\"template-page has-media alignfull wp-block-naturvern-hero\">\n\t\t<div class=\"hero__inner\">\n\t\t\t<div class=\"hero__inner_blocks\">\n\t\t\t\t\t\t\t\t\n<h1 class=\"wp-block-post-title\">Vasskraft<\/h1>\n\n\n<p>Sogn og Fjordane er eit fylke med mange vakre fossar og vasdrag. No ser vi likevel at dei er truga av ei stor kraftutbygging, d\u00e5 s\u00e6rleg bygging av mange s\u00e5kalla sm\u00e5kraftverk.<\/p>\n\n\n\n<div class=\"wp-block-buttons is-layout-flex wp-block-buttons-is-layout-flex\"><\/div>\n\n\t\t\t<\/div>\n\t\t\t\t\t<\/div>\n\t\t\t\t\t<div class=\"hero__image\">\n\t\t\t\t\t\t\t\t\t\t<img fetchpriority=\"high\" decoding=\"async\" width=\"950\" height=\"633\" src=\"https:\/\/naturvernforbundet.no\/content\/uploads\/sites\/17\/2022\/10\/Erdalselvi-sogn-og-fjordane.JPG-fullscreen.jpg\" class=\"attachment-ultra size-ultra\" alt=\"Erdalselvi sogn og fjordane\" style=\"object-position: 50% 50%;\" loading=\"eager\" srcset=\"https:\/\/naturvernforbundet.no\/content\/uploads\/sites\/17\/2022\/10\/Erdalselvi-sogn-og-fjordane.JPG-fullscreen.jpg 950w, https:\/\/naturvernforbundet.no\/content\/uploads\/sites\/17\/2022\/10\/Erdalselvi-sogn-og-fjordane.JPG-fullscreen-300x200.jpg 300w, https:\/\/naturvernforbundet.no\/content\/uploads\/sites\/17\/2022\/10\/Erdalselvi-sogn-og-fjordane.JPG-fullscreen-768x512.jpg 768w\" sizes=\"(max-width: 950px) 100vw, 950px\" \/>\t\t\t\t\t\t<\/div>\n\t\t\t<\/div>\n\t\n\n\n<p>Naturvernforbundet i Sogn og Fjordane er sj\u00f8lvsagt ikkje motstandar av bygging av alle slike kraftverk. Sm\u00e5kraftverka produserer fornybar energi som vi har bruk for, dei kan gje inntekter til lokalsamfunnet og dei treng ikkje gjere stor skade p\u00e5 landskap, biologisk mangfald, friluftslivet osv.<\/p>\n\n\n\n<p>Det er likevel fare for at s\u00e6rleg den omfattande sm\u00e5kraftutbygginga, men ogs\u00e5 st\u00f8rre kraftprosjekt, vil truge det som er igjen av ur\u00f8rt vassdragsnatur i fylket v\u00e5rt.&nbsp; Og vi m\u00e5 vere klar&nbsp; over at det byrjar \u00e5 minke med slik meir eller mindre ur\u00f8rt natur, s\u00e6rleg d\u00e5 i visse omr\u00e5de og kommunar.<\/p>\n\n\n\n<p>Naturvernforbundet krev ei betre planlegging av kraftutbygginga i fylket og ogs\u00e5 ein strengare praksis n\u00e5r det gjeld l\u00f8yve til slike kraftverk. Ein m\u00e5 i mykje st\u00f8rre grad ta omsyn til landskapet, dyre- og plantelivet, friluftsliv, ur\u00f8rte omr\u00e5de osv. Det vert ogs\u00e5 stadig f\u00e6rre ur\u00f8rte fossar og vassdrag igjen i det vi kjenner som \u201dfossefylket\u201d Sogn og Fjordane , og det er difor p\u00e5 h\u00f8g tid at vi tek vare p\u00e5 det som er igjen av dei ur\u00f8rte fossane, elvane og vassdraga. Naturvernforbundet i Sogn og Fjordane ser dette som ei av sine viktigaste arbeidsoppg\u00e5ver!<\/p>\n\n\n<div class=\"t2-featured-content-layout alignwide alignwide wp-block-t2-featured-content-layout\">\n<div class=\"t2-featured-query-post t2-featured-content is-post-type-post category-naturvern-2 category-vassdrag category-vasskraft wp-block-t2-featured-query-post\"><a class=\"t2-post-link wp-block-t2-post-link\" href=\"https:\/\/naturvernforbundet.no\/sognogfjordane\/vasskraftutbygging-i-hogfjellet-ved-storehesten-i-bygstad\/\">\n<figure style=\"--t2-focal-point: 50% 50%;\" class=\"t2-post-featured-image has-image-ratio-4-3 wp-block-t2-post-featured-image\"><img loading=\"lazy\" decoding=\"async\" width=\"843\" height=\"539\" src=\"https:\/\/naturvernforbundet.no\/content\/uploads\/sites\/17\/2025\/11\/Stig-Roger-Eide2-tegna.jpg\" class=\"attachment-post-thumbnail size-post-thumbnail wp-post-image\" alt=\"\" srcset=\"https:\/\/naturvernforbundet.no\/content\/uploads\/sites\/17\/2025\/11\/Stig-Roger-Eide2-tegna.jpg 843w, https:\/\/naturvernforbundet.no\/content\/uploads\/sites\/17\/2025\/11\/Stig-Roger-Eide2-tegna-300x192.jpg 300w, https:\/\/naturvernforbundet.no\/content\/uploads\/sites\/17\/2025\/11\/Stig-Roger-Eide2-tegna-768x491.jpg 768w\" sizes=\"auto, (max-width: 843px) 100vw, 843px\" \/><\/figure>\n\n<div class=\"wp-block-group alignfull is-layout-flow wp-block-group-is-layout-flow\">\n\t<h2 class=\"t2-post-title wp-block-t2-post-title\">Vasskraftutbygging i h\u00f8gfjellet ved Storehesten i Bygstad<\/h2>\n\t<p class=\"wp-block-naturvern-post-excerpt\">Selsvatnet som ligg 840 m.o.h. ligg i fare for \u00e5 bli demt opp , dette vil forringe eit h\u00f8gt verdsatt fjellomr\u00e5det.<\/p>\n\t\t<div class=\"wp-block-naturvern-post-meta\">\n\t\t\t\t\t<span class=\"cat\">\n\t\t\t\t\t\t\t\t\t<span><span class=\"tag-link\" data-href=\"https:\/\/naturvernforbundet.no\/sognogfjordane\/category\/naturvern-2\/\">Naturvern<\/span><\/span>\n\t\t\t\t\t\t\t\t\t<span><span class=\"tag-link\" data-href=\"https:\/\/naturvernforbundet.no\/sognogfjordane\/category\/vassdrag\/\">Vassdrag<\/span><\/span>\n\t\t\t\t\t\t\t\t\t<span><span class=\"tag-link\" data-href=\"https:\/\/naturvernforbundet.no\/sognogfjordane\/category\/vasskraft\/\">Vasskraft<\/span><\/span>\n\t\t\t\t\t\t\t<\/span>\n\t\t\t\t\t\t\t<span class=\"date\">13.11.2025<\/span>\n\t\t\t<\/div>\n\t\n<\/div>\n\n<\/a>\n<\/div>\n\n<div class=\"t2-featured-query-post t2-featured-content is-post-type-post category-vassdrag category-vasskraft wp-block-t2-featured-query-post\"><a class=\"t2-post-link wp-block-t2-post-link\" href=\"https:\/\/naturvernforbundet.no\/sognogfjordane\/underskriftskampanje\/\">\n<figure style=\"--t2-focal-point: 50% 50%;\" class=\"t2-post-featured-image has-image-ratio-4-3 wp-block-t2-post-featured-image\"><img loading=\"lazy\" decoding=\"async\" width=\"680\" height=\"350\" src=\"https:\/\/naturvernforbundet.no\/content\/uploads\/sites\/17\/2025\/11\/image-3.png\" class=\"attachment-post-thumbnail size-post-thumbnail wp-post-image\" alt=\"\" srcset=\"https:\/\/naturvernforbundet.no\/content\/uploads\/sites\/17\/2025\/11\/image-3.png 680w, https:\/\/naturvernforbundet.no\/content\/uploads\/sites\/17\/2025\/11\/image-3-300x154.png 300w\" sizes=\"auto, (max-width: 680px) 100vw, 680px\" \/><\/figure>\n\n<div class=\"wp-block-group alignfull is-layout-flow wp-block-group-is-layout-flow\">\n\t<h2 class=\"t2-post-title wp-block-t2-post-title\">Underskriftskampanje<\/h2>\n\t<p class=\"wp-block-naturvern-post-excerpt\">Signer imot demning av Selsvatnet ved Storehesten (Kvamshesten) i Bygstad.<br><\/p>\n\t\t<div class=\"wp-block-naturvern-post-meta\">\n\t\t\t\t\t<span class=\"cat\">\n\t\t\t\t\t\t\t\t\t<span><span class=\"tag-link\" data-href=\"https:\/\/naturvernforbundet.no\/sognogfjordane\/category\/vassdrag\/\">Vassdrag<\/span><\/span>\n\t\t\t\t\t\t\t\t\t<span><span class=\"tag-link\" data-href=\"https:\/\/naturvernforbundet.no\/sognogfjordane\/category\/vasskraft\/\">Vasskraft<\/span><\/span>\n\t\t\t\t\t\t\t<\/span>\n\t\t\t\t\t\t\t<span class=\"date\">11.11.2025<\/span>\n\t\t\t<\/div>\n\t\n<\/div>\n\n<\/a>\n<\/div>\n\n<div class=\"t2-featured-query-post t2-featured-content is-post-type-post category-hoyringsfrasegn category-vasskraft local-indre-sogn wp-block-t2-featured-query-post\"><a class=\"t2-post-link wp-block-t2-post-link\" href=\"https:\/\/naturvernforbundet.no\/sognogfjordane\/kraftutbygging-i-luster\/\">\n<figure style=\"--t2-focal-point: 50% 50%;\" class=\"t2-post-featured-image has-image-ratio-4-3 wp-block-t2-post-featured-image\"><img loading=\"lazy\" decoding=\"async\" width=\"1920\" height=\"2560\" src=\"https:\/\/naturvernforbundet.no\/content\/uploads\/sites\/17\/2015\/07\/RYDALSFOSSEN2013062015695-scaled.jpg\" class=\"attachment-post-thumbnail size-post-thumbnail wp-post-image\" alt=\"\" srcset=\"https:\/\/naturvernforbundet.no\/content\/uploads\/sites\/17\/2015\/07\/RYDALSFOSSEN2013062015695-scaled.jpg 1920w, https:\/\/naturvernforbundet.no\/content\/uploads\/sites\/17\/2015\/07\/RYDALSFOSSEN2013062015695-225x300.jpg 225w, https:\/\/naturvernforbundet.no\/content\/uploads\/sites\/17\/2015\/07\/RYDALSFOSSEN2013062015695-768x1024.jpg 768w, https:\/\/naturvernforbundet.no\/content\/uploads\/sites\/17\/2015\/07\/RYDALSFOSSEN2013062015695-1152x1536.jpg 1152w, https:\/\/naturvernforbundet.no\/content\/uploads\/sites\/17\/2015\/07\/RYDALSFOSSEN2013062015695-1536x2048.jpg 1536w, https:\/\/naturvernforbundet.no\/content\/uploads\/sites\/17\/2015\/07\/RYDALSFOSSEN2013062015695-1440x1920.jpg 1440w\" sizes=\"auto, (max-width: 1920px) 100vw, 1920px\" \/><\/figure>\n\n<div class=\"wp-block-group alignfull is-layout-flow wp-block-group-is-layout-flow\">\n\t<h2 class=\"t2-post-title wp-block-t2-post-title\">Kraftutbygging i Luster<\/h2>\n\t<p class=\"wp-block-naturvern-post-excerpt\">H\u00f8yringsfr\u00e5segn fr\u00e5 Naturvernforbundet i Sogn og Fjordane til s\u00f8knadar om fem sm\u00e5kraftverk i Luster kommune i Sogn og Fjordane:<\/p>\n\t\t<div class=\"wp-block-naturvern-post-meta\">\n\t\t\t\t\t<span class=\"cat\">\n\t\t\t\t\t\t\t\t\t<span><span class=\"tag-link\" data-href=\"https:\/\/naturvernforbundet.no\/sognogfjordane\/category\/hoyringsfrasegn\/\">H\u00f8yringsfr\u00e5segn<\/span><\/span>\n\t\t\t\t\t\t\t\t\t<span><span class=\"tag-link\" data-href=\"https:\/\/naturvernforbundet.no\/sognogfjordane\/category\/vasskraft\/\">Vasskraft<\/span><\/span>\n\t\t\t\t\t\t\t<\/span>\n\t\t\t\t\t\t\t<span class=\"date\">23.07.2015<\/span>\n\t\t\t<\/div>\n\t\n<\/div>\n\n<\/a>\n<\/div>\n<\/div>","protected":false},"excerpt":{"rendered":"","protected":false},"author":3,"featured_media":204,"parent":0,"menu_order":0,"comment_status":"closed","ping_status":"closed","template":"","meta":{"_relevanssi_hide_post":"","_relevanssi_hide_content":"","_relevanssi_pin_for_all":"","_relevanssi_pin_keywords":"","_relevanssi_unpin_keywords":"","_relevanssi_related_keywords":"","_relevanssi_related_include_ids":"","_relevanssi_related_exclude_ids":"","_relevanssi_related_no_append":"","_relevanssi_related_not_related":"","_relevanssi_related_posts":"453,274,362,395,225,265","_relevanssi_noindex_reason":"","hide_logo":false,"footnotes":""},"categories":[],"class_list":["post-101","page","type-page","status-publish","has-post-thumbnail","hentry"],"acf":[],"yoast_head":"<!-- This site is optimized with the Yoast SEO plugin v24.9 - https:\/\/yoast.com\/wordpress\/plugins\/seo\/ -->\n<title>Vasskraft - Sogn og Fjordane<\/title>\n<meta name=\"robots\" content=\"index, follow, max-snippet:-1, max-image-preview:large, max-video-preview:-1\" \/>\n<link rel=\"canonical\" href=\"https:\/\/naturvernforbundet.no\/sognogfjordane\/vasskraft\/\" \/>\n<meta property=\"og:locale\" content=\"nb_NO\" \/>\n<meta property=\"og:type\" content=\"article\" \/>\n<meta property=\"og:title\" content=\"Vasskraft - Sogn og Fjordane\" \/>\n<meta property=\"og:url\" content=\"https:\/\/naturvernforbundet.no\/sognogfjordane\/vasskraft\/\" \/>\n<meta property=\"og:site_name\" content=\"Sogn og Fjordane\" \/>\n<meta property=\"article:modified_time\" content=\"2022-11-14T13:30:41+00:00\" \/>\n<meta property=\"og:image\" content=\"https:\/\/naturvernforbundet.no\/content\/uploads\/sites\/17\/2010\/11\/Erdalselvi20sogn20og20fjordane.JPG2028articledisplay29.jpg\" \/>\n\t<meta property=\"og:image:width\" content=\"653\" \/>\n\t<meta property=\"og:image:height\" content=\"435\" \/>\n\t<meta property=\"og:image:type\" content=\"image\/jpeg\" \/>\n<meta name=\"twitter:card\" content=\"summary_large_image\" \/>\n<meta name=\"twitter:label1\" content=\"Ansl. lesetid\" \/>\n\t<meta name=\"twitter:data1\" content=\"1 minutt\" \/>\n<script type=\"application\/ld+json\" class=\"yoast-schema-graph\">{\"@context\":\"https:\/\/schema.org\",\"@graph\":[{\"@type\":\"WebPage\",\"@id\":\"https:\/\/naturvernforbundet.no\/sognogfjordane\/vasskraft\/\",\"url\":\"https:\/\/naturvernforbundet.no\/sognogfjordane\/vasskraft\/\",\"name\":\"Vasskraft - Sogn og Fjordane\",\"isPartOf\":{\"@id\":\"https:\/\/naturvernforbundet.no\/sognogfjordane\/#website\"},\"primaryImageOfPage\":{\"@id\":\"https:\/\/naturvernforbundet.no\/sognogfjordane\/vasskraft\/#primaryimage\"},\"image\":{\"@id\":\"https:\/\/naturvernforbundet.no\/sognogfjordane\/vasskraft\/#primaryimage\"},\"thumbnailUrl\":\"https:\/\/naturvernforbundet.no\/content\/uploads\/sites\/17\/2010\/11\/Erdalselvi20sogn20og20fjordane.JPG2028articledisplay29.jpg\",\"datePublished\":\"2022-10-07T09:05:49+00:00\",\"dateModified\":\"2022-11-14T13:30:41+00:00\",\"breadcrumb\":{\"@id\":\"https:\/\/naturvernforbundet.no\/sognogfjordane\/vasskraft\/#breadcrumb\"},\"inLanguage\":\"nb-NO\",\"potentialAction\":[{\"@type\":\"ReadAction\",\"target\":[\"https:\/\/naturvernforbundet.no\/sognogfjordane\/vasskraft\/\"]}]},{\"@type\":\"ImageObject\",\"inLanguage\":\"nb-NO\",\"@id\":\"https:\/\/naturvernforbundet.no\/sognogfjordane\/vasskraft\/#primaryimage\",\"url\":\"https:\/\/naturvernforbundet.no\/content\/uploads\/sites\/17\/2010\/11\/Erdalselvi20sogn20og20fjordane.JPG2028articledisplay29.jpg\",\"contentUrl\":\"https:\/\/naturvernforbundet.no\/content\/uploads\/sites\/17\/2010\/11\/Erdalselvi20sogn20og20fjordane.JPG2028articledisplay29.jpg\",\"width\":653,\"height\":435,\"caption\":\"vasskraft\"},{\"@type\":\"BreadcrumbList\",\"@id\":\"https:\/\/naturvernforbundet.no\/sognogfjordane\/vasskraft\/#breadcrumb\",\"itemListElement\":[{\"@type\":\"ListItem\",\"position\":1,\"name\":\"Till naturvernforbundet.no\",\"item\":\"https:\/\/naturvernforbundet.no\/\"},{\"@type\":\"ListItem\",\"position\":2,\"name\":\"Sogn og Fjordane\",\"item\":\"https:\/\/naturvernforbundet.no\/sognogfjordane\/\"},{\"@type\":\"ListItem\",\"position\":3,\"name\":\"Vasskraft\"}]},{\"@type\":\"WebSite\",\"@id\":\"https:\/\/naturvernforbundet.no\/sognogfjordane\/#website\",\"url\":\"https:\/\/naturvernforbundet.no\/sognogfjordane\/\",\"name\":\"Sogn og Fjordane\",\"description\":\"Bare enda et Naturvernforbundet Sites-nettsted\",\"potentialAction\":[{\"@type\":\"SearchAction\",\"target\":{\"@type\":\"EntryPoint\",\"urlTemplate\":\"https:\/\/naturvernforbundet.no\/sognogfjordane\/?s={search_term_string}\"},\"query-input\":{\"@type\":\"PropertyValueSpecification\",\"valueRequired\":true,\"valueName\":\"search_term_string\"}}],\"inLanguage\":\"nb-NO\"}]}<\/script>\n<!-- \/ Yoast SEO plugin. -->","yoast_head_json":{"title":"Vasskraft - Sogn og Fjordane","robots":{"index":"index","follow":"follow","max-snippet":"max-snippet:-1","max-image-preview":"max-image-preview:large","max-video-preview":"max-video-preview:-1"},"canonical":"https:\/\/naturvernforbundet.no\/sognogfjordane\/vasskraft\/","og_locale":"nb_NO","og_type":"article","og_title":"Vasskraft - Sogn og Fjordane","og_url":"https:\/\/naturvernforbundet.no\/sognogfjordane\/vasskraft\/","og_site_name":"Sogn og Fjordane","article_modified_time":"2022-11-14T13:30:41+00:00","og_image":[{"width":653,"height":435,"url":"https:\/\/naturvernforbundet.no\/content\/uploads\/sites\/17\/2010\/11\/Erdalselvi20sogn20og20fjordane.JPG2028articledisplay29.jpg","type":"image\/jpeg"}],"twitter_card":"summary_large_image","twitter_misc":{"Ansl. lesetid":"1 minutt"},"schema":{"@context":"https:\/\/schema.org","@graph":[{"@type":"WebPage","@id":"https:\/\/naturvernforbundet.no\/sognogfjordane\/vasskraft\/","url":"https:\/\/naturvernforbundet.no\/sognogfjordane\/vasskraft\/","name":"Vasskraft - Sogn og Fjordane","isPartOf":{"@id":"https:\/\/naturvernforbundet.no\/sognogfjordane\/#website"},"primaryImageOfPage":{"@id":"https:\/\/naturvernforbundet.no\/sognogfjordane\/vasskraft\/#primaryimage"},"image":{"@id":"https:\/\/naturvernforbundet.no\/sognogfjordane\/vasskraft\/#primaryimage"},"thumbnailUrl":"https:\/\/naturvernforbundet.no\/content\/uploads\/sites\/17\/2010\/11\/Erdalselvi20sogn20og20fjordane.JPG2028articledisplay29.jpg","datePublished":"2022-10-07T09:05:49+00:00","dateModified":"2022-11-14T13:30:41+00:00","breadcrumb":{"@id":"https:\/\/naturvernforbundet.no\/sognogfjordane\/vasskraft\/#breadcrumb"},"inLanguage":"nb-NO","potentialAction":[{"@type":"ReadAction","target":["https:\/\/naturvernforbundet.no\/sognogfjordane\/vasskraft\/"]}]},{"@type":"ImageObject","inLanguage":"nb-NO","@id":"https:\/\/naturvernforbundet.no\/sognogfjordane\/vasskraft\/#primaryimage","url":"https:\/\/naturvernforbundet.no\/content\/uploads\/sites\/17\/2010\/11\/Erdalselvi20sogn20og20fjordane.JPG2028articledisplay29.jpg","contentUrl":"https:\/\/naturvernforbundet.no\/content\/uploads\/sites\/17\/2010\/11\/Erdalselvi20sogn20og20fjordane.JPG2028articledisplay29.jpg","width":653,"height":435,"caption":"vasskraft"},{"@type":"BreadcrumbList","@id":"https:\/\/naturvernforbundet.no\/sognogfjordane\/vasskraft\/#breadcrumb","itemListElement":[{"@type":"ListItem","position":1,"name":"Till naturvernforbundet.no","item":"https:\/\/naturvernforbundet.no\/"},{"@type":"ListItem","position":2,"name":"Sogn og Fjordane","item":"https:\/\/naturvernforbundet.no\/sognogfjordane\/"},{"@type":"ListItem","position":3,"name":"Vasskraft"}]},{"@type":"WebSite","@id":"https:\/\/naturvernforbundet.no\/sognogfjordane\/#website","url":"https:\/\/naturvernforbundet.no\/sognogfjordane\/","name":"Sogn og Fjordane","description":"Bare enda et Naturvernforbundet Sites-nettsted","potentialAction":[{"@type":"SearchAction","target":{"@type":"EntryPoint","urlTemplate":"https:\/\/naturvernforbundet.no\/sognogfjordane\/?s={search_term_string}"},"query-input":{"@type":"PropertyValueSpecification","valueRequired":true,"valueName":"search_term_string"}}],"inLanguage":"nb-NO"}]}},"_links":{"self":[{"href":"https:\/\/naturvernforbundet.no\/sognogfjordane\/wp-json\/wp\/v2\/pages\/101","targetHints":{"allow":["GET"]}}],"collection":[{"href":"https:\/\/naturvernforbundet.no\/sognogfjordane\/wp-json\/wp\/v2\/pages"}],"about":[{"href":"https:\/\/naturvernforbundet.no\/sognogfjordane\/wp-json\/wp\/v2\/types\/page"}],"author":[{"embeddable":true,"href":"https:\/\/naturvernforbundet.no\/sognogfjordane\/wp-json\/wp\/v2\/users\/3"}],"replies":[{"embeddable":true,"href":"https:\/\/naturvernforbundet.no\/sognogfjordane\/wp-json\/wp\/v2\/comments?post=101"}],"version-history":[{"count":3,"href":"https:\/\/naturvernforbundet.no\/sognogfjordane\/wp-json\/wp\/v2\/pages\/101\/revisions"}],"predecessor-version":[{"id":106,"href":"https:\/\/naturvernforbundet.no\/sognogfjordane\/wp-json\/wp\/v2\/pages\/101\/revisions\/106"}],"wp:featuredmedia":[{"embeddable":true,"href":"https:\/\/naturvernforbundet.no\/sognogfjordane\/wp-json\/wp\/v2\/media\/204"}],"wp:attachment":[{"href":"https:\/\/naturvernforbundet.no\/sognogfjordane\/wp-json\/wp\/v2\/media?parent=101"}],"wp:term":[{"taxonomy":"category","embeddable":true,"href":"https:\/\/naturvernforbundet.no\/sognogfjordane\/wp-json\/wp\/v2\/categories?post=101"}],"curies":[{"name":"wp","href":"https:\/\/api.w.org\/{rel}","templated":true}]}}