{"id":1222,"date":"2025-06-17T11:45:01","date_gmt":"2025-06-17T09:45:01","guid":{"rendered":"https:\/\/naturvernforbundet.no\/sognogfjordane\/?page_id=1222"},"modified":"2026-03-31T10:45:38","modified_gmt":"2026-03-31T08:45:38","slug":"oppdrag-blomstereng-i-sogn-og-fjordane","status":"publish","type":"page","link":"https:\/\/naturvernforbundet.no\/sognogfjordane\/oppdrag-blomstereng-i-sogn-og-fjordane\/","title":{"rendered":"Oppdrag Blomstereng \ni Sogn og Fjordane"},"content":{"rendered":"\t<div class=\"template-page has-media alignfull wp-block-naturvern-hero\">\n\t\t<div class=\"hero__inner\">\n\t\t\t<div class=\"hero__inner_blocks\">\n\t\t\t\t\t\t\t\t\n<h1 class=\"wp-block-post-title\">Oppdrag Blomstereng \ni Sogn og Fjordane<\/h1>\n\n\n<p>Eit skuleprosjekt der elevar l\u00e6rer om biologisk mangfald p\u00e5 ein praktisk og utforskande m\u00e5te.<\/p>\n\n\n\n<div class=\"wp-block-buttons is-layout-flex wp-block-buttons-is-layout-flex\">\n<div class=\"wp-block-button is-style-pink\"><a class=\"wp-block-button__link wp-element-button\" href=\"https:\/\/naturvernforbundet.no\/hordaland\/oppdrag-blomstereng\/\">Oppdragblomstereng.no<\/a><\/div>\n<\/div>\n\n\t\t\t<\/div>\n\t\t\t\t\t<\/div>\n\t\t\t\t\t<div class=\"hero__image\">\n\t\t\t\t\t\t\t\t\t\t<img fetchpriority=\"high\" decoding=\"async\" width=\"1440\" height=\"1920\" src=\"https:\/\/naturvernforbundet.no\/content\/uploads\/sites\/17\/2025\/06\/IMG_3983-1440x1920.jpeg\" class=\"attachment-ultra size-ultra\" alt=\"\" style=\"object-position: 55% 38%;\" loading=\"eager\" srcset=\"https:\/\/naturvernforbundet.no\/content\/uploads\/sites\/17\/2025\/06\/IMG_3983-1440x1920.jpeg 1440w, https:\/\/naturvernforbundet.no\/content\/uploads\/sites\/17\/2025\/06\/IMG_3983-225x300.jpeg 225w, https:\/\/naturvernforbundet.no\/content\/uploads\/sites\/17\/2025\/06\/IMG_3983-768x1024.jpeg 768w, https:\/\/naturvernforbundet.no\/content\/uploads\/sites\/17\/2025\/06\/IMG_3983-1152x1536.jpeg 1152w, https:\/\/naturvernforbundet.no\/content\/uploads\/sites\/17\/2025\/06\/IMG_3983.jpeg 1536w\" sizes=\"(max-width: 1440px) 100vw, 1440px\" \/>\t\t\t\t\t\t<\/div>\n\t\t\t<\/div>\n\t\n\n\n<div class=\"wp-block-group alignwide is-style-yellow is-layout-constrained wp-block-group-is-layout-constrained\">\n<div class=\"wp-block-media-text alignwide is-stacked-on-mobile\" style=\"grid-template-columns:35% auto\"><figure class=\"wp-block-media-text__media\"><img loading=\"lazy\" decoding=\"async\" width=\"433\" height=\"363\" src=\"https:\/\/naturvernforbundet.no\/content\/uploads\/sites\/17\/2026\/03\/Skjermbilde-2026-03-31-100438-1.png\" alt=\"\" class=\"wp-image-2368 size-full\" srcset=\"https:\/\/naturvernforbundet.no\/content\/uploads\/sites\/17\/2026\/03\/Skjermbilde-2026-03-31-100438-1.png 433w, https:\/\/naturvernforbundet.no\/content\/uploads\/sites\/17\/2026\/03\/Skjermbilde-2026-03-31-100438-1-300x252.png 300w\" sizes=\"auto, (max-width: 433px) 100vw, 433px\" \/><\/figure><div class=\"wp-block-media-text__content\">\n<h2 class=\"wp-block-heading\">Meld p\u00e5 skulen din! <\/h2>\n\n\n\n<p>Vi tilbyr eit praktisk opplegg med ressursar der elev og l\u00e6rar kan bli betre kjent med norske blomar og pollinatorar.<\/p>\n\n\n\n<p>Meld p\u00e5 skulen din i dag!<br>(tilbodet strekk seg til skular i omr\u00e5det Sogn og Fjordane)<\/p>\n\n\n\n<div class=\"wp-block-buttons is-layout-flex wp-block-buttons-is-layout-flex\">\n<div class=\"wp-block-button is-style-pink\"><a class=\"wp-block-button__link wp-element-button\" href=\"https:\/\/naturvernforbundet.no\/sognogfjordane\/pamelding-prosjekt-blomstereng\/\">P\u00e5melding  2026<\/a><\/div>\n<\/div>\n<\/div><\/div>\n<\/div>\n\n\n\n<div class=\"wp-block-group is-layout-constrained wp-block-group-is-layout-constrained\">\n<div class=\"wp-block-media-text is-stacked-on-mobile\" style=\"grid-template-columns:27% auto\"><figure class=\"wp-block-media-text__media\"><img loading=\"lazy\" decoding=\"async\" width=\"857\" height=\"1024\" src=\"https:\/\/naturvernforbundet.no\/content\/uploads\/sites\/17\/2025\/05\/LysJordhumle_ferdig-857x1024.png\" alt=\"\" class=\"wp-image-1301 size-full\" srcset=\"https:\/\/naturvernforbundet.no\/content\/uploads\/sites\/17\/2025\/05\/LysJordhumle_ferdig-857x1024.png 857w, https:\/\/naturvernforbundet.no\/content\/uploads\/sites\/17\/2025\/05\/LysJordhumle_ferdig-251x300.png 251w, https:\/\/naturvernforbundet.no\/content\/uploads\/sites\/17\/2025\/05\/LysJordhumle_ferdig-768x917.png 768w, https:\/\/naturvernforbundet.no\/content\/uploads\/sites\/17\/2025\/05\/LysJordhumle_ferdig-1286x1536.png 1286w, https:\/\/naturvernforbundet.no\/content\/uploads\/sites\/17\/2025\/05\/LysJordhumle_ferdig-1715x2048.png 1715w, https:\/\/naturvernforbundet.no\/content\/uploads\/sites\/17\/2025\/05\/LysJordhumle_ferdig-1608x1920.png 1608w, https:\/\/naturvernforbundet.no\/content\/uploads\/sites\/17\/2025\/05\/LysJordhumle_ferdig.png 1925w\" sizes=\"auto, (max-width: 857px) 100vw, 857px\" \/><\/figure><div class=\"wp-block-media-text__content\">\n<h1 class=\"wp-block-heading\">Oppdrag Blomstereng<\/h1>\n<\/div><\/div>\n\n\n\n<p>Naturvernforbundet i Hordaland har utvikla prosjektet &laquo;Oppdrag Blomstereng&raquo; og vi i Naturvernforbundet Sogn og Fjordane kan no tilby dette i v\u00e5rt omr\u00e5de. Vi har ei eiga nettside med nyttig informasjon for skular p\u00e5 <a href=\"https:\/\/naturvernforbundet.no\/hordaland\/oppdrag-blomstereng\/\">oppdragblomstereng.no<\/a>. Her finn ein og gratis <a href=\"https:\/\/drive.google.com\/drive\/folders\/1KSAtSm5vgpY4ghJlH2U3NKKV6JXh7Y5g\">l\u00e6ringsmateriale <\/a>for skular til bruk i undervisinga. Bakgrunnsstoff og oppg\u00e5vene er tilpassa 1-6. trinn, teikneseriar og plakatar og illustrasjonar (spr\u00e5kforma er bokm\u00e5l). Ein vel sj\u00f8lv kor mykje ein vil gjere ut av prosjektet.<\/p>\n\n\n\n<p>Minst tre av \u00f8ktene er ute, der elevane kan bli kjent med villblomstane i n\u00e6rmilj\u00f8et, sankar eller s\u00e5r fr\u00f8. Oppdraget kan ogs\u00e5 v\u00e6re utgangspunkt for l\u00e6ring om liknande tema.<\/p>\n\n\n\n<div class=\"wp-block-group alignfull is-layout-grid wp-container-core-group-is-layout-2 wp-block-group-is-layout-grid\">\n<figure class=\"wp-block-image size-large\"><div class=\"t2-image-credit\"><img loading=\"lazy\" decoding=\"async\" width=\"768\" height=\"1024\" src=\"https:\/\/naturvernforbundet.no\/content\/uploads\/sites\/17\/2025\/06\/16_Blomstereng_IMG_1954_HUNDVEN-CLEMENTS_PHOTOGRAPHY-768x1024.jpg\" alt=\"\" class=\"wp-image-1454\" srcset=\"https:\/\/naturvernforbundet.no\/content\/uploads\/sites\/17\/2025\/06\/16_Blomstereng_IMG_1954_HUNDVEN-CLEMENTS_PHOTOGRAPHY-768x1024.jpg 768w, https:\/\/naturvernforbundet.no\/content\/uploads\/sites\/17\/2025\/06\/16_Blomstereng_IMG_1954_HUNDVEN-CLEMENTS_PHOTOGRAPHY-225x300.jpg 225w, https:\/\/naturvernforbundet.no\/content\/uploads\/sites\/17\/2025\/06\/16_Blomstereng_IMG_1954_HUNDVEN-CLEMENTS_PHOTOGRAPHY-1152x1536.jpg 1152w, https:\/\/naturvernforbundet.no\/content\/uploads\/sites\/17\/2025\/06\/16_Blomstereng_IMG_1954_HUNDVEN-CLEMENTS_PHOTOGRAPHY-scaled.jpg 1920w\" sizes=\"auto, (max-width: 768px) 100vw, 768px\" \/><span class=\"t2-image-credit-name\">Daniel Hundven Clements<\/span><\/div><\/figure>\n\n\n\n<figure class=\"wp-block-image size-large wp-container-content-1\"><div class=\"t2-image-credit\"><img loading=\"lazy\" decoding=\"async\" width=\"768\" height=\"1024\" src=\"https:\/\/naturvernforbundet.no\/content\/uploads\/sites\/17\/2025\/06\/18_Blomstereng_IMG_1976_HUNDVEN-CLEMENTS_PHOTOGRAPHY-3-768x1024.jpg\" alt=\"\" class=\"wp-image-1456\" srcset=\"https:\/\/naturvernforbundet.no\/content\/uploads\/sites\/17\/2025\/06\/18_Blomstereng_IMG_1976_HUNDVEN-CLEMENTS_PHOTOGRAPHY-3-768x1024.jpg 768w, https:\/\/naturvernforbundet.no\/content\/uploads\/sites\/17\/2025\/06\/18_Blomstereng_IMG_1976_HUNDVEN-CLEMENTS_PHOTOGRAPHY-3-225x300.jpg 225w, https:\/\/naturvernforbundet.no\/content\/uploads\/sites\/17\/2025\/06\/18_Blomstereng_IMG_1976_HUNDVEN-CLEMENTS_PHOTOGRAPHY-3-1152x1536.jpg 1152w, https:\/\/naturvernforbundet.no\/content\/uploads\/sites\/17\/2025\/06\/18_Blomstereng_IMG_1976_HUNDVEN-CLEMENTS_PHOTOGRAPHY-3-1536x2048.jpg 1536w, https:\/\/naturvernforbundet.no\/content\/uploads\/sites\/17\/2025\/06\/18_Blomstereng_IMG_1976_HUNDVEN-CLEMENTS_PHOTOGRAPHY-3-1440x1920.jpg 1440w, https:\/\/naturvernforbundet.no\/content\/uploads\/sites\/17\/2025\/06\/18_Blomstereng_IMG_1976_HUNDVEN-CLEMENTS_PHOTOGRAPHY-3-scaled.jpg 1920w\" sizes=\"auto, (max-width: 768px) 100vw, 768px\" \/><span class=\"t2-image-credit-name\">Daniel Hundven Clements<\/span><\/div><\/figure>\n\n\n\n<figure class=\"wp-block-image size-large\"><div class=\"t2-image-credit\"><img loading=\"lazy\" decoding=\"async\" width=\"768\" height=\"1024\" src=\"https:\/\/naturvernforbundet.no\/content\/uploads\/sites\/17\/2025\/06\/07_Blomstereng_IMG_1887_HUNDVEN-CLEMENTS_PHOTOGRAPHY-768x1024.jpg\" alt=\"\" class=\"wp-image-1457\" srcset=\"https:\/\/naturvernforbundet.no\/content\/uploads\/sites\/17\/2025\/06\/07_Blomstereng_IMG_1887_HUNDVEN-CLEMENTS_PHOTOGRAPHY-768x1024.jpg 768w, https:\/\/naturvernforbundet.no\/content\/uploads\/sites\/17\/2025\/06\/07_Blomstereng_IMG_1887_HUNDVEN-CLEMENTS_PHOTOGRAPHY-225x300.jpg 225w, https:\/\/naturvernforbundet.no\/content\/uploads\/sites\/17\/2025\/06\/07_Blomstereng_IMG_1887_HUNDVEN-CLEMENTS_PHOTOGRAPHY-scaled.jpg 1920w\" sizes=\"auto, (max-width: 768px) 100vw, 768px\" \/><span class=\"t2-image-credit-name\">Daniel Hundven Clements<\/span><\/div><\/figure>\n<\/div>\n\n\n\n<p>Som l\u00e6rar kjenner ein elevane sine best, og kan tilpasse opplegget slik det passar dykk. Det som er sikkert, er at eit naturprosjekt som dette gir h\u00f8ve til \u00e5 variere undervisninga, la elevane vere aktive og utforskande \u2013 og komme seg ut for \u00e5 sj\u00e5 p\u00e5 villblomar og insekt, ikkje minst! <br><br>Det er ein del innand\u00f8rsaktivitetar i prosjektet som er fine \u00e5 starte med om v\u00e6ret er ruskete. N\u00e5r finv\u00earsdagane kjem, kan ein g\u00e5 ut og gjere ulike oppg\u00e5ver i n\u00e6rmilj\u00f8et. Oppdrag Blomstereng er \u00f2g eit meir langvarig prosjekt, s\u00e5 ein kan alltid plukke opp tr\u00e5den igjen seinare \u2013 eller sammen med ein anna klasse.<\/p>\n\n\n\n<p><strong>Inne: <\/strong>bli kjende med pollinatorane og villblomstrane, brett fr\u00f8posar, planlegg blomsterenga, sorter\/fr\u00f8, arbeid med oppg\u00e5veark og elevhefte.<\/p>\n\n\n\n<p><strong>Ute: <\/strong>finn dei norske villblomstrane og pollinatorane, sank fr\u00f8 i n\u00e6romr\u00e5det, lage og s\u00e5 blomsterenga, registrere funn og f\u00f8lgje utviklinga gjennom sesongane.<\/p>\n\n\n\n<p>For klassar som har anledning til det, er prosjektet eit perfekt utgangspunkt for meir dybedl\u00e6ring i naturfag, samfunnsfag og b\u00e6rekraftig utvikling.<\/p>\n\n\n\n<figure class=\"wp-block-image size-full\"><img loading=\"lazy\" decoding=\"async\" width=\"970\" height=\"490\" src=\"https:\/\/naturvernforbundet.no\/content\/uploads\/sites\/17\/2025\/06\/image.png\" alt=\"\" class=\"wp-image-1332\" srcset=\"https:\/\/naturvernforbundet.no\/content\/uploads\/sites\/17\/2025\/06\/image.png 970w, https:\/\/naturvernforbundet.no\/content\/uploads\/sites\/17\/2025\/06\/image-300x152.png 300w, https:\/\/naturvernforbundet.no\/content\/uploads\/sites\/17\/2025\/06\/image-768x388.png 768w\" sizes=\"auto, (max-width: 970px) 100vw, 970px\" \/><\/figure>\n\n\n\n<h2 class=\"wp-block-heading\">T<strong>ilbud av ressursar  i 2026:<\/strong><\/h2>\n\n\n\n<ul class=\"wp-block-list\">\n<li><strong>Elevhefter:<\/strong> Vi har trykt opp elevhefte som kan sendast ut til deltakarskulane (s\u00e5 langt lageret rekker &#8211;<strong> merk at det er p\u00e5 bokm\u00e5l<\/strong>).<\/li>\n<\/ul>\n\n\n\n<ul class=\"wp-block-list\">\n<li><strong>L\u00e6rerveiledning:<\/strong> P\u00e5 nettsida til <a href=\"https:\/\/naturvernforbundet.no\/hordaland\/oppdrag-blomstereng\/\">Prosjekt Blomstereng<\/a> finn de gratis <a href=\"https:\/\/drive.google.com\/drive\/folders\/1KSAtSm5vgpY4ghJlH2U3NKKV6JXh7Y5g\">l\u00e6rerveiledning<\/a> og ressursar.<\/li>\n\n\n\n<li><strong>2 Plakatar:<\/strong> av 18 vanlige ville blomster og \u201cElevreisen\u201d.  <\/li>\n\n\n\n<li><strong>Fr\u00f8pakkar:<\/strong> Der ein ikkje rekker \u00e5 sanke fr\u00f8 p\u00e5 hausten, kan ein f\u00e5 fr\u00f8pakkar med villblomar fr\u00e5 NIBIO.<\/li>\n\n\n\n<li><strong>Skilt:<\/strong> Skilt for Blomsterenga. <\/li>\n<\/ul>\n<\/div>\n\n\n\n<div class=\"wp-block-group is-style-yellow is-layout-constrained wp-block-group-is-layout-constrained\">\n<div class=\"wp-block-media-text is-stacked-on-mobile\" style=\"grid-template-columns:20% auto\"><figure class=\"wp-block-media-text__media\"><img loading=\"lazy\" decoding=\"async\" width=\"726\" height=\"1024\" src=\"https:\/\/naturvernforbundet.no\/content\/uploads\/sites\/17\/2025\/08\/1-Blomst.-Illustrasjon-Linda-Lovheim-726x1024.png\" alt=\"\" class=\"wp-image-1626 size-full\" srcset=\"https:\/\/naturvernforbundet.no\/content\/uploads\/sites\/17\/2025\/08\/1-Blomst.-Illustrasjon-Linda-Lovheim-726x1024.png 726w, https:\/\/naturvernforbundet.no\/content\/uploads\/sites\/17\/2025\/08\/1-Blomst.-Illustrasjon-Linda-Lovheim-213x300.png 213w, https:\/\/naturvernforbundet.no\/content\/uploads\/sites\/17\/2025\/08\/1-Blomst.-Illustrasjon-Linda-Lovheim-768x1083.png 768w, https:\/\/naturvernforbundet.no\/content\/uploads\/sites\/17\/2025\/08\/1-Blomst.-Illustrasjon-Linda-Lovheim-1090x1536.png 1090w, https:\/\/naturvernforbundet.no\/content\/uploads\/sites\/17\/2025\/08\/1-Blomst.-Illustrasjon-Linda-Lovheim-1453x2048.png 1453w, https:\/\/naturvernforbundet.no\/content\/uploads\/sites\/17\/2025\/08\/1-Blomst.-Illustrasjon-Linda-Lovheim-1362x1920.png 1362w\" sizes=\"auto, (max-width: 726px) 100vw, 726px\" \/><\/figure><div class=\"wp-block-media-text__content\">\n<h2 class=\"wp-block-heading\">Kontakt<\/h2>\n\n\n\n<p>Prosjektansvarleg i Sogn og Fjordane:<\/p>\n\n\n\n<p>Allette Alv\u00e6rvik<br><strong>epost: <a href=\"allette.alvarvik@naturvernforbundet.no\">allette.alvarvik@naturvernforbundet.no <\/a><br>tlf:<\/strong> 94874648<\/p>\n\n\n\n<div class=\"wp-block-buttons is-layout-flex wp-block-buttons-is-layout-flex\"><\/div>\n<\/div><\/div>\n<\/div>\n\n\n\n<div class=\"wp-block-group alignwide is-style-green-light is-layout-constrained wp-block-group-is-layout-constrained\">\n<div class=\"wp-block-media-text is-stacked-on-mobile\" style=\"grid-template-columns:39% auto\"><figure class=\"wp-block-media-text__media\"><img loading=\"lazy\" decoding=\"async\" width=\"1024\" height=\"902\" src=\"https:\/\/naturvernforbundet.no\/content\/uploads\/sites\/17\/2025\/06\/Skjermbilde-2025-05-27-123633-1024x902.png\" alt=\"\" class=\"wp-image-1334 size-full\" srcset=\"https:\/\/naturvernforbundet.no\/content\/uploads\/sites\/17\/2025\/06\/Skjermbilde-2025-05-27-123633-1024x902.png 1024w, https:\/\/naturvernforbundet.no\/content\/uploads\/sites\/17\/2025\/06\/Skjermbilde-2025-05-27-123633-300x264.png 300w, https:\/\/naturvernforbundet.no\/content\/uploads\/sites\/17\/2025\/06\/Skjermbilde-2025-05-27-123633-768x677.png 768w, https:\/\/naturvernforbundet.no\/content\/uploads\/sites\/17\/2025\/06\/Skjermbilde-2025-05-27-123633.png 1036w\" sizes=\"auto, (max-width: 1024px) 100vw, 1024px\" \/><span class=\"t2-image-credit-name\">Linda L\u00f8vheim<\/span><\/figure><div class=\"wp-block-media-text__content\">\n<h2 class=\"wp-block-heading\">Oppdrag Blomstereng<\/h2>\n\n\n\n<p>For meir informasjon, ressursar og nyttige artiklar sjekk ut Oppdragblomstereng nettsida! <\/p>\n\n\n\n<div class=\"wp-block-buttons is-layout-flex wp-block-buttons-is-layout-flex\">\n<div class=\"wp-block-button is-style-pink\"><a class=\"wp-block-button__link wp-element-button\" href=\"https:\/\/naturvernforbundet.no\/hordaland\/oppdrag-blomstereng\/\">Oppdragblomstereng.no<\/a><\/div>\n<\/div>\n<\/div><\/div>\n<\/div>\n\n\n\n<div class=\"wp-block-group is-layout-constrained wp-block-group-is-layout-constrained\">\n<p><\/p>\n\n\n\n<h2 class=\"wp-block-heading\">Takk for st\u00f8tta!<\/h2>\n\n\n\n<div class=\"wp-block-columns are-vertically-aligned-center is-layout-flex wp-container-core-columns-is-layout-1 wp-block-columns-is-layout-flex\">\n<div class=\"wp-block-column is-vertically-aligned-center is-layout-flow wp-block-column-is-layout-flow\" style=\"flex-basis:100%\">\n<p>Takk til Sparebankstiftinga Sogn og Fjordane <br>som har gjort det mogleg \u00e5 tilby <br>Prosjekt Blomstereng til skular i Sogn og Fjordane.<\/p>\n<\/div>\n<\/div>\n\n\n\n<figure class=\"wp-block-image size-full is-resized\"><img loading=\"lazy\" decoding=\"async\" width=\"541\" height=\"151\" src=\"https:\/\/naturvernforbundet.no\/content\/uploads\/sites\/17\/2025\/06\/Sparebankstiftina-SFJ.png\" alt=\"\" class=\"wp-image-1328\" style=\"width:283px;height:auto\" srcset=\"https:\/\/naturvernforbundet.no\/content\/uploads\/sites\/17\/2025\/06\/Sparebankstiftina-SFJ.png 541w, https:\/\/naturvernforbundet.no\/content\/uploads\/sites\/17\/2025\/06\/Sparebankstiftina-SFJ-300x84.png 300w\" sizes=\"auto, (max-width: 541px) 100vw, 541px\" \/><\/figure>\n<\/div>\n\n\n\n<p><\/p>\n","protected":false},"excerpt":{"rendered":"<p>Vi jobbar for at barn og unge kan l\u00e6re om viktigheita av \u00e5 ta vare p\u00e5 det norske biologiske mangfoldet, og sj\u00f8lv f\u00e5 v\u00e6re aktive i \u00e5 ta vare p\u00e5 den. <\/p>\n","protected":false},"author":403,"featured_media":1334,"parent":0,"menu_order":0,"comment_status":"closed","ping_status":"closed","template":"","meta":{"_relevanssi_hide_post":"","_relevanssi_hide_content":"","_relevanssi_pin_for_all":"","_relevanssi_pin_keywords":"","_relevanssi_unpin_keywords":"","_relevanssi_related_keywords":"","_relevanssi_related_include_ids":"","_relevanssi_related_exclude_ids":"","_relevanssi_related_no_append":"","_relevanssi_related_not_related":"","_relevanssi_related_posts":"258,447,275,362,297,210","_relevanssi_noindex_reason":"","hide_logo":false,"footnotes":""},"categories":[74,75],"class_list":["post-1222","page","type-page","status-publish","has-post-thumbnail","hentry","category-blomstereng","category-prosjekt"],"acf":[],"yoast_head":"<!-- This site is optimized with the Yoast SEO plugin v24.9 - https:\/\/yoast.com\/wordpress\/plugins\/seo\/ -->\n<title>Oppdrag Blomstereng i Sogn og Fjordane - Sogn og Fjordane<\/title>\n<meta name=\"robots\" content=\"index, follow, max-snippet:-1, max-image-preview:large, max-video-preview:-1\" \/>\n<link rel=\"canonical\" href=\"https:\/\/naturvernforbundet.no\/sognogfjordane\/oppdrag-blomstereng-i-sogn-og-fjordane\/\" \/>\n<meta property=\"og:locale\" content=\"nb_NO\" \/>\n<meta property=\"og:type\" content=\"article\" \/>\n<meta property=\"og:title\" content=\"Oppdrag Blomstereng i Sogn og Fjordane - Sogn og Fjordane\" \/>\n<meta property=\"og:description\" content=\"Vi jobbar for at barn og unge kan l\u00e6re om viktigheita av \u00e5 ta vare p\u00e5 det norske biologiske mangfoldet, og sj\u00f8lv f\u00e5 v\u00e6re aktive i \u00e5 ta vare p\u00e5 den.\" \/>\n<meta property=\"og:url\" content=\"https:\/\/naturvernforbundet.no\/sognogfjordane\/oppdrag-blomstereng-i-sogn-og-fjordane\/\" \/>\n<meta property=\"og:site_name\" content=\"Sogn og Fjordane\" \/>\n<meta property=\"article:modified_time\" content=\"2026-03-31T08:45:38+00:00\" \/>\n<meta property=\"og:image\" content=\"https:\/\/naturvernforbundet.no\/content\/uploads\/sites\/17\/2025\/06\/Skjermbilde-2025-05-27-123633.png\" \/>\n\t<meta property=\"og:image:width\" content=\"1036\" \/>\n\t<meta property=\"og:image:height\" content=\"913\" \/>\n\t<meta property=\"og:image:type\" content=\"image\/png\" \/>\n<meta name=\"twitter:card\" content=\"summary_large_image\" \/>\n<meta name=\"twitter:label1\" content=\"Ansl. lesetid\" \/>\n\t<meta name=\"twitter:data1\" content=\"5 minutter\" \/>\n<script type=\"application\/ld+json\" class=\"yoast-schema-graph\">{\"@context\":\"https:\/\/schema.org\",\"@graph\":[{\"@type\":\"WebPage\",\"@id\":\"https:\/\/naturvernforbundet.no\/sognogfjordane\/oppdrag-blomstereng-i-sogn-og-fjordane\/\",\"url\":\"https:\/\/naturvernforbundet.no\/sognogfjordane\/oppdrag-blomstereng-i-sogn-og-fjordane\/\",\"name\":\"Oppdrag Blomstereng i Sogn og Fjordane - Sogn og Fjordane\",\"isPartOf\":{\"@id\":\"https:\/\/naturvernforbundet.no\/sognogfjordane\/#website\"},\"primaryImageOfPage\":{\"@id\":\"https:\/\/naturvernforbundet.no\/sognogfjordane\/oppdrag-blomstereng-i-sogn-og-fjordane\/#primaryimage\"},\"image\":{\"@id\":\"https:\/\/naturvernforbundet.no\/sognogfjordane\/oppdrag-blomstereng-i-sogn-og-fjordane\/#primaryimage\"},\"thumbnailUrl\":\"https:\/\/naturvernforbundet.no\/content\/uploads\/sites\/17\/2025\/06\/Skjermbilde-2025-05-27-123633.png\",\"datePublished\":\"2025-06-17T09:45:01+00:00\",\"dateModified\":\"2026-03-31T08:45:38+00:00\",\"breadcrumb\":{\"@id\":\"https:\/\/naturvernforbundet.no\/sognogfjordane\/oppdrag-blomstereng-i-sogn-og-fjordane\/#breadcrumb\"},\"inLanguage\":\"nb-NO\",\"potentialAction\":[{\"@type\":\"ReadAction\",\"target\":[\"https:\/\/naturvernforbundet.no\/sognogfjordane\/oppdrag-blomstereng-i-sogn-og-fjordane\/\"]}]},{\"@type\":\"ImageObject\",\"inLanguage\":\"nb-NO\",\"@id\":\"https:\/\/naturvernforbundet.no\/sognogfjordane\/oppdrag-blomstereng-i-sogn-og-fjordane\/#primaryimage\",\"url\":\"https:\/\/naturvernforbundet.no\/content\/uploads\/sites\/17\/2025\/06\/Skjermbilde-2025-05-27-123633.png\",\"contentUrl\":\"https:\/\/naturvernforbundet.no\/content\/uploads\/sites\/17\/2025\/06\/Skjermbilde-2025-05-27-123633.png\",\"width\":1036,\"height\":913,\"caption\":\"Linda L\u00f8vheim\"},{\"@type\":\"BreadcrumbList\",\"@id\":\"https:\/\/naturvernforbundet.no\/sognogfjordane\/oppdrag-blomstereng-i-sogn-og-fjordane\/#breadcrumb\",\"itemListElement\":[{\"@type\":\"ListItem\",\"position\":1,\"name\":\"Till naturvernforbundet.no\",\"item\":\"https:\/\/naturvernforbundet.no\/\"},{\"@type\":\"ListItem\",\"position\":2,\"name\":\"Sogn og Fjordane\",\"item\":\"https:\/\/naturvernforbundet.no\/sognogfjordane\/\"},{\"@type\":\"ListItem\",\"position\":3,\"name\":\"Oppdrag Blomstereng i Sogn og Fjordane\"}]},{\"@type\":\"WebSite\",\"@id\":\"https:\/\/naturvernforbundet.no\/sognogfjordane\/#website\",\"url\":\"https:\/\/naturvernforbundet.no\/sognogfjordane\/\",\"name\":\"Sogn og Fjordane\",\"description\":\"Bare enda et Naturvernforbundet Sites-nettsted\",\"potentialAction\":[{\"@type\":\"SearchAction\",\"target\":{\"@type\":\"EntryPoint\",\"urlTemplate\":\"https:\/\/naturvernforbundet.no\/sognogfjordane\/?s={search_term_string}\"},\"query-input\":{\"@type\":\"PropertyValueSpecification\",\"valueRequired\":true,\"valueName\":\"search_term_string\"}}],\"inLanguage\":\"nb-NO\"}]}<\/script>\n<!-- \/ Yoast SEO plugin. -->","yoast_head_json":{"title":"Oppdrag Blomstereng i Sogn og Fjordane - Sogn og Fjordane","robots":{"index":"index","follow":"follow","max-snippet":"max-snippet:-1","max-image-preview":"max-image-preview:large","max-video-preview":"max-video-preview:-1"},"canonical":"https:\/\/naturvernforbundet.no\/sognogfjordane\/oppdrag-blomstereng-i-sogn-og-fjordane\/","og_locale":"nb_NO","og_type":"article","og_title":"Oppdrag Blomstereng i Sogn og Fjordane - Sogn og Fjordane","og_description":"Vi jobbar for at barn og unge kan l\u00e6re om viktigheita av \u00e5 ta vare p\u00e5 det norske biologiske mangfoldet, og sj\u00f8lv f\u00e5 v\u00e6re aktive i \u00e5 ta vare p\u00e5 den.","og_url":"https:\/\/naturvernforbundet.no\/sognogfjordane\/oppdrag-blomstereng-i-sogn-og-fjordane\/","og_site_name":"Sogn og Fjordane","article_modified_time":"2026-03-31T08:45:38+00:00","og_image":[{"width":1036,"height":913,"url":"https:\/\/naturvernforbundet.no\/content\/uploads\/sites\/17\/2025\/06\/Skjermbilde-2025-05-27-123633.png","type":"image\/png"}],"twitter_card":"summary_large_image","twitter_misc":{"Ansl. lesetid":"5 minutter"},"schema":{"@context":"https:\/\/schema.org","@graph":[{"@type":"WebPage","@id":"https:\/\/naturvernforbundet.no\/sognogfjordane\/oppdrag-blomstereng-i-sogn-og-fjordane\/","url":"https:\/\/naturvernforbundet.no\/sognogfjordane\/oppdrag-blomstereng-i-sogn-og-fjordane\/","name":"Oppdrag Blomstereng i Sogn og Fjordane - Sogn og Fjordane","isPartOf":{"@id":"https:\/\/naturvernforbundet.no\/sognogfjordane\/#website"},"primaryImageOfPage":{"@id":"https:\/\/naturvernforbundet.no\/sognogfjordane\/oppdrag-blomstereng-i-sogn-og-fjordane\/#primaryimage"},"image":{"@id":"https:\/\/naturvernforbundet.no\/sognogfjordane\/oppdrag-blomstereng-i-sogn-og-fjordane\/#primaryimage"},"thumbnailUrl":"https:\/\/naturvernforbundet.no\/content\/uploads\/sites\/17\/2025\/06\/Skjermbilde-2025-05-27-123633.png","datePublished":"2025-06-17T09:45:01+00:00","dateModified":"2026-03-31T08:45:38+00:00","breadcrumb":{"@id":"https:\/\/naturvernforbundet.no\/sognogfjordane\/oppdrag-blomstereng-i-sogn-og-fjordane\/#breadcrumb"},"inLanguage":"nb-NO","potentialAction":[{"@type":"ReadAction","target":["https:\/\/naturvernforbundet.no\/sognogfjordane\/oppdrag-blomstereng-i-sogn-og-fjordane\/"]}]},{"@type":"ImageObject","inLanguage":"nb-NO","@id":"https:\/\/naturvernforbundet.no\/sognogfjordane\/oppdrag-blomstereng-i-sogn-og-fjordane\/#primaryimage","url":"https:\/\/naturvernforbundet.no\/content\/uploads\/sites\/17\/2025\/06\/Skjermbilde-2025-05-27-123633.png","contentUrl":"https:\/\/naturvernforbundet.no\/content\/uploads\/sites\/17\/2025\/06\/Skjermbilde-2025-05-27-123633.png","width":1036,"height":913,"caption":"Linda L\u00f8vheim"},{"@type":"BreadcrumbList","@id":"https:\/\/naturvernforbundet.no\/sognogfjordane\/oppdrag-blomstereng-i-sogn-og-fjordane\/#breadcrumb","itemListElement":[{"@type":"ListItem","position":1,"name":"Till naturvernforbundet.no","item":"https:\/\/naturvernforbundet.no\/"},{"@type":"ListItem","position":2,"name":"Sogn og Fjordane","item":"https:\/\/naturvernforbundet.no\/sognogfjordane\/"},{"@type":"ListItem","position":3,"name":"Oppdrag Blomstereng i Sogn og Fjordane"}]},{"@type":"WebSite","@id":"https:\/\/naturvernforbundet.no\/sognogfjordane\/#website","url":"https:\/\/naturvernforbundet.no\/sognogfjordane\/","name":"Sogn og Fjordane","description":"Bare enda et Naturvernforbundet Sites-nettsted","potentialAction":[{"@type":"SearchAction","target":{"@type":"EntryPoint","urlTemplate":"https:\/\/naturvernforbundet.no\/sognogfjordane\/?s={search_term_string}"},"query-input":{"@type":"PropertyValueSpecification","valueRequired":true,"valueName":"search_term_string"}}],"inLanguage":"nb-NO"}]}},"_links":{"self":[{"href":"https:\/\/naturvernforbundet.no\/sognogfjordane\/wp-json\/wp\/v2\/pages\/1222","targetHints":{"allow":["GET"]}}],"collection":[{"href":"https:\/\/naturvernforbundet.no\/sognogfjordane\/wp-json\/wp\/v2\/pages"}],"about":[{"href":"https:\/\/naturvernforbundet.no\/sognogfjordane\/wp-json\/wp\/v2\/types\/page"}],"author":[{"embeddable":true,"href":"https:\/\/naturvernforbundet.no\/sognogfjordane\/wp-json\/wp\/v2\/users\/403"}],"replies":[{"embeddable":true,"href":"https:\/\/naturvernforbundet.no\/sognogfjordane\/wp-json\/wp\/v2\/comments?post=1222"}],"version-history":[{"count":40,"href":"https:\/\/naturvernforbundet.no\/sognogfjordane\/wp-json\/wp\/v2\/pages\/1222\/revisions"}],"predecessor-version":[{"id":2370,"href":"https:\/\/naturvernforbundet.no\/sognogfjordane\/wp-json\/wp\/v2\/pages\/1222\/revisions\/2370"}],"wp:featuredmedia":[{"embeddable":true,"href":"https:\/\/naturvernforbundet.no\/sognogfjordane\/wp-json\/wp\/v2\/media\/1334"}],"wp:attachment":[{"href":"https:\/\/naturvernforbundet.no\/sognogfjordane\/wp-json\/wp\/v2\/media?parent=1222"}],"wp:term":[{"taxonomy":"category","embeddable":true,"href":"https:\/\/naturvernforbundet.no\/sognogfjordane\/wp-json\/wp\/v2\/categories?post=1222"}],"curies":[{"name":"wp","href":"https:\/\/api.w.org\/{rel}","templated":true}]}}