{"id":50,"date":"2022-09-23T15:06:12","date_gmt":"2022-09-23T13:06:12","guid":{"rendered":"https:\/\/naturvernforbundet.no\/sognogfjordane\/?page_id=50"},"modified":"2026-03-11T09:46:29","modified_gmt":"2026-03-11T08:46:29","slug":"saker-vi-jobber-med","status":"publish","type":"page","link":"https:\/\/naturvernforbundet.no\/sognogfjordane\/saker-vi-jobber-med\/","title":{"rendered":"Saker vi jobbar med"},"content":{"rendered":"\t<div class=\"template-page has-media alignfull wp-block-naturvern-hero\">\n\t\t<div class=\"hero__inner\">\n\t\t\t<div class=\"hero__inner_blocks\">\n\t\t\t\t\t\t\t\t\n<h1 class=\"wp-block-post-title\">Saker vi jobbar med<\/h1>\n\n\n<p>Les deg opp p\u00e5 arbeidet vi gjer her. Finn du noko interessant gjerne ta kontakt og engasjer deg!<\/p>\n\n\t\t\t<\/div>\n\t\t\t\t\t<\/div>\n\t\t\t\t\t<div class=\"hero__image\">\n\t\t\t\t\t\t\t\t\t\t<img fetchpriority=\"high\" decoding=\"async\" width=\"1920\" height=\"1279\" src=\"https:\/\/naturvernforbundet.no\/content\/uploads\/sites\/17\/2025\/03\/F_-Terje-Valen-Hoihjelle_Sognefjorden-scaled.jpg\" class=\"attachment-ultra size-ultra\" alt=\"\" style=\"object-position: 50% 50%;\" loading=\"eager\" srcset=\"https:\/\/naturvernforbundet.no\/content\/uploads\/sites\/17\/2025\/03\/F_-Terje-Valen-Hoihjelle_Sognefjorden-scaled.jpg 2560w, https:\/\/naturvernforbundet.no\/content\/uploads\/sites\/17\/2025\/03\/F_-Terje-Valen-Hoihjelle_Sognefjorden-300x200.jpg 300w, https:\/\/naturvernforbundet.no\/content\/uploads\/sites\/17\/2025\/03\/F_-Terje-Valen-Hoihjelle_Sognefjorden-1024x682.jpg 1024w, https:\/\/naturvernforbundet.no\/content\/uploads\/sites\/17\/2025\/03\/F_-Terje-Valen-Hoihjelle_Sognefjorden-768x512.jpg 768w, https:\/\/naturvernforbundet.no\/content\/uploads\/sites\/17\/2025\/03\/F_-Terje-Valen-Hoihjelle_Sognefjorden-1536x1023.jpg 1536w\" sizes=\"(max-width: 1920px) 100vw, 1920px\" \/>\t\t\t\t\t\t<\/div>\n\t\t\t<\/div>\n\t\n\n\n<h2 class=\"wp-block-heading\">Milj\u00f8politisk arbeid i omr\u00e5det Sogn og Fjordane:<\/h2>\n\n\n<div class=\"t2-featured-content-layout alignwide alignwide    wp-block-t2-featured-content-layout\">\n<div class=\"t2-featured-single-post t2-featured-content is-post-type-page wp-block-t2-featured-single-post\"><a class=\"t2-post-link wp-block-t2-post-link\" href=\"https:\/\/naturvernforbundet.no\/sognogfjordane\/fjordmiljo-og-gruvedrift\/\">\n<figure style=\"--t2-focal-point: 50% 50%;\" class=\"t2-post-featured-image has-image-ratio-4-3 wp-block-t2-post-featured-image\"><img loading=\"lazy\" decoding=\"async\" width=\"1295\" height=\"745\" src=\"https:\/\/naturvernforbundet.no\/content\/uploads\/sites\/17\/2022\/10\/Save-the-fjord-Wim-Lassche-090515.jpg\" class=\"attachment-post-thumbnail size-post-thumbnail wp-post-image\" alt=\"F\u00f8rdefjord\" srcset=\"https:\/\/naturvernforbundet.no\/content\/uploads\/sites\/17\/2022\/10\/Save-the-fjord-Wim-Lassche-090515.jpg 1295w, https:\/\/naturvernforbundet.no\/content\/uploads\/sites\/17\/2022\/10\/Save-the-fjord-Wim-Lassche-090515-300x173.jpg 300w, https:\/\/naturvernforbundet.no\/content\/uploads\/sites\/17\/2022\/10\/Save-the-fjord-Wim-Lassche-090515-1024x589.jpg 1024w, https:\/\/naturvernforbundet.no\/content\/uploads\/sites\/17\/2022\/10\/Save-the-fjord-Wim-Lassche-090515-768x442.jpg 768w\" sizes=\"auto, (max-width: 1295px) 100vw, 1295px\" \/><\/figure>\n\n<div class=\"wp-block-group alignfull is-layout-flow wp-block-group-is-layout-flow\">\n\t<h2 class=\"t2-post-title wp-block-t2-post-title\">Fjordmilj\u00f8 og gruvedrift<\/h2>\n\t<p class=\"wp-block-naturvern-post-excerpt\"><\/p>\n\t\t<div class=\"wp-block-naturvern-post-meta\">\n\t\t\t\t\t<\/div>\n\t\n<\/div>\n\n<\/a>\n<\/div>\n\n<div class=\"t2-featured-single-post t2-featured-content is-post-type-page wp-block-t2-featured-single-post\"><a class=\"t2-post-link wp-block-t2-post-link\" href=\"https:\/\/naturvernforbundet.no\/sognogfjordane\/vasskraft\/\">\n<figure style=\"--t2-focal-point: 50% 50%;\" class=\"t2-post-featured-image has-image-ratio-4-3 wp-block-t2-post-featured-image\"><img loading=\"lazy\" decoding=\"async\" width=\"653\" height=\"435\" src=\"https:\/\/naturvernforbundet.no\/content\/uploads\/sites\/17\/2010\/11\/Erdalselvi20sogn20og20fjordane.JPG2028articledisplay29.jpg\" class=\"attachment-post-thumbnail size-post-thumbnail wp-post-image\" alt=\"Elv\" srcset=\"https:\/\/naturvernforbundet.no\/content\/uploads\/sites\/17\/2010\/11\/Erdalselvi20sogn20og20fjordane.JPG2028articledisplay29.jpg 653w, https:\/\/naturvernforbundet.no\/content\/uploads\/sites\/17\/2010\/11\/Erdalselvi20sogn20og20fjordane.JPG2028articledisplay29-300x200.jpg 300w\" sizes=\"auto, (max-width: 653px) 100vw, 653px\" \/><\/figure>\n\n<div class=\"wp-block-group alignfull is-layout-flow wp-block-group-is-layout-flow\">\n\t<h2 class=\"t2-post-title wp-block-t2-post-title\">Vasskraft<\/h2>\n\t<p class=\"wp-block-naturvern-post-excerpt\"><\/p>\n\t\t<div class=\"wp-block-naturvern-post-meta\">\n\t\t\t\t\t<\/div>\n\t\n<\/div>\n\n<\/a>\n<\/div>\n\n<div class=\"t2-featured-single-post t2-featured-content is-post-type-page wp-block-t2-featured-single-post\"><a class=\"t2-post-link wp-block-t2-post-link\" href=\"https:\/\/naturvernforbundet.no\/sognogfjordane\/vindkraft\/\">\n<figure style=\"--t2-focal-point: 50% 50%;\" class=\"t2-post-featured-image has-image-ratio-4-3 wp-block-t2-post-featured-image\"><img loading=\"lazy\" decoding=\"async\" width=\"500\" height=\"349\" src=\"https:\/\/naturvernforbundet.no\/content\/uploads\/sites\/17\/2010\/12\/vindmoller20foto20kare20olerud.jpg\" class=\"attachment-post-thumbnail size-post-thumbnail wp-post-image\" alt=\"vindkraft\" srcset=\"https:\/\/naturvernforbundet.no\/content\/uploads\/sites\/17\/2010\/12\/vindmoller20foto20kare20olerud.jpg 500w, https:\/\/naturvernforbundet.no\/content\/uploads\/sites\/17\/2010\/12\/vindmoller20foto20kare20olerud-300x209.jpg 300w\" sizes=\"auto, (max-width: 500px) 100vw, 500px\" \/><\/figure>\n\n<div class=\"wp-block-group alignfull is-layout-flow wp-block-group-is-layout-flow\">\n\t<h2 class=\"t2-post-title wp-block-t2-post-title\">Vindkraft<\/h2>\n\t<p class=\"wp-block-naturvern-post-excerpt\"><\/p>\n\t\t<div class=\"wp-block-naturvern-post-meta\">\n\t\t\t\t\t<\/div>\n\t\n<\/div>\n\n<\/a>\n<\/div>\n\n<div class=\"t2-featured-single-post t2-featured-content is-post-type-page wp-block-t2-featured-single-post\"><a class=\"t2-post-link wp-block-t2-post-link\" href=\"https:\/\/naturvernforbundet.no\/sognogfjordane\/gondolbaner-i-fjella\/\">\n<figure style=\"--t2-focal-point: 50% 50%;\" class=\"t2-post-featured-image has-image-ratio-4-3 wp-block-t2-post-featured-image\"><img loading=\"lazy\" decoding=\"async\" width=\"960\" height=\"960\" src=\"https:\/\/naturvernforbundet.no\/content\/uploads\/sites\/17\/2025\/05\/447272844_10161113491910211_3632578117311799965_n.jpg\" class=\"attachment-post-thumbnail size-post-thumbnail wp-post-image\" alt=\"\" srcset=\"https:\/\/naturvernforbundet.no\/content\/uploads\/sites\/17\/2025\/05\/447272844_10161113491910211_3632578117311799965_n.jpg 960w, https:\/\/naturvernforbundet.no\/content\/uploads\/sites\/17\/2025\/05\/447272844_10161113491910211_3632578117311799965_n-300x300.jpg 300w, https:\/\/naturvernforbundet.no\/content\/uploads\/sites\/17\/2025\/05\/447272844_10161113491910211_3632578117311799965_n-150x150.jpg 150w, https:\/\/naturvernforbundet.no\/content\/uploads\/sites\/17\/2025\/05\/447272844_10161113491910211_3632578117311799965_n-768x768.jpg 768w\" sizes=\"auto, (max-width: 960px) 100vw, 960px\" \/><\/figure>\n\n<div class=\"wp-block-group alignfull is-layout-flow wp-block-group-is-layout-flow\">\n\t<h2 class=\"t2-post-title wp-block-t2-post-title\">Gondolbaner i fjella<\/h2>\n\t<p class=\"wp-block-naturvern-post-excerpt\"><\/p>\n\t\t<div class=\"wp-block-naturvern-post-meta\">\n\t\t\t\t\t<\/div>\n\t\n<\/div>\n\n<\/a>\n<\/div>\n\n<div class=\"t2-featured-single-post t2-featured-content is-post-type-page category-skog wp-block-t2-featured-single-post\"><a class=\"t2-post-link wp-block-t2-post-link\" href=\"https:\/\/naturvernforbundet.no\/sognogfjordane\/skog-og-artar\/\">\n<figure style=\"--t2-focal-point: 50% 50%;\" class=\"t2-post-featured-image has-image-ratio-4-3 wp-block-t2-post-featured-image\"><img loading=\"lazy\" decoding=\"async\" width=\"2560\" height=\"1706\" src=\"https:\/\/naturvernforbundet.no\/content\/uploads\/sites\/17\/2025\/07\/F_Terje-Valen-Hoihjelle_10-scaled.jpg\" class=\"attachment-post-thumbnail size-post-thumbnail wp-post-image\" alt=\"\" srcset=\"https:\/\/naturvernforbundet.no\/content\/uploads\/sites\/17\/2025\/07\/F_Terje-Valen-Hoihjelle_10-scaled.jpg 2560w, https:\/\/naturvernforbundet.no\/content\/uploads\/sites\/17\/2025\/07\/F_Terje-Valen-Hoihjelle_10-300x200.jpg 300w, https:\/\/naturvernforbundet.no\/content\/uploads\/sites\/17\/2025\/07\/F_Terje-Valen-Hoihjelle_10-1024x683.jpg 1024w, https:\/\/naturvernforbundet.no\/content\/uploads\/sites\/17\/2025\/07\/F_Terje-Valen-Hoihjelle_10-768x512.jpg 768w, https:\/\/naturvernforbundet.no\/content\/uploads\/sites\/17\/2025\/07\/F_Terje-Valen-Hoihjelle_10-1536x1024.jpg 1536w, https:\/\/naturvernforbundet.no\/content\/uploads\/sites\/17\/2025\/07\/F_Terje-Valen-Hoihjelle_10-2048x1365.jpg 2048w, https:\/\/naturvernforbundet.no\/content\/uploads\/sites\/17\/2025\/07\/F_Terje-Valen-Hoihjelle_10-1920x1280.jpg 1920w\" sizes=\"auto, (max-width: 2560px) 100vw, 2560px\" \/><\/figure>\n\n<div class=\"wp-block-group alignfull is-layout-flow wp-block-group-is-layout-flow\">\n\t<h2 class=\"t2-post-title wp-block-t2-post-title\">Skog og artar<\/h2>\n\t<p class=\"wp-block-naturvern-post-excerpt\">Vi har mykje variert skog og forskjellege artar som bur i den. Naturvernforbundet Sogn og Fjordane jobbar for at vi skal ta vare p\u00e5 verdifull naturskog. Samtidig \u00f8nsker vi \u00e5 kartlegge artane i den.<\/p>\n\t\t<div class=\"wp-block-naturvern-post-meta\">\n\t\t\t\t\t<span class=\"cat\">\n\t\t\t\t\t\t\t\t\t<span><span class=\"tag-link\" data-href=\"https:\/\/naturvernforbundet.no\/sognogfjordane\/category\/skog\/\">Skog<\/span><\/span>\n\t\t\t\t\t\t\t<\/span>\n\t\t\t\t\t<\/div>\n\t\n<\/div>\n\n<\/a>\n<\/div>\n<\/div>\n\n\n<div class=\"wp-block-group alignwide is-style-yellow is-layout-constrained wp-block-group-is-layout-constrained\">\n<div class=\"wp-block-group alignwide is-layout-constrained wp-block-group-is-layout-constrained\">\n<div class=\"wp-block-group is-layout-constrained wp-block-group-is-layout-constrained\">\n<div class=\"wp-block-group is-layout-constrained wp-block-group-is-layout-constrained\">\n<div class=\"wp-block-group is-layout-constrained wp-block-group-is-layout-constrained\">\n<h2 class=\"wp-block-heading has-text-align-center\">Prosjekt arbeidet <\/h2>\n\n\n\n<p>Naturvernforbundet i Sogn og Fjordane arbeider med ulike prosjekt der alle har felles nemnar at vi tar vare p\u00e5 naturen v\u00e5r. Klikk deg innp\u00e5 og sj\u00e5 om noko er interessant og du har lyst \u00e5 bidra med som frivillig. <\/p>\n<\/div>\n<\/div>\n<\/div>\n\n\n<div class=\"t2-featured-content-layout alignwide alignwide wp-block-t2-featured-content-layout\">\n<div class=\"t2-featured-single-post t2-featured-content is-post-type-page category-prosjekt wp-block-t2-featured-single-post\"><a class=\"t2-post-link wp-block-t2-post-link\" href=\"https:\/\/naturvernforbundet.no\/sognogfjordane\/plastjakten\/\">\n<figure style=\"--t2-focal-point: 50% 50%;\" class=\"t2-post-featured-image has-image-ratio-4-3 wp-block-t2-post-featured-image\"><img loading=\"lazy\" decoding=\"async\" width=\"950\" height=\"713\" src=\"https:\/\/naturvernforbundet.no\/content\/uploads\/sites\/17\/2022\/10\/plastjak.jpg\" class=\"attachment-post-thumbnail size-post-thumbnail wp-post-image\" alt=\"plastjakt\" srcset=\"https:\/\/naturvernforbundet.no\/content\/uploads\/sites\/17\/2022\/10\/plastjak.jpg 950w, https:\/\/naturvernforbundet.no\/content\/uploads\/sites\/17\/2022\/10\/plastjak-300x225.jpg 300w, https:\/\/naturvernforbundet.no\/content\/uploads\/sites\/17\/2022\/10\/plastjak-768x576.jpg 768w\" sizes=\"auto, (max-width: 950px) 100vw, 950px\" \/><\/figure>\n\n<div class=\"wp-block-group alignfull is-layout-flow wp-block-group-is-layout-flow\">\n\t<h2 class=\"t2-post-title wp-block-t2-post-title\">Marin fors\u00f8pling<\/h2>\n\t<p class=\"wp-block-naturvern-post-excerpt\">Vi arbeidar med \u00e5 fjerne plast i naturen, men skal vi f\u00e5 l\u00f8yst plastproblematikken m\u00e5 vi arbeide f\u00f8rebyggande og hindre at plast hamnar p\u00e5 avvegar.\n<\/p>\n\t\t<div class=\"wp-block-naturvern-post-meta\">\n\t\t\t\t\t<span class=\"cat\">\n\t\t\t\t\t\t\t\t\t<span><span class=\"tag-link\" data-href=\"https:\/\/naturvernforbundet.no\/sognogfjordane\/category\/prosjekt\/\">Prosjekt<\/span><\/span>\n\t\t\t\t\t\t\t<\/span>\n\t\t\t\t\t<\/div>\n\t\n<\/div>\n\n<\/a>\n<\/div>\n\n<div class=\"t2-featured-single-post t2-featured-content is-post-type-page category-skog wp-block-t2-featured-single-post\"><a class=\"t2-post-link wp-block-t2-post-link\" href=\"https:\/\/naturvernforbundet.no\/sognogfjordane\/skog-og-artar\/\">\n<figure style=\"--t2-focal-point: 50% 50%;\" class=\"t2-post-featured-image has-image-ratio-4-3 wp-block-t2-post-featured-image\"><img loading=\"lazy\" decoding=\"async\" width=\"2560\" height=\"1706\" src=\"https:\/\/naturvernforbundet.no\/content\/uploads\/sites\/17\/2025\/07\/F_Terje-Valen-Hoihjelle_10-scaled.jpg\" class=\"attachment-post-thumbnail size-post-thumbnail wp-post-image\" alt=\"\" srcset=\"https:\/\/naturvernforbundet.no\/content\/uploads\/sites\/17\/2025\/07\/F_Terje-Valen-Hoihjelle_10-scaled.jpg 2560w, https:\/\/naturvernforbundet.no\/content\/uploads\/sites\/17\/2025\/07\/F_Terje-Valen-Hoihjelle_10-300x200.jpg 300w, https:\/\/naturvernforbundet.no\/content\/uploads\/sites\/17\/2025\/07\/F_Terje-Valen-Hoihjelle_10-1024x683.jpg 1024w, https:\/\/naturvernforbundet.no\/content\/uploads\/sites\/17\/2025\/07\/F_Terje-Valen-Hoihjelle_10-768x512.jpg 768w, https:\/\/naturvernforbundet.no\/content\/uploads\/sites\/17\/2025\/07\/F_Terje-Valen-Hoihjelle_10-1536x1024.jpg 1536w, https:\/\/naturvernforbundet.no\/content\/uploads\/sites\/17\/2025\/07\/F_Terje-Valen-Hoihjelle_10-2048x1365.jpg 2048w, https:\/\/naturvernforbundet.no\/content\/uploads\/sites\/17\/2025\/07\/F_Terje-Valen-Hoihjelle_10-1920x1280.jpg 1920w\" sizes=\"auto, (max-width: 2560px) 100vw, 2560px\" \/><\/figure>\n\n<div class=\"wp-block-group alignfull is-layout-flow wp-block-group-is-layout-flow\">\n\t<h2 class=\"t2-post-title wp-block-t2-post-title\">Skog og artar<\/h2>\n\t<p class=\"wp-block-naturvern-post-excerpt\">Vi har mykje variert skog og forskjellege artar som bur i den. Naturvernforbundet Sogn og Fjordane jobbar for at vi skal ta vare p\u00e5 verdifull naturskog. Samtidig \u00f8nsker vi \u00e5 kartlegge artane i den.<\/p>\n\t\t<div class=\"wp-block-naturvern-post-meta\">\n\t\t\t\t\t<span class=\"cat\">\n\t\t\t\t\t\t\t\t\t<span><span class=\"tag-link\" data-href=\"https:\/\/naturvernforbundet.no\/sognogfjordane\/category\/skog\/\">Skog<\/span><\/span>\n\t\t\t\t\t\t\t<\/span>\n\t\t\t\t\t<\/div>\n\t\n<\/div>\n\n<\/a>\n<\/div>\n\n<div class=\"t2-featured-single-post t2-featured-content is-post-type-page category-blomstereng category-prosjekt wp-block-t2-featured-single-post\"><a class=\"t2-post-link wp-block-t2-post-link\" href=\"https:\/\/naturvernforbundet.no\/sognogfjordane\/oppdrag-blomstereng-i-sogn-og-fjordane\/\">\n<figure style=\"--t2-focal-point: 50% 50%;\" class=\"t2-post-featured-image has-image-ratio-4-3 wp-block-t2-post-featured-image\"><img loading=\"lazy\" decoding=\"async\" width=\"1036\" height=\"913\" src=\"https:\/\/naturvernforbundet.no\/content\/uploads\/sites\/17\/2025\/06\/Skjermbilde-2025-05-27-123633.png\" class=\"attachment-post-thumbnail size-post-thumbnail wp-post-image\" alt=\"\" srcset=\"https:\/\/naturvernforbundet.no\/content\/uploads\/sites\/17\/2025\/06\/Skjermbilde-2025-05-27-123633.png 1036w, https:\/\/naturvernforbundet.no\/content\/uploads\/sites\/17\/2025\/06\/Skjermbilde-2025-05-27-123633-300x264.png 300w, https:\/\/naturvernforbundet.no\/content\/uploads\/sites\/17\/2025\/06\/Skjermbilde-2025-05-27-123633-1024x902.png 1024w, https:\/\/naturvernforbundet.no\/content\/uploads\/sites\/17\/2025\/06\/Skjermbilde-2025-05-27-123633-768x677.png 768w\" sizes=\"auto, (max-width: 1036px) 100vw, 1036px\" \/><\/figure>\n\n<div class=\"wp-block-group alignfull is-layout-flow wp-block-group-is-layout-flow\">\n\t<h2 class=\"t2-post-title wp-block-t2-post-title\">Oppdrag Blomstereng \ni Sogn og Fjordane<\/h2>\n\t<p class=\"wp-block-naturvern-post-excerpt\">Vi jobbar for at barn og unge kan l\u00e6re om viktigheita av \u00e5 ta vare p\u00e5 det norske biologiske mangfoldet, og sj\u00f8lv f\u00e5 v\u00e6re aktive i \u00e5 ta vare p\u00e5 den. <\/p>\n\t\t<div class=\"wp-block-naturvern-post-meta\">\n\t\t\t\t\t<span class=\"cat\">\n\t\t\t\t\t\t\t\t\t<span><span class=\"tag-link\" data-href=\"https:\/\/naturvernforbundet.no\/sognogfjordane\/category\/blomstereng\/\">Blomstereng<\/span><\/span>\n\t\t\t\t\t\t\t\t\t<span><span class=\"tag-link\" data-href=\"https:\/\/naturvernforbundet.no\/sognogfjordane\/category\/prosjekt\/\">Prosjekt<\/span><\/span>\n\t\t\t\t\t\t\t<\/span>\n\t\t\t\t\t<\/div>\n\t\n<\/div>\n\n<\/a>\n<\/div>\n<\/div>\n\n\n<div class=\"wp-block-group is-layout-constrained wp-block-group-is-layout-constrained\">\n<div class=\"wp-block-group is-layout-constrained wp-block-group-is-layout-constrained\"><\/div>\n<\/div>\n<\/div>\n<\/div>\n\n\n\n<p><\/p>\n\n\n\n<p><\/p>\n\n\n\n<div class=\"wp-block-group alignwide is-layout-constrained wp-block-group-is-layout-constrained\">\n<div class=\"wp-block-group is-layout-constrained wp-block-group-is-layout-constrained\">\n<div class=\"wp-block-group is-layout-constrained wp-block-group-is-layout-constrained\">\n<div class=\"wp-block-group is-layout-constrained wp-block-group-is-layout-constrained\">\n<h2 class=\"wp-block-heading has-text-align-center\">Kontakt oss for \u00e5 bli med<\/h2>\n\n\n\n<div class=\"wp-block-buttons is-content-justification-center is-layout-flex wp-container-core-buttons-is-layout-1 wp-block-buttons-is-layout-flex\">\n<div class=\"wp-block-button is-style-outline is-style-outline--1\"><a class=\"wp-block-button__link wp-element-button\" href=\"https:\/\/naturvernforbundet.no\/sognogfjordane\/kontakt-oss\/\">Kontaktinformasjon<\/a><\/div>\n<\/div>\n<\/div>\n<\/div>\n<\/div>\n<\/div>\n\n\n\n<h2 class=\"wp-block-heading has-text-align-center\">Kalender<\/h2>\n\n\n\n<p class=\"has-text-align-center\">Her finn du arrangementa v\u00e5re, bli med og engasjer deg for naturen! <\/p>\n\n\n\t<div class=\"wp-block-naturvern-calendar\">\n\t\t<div>\n\t\t\t\t\t<\/div>\n\t\t<a href=\"https:\/\/naturvernforbundet.no\/sognogfjordane\/event\/\" class=\"read-more\">Se flere aktiviteter<\/a>\n\t<\/div>\n\t","protected":false},"excerpt":{"rendered":"","protected":false},"author":257,"featured_media":0,"parent":0,"menu_order":0,"comment_status":"closed","ping_status":"closed","template":"","meta":{"_relevanssi_hide_post":"","_relevanssi_hide_content":"","_relevanssi_pin_for_all":"","_relevanssi_pin_keywords":"","_relevanssi_unpin_keywords":"","_relevanssi_related_keywords":"","_relevanssi_related_include_ids":"","_relevanssi_related_exclude_ids":"","_relevanssi_related_no_append":"","_relevanssi_related_not_related":"","_relevanssi_related_posts":"774,739,725,373,222,663","_relevanssi_noindex_reason":"","hide_logo":false,"footnotes":""},"categories":[],"class_list":["post-50","page","type-page","status-publish","hentry"],"acf":[],"yoast_head":"<!-- This site is optimized with the Yoast SEO plugin v24.9 - https:\/\/yoast.com\/wordpress\/plugins\/seo\/ -->\n<title>Saker vi jobbar med - Sogn og Fjordane<\/title>\n<meta name=\"robots\" content=\"index, follow, max-snippet:-1, max-image-preview:large, max-video-preview:-1\" \/>\n<link rel=\"canonical\" href=\"https:\/\/naturvernforbundet.no\/sognogfjordane\/saker-vi-jobber-med\/\" \/>\n<meta property=\"og:locale\" content=\"nb_NO\" \/>\n<meta property=\"og:type\" content=\"article\" \/>\n<meta property=\"og:title\" content=\"Saker vi jobbar med - Sogn og Fjordane\" \/>\n<meta property=\"og:url\" content=\"https:\/\/naturvernforbundet.no\/sognogfjordane\/saker-vi-jobber-med\/\" \/>\n<meta property=\"og:site_name\" content=\"Sogn og Fjordane\" \/>\n<meta property=\"article:modified_time\" content=\"2026-03-11T08:46:29+00:00\" \/>\n<meta name=\"twitter:card\" content=\"summary_large_image\" \/>\n<meta name=\"twitter:label1\" content=\"Ansl. lesetid\" \/>\n\t<meta name=\"twitter:data1\" content=\"1 minutt\" \/>\n<script type=\"application\/ld+json\" class=\"yoast-schema-graph\">{\"@context\":\"https:\/\/schema.org\",\"@graph\":[{\"@type\":\"WebPage\",\"@id\":\"https:\/\/naturvernforbundet.no\/sognogfjordane\/saker-vi-jobber-med\/\",\"url\":\"https:\/\/naturvernforbundet.no\/sognogfjordane\/saker-vi-jobber-med\/\",\"name\":\"Saker vi jobbar med - Sogn og Fjordane\",\"isPartOf\":{\"@id\":\"https:\/\/naturvernforbundet.no\/sognogfjordane\/#website\"},\"datePublished\":\"2022-09-23T13:06:12+00:00\",\"dateModified\":\"2026-03-11T08:46:29+00:00\",\"breadcrumb\":{\"@id\":\"https:\/\/naturvernforbundet.no\/sognogfjordane\/saker-vi-jobber-med\/#breadcrumb\"},\"inLanguage\":\"nb-NO\",\"potentialAction\":[{\"@type\":\"ReadAction\",\"target\":[\"https:\/\/naturvernforbundet.no\/sognogfjordane\/saker-vi-jobber-med\/\"]}]},{\"@type\":\"BreadcrumbList\",\"@id\":\"https:\/\/naturvernforbundet.no\/sognogfjordane\/saker-vi-jobber-med\/#breadcrumb\",\"itemListElement\":[{\"@type\":\"ListItem\",\"position\":1,\"name\":\"Till naturvernforbundet.no\",\"item\":\"https:\/\/naturvernforbundet.no\/\"},{\"@type\":\"ListItem\",\"position\":2,\"name\":\"Sogn og Fjordane\",\"item\":\"https:\/\/naturvernforbundet.no\/sognogfjordane\/\"},{\"@type\":\"ListItem\",\"position\":3,\"name\":\"Saker vi jobbar med\"}]},{\"@type\":\"WebSite\",\"@id\":\"https:\/\/naturvernforbundet.no\/sognogfjordane\/#website\",\"url\":\"https:\/\/naturvernforbundet.no\/sognogfjordane\/\",\"name\":\"Sogn og Fjordane\",\"description\":\"Bare enda et Naturvernforbundet Sites-nettsted\",\"potentialAction\":[{\"@type\":\"SearchAction\",\"target\":{\"@type\":\"EntryPoint\",\"urlTemplate\":\"https:\/\/naturvernforbundet.no\/sognogfjordane\/?s={search_term_string}\"},\"query-input\":{\"@type\":\"PropertyValueSpecification\",\"valueRequired\":true,\"valueName\":\"search_term_string\"}}],\"inLanguage\":\"nb-NO\"}]}<\/script>\n<!-- \/ Yoast SEO plugin. -->","yoast_head_json":{"title":"Saker vi jobbar med - Sogn og Fjordane","robots":{"index":"index","follow":"follow","max-snippet":"max-snippet:-1","max-image-preview":"max-image-preview:large","max-video-preview":"max-video-preview:-1"},"canonical":"https:\/\/naturvernforbundet.no\/sognogfjordane\/saker-vi-jobber-med\/","og_locale":"nb_NO","og_type":"article","og_title":"Saker vi jobbar med - Sogn og Fjordane","og_url":"https:\/\/naturvernforbundet.no\/sognogfjordane\/saker-vi-jobber-med\/","og_site_name":"Sogn og Fjordane","article_modified_time":"2026-03-11T08:46:29+00:00","twitter_card":"summary_large_image","twitter_misc":{"Ansl. lesetid":"1 minutt"},"schema":{"@context":"https:\/\/schema.org","@graph":[{"@type":"WebPage","@id":"https:\/\/naturvernforbundet.no\/sognogfjordane\/saker-vi-jobber-med\/","url":"https:\/\/naturvernforbundet.no\/sognogfjordane\/saker-vi-jobber-med\/","name":"Saker vi jobbar med - Sogn og Fjordane","isPartOf":{"@id":"https:\/\/naturvernforbundet.no\/sognogfjordane\/#website"},"datePublished":"2022-09-23T13:06:12+00:00","dateModified":"2026-03-11T08:46:29+00:00","breadcrumb":{"@id":"https:\/\/naturvernforbundet.no\/sognogfjordane\/saker-vi-jobber-med\/#breadcrumb"},"inLanguage":"nb-NO","potentialAction":[{"@type":"ReadAction","target":["https:\/\/naturvernforbundet.no\/sognogfjordane\/saker-vi-jobber-med\/"]}]},{"@type":"BreadcrumbList","@id":"https:\/\/naturvernforbundet.no\/sognogfjordane\/saker-vi-jobber-med\/#breadcrumb","itemListElement":[{"@type":"ListItem","position":1,"name":"Till naturvernforbundet.no","item":"https:\/\/naturvernforbundet.no\/"},{"@type":"ListItem","position":2,"name":"Sogn og Fjordane","item":"https:\/\/naturvernforbundet.no\/sognogfjordane\/"},{"@type":"ListItem","position":3,"name":"Saker vi jobbar med"}]},{"@type":"WebSite","@id":"https:\/\/naturvernforbundet.no\/sognogfjordane\/#website","url":"https:\/\/naturvernforbundet.no\/sognogfjordane\/","name":"Sogn og Fjordane","description":"Bare enda et Naturvernforbundet Sites-nettsted","potentialAction":[{"@type":"SearchAction","target":{"@type":"EntryPoint","urlTemplate":"https:\/\/naturvernforbundet.no\/sognogfjordane\/?s={search_term_string}"},"query-input":{"@type":"PropertyValueSpecification","valueRequired":true,"valueName":"search_term_string"}}],"inLanguage":"nb-NO"}]}},"_links":{"self":[{"href":"https:\/\/naturvernforbundet.no\/sognogfjordane\/wp-json\/wp\/v2\/pages\/50","targetHints":{"allow":["GET"]}}],"collection":[{"href":"https:\/\/naturvernforbundet.no\/sognogfjordane\/wp-json\/wp\/v2\/pages"}],"about":[{"href":"https:\/\/naturvernforbundet.no\/sognogfjordane\/wp-json\/wp\/v2\/types\/page"}],"author":[{"embeddable":true,"href":"https:\/\/naturvernforbundet.no\/sognogfjordane\/wp-json\/wp\/v2\/users\/257"}],"replies":[{"embeddable":true,"href":"https:\/\/naturvernforbundet.no\/sognogfjordane\/wp-json\/wp\/v2\/comments?post=50"}],"version-history":[{"count":32,"href":"https:\/\/naturvernforbundet.no\/sognogfjordane\/wp-json\/wp\/v2\/pages\/50\/revisions"}],"predecessor-version":[{"id":2289,"href":"https:\/\/naturvernforbundet.no\/sognogfjordane\/wp-json\/wp\/v2\/pages\/50\/revisions\/2289"}],"wp:attachment":[{"href":"https:\/\/naturvernforbundet.no\/sognogfjordane\/wp-json\/wp\/v2\/media?parent=50"}],"wp:term":[{"taxonomy":"category","embeddable":true,"href":"https:\/\/naturvernforbundet.no\/sognogfjordane\/wp-json\/wp\/v2\/categories?post=50"}],"curies":[{"name":"wp","href":"https:\/\/api.w.org\/{rel}","templated":true}]}}