{"id":52,"date":"2022-09-23T15:06:12","date_gmt":"2022-09-23T13:06:12","guid":{"rendered":"https:\/\/naturvernforbundet.no\/sognogfjordane\/?page_id=52"},"modified":"2025-11-03T10:43:24","modified_gmt":"2025-11-03T09:43:24","slug":"kontakt-oss","status":"publish","type":"page","link":"https:\/\/naturvernforbundet.no\/sognogfjordane\/kontakt-oss\/","title":{"rendered":"Kontakt oss"},"content":{"rendered":"\t<div class=\"template-page has-media alignfull wp-block-naturvern-hero\">\n\t\t<div class=\"hero__inner\">\n\t\t\t<div class=\"hero__inner_blocks\">\n\t\t\t\t\t\t\t\t\n<h1 class=\"wp-block-post-title\">Kontakt oss<\/h1>\n\n\n<div class=\"wp-block-buttons is-layout-flex wp-block-buttons-is-layout-flex\"><\/div>\n\n\t\t\t<\/div>\n\t\t\t\t\t<\/div>\n\t\t\t\t\t<div class=\"hero__image\">\n\t\t\t\t\t\t\t\t\t\t<img fetchpriority=\"high\" decoding=\"async\" width=\"1920\" height=\"1276\" src=\"https:\/\/naturvernforbundet.no\/content\/uploads\/sites\/17\/2014\/05\/VEVRING20stridslystne20ungdom2001.08.201520167.jpg-1920x1276.jpg\" class=\"attachment-ultra size-ultra\" alt=\"F\u00f8rdefjord demonstrasjon\" style=\"object-position: 50% 50%;\" loading=\"eager\" srcset=\"https:\/\/naturvernforbundet.no\/content\/uploads\/sites\/17\/2014\/05\/VEVRING20stridslystne20ungdom2001.08.201520167.jpg-1920x1276.jpg 1920w, https:\/\/naturvernforbundet.no\/content\/uploads\/sites\/17\/2014\/05\/VEVRING20stridslystne20ungdom2001.08.201520167.jpg-300x199.jpg 300w, https:\/\/naturvernforbundet.no\/content\/uploads\/sites\/17\/2014\/05\/VEVRING20stridslystne20ungdom2001.08.201520167.jpg-1024x680.jpg 1024w, https:\/\/naturvernforbundet.no\/content\/uploads\/sites\/17\/2014\/05\/VEVRING20stridslystne20ungdom2001.08.201520167.jpg-768x510.jpg 768w, https:\/\/naturvernforbundet.no\/content\/uploads\/sites\/17\/2014\/05\/VEVRING20stridslystne20ungdom2001.08.201520167.jpg-1536x1021.jpg 1536w, https:\/\/naturvernforbundet.no\/content\/uploads\/sites\/17\/2014\/05\/VEVRING20stridslystne20ungdom2001.08.201520167.jpg-2048x1361.jpg 2048w\" sizes=\"(max-width: 1920px) 100vw, 1920px\" \/>\t\t\t\t\t\t<\/div>\n\t\t\t<\/div>\n\t\n\n\n<div class=\"wp-block-group is-layout-constrained wp-block-group-is-layout-constrained\">\n<h2 class=\"wp-block-heading\">Kontakt oss<\/h2>\n\n\n\n<p><strong>Epost:<\/strong> <a href=\"mailto:sognogfjordane@naturvernforbundet.no\">sognogfjordane@naturvernforbundet.no<\/a> <\/p>\n\n\n\n<p><strong>Telefon:<\/strong><br>94874648 &#8211; Allette Alv\u00e6rvik (fylkessekret\u00e6r) <br>48287429 &#8211; Stina Skjerdal (fylkessekret\u00e6r) <br>91374954 &#8211; Hanna Lie Bakken (leiar) <br><br><\/p>\n\n\n\n<p>F\u00e5r du ikkje tak i oss p\u00e5 telefon? D\u00e5 er vi nok ute p\u00e5 aktivitetar eller i m\u00f8te, send oss gjerne ein sms med kva det gjeld eller ein e-post.<\/p>\n\n\n\n<h2 class=\"wp-block-heading\">Adresse<\/h2>\n\n\n\n<p><strong>Postadresse<\/strong>: Hafstadvegen 34, 6800 F\u00f8rde&nbsp;<br><strong>Fakturadresse:&nbsp;<\/strong><a href=\"http:\/\/fakturasfj@naturvernforbundet.no\/\">fakturasfj@naturvernforbundet.no<\/a><\/p>\n\n\n\n<h2 class=\"wp-block-heading\">Organisasjonsnummer og bankkonto <\/h2>\n\n\n\n<p><strong>Org.nr<\/strong>: 997950623&nbsp;<br><strong>Kontonummer<\/strong>:<strong>&nbsp;<\/strong>3700.20.66638<br><strong>VIPPS:&nbsp;<\/strong>758037<\/p>\n\n\n\n<h2 class=\"wp-block-heading\">F\u00f8lg oss<\/h2>\n\n\n\n<p><strong>Sosiale medier:<\/strong>&nbsp;<a href=\"https:\/\/www.facebook.com\/naturvernsfj\">Facebook<\/a>&nbsp;|&nbsp;<a href=\"https:\/\/www.instagram.com\/naturvernsfj\/\">Instagram<\/a><\/p>\n<\/div>\n\n\n\n<div class=\"wp-block-group is-style-green is-layout-constrained wp-block-group-is-layout-constrained\">\n<h2 class=\"wp-block-heading has-text-align-center\"><a href=\"https:\/\/naturvernforbundet.no\/sognogfjordane\/role\/fylkessekretaer\/\">Ansatte<\/a><\/h2>\n\n\n\n<div class=\"wp-block-media-text alignfull has-media-on-the-right is-stacked-on-mobile\" style=\"grid-template-columns:auto 34%\"><div class=\"wp-block-media-text__content\">\n<div class=\"wp-block-group is-layout-constrained wp-block-group-is-layout-constrained\">\n<div class=\"wp-block-group is-content-justification-left is-layout-constrained wp-container-core-group-is-layout-3 wp-block-group-is-layout-constrained\">\n<div class=\"wp-block-columns is-layout-flex wp-container-core-columns-is-layout-1 wp-block-columns-is-layout-flex\">\n<div class=\"wp-block-column is-layout-flow wp-block-column-is-layout-flow\" style=\"flex-basis:100%\">\n<div class=\"wp-block-group alignwide is-vertical is-layout-flex wp-container-core-group-is-layout-2 wp-block-group-is-layout-flex\">\n<h3 class=\"wp-block-heading\">Stina Skjerdal<\/h3>\n\n\n\n<p><strong>Fylkessekret\u00e6r og prosjektarbeid<\/strong><br>L<strong>okalisasjon: <\/strong>Sogndal<br><strong>Prosjekt: <\/strong>Marin Fors\u00f8pling<\/p>\n<\/div>\n<\/div>\n<\/div>\n<\/div>\n\n\n\n<p><a href=\"mailto:s.skjerdal@naturvernforbundet.no\">s.skjerdal@naturvernforbundet.no<\/a><br>Tlf. 48287429<\/p>\n<\/div>\n\n\n\n<hr class=\"wp-block-separator alignfull has-alpha-channel-opacity\"\/>\n<\/div><figure class=\"wp-block-media-text__media\"><img loading=\"lazy\" decoding=\"async\" width=\"1024\" height=\"671\" src=\"https:\/\/naturvernforbundet.no\/content\/uploads\/sites\/17\/2025\/04\/portrett-2-1024x671.jpg\" alt=\"\" class=\"wp-image-1139 size-medium\" srcset=\"https:\/\/naturvernforbundet.no\/content\/uploads\/sites\/17\/2025\/04\/portrett-2-1024x671.jpg 1024w, https:\/\/naturvernforbundet.no\/content\/uploads\/sites\/17\/2025\/04\/portrett-2-300x197.jpg 300w, https:\/\/naturvernforbundet.no\/content\/uploads\/sites\/17\/2025\/04\/portrett-2-768x503.jpg 768w, https:\/\/naturvernforbundet.no\/content\/uploads\/sites\/17\/2025\/04\/portrett-2.jpg 1302w\" sizes=\"auto, (max-width: 1024px) 100vw, 1024px\" \/><\/figure><\/div>\n\n\n\n<div class=\"wp-block-media-text has-media-on-the-right is-stacked-on-mobile\" style=\"grid-template-columns:auto 28%\"><div class=\"wp-block-media-text__content\">\n<div class=\"wp-block-columns is-layout-flex wp-container-core-columns-is-layout-2 wp-block-columns-is-layout-flex\">\n<div class=\"wp-block-column is-layout-flow wp-block-column-is-layout-flow\" style=\"flex-basis:100%\">\n<div class=\"wp-block-group is-layout-constrained wp-block-group-is-layout-constrained\">\n<div class=\"wp-block-group alignfull is-vertical is-content-justification-left is-layout-flex wp-container-core-group-is-layout-5 wp-block-group-is-layout-flex\">\n<h3 class=\"wp-block-heading\">Allette Alv\u00e6rvik<\/h3>\n\n\n\n<p><strong>Fylkessekret\u00e6r og prosjektarbeid<\/strong><br><strong>Lokalisasjon: <\/strong>Sunnfjord<br><strong>Prosjekt: <\/strong>Skog<\/p>\n<\/div>\n<\/div>\n<\/div>\n<\/div>\n\n\n\n<p><a href=\"mailto:allette.alvarvik@naturvernforbundet.no\">allette.alvarvik@naturvernforbundet.no<\/a><br>Tlf. 94874648<\/p>\n<\/div><figure class=\"wp-block-media-text__media\"><img loading=\"lazy\" decoding=\"async\" width=\"1024\" height=\"919\" src=\"https:\/\/naturvernforbundet.no\/content\/uploads\/sites\/17\/2025\/04\/476599811_1005689641407711_8519313266630998485_nf-1024x919.jpg\" alt=\"\" class=\"wp-image-1142 size-medium\" srcset=\"https:\/\/naturvernforbundet.no\/content\/uploads\/sites\/17\/2025\/04\/476599811_1005689641407711_8519313266630998485_nf-1024x919.jpg 1024w, https:\/\/naturvernforbundet.no\/content\/uploads\/sites\/17\/2025\/04\/476599811_1005689641407711_8519313266630998485_nf-300x269.jpg 300w, https:\/\/naturvernforbundet.no\/content\/uploads\/sites\/17\/2025\/04\/476599811_1005689641407711_8519313266630998485_nf-768x690.jpg 768w, https:\/\/naturvernforbundet.no\/content\/uploads\/sites\/17\/2025\/04\/476599811_1005689641407711_8519313266630998485_nf.jpg 1536w\" sizes=\"auto, (max-width: 1024px) 100vw, 1024px\" \/><\/figure><\/div>\n<\/div>\n\n\n\n<div class=\"wp-block-group is-style-yellow is-layout-flow wp-block-group-is-layout-flow\">\n<h2 class=\"wp-block-heading has-text-align-center\">Styret i Sogn og Fjordane<\/h2>\n\n\n\n<div class=\"wp-block-media-text alignwide has-media-on-the-right is-stacked-on-mobile\" style=\"grid-template-columns:auto 22%\"><div class=\"wp-block-media-text__content\">\n<p><strong>Leiar<\/strong><br>Hanna Lie Bakken, Sogndal<br><a href=\"mailto:hannaliebakken@gmail.com\">hannaliebakken@gmail.com<\/a><br>Tlf. 91374954<\/p>\n<\/div><figure class=\"wp-block-media-text__media\"><img loading=\"lazy\" decoding=\"async\" width=\"762\" height=\"745\" src=\"https:\/\/naturvernforbundet.no\/content\/uploads\/sites\/17\/2024\/05\/Snapchat-204317876-2.jpg\" alt=\"\" class=\"wp-image-671 size-full\" srcset=\"https:\/\/naturvernforbundet.no\/content\/uploads\/sites\/17\/2024\/05\/Snapchat-204317876-2.jpg 762w, https:\/\/naturvernforbundet.no\/content\/uploads\/sites\/17\/2024\/05\/Snapchat-204317876-2-300x293.jpg 300w\" sizes=\"auto, (max-width: 762px) 100vw, 762px\" \/><\/figure><\/div>\n\n\n\n<div class=\"wp-block-media-text alignwide has-media-on-the-right is-stacked-on-mobile\" style=\"grid-template-columns:auto 21%\"><div class=\"wp-block-media-text__content\">\n<p><strong>Styremedlem<\/strong><br>\u00d8ystein Garfors, Naustdal<br><a href=\"mailto:Garfors2@yahoo.com\">Garfors2@yahoo.com<\/a><\/p>\n<\/div><figure class=\"wp-block-media-text__media\"><img loading=\"lazy\" decoding=\"async\" width=\"633\" height=\"847\" src=\"https:\/\/naturvernforbundet.no\/content\/uploads\/sites\/17\/2024\/05\/oystein-garfors_2023_NRC_01225_Photo_Maiken_Solbakken.png\" alt=\"\" class=\"wp-image-679 size-full\" srcset=\"https:\/\/naturvernforbundet.no\/content\/uploads\/sites\/17\/2024\/05\/oystein-garfors_2023_NRC_01225_Photo_Maiken_Solbakken.png 633w, https:\/\/naturvernforbundet.no\/content\/uploads\/sites\/17\/2024\/05\/oystein-garfors_2023_NRC_01225_Photo_Maiken_Solbakken-224x300.png 224w\" sizes=\"auto, (max-width: 633px) 100vw, 633px\" \/><\/figure><\/div>\n\n\n\n<div class=\"wp-block-media-text alignwide has-media-on-the-right is-stacked-on-mobile\" style=\"grid-template-columns:auto 20%\"><div class=\"wp-block-media-text__content\">\n<p><strong>Styremedlem<\/strong><br>\u00c5smund Berthelsen, Sunnfjord<br><a href=\"mailto:asmund.berthelsen@icloud.com\">asmund.berthelsen@icloud.com<\/a><\/p>\n<\/div><figure class=\"wp-block-media-text__media\"><img loading=\"lazy\" decoding=\"async\" width=\"240\" height=\"320\" src=\"https:\/\/naturvernforbundet.no\/content\/uploads\/sites\/17\/2025\/04\/thumbnail_20220729T105211586.att_.CA6A52DC-9E97-4FBC-B9CF-A78E4ED3C94B_4.jpg\" alt=\"\" class=\"wp-image-1122 size-full\" srcset=\"https:\/\/naturvernforbundet.no\/content\/uploads\/sites\/17\/2025\/04\/thumbnail_20220729T105211586.att_.CA6A52DC-9E97-4FBC-B9CF-A78E4ED3C94B_4.jpg 240w, https:\/\/naturvernforbundet.no\/content\/uploads\/sites\/17\/2025\/04\/thumbnail_20220729T105211586.att_.CA6A52DC-9E97-4FBC-B9CF-A78E4ED3C94B_4-225x300.jpg 225w\" sizes=\"auto, (max-width: 240px) 100vw, 240px\" \/><\/figure><\/div>\n\n\n\n<div class=\"wp-block-media-text alignwide has-media-on-the-right is-stacked-on-mobile\" style=\"grid-template-columns:auto 21%\"><div class=\"wp-block-media-text__content\">\n<p><strong>Styremedlem<\/strong><br>Ragnhild Berge Feidje, Sogndal<br><a href=\"mailto:rmolnvik@gmail.com\">rmolnvik@gmail.com<\/a><\/p>\n<\/div><figure class=\"wp-block-media-text__media\"><img loading=\"lazy\" decoding=\"async\" width=\"225\" height=\"300\" src=\"https:\/\/naturvernforbundet.no\/content\/uploads\/sites\/17\/2025\/04\/0719bfbf-f5f9-43d5-9b6e-f0abff64348c-225x300.jpg\" alt=\"\" class=\"wp-image-1129 size-medium\" srcset=\"https:\/\/naturvernforbundet.no\/content\/uploads\/sites\/17\/2025\/04\/0719bfbf-f5f9-43d5-9b6e-f0abff64348c-225x300.jpg 225w, https:\/\/naturvernforbundet.no\/content\/uploads\/sites\/17\/2025\/04\/0719bfbf-f5f9-43d5-9b6e-f0abff64348c.jpg 768w\" sizes=\"auto, (max-width: 225px) 100vw, 225px\" \/><\/figure><\/div>\n\n\n\n<div class=\"wp-block-media-text alignwide has-media-on-the-right is-stacked-on-mobile\" style=\"grid-template-columns:auto 21%\"><div class=\"wp-block-media-text__content\">\n<p><strong>Styremedlem<\/strong><br>Silje Dyrstad, Bremanger<br><a href=\"mailto:siljedy@gmail.com\">siljedy@gmail.com<\/a><\/p>\n<\/div><figure class=\"wp-block-media-text__media\"><\/figure><\/div>\n\n\n\n<p><strong>Vara:<\/strong><\/p>\n\n\n\n<p>1. Synn\u00f8ve \u00d8ien Fr\u00f8yen<br>2. Bror Kristian Tandberg<br>3. Marius Dalin<br>4. Hans Petter Galtung<\/p>\n<\/div>\n\n\n\n<div class=\"wp-block-group is-style-green-light is-layout-constrained wp-block-group-is-layout-constrained\">\n<h2 class=\"wp-block-heading has-text-align-center\"> Lokallags kontakt<\/h2>\n\n\n\n<p>Kontakt leiaren i lokallaget om du vil engasjere deg, vil samarbeide, eller har sp\u00f8rsm\u00e5l knytt til lokallags arbeidet. <\/p>\n\n\n\n<div class=\"wp-block-group is-layout-constrained wp-block-group-is-layout-constrained\">\n<h2 class=\"wp-block-heading\"><a href=\"https:\/\/naturvernforbundet.no\/sognogfjordane\/lokallag\/indre-sogn\/\">Indre Sogn<\/a><\/h2>\n\n\n\n<p><strong>Iselin Hell\u00f8y<\/strong><br>tlf: 40553437<br>indre-sogn@naturvernforbundet.no<\/p>\n<\/div>\n\n\n\n<div class=\"wp-block-group is-layout-constrained wp-block-group-is-layout-constrained\">\n<h2 class=\"wp-block-heading\"><a href=\"https:\/\/naturvernforbundet.no\/sognogfjordane\/lokallag\/sunnfjord\/\">Sunnfjord<\/a><\/h2>\n\n\n\n<p><strong>Benedicte Garfors<\/strong><br>tlf: 41222040<br>sunnfjord@naturvernforbundet.no<\/p>\n<\/div>\n\n\n\n<div class=\"wp-block-group is-layout-constrained wp-block-group-is-layout-constrained\">\n<h2 class=\"wp-block-heading\"><a href=\"https:\/\/naturvernforbundet.no\/sognogfjordane\/lokallag\/eid\/\">Eid<\/a><\/h2>\n\n\n\n<p><strong>Thorleif Jakobsen<\/strong><br>tlf: 995 37 572<br>eid@naturvernforbundet.no<\/p>\n\n\n\n<div class=\"wp-block-group is-layout-constrained wp-block-group-is-layout-constrained\">\n<h2 class=\"wp-block-heading\"><a href=\"https:\/\/naturvernforbundet.no\/sognogfjordane\/lokallag\/bremanger\/\">Bremanger<\/a><\/h2>\n\n\n\n<p><strong>Oddgeir Sande<\/strong><br>tlf: 48156418<br>bremanger@naturvernforbundet.no<\/p>\n<\/div>\n\n\n\n<div class=\"wp-block-group is-layout-constrained wp-block-group-is-layout-constrained\">\n<h2 class=\"wp-block-heading\"><a href=\"https:\/\/naturvernforbundet.no\/sognogfjordane\/lokallag\/kinn\/\">Kinn<\/a><\/h2>\n\n\n\n<p><strong>Siri Stavang<\/strong><br>tlf: 98031949<br>kinn@naturvernforbundet.no<\/p>\n\n\n\n<p><\/p>\n<\/div>\n<\/div>\n<\/div>\n","protected":false},"excerpt":{"rendered":"","protected":false},"author":257,"featured_media":1139,"parent":0,"menu_order":0,"comment_status":"closed","ping_status":"closed","template":"","meta":{"_relevanssi_hide_post":"","_relevanssi_hide_content":"","_relevanssi_pin_for_all":"","_relevanssi_pin_keywords":"","_relevanssi_unpin_keywords":"","_relevanssi_related_keywords":"","_relevanssi_related_include_ids":"","_relevanssi_related_exclude_ids":"","_relevanssi_related_no_append":"","_relevanssi_related_not_related":"","_relevanssi_related_posts":"412,281,190,262,313,235","_relevanssi_noindex_reason":"","hide_logo":false,"footnotes":""},"categories":[],"class_list":["post-52","page","type-page","status-publish","has-post-thumbnail","hentry"],"acf":[],"yoast_head":"<!-- This site is optimized with the Yoast SEO plugin v24.9 - https:\/\/yoast.com\/wordpress\/plugins\/seo\/ -->\n<title>Kontakt oss - Sogn og Fjordane<\/title>\n<meta name=\"robots\" content=\"index, follow, max-snippet:-1, max-image-preview:large, max-video-preview:-1\" \/>\n<link rel=\"canonical\" href=\"https:\/\/naturvernforbundet.no\/sognogfjordane\/kontakt-oss\/\" \/>\n<meta property=\"og:locale\" content=\"nb_NO\" \/>\n<meta property=\"og:type\" content=\"article\" \/>\n<meta property=\"og:title\" content=\"Kontakt oss - Sogn og Fjordane\" \/>\n<meta property=\"og:url\" content=\"https:\/\/naturvernforbundet.no\/sognogfjordane\/kontakt-oss\/\" \/>\n<meta property=\"og:site_name\" content=\"Sogn og Fjordane\" \/>\n<meta property=\"article:modified_time\" content=\"2025-11-03T09:43:24+00:00\" \/>\n<meta property=\"og:image\" content=\"https:\/\/naturvernforbundet.no\/content\/uploads\/sites\/17\/2025\/04\/portrett-2.jpg\" \/>\n\t<meta property=\"og:image:width\" content=\"1302\" \/>\n\t<meta property=\"og:image:height\" content=\"853\" \/>\n\t<meta property=\"og:image:type\" content=\"image\/jpeg\" \/>\n<meta name=\"twitter:card\" content=\"summary_large_image\" \/>\n<meta name=\"twitter:label1\" content=\"Ansl. lesetid\" \/>\n\t<meta name=\"twitter:data1\" content=\"3 minutter\" \/>\n<script type=\"application\/ld+json\" class=\"yoast-schema-graph\">{\"@context\":\"https:\/\/schema.org\",\"@graph\":[{\"@type\":\"WebPage\",\"@id\":\"https:\/\/naturvernforbundet.no\/sognogfjordane\/kontakt-oss\/\",\"url\":\"https:\/\/naturvernforbundet.no\/sognogfjordane\/kontakt-oss\/\",\"name\":\"Kontakt oss - Sogn og Fjordane\",\"isPartOf\":{\"@id\":\"https:\/\/naturvernforbundet.no\/sognogfjordane\/#website\"},\"primaryImageOfPage\":{\"@id\":\"https:\/\/naturvernforbundet.no\/sognogfjordane\/kontakt-oss\/#primaryimage\"},\"image\":{\"@id\":\"https:\/\/naturvernforbundet.no\/sognogfjordane\/kontakt-oss\/#primaryimage\"},\"thumbnailUrl\":\"https:\/\/naturvernforbundet.no\/content\/uploads\/sites\/17\/2025\/04\/portrett-2.jpg\",\"datePublished\":\"2022-09-23T13:06:12+00:00\",\"dateModified\":\"2025-11-03T09:43:24+00:00\",\"breadcrumb\":{\"@id\":\"https:\/\/naturvernforbundet.no\/sognogfjordane\/kontakt-oss\/#breadcrumb\"},\"inLanguage\":\"nb-NO\",\"potentialAction\":[{\"@type\":\"ReadAction\",\"target\":[\"https:\/\/naturvernforbundet.no\/sognogfjordane\/kontakt-oss\/\"]}]},{\"@type\":\"ImageObject\",\"inLanguage\":\"nb-NO\",\"@id\":\"https:\/\/naturvernforbundet.no\/sognogfjordane\/kontakt-oss\/#primaryimage\",\"url\":\"https:\/\/naturvernforbundet.no\/content\/uploads\/sites\/17\/2025\/04\/portrett-2.jpg\",\"contentUrl\":\"https:\/\/naturvernforbundet.no\/content\/uploads\/sites\/17\/2025\/04\/portrett-2.jpg\",\"width\":1302,\"height\":853},{\"@type\":\"BreadcrumbList\",\"@id\":\"https:\/\/naturvernforbundet.no\/sognogfjordane\/kontakt-oss\/#breadcrumb\",\"itemListElement\":[{\"@type\":\"ListItem\",\"position\":1,\"name\":\"Till naturvernforbundet.no\",\"item\":\"https:\/\/naturvernforbundet.no\/\"},{\"@type\":\"ListItem\",\"position\":2,\"name\":\"Sogn og Fjordane\",\"item\":\"https:\/\/naturvernforbundet.no\/sognogfjordane\/\"},{\"@type\":\"ListItem\",\"position\":3,\"name\":\"Kontakt oss\"}]},{\"@type\":\"WebSite\",\"@id\":\"https:\/\/naturvernforbundet.no\/sognogfjordane\/#website\",\"url\":\"https:\/\/naturvernforbundet.no\/sognogfjordane\/\",\"name\":\"Sogn og Fjordane\",\"description\":\"Bare enda et Naturvernforbundet Sites-nettsted\",\"potentialAction\":[{\"@type\":\"SearchAction\",\"target\":{\"@type\":\"EntryPoint\",\"urlTemplate\":\"https:\/\/naturvernforbundet.no\/sognogfjordane\/?s={search_term_string}\"},\"query-input\":{\"@type\":\"PropertyValueSpecification\",\"valueRequired\":true,\"valueName\":\"search_term_string\"}}],\"inLanguage\":\"nb-NO\"}]}<\/script>\n<!-- \/ Yoast SEO plugin. -->","yoast_head_json":{"title":"Kontakt oss - Sogn og Fjordane","robots":{"index":"index","follow":"follow","max-snippet":"max-snippet:-1","max-image-preview":"max-image-preview:large","max-video-preview":"max-video-preview:-1"},"canonical":"https:\/\/naturvernforbundet.no\/sognogfjordane\/kontakt-oss\/","og_locale":"nb_NO","og_type":"article","og_title":"Kontakt oss - Sogn og Fjordane","og_url":"https:\/\/naturvernforbundet.no\/sognogfjordane\/kontakt-oss\/","og_site_name":"Sogn og Fjordane","article_modified_time":"2025-11-03T09:43:24+00:00","og_image":[{"width":1302,"height":853,"url":"https:\/\/naturvernforbundet.no\/content\/uploads\/sites\/17\/2025\/04\/portrett-2.jpg","type":"image\/jpeg"}],"twitter_card":"summary_large_image","twitter_misc":{"Ansl. lesetid":"3 minutter"},"schema":{"@context":"https:\/\/schema.org","@graph":[{"@type":"WebPage","@id":"https:\/\/naturvernforbundet.no\/sognogfjordane\/kontakt-oss\/","url":"https:\/\/naturvernforbundet.no\/sognogfjordane\/kontakt-oss\/","name":"Kontakt oss - Sogn og Fjordane","isPartOf":{"@id":"https:\/\/naturvernforbundet.no\/sognogfjordane\/#website"},"primaryImageOfPage":{"@id":"https:\/\/naturvernforbundet.no\/sognogfjordane\/kontakt-oss\/#primaryimage"},"image":{"@id":"https:\/\/naturvernforbundet.no\/sognogfjordane\/kontakt-oss\/#primaryimage"},"thumbnailUrl":"https:\/\/naturvernforbundet.no\/content\/uploads\/sites\/17\/2025\/04\/portrett-2.jpg","datePublished":"2022-09-23T13:06:12+00:00","dateModified":"2025-11-03T09:43:24+00:00","breadcrumb":{"@id":"https:\/\/naturvernforbundet.no\/sognogfjordane\/kontakt-oss\/#breadcrumb"},"inLanguage":"nb-NO","potentialAction":[{"@type":"ReadAction","target":["https:\/\/naturvernforbundet.no\/sognogfjordane\/kontakt-oss\/"]}]},{"@type":"ImageObject","inLanguage":"nb-NO","@id":"https:\/\/naturvernforbundet.no\/sognogfjordane\/kontakt-oss\/#primaryimage","url":"https:\/\/naturvernforbundet.no\/content\/uploads\/sites\/17\/2025\/04\/portrett-2.jpg","contentUrl":"https:\/\/naturvernforbundet.no\/content\/uploads\/sites\/17\/2025\/04\/portrett-2.jpg","width":1302,"height":853},{"@type":"BreadcrumbList","@id":"https:\/\/naturvernforbundet.no\/sognogfjordane\/kontakt-oss\/#breadcrumb","itemListElement":[{"@type":"ListItem","position":1,"name":"Till naturvernforbundet.no","item":"https:\/\/naturvernforbundet.no\/"},{"@type":"ListItem","position":2,"name":"Sogn og Fjordane","item":"https:\/\/naturvernforbundet.no\/sognogfjordane\/"},{"@type":"ListItem","position":3,"name":"Kontakt oss"}]},{"@type":"WebSite","@id":"https:\/\/naturvernforbundet.no\/sognogfjordane\/#website","url":"https:\/\/naturvernforbundet.no\/sognogfjordane\/","name":"Sogn og Fjordane","description":"Bare enda et Naturvernforbundet Sites-nettsted","potentialAction":[{"@type":"SearchAction","target":{"@type":"EntryPoint","urlTemplate":"https:\/\/naturvernforbundet.no\/sognogfjordane\/?s={search_term_string}"},"query-input":{"@type":"PropertyValueSpecification","valueRequired":true,"valueName":"search_term_string"}}],"inLanguage":"nb-NO"}]}},"_links":{"self":[{"href":"https:\/\/naturvernforbundet.no\/sognogfjordane\/wp-json\/wp\/v2\/pages\/52","targetHints":{"allow":["GET"]}}],"collection":[{"href":"https:\/\/naturvernforbundet.no\/sognogfjordane\/wp-json\/wp\/v2\/pages"}],"about":[{"href":"https:\/\/naturvernforbundet.no\/sognogfjordane\/wp-json\/wp\/v2\/types\/page"}],"author":[{"embeddable":true,"href":"https:\/\/naturvernforbundet.no\/sognogfjordane\/wp-json\/wp\/v2\/users\/257"}],"replies":[{"embeddable":true,"href":"https:\/\/naturvernforbundet.no\/sognogfjordane\/wp-json\/wp\/v2\/comments?post=52"}],"version-history":[{"count":41,"href":"https:\/\/naturvernforbundet.no\/sognogfjordane\/wp-json\/wp\/v2\/pages\/52\/revisions"}],"predecessor-version":[{"id":1744,"href":"https:\/\/naturvernforbundet.no\/sognogfjordane\/wp-json\/wp\/v2\/pages\/52\/revisions\/1744"}],"wp:featuredmedia":[{"embeddable":true,"href":"https:\/\/naturvernforbundet.no\/sognogfjordane\/wp-json\/wp\/v2\/media\/1139"}],"wp:attachment":[{"href":"https:\/\/naturvernforbundet.no\/sognogfjordane\/wp-json\/wp\/v2\/media?parent=52"}],"wp:term":[{"taxonomy":"category","embeddable":true,"href":"https:\/\/naturvernforbundet.no\/sognogfjordane\/wp-json\/wp\/v2\/categories?post=52"}],"curies":[{"name":"wp","href":"https:\/\/api.w.org\/{rel}","templated":true}]}}