{"id":93,"date":"2022-10-07T10:47:04","date_gmt":"2022-10-07T08:47:04","guid":{"rendered":"https:\/\/naturvernforbundet.no\/sognogfjordane\/?page_id=93"},"modified":"2022-11-14T14:31:34","modified_gmt":"2022-11-14T13:31:34","slug":"vindkraft","status":"publish","type":"page","link":"https:\/\/naturvernforbundet.no\/sognogfjordane\/vindkraft\/","title":{"rendered":"Vindkraft"},"content":{"rendered":"\t<div class=\"template-page has-media alignfull wp-block-naturvern-hero\">\n\t\t<div class=\"hero__inner\">\n\t\t\t<div class=\"hero__inner_blocks\">\n\t\t\t\t\t\t\t\t\n<h1 class=\"wp-block-post-title\">Vindkraft<\/h1>\n\n\n<p>Vind som energikjelde er lite konsentrert og ustabil. Vindturbinane m\u00e5 dekkje store areal om dei skal gje elektrisitetsmengder som monar i samfunn med h\u00f8gt forbruk. <\/p>\n\n\n\n<div class=\"wp-block-buttons is-layout-flex wp-block-buttons-is-layout-flex\"><\/div>\n\n\t\t\t<\/div>\n\t\t\t\t\t<\/div>\n\t\t\t\t\t<div class=\"hero__image\">\n\t\t\t\t\t\t\t\t\t\t<img fetchpriority=\"high\" decoding=\"async\" width=\"1920\" height=\"1282\" src=\"https:\/\/naturvernforbundet.no\/content\/uploads\/sites\/17\/2022\/10\/iStock-1369121849-1920x1282.jpg\" class=\"attachment-ultra size-ultra\" alt=\"Vindkraft\" style=\"object-position: 50% 50%;\" loading=\"eager\" srcset=\"https:\/\/naturvernforbundet.no\/content\/uploads\/sites\/17\/2022\/10\/iStock-1369121849-1920x1282.jpg 1920w, https:\/\/naturvernforbundet.no\/content\/uploads\/sites\/17\/2022\/10\/iStock-1369121849-300x200.jpg 300w, https:\/\/naturvernforbundet.no\/content\/uploads\/sites\/17\/2022\/10\/iStock-1369121849-1024x684.jpg 1024w, https:\/\/naturvernforbundet.no\/content\/uploads\/sites\/17\/2022\/10\/iStock-1369121849-768x513.jpg 768w, https:\/\/naturvernforbundet.no\/content\/uploads\/sites\/17\/2022\/10\/iStock-1369121849-1536x1026.jpg 1536w, https:\/\/naturvernforbundet.no\/content\/uploads\/sites\/17\/2022\/10\/iStock-1369121849-2048x1368.jpg 2048w\" sizes=\"(max-width: 1920px) 100vw, 1920px\" \/>\t\t\t\t\t\t<\/div>\n\t\t\t<\/div>\n\t\n\n\n<h2 class=\"wp-block-heading\">Driftstida, rekna med full produksjon, ligg p\u00e5 2505-3000 timar i \u00e5ret i Noreg. Distribusjonsselskapa m\u00e5 ha alternativ elkraft \u00e5 levere dersom forsyninga skal vere sikker n\u00e5r det bles lite, eller for mykje.<\/h2>\n\n\n\n<p>I v\u00e5rt land kan reguleringsmagasin for vasskraft til ein viss grad vere reserveenergi.&nbsp; I langt mindre grad kan Noreg vere eit reservebatteri for eit Europa med mykje vindkraft.<\/p>\n\n\n\n<p>Norges vassdrags- og energidirektorat (NVE) kom i 2009 til at rundt 20 TWh (milliardar kilowattimar) vindkraft kan vere mogeleg \u00e5 vinne ut p\u00e5 land i Noreg innan 2025.&nbsp; Til sj\u00f8s har Sintef eit overslag som endar p\u00e5 25 TWh i 2025, og kanskje 100 TWh i 2050.<\/p>\n\n\n\n<p>Professor Erling Holden ved H\u00f8gskulen i Sogn og Fjordane fann at \u00e5 erstatte den fossile energibruken i EU \u2013 25&nbsp;000 TWh \u2013 med vindkraft til sj\u00f8s, krev eit areal p\u00e5 570&nbsp;000 kvadratkilometer.&nbsp; Dette tilsvarer det meste av havet mellom Noreg og Skottland. Med vindturbinane p\u00e5 land, der effekten er mindre, g\u00e5r heile arealet av Noreg, Sverige og Danmark med.<\/p>\n\n\n\n<p>I seg sj\u00f8lv er omdanninga av vind til elektrisitet utan utslepp av gassar som p\u00e5verkar klimaet.&nbsp; Det er likevel ikkje slik at meir vindkraft utan vidare verkar til \u00e5 f\u00e5 ned klimagassutsleppa.&nbsp; Det finst ikkje noko system som reduserer brenninga av kol, gass eller olje n\u00e5r nye vindturbinar kjem p\u00e5 nettet.&nbsp; Fleire studiar viser at resultatet kan like gjerne vere at forbruket av elektrisitet g\u00e5r opp.&nbsp; Mange ser altfor lettvint p\u00e5 dette problemet, tilsynelatande i tru p\u00e5 at vindkraft er eit gode i seg sj\u00f8lv.&nbsp; Det blir \u00e5 forveksle middel og m\u00e5l.<\/p>\n\n\n\n<p>Alt tyder p\u00e5 at eit samfunn med mindre utslepp av klimagassar er eit l\u00e5genergisamfunn.&nbsp; Men heile den \u00f8konomiske og politiske iveren etter alternativ energi handlar om at vi skal produsere oss ut av klimaproblemet.&nbsp; Dette er urealistisk av den grunn at det er ikkje nok alternativ energi tilgjengeleg til \u00e5 erstatte dei enorme mengdene med fossile brennstoff som den rike verda fyrer opp kvart \u00e5r.&nbsp; \u00d8kologisk vil eit sterkt ekspanderande energisektor, p\u00e5 toppen av alle inngrep fr\u00e5 f\u00f8r, vere ein katastrofe for den levande naturen.&nbsp; \u00c5 \u00f8nskje seg store mengder vindkraft utan at det g\u00e5r alvorleg ut over sj\u00f8fugl, rovfuglar og leveomr\u00e5da for mange andre organismar, det er kort og godt ikkje gjennomf\u00f8rleg.&nbsp;<\/p>\n\n\n\n<p>Med det for auget at vi m\u00e5 redusere presset p\u00e5 livet i naturen, ikkje auke det, blir svaret \u00e5 arbeide for eit samfunn som klarer seg med mindre energi enn i dag.&nbsp; Debatten om dette er s\u00f8rgjeleg fr\u00e5verande, medan dei kommersielle interessene f\u00e5r segle under gr\u00f8nt flagg p\u00e5 nye tokt for \u00e5 hente meir ut av ein biologsk utarma jordklote.<\/p>\n\n\n<div class=\"t2-featured-content-layout alignwide alignwide wp-block-t2-featured-content-layout\">\n<div class=\"t2-featured-query-post t2-featured-content is-post-type-post category-debattinnlegg category-fylkeslaget category-naturvern category-nyhende category-rasering-av-natur category-vindkraft local-sunnfjord wp-block-t2-featured-query-post\"><a class=\"t2-post-link wp-block-t2-post-link\" href=\"https:\/\/naturvernforbundet.no\/sognogfjordane\/vaer-med-og-engasjer-deg-i-vindkraftsaka\/\">\n<figure class=\"t2-post-featured-image has-image-ratio-4-3 wp-block-t2-post-featured-image\"><div class=\"t2-post-featured-image__fallback\">V<\/div><\/figure>\n\n<div class=\"wp-block-group alignfull is-layout-flow wp-block-group-is-layout-flow\">\n\t<h2 class=\"t2-post-title wp-block-t2-post-title\">V\u00e6r med og engasjer deg i vindkraftsaka!<\/h2>\n\t<p class=\"wp-block-naturvern-post-excerpt\">Her st\u00e5r det korleis du kan engasjere deg for \u00e5 seie nei til vindkraft p\u00e5 Sn\u00f8heia og i H\u00f8yangerfjella<\/p>\n\t\t<div class=\"wp-block-naturvern-post-meta\">\n\t\t\t\t\t<span class=\"cat\">\n\t\t\t\t\t\t\t\t\t<span><span class=\"tag-link\" data-href=\"https:\/\/naturvernforbundet.no\/sognogfjordane\/category\/debattinnlegg\/\">Debattinnlegg<\/span><\/span>\n\t\t\t\t\t\t\t\t\t<span><span class=\"tag-link\" data-href=\"https:\/\/naturvernforbundet.no\/sognogfjordane\/category\/fylkeslaget\/\">Fylkeslaget<\/span><\/span>\n\t\t\t\t\t\t\t\t\t<span><span class=\"tag-link\" data-href=\"https:\/\/naturvernforbundet.no\/sognogfjordane\/category\/ukategorisert\/naturvern\/\">Naturvern<\/span><\/span>\n\t\t\t\t\t\t\t\t\t<span><span class=\"tag-link\" data-href=\"https:\/\/naturvernforbundet.no\/sognogfjordane\/category\/nyhende\/\">Nyhende<\/span><\/span>\n\t\t\t\t\t\t\t\t\t<span><span class=\"tag-link\" data-href=\"https:\/\/naturvernforbundet.no\/sognogfjordane\/category\/rasering-av-natur\/\">Rasering av natur<\/span><\/span>\n\t\t\t\t\t\t\t\t\t<span><span class=\"tag-link\" data-href=\"https:\/\/naturvernforbundet.no\/sognogfjordane\/category\/vindkraft\/\">Vindkraft<\/span><\/span>\n\t\t\t\t\t\t\t<\/span>\n\t\t\t\t\t\t\t<span class=\"date\">31.12.2024<\/span>\n\t\t\t<\/div>\n\t\n<\/div>\n\n<\/a>\n<\/div>\n\n<div class=\"t2-featured-query-post t2-featured-content is-post-type-post category-debattinnlegg category-hoyringsfrasegn category-naturvern category-nyhende category-vindkraft tag-vindkraft local-sunnfjord wp-block-t2-featured-query-post\"><a class=\"t2-post-link wp-block-t2-post-link\" href=\"https:\/\/naturvernforbundet.no\/sognogfjordane\/er-vi-pa-vei-mot-et-ja-til-vindmoller-pa-snoheia\/\">\n<figure style=\"--t2-focal-point: 50% 50%;\" class=\"t2-post-featured-image has-image-ratio-4-3 wp-block-t2-post-featured-image\"><img loading=\"lazy\" decoding=\"async\" width=\"1279\" height=\"490\" src=\"https:\/\/naturvernforbundet.no\/content\/uploads\/sites\/17\/2024\/12\/image.png\" class=\"attachment-post-thumbnail size-post-thumbnail wp-post-image\" alt=\"\" srcset=\"https:\/\/naturvernforbundet.no\/content\/uploads\/sites\/17\/2024\/12\/image.png 1279w, https:\/\/naturvernforbundet.no\/content\/uploads\/sites\/17\/2024\/12\/image-300x115.png 300w, https:\/\/naturvernforbundet.no\/content\/uploads\/sites\/17\/2024\/12\/image-1024x392.png 1024w, https:\/\/naturvernforbundet.no\/content\/uploads\/sites\/17\/2024\/12\/image-768x294.png 768w\" sizes=\"auto, (max-width: 1279px) 100vw, 1279px\" \/><\/figure>\n\n<div class=\"wp-block-group alignfull is-layout-flow wp-block-group-is-layout-flow\">\n\t<h2 class=\"t2-post-title wp-block-t2-post-title\">Er vi p\u00e5 veg mot eit ja til vindkraft p\u00e5 Sn\u00f8heia?<\/h2>\n\t<p class=\"wp-block-naturvern-post-excerpt\">H\u00f8yanger har sagt ja til \u00e5 starte planlegginga av vindkraftanlegg p\u00e5 Sn\u00f8heia. Kjem Sunnfjord til \u00e5 gjere det same?<\/p>\n\t\t<div class=\"wp-block-naturvern-post-meta\">\n\t\t\t\t\t<span class=\"cat\">\n\t\t\t\t\t\t\t\t\t<span><span class=\"tag-link\" data-href=\"https:\/\/naturvernforbundet.no\/sognogfjordane\/category\/debattinnlegg\/\">Debattinnlegg<\/span><\/span>\n\t\t\t\t\t\t\t\t\t<span><span class=\"tag-link\" data-href=\"https:\/\/naturvernforbundet.no\/sognogfjordane\/category\/hoyringsfrasegn\/\">H\u00f8yringsfr\u00e5segn<\/span><\/span>\n\t\t\t\t\t\t\t\t\t<span><span class=\"tag-link\" data-href=\"https:\/\/naturvernforbundet.no\/sognogfjordane\/category\/ukategorisert\/naturvern\/\">Naturvern<\/span><\/span>\n\t\t\t\t\t\t\t\t\t<span><span class=\"tag-link\" data-href=\"https:\/\/naturvernforbundet.no\/sognogfjordane\/category\/nyhende\/\">Nyhende<\/span><\/span>\n\t\t\t\t\t\t\t\t\t<span><span class=\"tag-link\" data-href=\"https:\/\/naturvernforbundet.no\/sognogfjordane\/category\/vindkraft\/\">Vindkraft<\/span><\/span>\n\t\t\t\t\t\t\t<\/span>\n\t\t\t\t\t\t\t<span class=\"date\">29.12.2024<\/span>\n\t\t\t<\/div>\n\t\n<\/div>\n\n<\/a>\n<\/div>\n\n<div class=\"t2-featured-query-post t2-featured-content is-post-type-post category-nyhende category-vindkraft wp-block-t2-featured-query-post\"><a class=\"t2-post-link wp-block-t2-post-link\" href=\"https:\/\/naturvernforbundet.no\/sognogfjordane\/dramatisk-utviding-av-vindindustrianlegget-pa-guleslettene\/\">\n<figure style=\"--t2-focal-point: 50% 50%;\" class=\"t2-post-featured-image has-image-ratio-4-3 wp-block-t2-post-featured-image\"><img loading=\"lazy\" decoding=\"async\" width=\"653\" height=\"474\" src=\"https:\/\/naturvernforbundet.no\/content\/uploads\/sites\/17\/2017\/12\/Zephyr.jpg2028articledisplay29.jpg\" class=\"attachment-post-thumbnail size-post-thumbnail wp-post-image\" alt=\"\" srcset=\"https:\/\/naturvernforbundet.no\/content\/uploads\/sites\/17\/2017\/12\/Zephyr.jpg2028articledisplay29.jpg 653w, https:\/\/naturvernforbundet.no\/content\/uploads\/sites\/17\/2017\/12\/Zephyr.jpg2028articledisplay29-300x218.jpg 300w\" sizes=\"auto, (max-width: 653px) 100vw, 653px\" \/><\/figure>\n\n<div class=\"wp-block-group alignfull is-layout-flow wp-block-group-is-layout-flow\">\n\t<h2 class=\"t2-post-title wp-block-t2-post-title\">Dramatisk utviding av vindindustrianlegget p\u00e5 Guleslettene<\/h2>\n\t<p class=\"wp-block-naturvern-post-excerpt\">Zephyr AS har kome med nye vindturbinplasseringar for Guleslettene industriomr\u00e5de. Dei er dramatisk endra i h\u00f8ve konsesjonss\u00f8knaden og konsekvensutgreiinga.<\/p>\n\t\t<div class=\"wp-block-naturvern-post-meta\">\n\t\t\t\t\t<span class=\"cat\">\n\t\t\t\t\t\t\t\t\t<span><span class=\"tag-link\" data-href=\"https:\/\/naturvernforbundet.no\/sognogfjordane\/category\/nyhende\/\">Nyhende<\/span><\/span>\n\t\t\t\t\t\t\t\t\t<span><span class=\"tag-link\" data-href=\"https:\/\/naturvernforbundet.no\/sognogfjordane\/category\/vindkraft\/\">Vindkraft<\/span><\/span>\n\t\t\t\t\t\t\t<\/span>\n\t\t\t\t\t\t\t<span class=\"date\">08.12.2017<\/span>\n\t\t\t<\/div>\n\t\n<\/div>\n\n<\/a>\n<\/div>\n<\/div>","protected":false},"excerpt":{"rendered":"","protected":false},"author":3,"featured_media":174,"parent":0,"menu_order":0,"comment_status":"closed","ping_status":"closed","template":"","meta":{"_relevanssi_hide_post":"","_relevanssi_hide_content":"","_relevanssi_pin_for_all":"","_relevanssi_pin_keywords":"","_relevanssi_unpin_keywords":"","_relevanssi_related_keywords":"","_relevanssi_related_include_ids":"","_relevanssi_related_exclude_ids":"","_relevanssi_related_no_append":"","_relevanssi_related_not_related":"","_relevanssi_related_posts":"330,211,251,185,241,235","_relevanssi_noindex_reason":"","hide_logo":false,"footnotes":""},"categories":[],"class_list":["post-93","page","type-page","status-publish","has-post-thumbnail","hentry"],"acf":[],"yoast_head":"<!-- This site is optimized with the Yoast SEO plugin v24.9 - https:\/\/yoast.com\/wordpress\/plugins\/seo\/ -->\n<title>Vindkraft - Sogn og Fjordane<\/title>\n<meta name=\"robots\" content=\"index, follow, max-snippet:-1, max-image-preview:large, max-video-preview:-1\" \/>\n<link rel=\"canonical\" href=\"https:\/\/naturvernforbundet.no\/sognogfjordane\/vindkraft\/\" \/>\n<meta property=\"og:locale\" content=\"nb_NO\" \/>\n<meta property=\"og:type\" content=\"article\" \/>\n<meta property=\"og:title\" content=\"Vindkraft - Sogn og Fjordane\" \/>\n<meta property=\"og:url\" content=\"https:\/\/naturvernforbundet.no\/sognogfjordane\/vindkraft\/\" \/>\n<meta property=\"og:site_name\" content=\"Sogn og Fjordane\" \/>\n<meta property=\"article:modified_time\" content=\"2022-11-14T13:31:34+00:00\" \/>\n<meta property=\"og:image\" content=\"https:\/\/naturvernforbundet.no\/content\/uploads\/sites\/17\/2010\/12\/vindmoller20foto20kare20olerud.jpg\" \/>\n\t<meta property=\"og:image:width\" content=\"500\" \/>\n\t<meta property=\"og:image:height\" content=\"349\" \/>\n\t<meta property=\"og:image:type\" content=\"image\/jpeg\" \/>\n<meta name=\"twitter:card\" content=\"summary_large_image\" \/>\n<meta name=\"twitter:label1\" content=\"Ansl. lesetid\" \/>\n\t<meta name=\"twitter:data1\" content=\"2 minutter\" \/>\n<script type=\"application\/ld+json\" class=\"yoast-schema-graph\">{\"@context\":\"https:\/\/schema.org\",\"@graph\":[{\"@type\":\"WebPage\",\"@id\":\"https:\/\/naturvernforbundet.no\/sognogfjordane\/vindkraft\/\",\"url\":\"https:\/\/naturvernforbundet.no\/sognogfjordane\/vindkraft\/\",\"name\":\"Vindkraft - Sogn og Fjordane\",\"isPartOf\":{\"@id\":\"https:\/\/naturvernforbundet.no\/sognogfjordane\/#website\"},\"primaryImageOfPage\":{\"@id\":\"https:\/\/naturvernforbundet.no\/sognogfjordane\/vindkraft\/#primaryimage\"},\"image\":{\"@id\":\"https:\/\/naturvernforbundet.no\/sognogfjordane\/vindkraft\/#primaryimage\"},\"thumbnailUrl\":\"https:\/\/naturvernforbundet.no\/content\/uploads\/sites\/17\/2010\/12\/vindmoller20foto20kare20olerud.jpg\",\"datePublished\":\"2022-10-07T08:47:04+00:00\",\"dateModified\":\"2022-11-14T13:31:34+00:00\",\"breadcrumb\":{\"@id\":\"https:\/\/naturvernforbundet.no\/sognogfjordane\/vindkraft\/#breadcrumb\"},\"inLanguage\":\"nb-NO\",\"potentialAction\":[{\"@type\":\"ReadAction\",\"target\":[\"https:\/\/naturvernforbundet.no\/sognogfjordane\/vindkraft\/\"]}]},{\"@type\":\"ImageObject\",\"inLanguage\":\"nb-NO\",\"@id\":\"https:\/\/naturvernforbundet.no\/sognogfjordane\/vindkraft\/#primaryimage\",\"url\":\"https:\/\/naturvernforbundet.no\/content\/uploads\/sites\/17\/2010\/12\/vindmoller20foto20kare20olerud.jpg\",\"contentUrl\":\"https:\/\/naturvernforbundet.no\/content\/uploads\/sites\/17\/2010\/12\/vindmoller20foto20kare20olerud.jpg\",\"width\":500,\"height\":349,\"caption\":\"vindkraft\"},{\"@type\":\"BreadcrumbList\",\"@id\":\"https:\/\/naturvernforbundet.no\/sognogfjordane\/vindkraft\/#breadcrumb\",\"itemListElement\":[{\"@type\":\"ListItem\",\"position\":1,\"name\":\"Till naturvernforbundet.no\",\"item\":\"https:\/\/naturvernforbundet.no\/\"},{\"@type\":\"ListItem\",\"position\":2,\"name\":\"Sogn og Fjordane\",\"item\":\"https:\/\/naturvernforbundet.no\/sognogfjordane\/\"},{\"@type\":\"ListItem\",\"position\":3,\"name\":\"Vindkraft\"}]},{\"@type\":\"WebSite\",\"@id\":\"https:\/\/naturvernforbundet.no\/sognogfjordane\/#website\",\"url\":\"https:\/\/naturvernforbundet.no\/sognogfjordane\/\",\"name\":\"Sogn og Fjordane\",\"description\":\"Bare enda et Naturvernforbundet Sites-nettsted\",\"potentialAction\":[{\"@type\":\"SearchAction\",\"target\":{\"@type\":\"EntryPoint\",\"urlTemplate\":\"https:\/\/naturvernforbundet.no\/sognogfjordane\/?s={search_term_string}\"},\"query-input\":{\"@type\":\"PropertyValueSpecification\",\"valueRequired\":true,\"valueName\":\"search_term_string\"}}],\"inLanguage\":\"nb-NO\"}]}<\/script>\n<!-- \/ Yoast SEO plugin. -->","yoast_head_json":{"title":"Vindkraft - Sogn og Fjordane","robots":{"index":"index","follow":"follow","max-snippet":"max-snippet:-1","max-image-preview":"max-image-preview:large","max-video-preview":"max-video-preview:-1"},"canonical":"https:\/\/naturvernforbundet.no\/sognogfjordane\/vindkraft\/","og_locale":"nb_NO","og_type":"article","og_title":"Vindkraft - Sogn og Fjordane","og_url":"https:\/\/naturvernforbundet.no\/sognogfjordane\/vindkraft\/","og_site_name":"Sogn og Fjordane","article_modified_time":"2022-11-14T13:31:34+00:00","og_image":[{"width":500,"height":349,"url":"https:\/\/naturvernforbundet.no\/content\/uploads\/sites\/17\/2010\/12\/vindmoller20foto20kare20olerud.jpg","type":"image\/jpeg"}],"twitter_card":"summary_large_image","twitter_misc":{"Ansl. lesetid":"2 minutter"},"schema":{"@context":"https:\/\/schema.org","@graph":[{"@type":"WebPage","@id":"https:\/\/naturvernforbundet.no\/sognogfjordane\/vindkraft\/","url":"https:\/\/naturvernforbundet.no\/sognogfjordane\/vindkraft\/","name":"Vindkraft - Sogn og Fjordane","isPartOf":{"@id":"https:\/\/naturvernforbundet.no\/sognogfjordane\/#website"},"primaryImageOfPage":{"@id":"https:\/\/naturvernforbundet.no\/sognogfjordane\/vindkraft\/#primaryimage"},"image":{"@id":"https:\/\/naturvernforbundet.no\/sognogfjordane\/vindkraft\/#primaryimage"},"thumbnailUrl":"https:\/\/naturvernforbundet.no\/content\/uploads\/sites\/17\/2010\/12\/vindmoller20foto20kare20olerud.jpg","datePublished":"2022-10-07T08:47:04+00:00","dateModified":"2022-11-14T13:31:34+00:00","breadcrumb":{"@id":"https:\/\/naturvernforbundet.no\/sognogfjordane\/vindkraft\/#breadcrumb"},"inLanguage":"nb-NO","potentialAction":[{"@type":"ReadAction","target":["https:\/\/naturvernforbundet.no\/sognogfjordane\/vindkraft\/"]}]},{"@type":"ImageObject","inLanguage":"nb-NO","@id":"https:\/\/naturvernforbundet.no\/sognogfjordane\/vindkraft\/#primaryimage","url":"https:\/\/naturvernforbundet.no\/content\/uploads\/sites\/17\/2010\/12\/vindmoller20foto20kare20olerud.jpg","contentUrl":"https:\/\/naturvernforbundet.no\/content\/uploads\/sites\/17\/2010\/12\/vindmoller20foto20kare20olerud.jpg","width":500,"height":349,"caption":"vindkraft"},{"@type":"BreadcrumbList","@id":"https:\/\/naturvernforbundet.no\/sognogfjordane\/vindkraft\/#breadcrumb","itemListElement":[{"@type":"ListItem","position":1,"name":"Till naturvernforbundet.no","item":"https:\/\/naturvernforbundet.no\/"},{"@type":"ListItem","position":2,"name":"Sogn og Fjordane","item":"https:\/\/naturvernforbundet.no\/sognogfjordane\/"},{"@type":"ListItem","position":3,"name":"Vindkraft"}]},{"@type":"WebSite","@id":"https:\/\/naturvernforbundet.no\/sognogfjordane\/#website","url":"https:\/\/naturvernforbundet.no\/sognogfjordane\/","name":"Sogn og Fjordane","description":"Bare enda et Naturvernforbundet Sites-nettsted","potentialAction":[{"@type":"SearchAction","target":{"@type":"EntryPoint","urlTemplate":"https:\/\/naturvernforbundet.no\/sognogfjordane\/?s={search_term_string}"},"query-input":{"@type":"PropertyValueSpecification","valueRequired":true,"valueName":"search_term_string"}}],"inLanguage":"nb-NO"}]}},"_links":{"self":[{"href":"https:\/\/naturvernforbundet.no\/sognogfjordane\/wp-json\/wp\/v2\/pages\/93","targetHints":{"allow":["GET"]}}],"collection":[{"href":"https:\/\/naturvernforbundet.no\/sognogfjordane\/wp-json\/wp\/v2\/pages"}],"about":[{"href":"https:\/\/naturvernforbundet.no\/sognogfjordane\/wp-json\/wp\/v2\/types\/page"}],"author":[{"embeddable":true,"href":"https:\/\/naturvernforbundet.no\/sognogfjordane\/wp-json\/wp\/v2\/users\/3"}],"replies":[{"embeddable":true,"href":"https:\/\/naturvernforbundet.no\/sognogfjordane\/wp-json\/wp\/v2\/comments?post=93"}],"version-history":[{"count":3,"href":"https:\/\/naturvernforbundet.no\/sognogfjordane\/wp-json\/wp\/v2\/pages\/93\/revisions"}],"predecessor-version":[{"id":99,"href":"https:\/\/naturvernforbundet.no\/sognogfjordane\/wp-json\/wp\/v2\/pages\/93\/revisions\/99"}],"wp:featuredmedia":[{"embeddable":true,"href":"https:\/\/naturvernforbundet.no\/sognogfjordane\/wp-json\/wp\/v2\/media\/174"}],"wp:attachment":[{"href":"https:\/\/naturvernforbundet.no\/sognogfjordane\/wp-json\/wp\/v2\/media?parent=93"}],"wp:term":[{"taxonomy":"category","embeddable":true,"href":"https:\/\/naturvernforbundet.no\/sognogfjordane\/wp-json\/wp\/v2\/categories?post=93"}],"curies":[{"name":"wp","href":"https:\/\/api.w.org\/{rel}","templated":true}]}}