{"id":956,"date":"2025-01-09T13:28:44","date_gmt":"2025-01-09T12:28:44","guid":{"rendered":"https:\/\/naturvernforbundet.no\/sognogfjordane\/?page_id=956"},"modified":"2026-02-19T09:51:25","modified_gmt":"2026-02-19T08:51:25","slug":"arsmote-5-april-2025","status":"publish","type":"page","link":"https:\/\/naturvernforbundet.no\/sognogfjordane\/arsmote-5-april-2025\/","title":{"rendered":"\u00c5rsm\u00f8ter"},"content":{"rendered":"\t<div class=\"template-page alignfull wp-block-naturvern-hero\">\n\t\t<div class=\"hero__inner\">\n\t\t\t<div class=\"hero__inner_blocks\">\n\t\t\t\t\t\t\t\t\n<h1 class=\"wp-block-post-title\">\u00c5rsm\u00f8ter<\/h1>\n\n\n<p>Informasjon om \u00e5rsm\u00f8tesesongen til Naturvernforbundet<br> i Sogn og Fjordane og tilh\u00f8yrande lokallag<\/p>\n\n\t\t\t<\/div>\n\t\t\t\t\t<\/div>\n\t\t\t<\/div>\n\t\n\n\n<div class=\"wp-block-group is-style-green-light is-layout-constrained wp-block-group-is-layout-constrained\">\n<h2 class=\"wp-block-heading has-text-align-center\">\u00c5rsm\u00f8tesesongen 2026 i Sogn og Fjordane:<\/h2>\n\n\n\n<ul class=\"wp-block-list\">\n<li><strong>22. mars<\/strong> &#8211; <a href=\"http:\/\/naturvernforbundet.no\/sognogfjordane\/event\/arsmote-til-naturvernforbundet-i-sogn-og-fjordane\/\">Naturvernforbundet i Sogn og Fjordane <\/a>(fylkeslag)<\/li>\n\n\n\n<li>Naturvernforbundet i Eid<\/li>\n\n\n\n<li><a href=\"https:\/\/naturvernforbundet.no\/sognogfjordane\/event\/arsmote-med-naturvernforbundet-i-bremanger\/\"><strong>3. mars &#8211; <\/strong>Naturvernforbundet i Bremanger<\/a><\/li>\n\n\n\n<li><a href=\"https:\/\/naturvernforbundet.no\/sognogfjordane\/event\/arsmote-med-naturvernforbundet-i-kinn-2\/\"><strong>18.mars &#8211; <\/strong>Naturvernforbundet i Kinn<\/a><\/li>\n\n\n\n<li><a href=\"https:\/\/naturvernforbundet.no\/sognogfjordane\/event\/arsmote-med-naturvernforbundet-indre-sogn\/\"><strong>11. mars<\/strong> &#8211; Naturvernforbundet i Indre Sogn<\/a><\/li>\n\n\n\n<li><a href=\"https:\/\/naturvernforbundet.no\/sognogfjordane\/event\/arsmote-med-naturvernforbundet-i-sunnfjord-2\/\"><strong>18. mars <\/strong>&#8211; Naturvernforbundet i Sunnfjord<\/a><\/li>\n<\/ul>\n<\/div>\n\n\n\n<p>\u00c5rsm\u00f8tet er ein anledning der du som medlem kan vere med \u00e5 bestemme kva me som fylkeslag skal fokusere p\u00e5 i \u00e5ret som kjem, eller  f\u00e5 vite meir om korleis du kan engasjere deg. <\/p>\n\n\n\n<p>Er du ikkje medlem men nysgjerrig? Ta gjerne turen innom og bli med og engasjer deg for naturen v\u00e5r!<\/p>\n\n\n\n<p><\/p>\n\n\n\n<div class=\"wp-block-buttons is-content-justification-center is-layout-flex wp-container-core-buttons-is-layout-1 wp-block-buttons-is-layout-flex\">\n<div class=\"wp-block-button is-style-outline is-style-outline--1\"><a class=\"wp-block-button__link wp-element-button\">Ikkje medlem? Meld deg inn her!<\/a><\/div>\n<\/div>\n\n\n\n<div class=\"wp-block-group alignwide is-layout-constrained wp-block-group-is-layout-constrained\">\n<h2 class=\"wp-block-heading\">Tidlegare \u00e5rsm\u00f8ter <\/h2>\n\n\n<div class=\"t2-featured-content-layout alignwide alignwide wp-block-t2-featured-content-layout\">\n<div class=\"t2-featured-single-post t2-featured-content is-post-type-event wp-block-t2-featured-single-post\"><a class=\"t2-post-link wp-block-t2-post-link\" href=\"https:\/\/naturvernforbundet.no\/sognogfjordane\/event\/arsmote-i-naturvernforbundet-sogn-og-fjordane-2025\/\">\n<figure style=\"--t2-focal-point: 50% 50%;\" class=\"t2-post-featured-image has-image-ratio-4-3 wp-block-t2-post-featured-image\"><img loading=\"lazy\" decoding=\"async\" width=\"2560\" height=\"1705\" src=\"https:\/\/naturvernforbundet.no\/content\/uploads\/sites\/17\/2025\/03\/F_-Terje-Valen-Hoihjelle_Sognefjorden-scaled.jpg\" class=\"attachment-post-thumbnail size-post-thumbnail wp-post-image\" alt=\"\" srcset=\"https:\/\/naturvernforbundet.no\/content\/uploads\/sites\/17\/2025\/03\/F_-Terje-Valen-Hoihjelle_Sognefjorden-scaled.jpg 2560w, https:\/\/naturvernforbundet.no\/content\/uploads\/sites\/17\/2025\/03\/F_-Terje-Valen-Hoihjelle_Sognefjorden-300x200.jpg 300w, https:\/\/naturvernforbundet.no\/content\/uploads\/sites\/17\/2025\/03\/F_-Terje-Valen-Hoihjelle_Sognefjorden-1024x682.jpg 1024w, https:\/\/naturvernforbundet.no\/content\/uploads\/sites\/17\/2025\/03\/F_-Terje-Valen-Hoihjelle_Sognefjorden-768x512.jpg 768w, https:\/\/naturvernforbundet.no\/content\/uploads\/sites\/17\/2025\/03\/F_-Terje-Valen-Hoihjelle_Sognefjorden-1536x1023.jpg 1536w\" sizes=\"auto, (max-width: 2560px) 100vw, 2560px\" \/><\/figure>\n\n<div class=\"wp-block-group alignfull is-layout-flow wp-block-group-is-layout-flow\">\n\t\n\t\t<div class=\"naturvern-event-meta\">\n\t\t<div class=\"naturvern-event-meta-inner\">\n\t\t\t<div class=\"event-date\">\n\t\t\t\t<div>\n\t\t\t\t\t<span class=\"day\">05.apr<\/span>\n\t\t\t\t\t<span class=\"year\">2025<\/span>\n\t\t\t\t<\/div>\n\t\t\t<\/div>\n\t\t<\/div>\n\t\t<\/div>\n\t<h2 class=\"t2-post-title wp-block-t2-post-title\">\u00c5rsm\u00f8te i Naturvernforbundet Sogn og Fjordane 2025<\/h2>\n\t<p class=\"wp-block-naturvern-post-excerpt\"><\/p>\n<\/div>\n\n<\/a>\n<\/div>\n\n<div class=\"t2-featured-single-post t2-featured-content is-post-type-post category-ukategorisert wp-block-t2-featured-single-post\"><a class=\"t2-post-link wp-block-t2-post-link\" href=\"https:\/\/naturvernforbundet.no\/sognogfjordane\/arsmotedokument-2024\/\">\n<figure style=\"--t2-focal-point: 50% 50%;\" class=\"t2-post-featured-image has-image-ratio-4-3 wp-block-t2-post-featured-image\"><img loading=\"lazy\" decoding=\"async\" width=\"1920\" height=\"886\" src=\"https:\/\/naturvernforbundet.no\/content\/uploads\/sites\/17\/2023\/09\/thumbnail_Screenshot_20230915_173530_Gallery.jpg\" class=\"attachment-post-thumbnail size-post-thumbnail wp-post-image\" alt=\"\" srcset=\"https:\/\/naturvernforbundet.no\/content\/uploads\/sites\/17\/2023\/09\/thumbnail_Screenshot_20230915_173530_Gallery.jpg 1920w, https:\/\/naturvernforbundet.no\/content\/uploads\/sites\/17\/2023\/09\/thumbnail_Screenshot_20230915_173530_Gallery-300x138.jpg 300w, https:\/\/naturvernforbundet.no\/content\/uploads\/sites\/17\/2023\/09\/thumbnail_Screenshot_20230915_173530_Gallery-1024x473.jpg 1024w, https:\/\/naturvernforbundet.no\/content\/uploads\/sites\/17\/2023\/09\/thumbnail_Screenshot_20230915_173530_Gallery-768x354.jpg 768w, https:\/\/naturvernforbundet.no\/content\/uploads\/sites\/17\/2023\/09\/thumbnail_Screenshot_20230915_173530_Gallery-1536x709.jpg 1536w\" sizes=\"auto, (max-width: 1920px) 100vw, 1920px\" \/><\/figure>\n\n<div class=\"wp-block-group alignfull is-layout-flow wp-block-group-is-layout-flow\">\n\t<h2 class=\"t2-post-title wp-block-t2-post-title\">\u00c5rsm\u00f8tedokument 2024<\/h2>\n\t<p class=\"wp-block-naturvern-post-excerpt\">Her finn du \u00e5rsm\u00f8te dokumenta til \u00e5rsm\u00f8tet 2024.<\/p>\n\t\t<div class=\"wp-block-naturvern-post-meta\">\n\t\t\t\t\t<span class=\"cat\">\n\t\t\t\t\t\t\t\t\t<span><span class=\"tag-link\" data-href=\"https:\/\/naturvernforbundet.no\/sognogfjordane\/category\/ukategorisert\/\">Ukategorisert<\/span><\/span>\n\t\t\t\t\t\t\t<\/span>\n\t\t\t\t\t\t\t<span class=\"date\">20.04.2024<\/span>\n\t\t\t<\/div>\n\t\n<\/div>\n\n<\/a>\n<\/div>\n\n<div class=\"t2-featured-single-post t2-featured-content is-post-type-post category-ukategorisert tag-aktivitetsplan tag-arsmelding tag-arsmote tag-arsmotedokument tag-budsjett wp-block-t2-featured-single-post\"><a class=\"t2-post-link wp-block-t2-post-link\" href=\"https:\/\/naturvernforbundet.no\/sognogfjordane\/arsmotedokument-2023\/\">\n<figure style=\"--t2-focal-point: 50% 50%;\" class=\"t2-post-featured-image has-image-ratio-4-3 wp-block-t2-post-featured-image\"><img loading=\"lazy\" decoding=\"async\" width=\"1420\" height=\"922\" src=\"https:\/\/naturvernforbundet.no\/content\/uploads\/sites\/17\/2022\/10\/fjaerland.png\" class=\"attachment-post-thumbnail size-post-thumbnail wp-post-image\" alt=\"\" srcset=\"https:\/\/naturvernforbundet.no\/content\/uploads\/sites\/17\/2022\/10\/fjaerland.png 1420w, https:\/\/naturvernforbundet.no\/content\/uploads\/sites\/17\/2022\/10\/fjaerland-300x195.png 300w, https:\/\/naturvernforbundet.no\/content\/uploads\/sites\/17\/2022\/10\/fjaerland-1024x665.png 1024w, https:\/\/naturvernforbundet.no\/content\/uploads\/sites\/17\/2022\/10\/fjaerland-768x499.png 768w\" sizes=\"auto, (max-width: 1420px) 100vw, 1420px\" \/><\/figure>\n\n<div class=\"wp-block-group alignfull is-layout-flow wp-block-group-is-layout-flow\">\n\t<h2 class=\"t2-post-title wp-block-t2-post-title\">\u00c5rsm\u00f8tedokument 2023<\/h2>\n\t<p class=\"wp-block-naturvern-post-excerpt\">Her finn du \u00e5rsmelding, reknskap og aktivitetsplan for Naturvernforbundet Sogn og Fjordane  som skal leggast fram p\u00e5 \u00e5rsm\u00f8tet 25. mars 2023. <\/p>\n\t\t<div class=\"wp-block-naturvern-post-meta\">\n\t\t\t\t\t<span class=\"cat\">\n\t\t\t\t\t\t\t\t\t<span><span class=\"tag-link\" data-href=\"https:\/\/naturvernforbundet.no\/sognogfjordane\/category\/ukategorisert\/\">Ukategorisert<\/span><\/span>\n\t\t\t\t\t\t\t<\/span>\n\t\t\t\t\t\t\t<span class=\"date\">25.03.2023<\/span>\n\t\t\t<\/div>\n\t\n<\/div>\n\n<\/a>\n<\/div>\n<\/div><\/div>\n\n\n\n<p><\/p>\n","protected":false},"excerpt":{"rendered":"<p>Informasjon om \u00e5rsm\u00f8tesesongen til Naturvernforbundet<br \/>\ni Sogn og Fjordane og tilh\u00f8yrande lokallag<\/p>\n","protected":false},"author":398,"featured_media":2140,"parent":0,"menu_order":0,"comment_status":"closed","ping_status":"closed","template":"","meta":{"_relevanssi_hide_post":"","_relevanssi_hide_content":"","_relevanssi_pin_for_all":"","_relevanssi_pin_keywords":"","_relevanssi_unpin_keywords":"","_relevanssi_related_keywords":"","_relevanssi_related_include_ids":"","_relevanssi_related_exclude_ids":"","_relevanssi_related_no_append":"","_relevanssi_related_not_related":"","_relevanssi_related_posts":"217,463,376,350,274,411","_relevanssi_noindex_reason":"","hide_logo":false,"footnotes":""},"categories":[29],"class_list":["post-956","page","type-page","status-publish","has-post-thumbnail","hentry","category-arsmeldingar"],"acf":[],"yoast_head":"<!-- This site is optimized with the Yoast SEO plugin v24.9 - https:\/\/yoast.com\/wordpress\/plugins\/seo\/ -->\n<title>\u00c5rsm\u00f8ter - Sogn og Fjordane<\/title>\n<meta name=\"robots\" content=\"index, follow, max-snippet:-1, max-image-preview:large, max-video-preview:-1\" \/>\n<link rel=\"canonical\" href=\"https:\/\/naturvernforbundet.no\/sognogfjordane\/arsmote-5-april-2025\/\" \/>\n<meta property=\"og:locale\" content=\"nb_NO\" \/>\n<meta property=\"og:type\" content=\"article\" \/>\n<meta property=\"og:title\" content=\"\u00c5rsm\u00f8ter - Sogn og Fjordane\" \/>\n<meta property=\"og:description\" content=\"Informasjon om \u00e5rsm\u00f8tesesongen til Naturvernforbundet i Sogn og Fjordane og tilh\u00f8yrande lokallag\" \/>\n<meta property=\"og:url\" content=\"https:\/\/naturvernforbundet.no\/sognogfjordane\/arsmote-5-april-2025\/\" \/>\n<meta property=\"og:site_name\" content=\"Sogn og Fjordane\" \/>\n<meta property=\"article:modified_time\" content=\"2026-02-19T08:51:25+00:00\" \/>\n<meta property=\"og:image\" content=\"https:\/\/naturvernforbundet.no\/content\/uploads\/sites\/17\/2026\/02\/Skjermbilde-2026-02-13-143702.jpg\" \/>\n\t<meta property=\"og:image:width\" content=\"1108\" \/>\n\t<meta property=\"og:image:height\" content=\"791\" \/>\n\t<meta property=\"og:image:type\" content=\"image\/jpeg\" \/>\n<meta name=\"twitter:card\" content=\"summary_large_image\" \/>\n<meta name=\"twitter:label1\" content=\"Ansl. lesetid\" \/>\n\t<meta name=\"twitter:data1\" content=\"1 minutt\" \/>\n<script type=\"application\/ld+json\" class=\"yoast-schema-graph\">{\"@context\":\"https:\/\/schema.org\",\"@graph\":[{\"@type\":\"WebPage\",\"@id\":\"https:\/\/naturvernforbundet.no\/sognogfjordane\/arsmote-5-april-2025\/\",\"url\":\"https:\/\/naturvernforbundet.no\/sognogfjordane\/arsmote-5-april-2025\/\",\"name\":\"\u00c5rsm\u00f8ter - Sogn og Fjordane\",\"isPartOf\":{\"@id\":\"https:\/\/naturvernforbundet.no\/sognogfjordane\/#website\"},\"primaryImageOfPage\":{\"@id\":\"https:\/\/naturvernforbundet.no\/sognogfjordane\/arsmote-5-april-2025\/#primaryimage\"},\"image\":{\"@id\":\"https:\/\/naturvernforbundet.no\/sognogfjordane\/arsmote-5-april-2025\/#primaryimage\"},\"thumbnailUrl\":\"https:\/\/naturvernforbundet.no\/content\/uploads\/sites\/17\/2026\/02\/Skjermbilde-2026-02-13-143702.jpg\",\"datePublished\":\"2025-01-09T12:28:44+00:00\",\"dateModified\":\"2026-02-19T08:51:25+00:00\",\"breadcrumb\":{\"@id\":\"https:\/\/naturvernforbundet.no\/sognogfjordane\/arsmote-5-april-2025\/#breadcrumb\"},\"inLanguage\":\"nb-NO\",\"potentialAction\":[{\"@type\":\"ReadAction\",\"target\":[\"https:\/\/naturvernforbundet.no\/sognogfjordane\/arsmote-5-april-2025\/\"]}]},{\"@type\":\"ImageObject\",\"inLanguage\":\"nb-NO\",\"@id\":\"https:\/\/naturvernforbundet.no\/sognogfjordane\/arsmote-5-april-2025\/#primaryimage\",\"url\":\"https:\/\/naturvernforbundet.no\/content\/uploads\/sites\/17\/2026\/02\/Skjermbilde-2026-02-13-143702.jpg\",\"contentUrl\":\"https:\/\/naturvernforbundet.no\/content\/uploads\/sites\/17\/2026\/02\/Skjermbilde-2026-02-13-143702.jpg\",\"width\":1108,\"height\":791},{\"@type\":\"BreadcrumbList\",\"@id\":\"https:\/\/naturvernforbundet.no\/sognogfjordane\/arsmote-5-april-2025\/#breadcrumb\",\"itemListElement\":[{\"@type\":\"ListItem\",\"position\":1,\"name\":\"Till naturvernforbundet.no\",\"item\":\"https:\/\/naturvernforbundet.no\/\"},{\"@type\":\"ListItem\",\"position\":2,\"name\":\"Sogn og Fjordane\",\"item\":\"https:\/\/naturvernforbundet.no\/sognogfjordane\/\"},{\"@type\":\"ListItem\",\"position\":3,\"name\":\"\u00c5rsm\u00f8ter\"}]},{\"@type\":\"WebSite\",\"@id\":\"https:\/\/naturvernforbundet.no\/sognogfjordane\/#website\",\"url\":\"https:\/\/naturvernforbundet.no\/sognogfjordane\/\",\"name\":\"Sogn og Fjordane\",\"description\":\"Bare enda et Naturvernforbundet Sites-nettsted\",\"potentialAction\":[{\"@type\":\"SearchAction\",\"target\":{\"@type\":\"EntryPoint\",\"urlTemplate\":\"https:\/\/naturvernforbundet.no\/sognogfjordane\/?s={search_term_string}\"},\"query-input\":{\"@type\":\"PropertyValueSpecification\",\"valueRequired\":true,\"valueName\":\"search_term_string\"}}],\"inLanguage\":\"nb-NO\"}]}<\/script>\n<!-- \/ Yoast SEO plugin. -->","yoast_head_json":{"title":"\u00c5rsm\u00f8ter - Sogn og Fjordane","robots":{"index":"index","follow":"follow","max-snippet":"max-snippet:-1","max-image-preview":"max-image-preview:large","max-video-preview":"max-video-preview:-1"},"canonical":"https:\/\/naturvernforbundet.no\/sognogfjordane\/arsmote-5-april-2025\/","og_locale":"nb_NO","og_type":"article","og_title":"\u00c5rsm\u00f8ter - Sogn og Fjordane","og_description":"Informasjon om \u00e5rsm\u00f8tesesongen til Naturvernforbundet i Sogn og Fjordane og tilh\u00f8yrande lokallag","og_url":"https:\/\/naturvernforbundet.no\/sognogfjordane\/arsmote-5-april-2025\/","og_site_name":"Sogn og Fjordane","article_modified_time":"2026-02-19T08:51:25+00:00","og_image":[{"width":1108,"height":791,"url":"https:\/\/naturvernforbundet.no\/content\/uploads\/sites\/17\/2026\/02\/Skjermbilde-2026-02-13-143702.jpg","type":"image\/jpeg"}],"twitter_card":"summary_large_image","twitter_misc":{"Ansl. lesetid":"1 minutt"},"schema":{"@context":"https:\/\/schema.org","@graph":[{"@type":"WebPage","@id":"https:\/\/naturvernforbundet.no\/sognogfjordane\/arsmote-5-april-2025\/","url":"https:\/\/naturvernforbundet.no\/sognogfjordane\/arsmote-5-april-2025\/","name":"\u00c5rsm\u00f8ter - Sogn og Fjordane","isPartOf":{"@id":"https:\/\/naturvernforbundet.no\/sognogfjordane\/#website"},"primaryImageOfPage":{"@id":"https:\/\/naturvernforbundet.no\/sognogfjordane\/arsmote-5-april-2025\/#primaryimage"},"image":{"@id":"https:\/\/naturvernforbundet.no\/sognogfjordane\/arsmote-5-april-2025\/#primaryimage"},"thumbnailUrl":"https:\/\/naturvernforbundet.no\/content\/uploads\/sites\/17\/2026\/02\/Skjermbilde-2026-02-13-143702.jpg","datePublished":"2025-01-09T12:28:44+00:00","dateModified":"2026-02-19T08:51:25+00:00","breadcrumb":{"@id":"https:\/\/naturvernforbundet.no\/sognogfjordane\/arsmote-5-april-2025\/#breadcrumb"},"inLanguage":"nb-NO","potentialAction":[{"@type":"ReadAction","target":["https:\/\/naturvernforbundet.no\/sognogfjordane\/arsmote-5-april-2025\/"]}]},{"@type":"ImageObject","inLanguage":"nb-NO","@id":"https:\/\/naturvernforbundet.no\/sognogfjordane\/arsmote-5-april-2025\/#primaryimage","url":"https:\/\/naturvernforbundet.no\/content\/uploads\/sites\/17\/2026\/02\/Skjermbilde-2026-02-13-143702.jpg","contentUrl":"https:\/\/naturvernforbundet.no\/content\/uploads\/sites\/17\/2026\/02\/Skjermbilde-2026-02-13-143702.jpg","width":1108,"height":791},{"@type":"BreadcrumbList","@id":"https:\/\/naturvernforbundet.no\/sognogfjordane\/arsmote-5-april-2025\/#breadcrumb","itemListElement":[{"@type":"ListItem","position":1,"name":"Till naturvernforbundet.no","item":"https:\/\/naturvernforbundet.no\/"},{"@type":"ListItem","position":2,"name":"Sogn og Fjordane","item":"https:\/\/naturvernforbundet.no\/sognogfjordane\/"},{"@type":"ListItem","position":3,"name":"\u00c5rsm\u00f8ter"}]},{"@type":"WebSite","@id":"https:\/\/naturvernforbundet.no\/sognogfjordane\/#website","url":"https:\/\/naturvernforbundet.no\/sognogfjordane\/","name":"Sogn og Fjordane","description":"Bare enda et Naturvernforbundet Sites-nettsted","potentialAction":[{"@type":"SearchAction","target":{"@type":"EntryPoint","urlTemplate":"https:\/\/naturvernforbundet.no\/sognogfjordane\/?s={search_term_string}"},"query-input":{"@type":"PropertyValueSpecification","valueRequired":true,"valueName":"search_term_string"}}],"inLanguage":"nb-NO"}]}},"_links":{"self":[{"href":"https:\/\/naturvernforbundet.no\/sognogfjordane\/wp-json\/wp\/v2\/pages\/956","targetHints":{"allow":["GET"]}}],"collection":[{"href":"https:\/\/naturvernforbundet.no\/sognogfjordane\/wp-json\/wp\/v2\/pages"}],"about":[{"href":"https:\/\/naturvernforbundet.no\/sognogfjordane\/wp-json\/wp\/v2\/types\/page"}],"author":[{"embeddable":true,"href":"https:\/\/naturvernforbundet.no\/sognogfjordane\/wp-json\/wp\/v2\/users\/398"}],"replies":[{"embeddable":true,"href":"https:\/\/naturvernforbundet.no\/sognogfjordane\/wp-json\/wp\/v2\/comments?post=956"}],"version-history":[{"count":27,"href":"https:\/\/naturvernforbundet.no\/sognogfjordane\/wp-json\/wp\/v2\/pages\/956\/revisions"}],"predecessor-version":[{"id":2243,"href":"https:\/\/naturvernforbundet.no\/sognogfjordane\/wp-json\/wp\/v2\/pages\/956\/revisions\/2243"}],"wp:featuredmedia":[{"embeddable":true,"href":"https:\/\/naturvernforbundet.no\/sognogfjordane\/wp-json\/wp\/v2\/media\/2140"}],"wp:attachment":[{"href":"https:\/\/naturvernforbundet.no\/sognogfjordane\/wp-json\/wp\/v2\/media?parent=956"}],"wp:term":[{"taxonomy":"category","embeddable":true,"href":"https:\/\/naturvernforbundet.no\/sognogfjordane\/wp-json\/wp\/v2\/categories?post=956"}],"curies":[{"name":"wp","href":"https:\/\/api.w.org\/{rel}","templated":true}]}}