{"id":6,"date":"2022-04-01T14:42:29","date_gmt":"2022-04-01T12:42:29","guid":{"rendered":"https:\/\/naturvernforbundet.no\/telemark\/?page_id=6"},"modified":"2026-03-12T12:27:23","modified_gmt":"2026-03-12T11:27:23","slug":"forside","status":"publish","type":"page","link":"https:\/\/naturvernforbundet.no\/telemark\/","title":{"rendered":"Forside"},"content":{"rendered":"<div class=\"t2-featured-content-layout alignwide alignwide wp-block-t2-featured-content-layout\">\n\t<div class=\"wp-block-naturvern-calendar\">\n\t\t<div>\n\t\t\t\t\t\t\t<a class=\"calendar-event\" href=\"https:\/\/naturvernforbundet.no\/telemark\/event\/apent-mote-med-truls-gullowsen-arsmote\/\">\n\t\t\t\t\t<div class=\"date-stamp\">\n\t\t\t\t\t\t<span class=\"day\">14.apr<\/span>\n\t\t\t\t\t\t<span class=\"year\">2026<\/span>\n\t\t\t\t\t<\/div>\n\t\t\t\t\t<div class=\"date-content\">\n\t\t\t\t\t\t<h4>\u00c5pent m\u00f8te med Truls Gulowsen + \u00c5rsm\u00f8te<\/h4>\n\t\t\t\t\t\t<span>Foredrag + \u00c5rsm\u00f8te<\/span>\n\t\t\t\t\t\t<span>Kl. 18:00<\/span>\n\t\t\t\t\t<\/div>\n\t\t\t\t<\/a>\n\t\t\t\t\t\t<\/div>\n\t\t<a href=\"https:\/\/naturvernforbundet.no\/telemark\/event\/\" class=\"read-more\">Se flere aktiviteter<\/a>\n\t<\/div>\n\t\n\n<div class=\"t2-featured-single-post t2-featured-content is-post-type-event local-grenland local-kragero local-midt-telemark local-ost-telemark local-vest-telemark wp-block-t2-featured-single-post\"><a class=\"t2-post-link wp-block-t2-post-link\" href=\"https:\/\/naturvernforbundet.no\/telemark\/event\/apent-mote-med-truls-gullowsen-arsmote\/\">\n<figure style=\"--t2-focal-point: 50% 50%;\" class=\"t2-post-featured-image has-image-ratio-4-3 wp-block-t2-post-featured-image\"><img loading=\"lazy\" decoding=\"async\" width=\"1072\" height=\"725\" src=\"https:\/\/naturvernforbundet.no\/content\/uploads\/sites\/18\/2026\/03\/truls_gulowsen_greenpeace_101018.jpg\" class=\"attachment-post-thumbnail size-post-thumbnail wp-post-image\" alt=\"\" srcset=\"https:\/\/naturvernforbundet.no\/content\/uploads\/sites\/18\/2026\/03\/truls_gulowsen_greenpeace_101018.jpg 1072w, https:\/\/naturvernforbundet.no\/content\/uploads\/sites\/18\/2026\/03\/truls_gulowsen_greenpeace_101018-300x203.jpg 300w, https:\/\/naturvernforbundet.no\/content\/uploads\/sites\/18\/2026\/03\/truls_gulowsen_greenpeace_101018-1024x693.jpg 1024w, https:\/\/naturvernforbundet.no\/content\/uploads\/sites\/18\/2026\/03\/truls_gulowsen_greenpeace_101018-768x519.jpg 768w\" sizes=\"auto, (max-width: 1072px) 100vw, 1072px\" \/><\/figure>\n\n<div class=\"wp-block-group alignfull is-layout-flow wp-block-group-is-layout-flow\">\n\t\n\t\t<div class=\"naturvern-event-meta\">\n\t\t<div class=\"naturvern-event-meta-inner\">\n\t\t\t<div class=\"event-date\">\n\t\t\t\t<div>\n\t\t\t\t\t<span class=\"day\">14.apr<\/span>\n\t\t\t\t\t<span class=\"year\">2026<\/span>\n\t\t\t\t<\/div>\n\t\t\t<\/div>\n\t\t<\/div>\n\t\t<\/div>\n\t<h2 class=\"t2-post-title wp-block-t2-post-title\">\u00c5pent m\u00f8te med Truls Gulowsen + \u00c5rsm\u00f8te<\/h2>\n\t<p class=\"wp-block-naturvern-post-excerpt\"><\/p>\n<\/div>\n\n<\/a>\n<\/div>\n\n<div class=\"t2-featured-single-post t2-featured-content is-post-type-post category-ukategorisert wp-block-t2-featured-single-post\"><a class=\"t2-post-link wp-block-t2-post-link\" href=\"https:\/\/naturvernforbundet.no\/telemark\/naturvernforbundet-advarer-vindkraftplaner-i-siljan-kan-gi-naturtap-verditap-og-mindre-tilflytting\/\">\n<figure style=\"--t2-focal-point: 50% 50%;\" class=\"t2-post-featured-image has-image-ratio-4-3 wp-block-t2-post-featured-image\"><img loading=\"lazy\" decoding=\"async\" width=\"1920\" height=\"1920\" src=\"https:\/\/naturvernforbundet.no\/content\/uploads\/sites\/18\/2026\/02\/dbf7c416-f364-48db-b77e-bc722bb2b3fb.jpg\" class=\"attachment-post-thumbnail size-post-thumbnail wp-post-image\" alt=\"\" srcset=\"https:\/\/naturvernforbundet.no\/content\/uploads\/sites\/18\/2026\/02\/dbf7c416-f364-48db-b77e-bc722bb2b3fb.jpg 1920w, https:\/\/naturvernforbundet.no\/content\/uploads\/sites\/18\/2026\/02\/dbf7c416-f364-48db-b77e-bc722bb2b3fb-300x300.jpg 300w, https:\/\/naturvernforbundet.no\/content\/uploads\/sites\/18\/2026\/02\/dbf7c416-f364-48db-b77e-bc722bb2b3fb-1024x1024.jpg 1024w, https:\/\/naturvernforbundet.no\/content\/uploads\/sites\/18\/2026\/02\/dbf7c416-f364-48db-b77e-bc722bb2b3fb-150x150.jpg 150w, https:\/\/naturvernforbundet.no\/content\/uploads\/sites\/18\/2026\/02\/dbf7c416-f364-48db-b77e-bc722bb2b3fb-768x768.jpg 768w, https:\/\/naturvernforbundet.no\/content\/uploads\/sites\/18\/2026\/02\/dbf7c416-f364-48db-b77e-bc722bb2b3fb-1536x1536.jpg 1536w\" sizes=\"auto, (max-width: 1920px) 100vw, 1920px\" \/><\/figure>\n\n<div class=\"wp-block-group alignfull is-layout-flow wp-block-group-is-layout-flow\">\n\t<h2 class=\"t2-post-title wp-block-t2-post-title\">Naturvernforbundet advarer mot Vindkraft i Grenland<\/h2>\n\t<p class=\"wp-block-naturvern-post-excerpt\">Vi i Naturvernforbundet advarer mot planene om storskala vindkraft i Grenland, n\u00e5 s\u00e6rlig i Siljan. Omr\u00e5dene som kan bli ber\u00f8rt er blant regionens viktigste natur- og friluftsomr\u00e5der, med store verdier for naturmangfold, landskap og opplevelser, og deler av omr\u00e5det ligger ogs\u00e5 innenfor Gea Norvegica UNESCO Global Geopark.<\/p>\n\t\t<div class=\"wp-block-naturvern-post-meta\">\n\t\t\t\t\t<span class=\"cat\">\n\t\t\t\t\t\t\t\t\t<span><span class=\"tag-link\" data-href=\"https:\/\/naturvernforbundet.no\/telemark\/category\/ukategorisert\/\">Ukategorisert<\/span><\/span>\n\t\t\t\t\t\t\t<\/span>\n\t\t\t\t\t\t\t<span class=\"date\">19.02.2026<\/span>\n\t\t\t<\/div>\n\t\n<\/div>\n\n<\/a>\n<\/div>\n\n<div class=\"t2-featured-single-post t2-featured-content is-post-type-post category-ukategorisert local-grenland wp-block-t2-featured-single-post\"><a class=\"t2-post-link wp-block-t2-post-link\" href=\"https:\/\/naturvernforbundet.no\/telemark\/ignorering-av-statlige-krav-og-soksmal-mot-staten-bunestoppen-saken-eskalerer-i-bamble\/\">\n<figure style=\"--t2-focal-point: 50% 50%;\" class=\"t2-post-featured-image has-image-ratio-4-3 wp-block-t2-post-featured-image\"><img loading=\"lazy\" decoding=\"async\" width=\"2048\" height=\"1536\" src=\"https:\/\/naturvernforbundet.no\/content\/uploads\/sites\/18\/2026\/01\/623411965_1387738836727523_6092153201006633875_n.jpg\" class=\"attachment-post-thumbnail size-post-thumbnail wp-post-image\" alt=\"\" srcset=\"https:\/\/naturvernforbundet.no\/content\/uploads\/sites\/18\/2026\/01\/623411965_1387738836727523_6092153201006633875_n.jpg 2048w, https:\/\/naturvernforbundet.no\/content\/uploads\/sites\/18\/2026\/01\/623411965_1387738836727523_6092153201006633875_n-300x225.jpg 300w, https:\/\/naturvernforbundet.no\/content\/uploads\/sites\/18\/2026\/01\/623411965_1387738836727523_6092153201006633875_n-1024x768.jpg 1024w, https:\/\/naturvernforbundet.no\/content\/uploads\/sites\/18\/2026\/01\/623411965_1387738836727523_6092153201006633875_n-768x576.jpg 768w, https:\/\/naturvernforbundet.no\/content\/uploads\/sites\/18\/2026\/01\/623411965_1387738836727523_6092153201006633875_n-1536x1152.jpg 1536w, https:\/\/naturvernforbundet.no\/content\/uploads\/sites\/18\/2026\/01\/623411965_1387738836727523_6092153201006633875_n-1920x1440.jpg 1920w\" sizes=\"auto, (max-width: 2048px) 100vw, 2048px\" \/><\/figure>\n\n<div class=\"wp-block-group alignfull is-layout-flow wp-block-group-is-layout-flow\">\n\t<h2 class=\"t2-post-title wp-block-t2-post-title\">Ignorering av statlige krav og s\u00f8ksm\u00e5l mot staten: Bunestoppen-saken eskalerer i Bamble<\/h2>\n\t<p class=\"wp-block-naturvern-post-excerpt\"><\/p>\n\t\t<div class=\"wp-block-naturvern-post-meta\">\n\t\t\t\t\t<span class=\"cat\">\n\t\t\t\t\t\t\t\t\t<span><span class=\"tag-link\" data-href=\"https:\/\/naturvernforbundet.no\/telemark\/category\/ukategorisert\/\">Ukategorisert<\/span><\/span>\n\t\t\t\t\t\t\t<\/span>\n\t\t\t\t\t\t\t<span class=\"date\">28.01.2026<\/span>\n\t\t\t<\/div>\n\t\n<\/div>\n\n<\/a>\n<\/div>\n\n<div class=\"t2-featured-single-post t2-featured-content is-post-type-post category-ukategorisert local-grenland local-kragero wp-block-t2-featured-single-post\"><a class=\"t2-post-link wp-block-t2-post-link\" href=\"https:\/\/naturvernforbundet.no\/telemark\/883-2\/\">\n<figure style=\"--t2-focal-point: 50% 50%;\" class=\"t2-post-featured-image has-image-ratio-4-3 wp-block-t2-post-featured-image\"><img loading=\"lazy\" decoding=\"async\" width=\"1200\" height=\"800\" src=\"https:\/\/naturvernforbundet.no\/content\/uploads\/sites\/18\/2026\/01\/e93b6cfe-7cd5-4053-849a-b59d5a99836d.jpg\" class=\"attachment-post-thumbnail size-post-thumbnail wp-post-image\" alt=\"\" srcset=\"https:\/\/naturvernforbundet.no\/content\/uploads\/sites\/18\/2026\/01\/e93b6cfe-7cd5-4053-849a-b59d5a99836d.jpg 1200w, https:\/\/naturvernforbundet.no\/content\/uploads\/sites\/18\/2026\/01\/e93b6cfe-7cd5-4053-849a-b59d5a99836d-300x200.jpg 300w, https:\/\/naturvernforbundet.no\/content\/uploads\/sites\/18\/2026\/01\/e93b6cfe-7cd5-4053-849a-b59d5a99836d-1024x683.jpg 1024w, https:\/\/naturvernforbundet.no\/content\/uploads\/sites\/18\/2026\/01\/e93b6cfe-7cd5-4053-849a-b59d5a99836d-768x512.jpg 768w\" sizes=\"auto, (max-width: 1200px) 100vw, 1200px\" \/><\/figure>\n\n<div class=\"wp-block-group alignfull is-layout-flow wp-block-group-is-layout-flow\">\n\t<h2 class=\"t2-post-title wp-block-t2-post-title\">N\u00e5 er stordugnaden for Oslofjorden i gang<\/h2>\n\t<p class=\"wp-block-naturvern-post-excerpt\"><\/p>\n\t\t<div class=\"wp-block-naturvern-post-meta\">\n\t\t\t\t\t<span class=\"cat\">\n\t\t\t\t\t\t\t\t\t<span><span class=\"tag-link\" data-href=\"https:\/\/naturvernforbundet.no\/telemark\/category\/ukategorisert\/\">Ukategorisert<\/span><\/span>\n\t\t\t\t\t\t\t<\/span>\n\t\t\t\t\t\t\t<span class=\"date\">14.01.2026<\/span>\n\t\t\t<\/div>\n\t\n<\/div>\n\n<\/a>\n<\/div>\n\n<div class=\"t2-featured-single-post t2-featured-content is-post-type-post category-ukategorisert local-vest-telemark wp-block-t2-featured-single-post\"><a class=\"t2-post-link wp-block-t2-post-link\" href=\"https:\/\/naturvernforbundet.no\/telemark\/sjeldent-har-vi-sett-maktarrogansen-utspille-seg-sa-tydelig-i-apent-lende-pa-tide-a-slippe-andre-til-skjervagen\/\">\n<figure style=\"--t2-focal-point: 50% 50%;\" class=\"t2-post-featured-image has-image-ratio-4-3 wp-block-t2-post-featured-image\"><img loading=\"lazy\" decoding=\"async\" width=\"1200\" height=\"900\" src=\"https:\/\/naturvernforbundet.no\/content\/uploads\/sites\/18\/2025\/12\/TorfinnSandenogHelgeGranlund29-1.jpg\" class=\"attachment-post-thumbnail size-post-thumbnail wp-post-image\" alt=\"\" srcset=\"https:\/\/naturvernforbundet.no\/content\/uploads\/sites\/18\/2025\/12\/TorfinnSandenogHelgeGranlund29-1.jpg 1200w, https:\/\/naturvernforbundet.no\/content\/uploads\/sites\/18\/2025\/12\/TorfinnSandenogHelgeGranlund29-1-300x225.jpg 300w, https:\/\/naturvernforbundet.no\/content\/uploads\/sites\/18\/2025\/12\/TorfinnSandenogHelgeGranlund29-1-1024x768.jpg 1024w, https:\/\/naturvernforbundet.no\/content\/uploads\/sites\/18\/2025\/12\/TorfinnSandenogHelgeGranlund29-1-768x576.jpg 768w\" sizes=\"auto, (max-width: 1200px) 100vw, 1200px\" \/><\/figure>\n\n<div class=\"wp-block-group alignfull is-layout-flow wp-block-group-is-layout-flow\">\n\t<h2 class=\"t2-post-title wp-block-t2-post-title\">Sjeldent har vi sett maktarrogansen utspille seg s\u00e5 tydelig i \u00e5pent lende. P\u00e5 tide \u00e5 slippe andre til, Skjervagen?<\/h2>\n\t<p class=\"wp-block-naturvern-post-excerpt\">Sjeldent har vel maktarrogansen kommet bedre til syne enn i Skjervagens tilsvar p\u00e5 v\u00e5re p\u00e5stander i Telemarksavisa sist l\u00f8rdag.<\/p>\n\t\t<div class=\"wp-block-naturvern-post-meta\">\n\t\t\t\t\t<span class=\"cat\">\n\t\t\t\t\t\t\t\t\t<span><span class=\"tag-link\" data-href=\"https:\/\/naturvernforbundet.no\/telemark\/category\/ukategorisert\/\">Ukategorisert<\/span><\/span>\n\t\t\t\t\t\t\t<\/span>\n\t\t\t\t\t\t\t<span class=\"date\">03.12.2025<\/span>\n\t\t\t<\/div>\n\t\n<\/div>\n\n<\/a>\n<\/div>\n<\/div>\n\n\n<div class=\"wp-block-group alignwide is-style-green-light is-layout-flow wp-block-group-is-layout-flow\">\n<div class=\"wp-block-media-text alignwide is-stacked-on-mobile\"><figure class=\"wp-block-media-text__media\"><img loading=\"lazy\" decoding=\"async\" width=\"1024\" height=\"681\" src=\"https:\/\/naturvernforbundet.no\/content\/uploads\/sites\/18\/2022\/09\/Naturvernforbundet095-1024x681.jpg\" alt=\"verving \" class=\"wp-image-24 size-full\" srcset=\"https:\/\/naturvernforbundet.no\/content\/uploads\/sites\/18\/2022\/09\/Naturvernforbundet095-1024x681.jpg 1024w, https:\/\/naturvernforbundet.no\/content\/uploads\/sites\/18\/2022\/09\/Naturvernforbundet095-300x200.jpg 300w, https:\/\/naturvernforbundet.no\/content\/uploads\/sites\/18\/2022\/09\/Naturvernforbundet095-768x511.jpg 768w, https:\/\/naturvernforbundet.no\/content\/uploads\/sites\/18\/2022\/09\/Naturvernforbundet095-1536x1022.jpg 1536w, https:\/\/naturvernforbundet.no\/content\/uploads\/sites\/18\/2022\/09\/Naturvernforbundet095-2048x1363.jpg 2048w, https:\/\/naturvernforbundet.no\/content\/uploads\/sites\/18\/2022\/09\/Naturvernforbundet095-1920x1277.jpg 1920w\" sizes=\"auto, (max-width: 1024px) 100vw, 1024px\" \/><span class=\"t2-image-credit-name\">Fartein Rudjord<\/span><\/figure><div class=\"wp-block-media-text__content\">\n<h2 class=\"wp-block-heading\"><a href=\"https:\/\/naturvernforbundet.no\/bli-medlem\/\">Bli medlem!<\/a><\/h2>\n<\/div><\/div>\n<\/div>\n\n\n<ul class=\"t2-link-list has-5-items has-auto-columns alignwide wp-block-t2-link-list\">\n\t<li class=\"t2-link-list-item wp-block-t2-link-list-item\">\n\t\t<a\n\t\t\thref=\"https:\/\/naturvernforbundet.no\/telemark\/lokallag\/grenland\/\"\n\t\t\tclass=\"t2-link-list-item__link t2-link-list__icon--left\"\n\t\t\trel=\"noreferrer noopener\" target=\"_blank\"\t\t>\n\t\t\t<span class=\"t2-link-list-item__icon\"><span class=\"t2-link-list-item__icon-box\"><\/span><svg xmlns=\"http:\/\/www.w3.org\/2000\/svg\" viewBox=\"0 0 24 24\" height=\"24\" width=\"24\" class=\"t2-icon t2-icon-linkexternal\" aria-hidden=\"true\" focusable=\"false\"><path d=\"M5 21c-.5 0-1-.2-1.4-.6S3 19.6 3 19V5c0-.6.2-1 .6-1.4S4.5 3 5 3h6c.3 0 .5.1.7.3.2.2.3.4.3.7 0 .3-.1.5-.3.7-.2.2-.4.3-.7.3H5v14h14v-6c0-.3.1-.5.3-.7.2-.2.4-.3.7-.3s.5.1.7.3c.2.2.3.4.3.7v6c0 .6-.2 1-.6 1.4s-.8.6-1.4.6H5zm4-6c-.2-.2-.3-.4-.3-.7s.1-.5.3-.7L17.6 5H15c-.3 0-.5-.1-.7-.3-.2-.2-.3-.4-.3-.7 0-.3.1-.5.3-.7.2-.2.4-.3.7-.3h5c.3 0 .5.1.7.3.2.2.3.4.3.7v5c0 .3-.1.5-.3.7-.2.2-.4.3-.7.3s-.5-.1-.7-.3c-.2-.2-.3-.4-.3-.7V6.4L10.4 15c-.2.2-.4.3-.7.3s-.5-.1-.7-.3z\"\/><\/svg><\/span>\t\t\t<div class=\"t2-link-list-item__content\">\n\n\t\t\t\t\n\t\t\t\t<span class=\"t2-link-list-item__text\">\n\t\t\t\t\tGrenland\t\t\t\t<\/span>\n\t\t\t\t\t\t\t<\/div>\n\t\t<\/a>\n\t<\/li>\n\t\n\n\t<li class=\"t2-link-list-item wp-block-t2-link-list-item\">\n\t\t<a\n\t\t\thref=\"https:\/\/naturvernforbundet.no\/telemark\/lokallag\/midt-telemark\/\"\n\t\t\tclass=\"t2-link-list-item__link t2-link-list__icon--left\"\n\t\t\t\t\t>\n\t\t\t<span class=\"t2-link-list-item__icon\"><span class=\"t2-link-list-item__icon-box\"><\/span><svg xmlns=\"http:\/\/www.w3.org\/2000\/svg\" viewBox=\"0 0 24 24\" height=\"24\" width=\"24\" class=\"t2-icon t2-icon-arrowforward\" aria-hidden=\"true\" focusable=\"false\"><path d=\"M11.3 19.3c-.2-.2-.3-.4-.3-.7 0-.3.1-.5.3-.7l4.9-4.9H5c-.3 0-.5-.1-.7-.3-.2-.2-.3-.4-.3-.7s.1-.5.3-.7c.2-.2.4-.3.7-.3h11.2l-4.9-4.9c-.2-.2-.3-.4-.3-.7 0-.3.1-.5.3-.7.2-.2.4-.3.7-.3s.5.1.7.3l6.6 6.6c.1.1.2.2.2.3 0 .1.1.3.1.4 0 .1 0 .3-.1.4 0 .1-.1.2-.2.3l-6.6 6.6c-.2.2-.4.3-.7.3s-.5-.1-.7-.3z\"\/><\/svg><\/span>\t\t\t<div class=\"t2-link-list-item__content\">\n\n\t\t\t\t\n\t\t\t\t<span class=\"t2-link-list-item__text\">\n\t\t\t\t\tMidt-Telemark\t\t\t\t<\/span>\n\t\t\t\t\t\t\t<\/div>\n\t\t<\/a>\n\t<\/li>\n\t\n\n\t<li class=\"t2-link-list-item wp-block-t2-link-list-item\">\n\t\t<a\n\t\t\thref=\"https:\/\/naturvernforbundet.no\/telemark\/lokallag\/vest-telemark\/\"\n\t\t\tclass=\"t2-link-list-item__link t2-link-list__icon--left\"\n\t\t\t\t\t>\n\t\t\t<span class=\"t2-link-list-item__icon\"><span class=\"t2-link-list-item__icon-box\"><\/span><svg xmlns=\"http:\/\/www.w3.org\/2000\/svg\" viewBox=\"0 0 24 24\" height=\"24\" width=\"24\" class=\"t2-icon t2-icon-arrowforward\" aria-hidden=\"true\" focusable=\"false\"><path d=\"M11.3 19.3c-.2-.2-.3-.4-.3-.7 0-.3.1-.5.3-.7l4.9-4.9H5c-.3 0-.5-.1-.7-.3-.2-.2-.3-.4-.3-.7s.1-.5.3-.7c.2-.2.4-.3.7-.3h11.2l-4.9-4.9c-.2-.2-.3-.4-.3-.7 0-.3.1-.5.3-.7.2-.2.4-.3.7-.3s.5.1.7.3l6.6 6.6c.1.1.2.2.2.3 0 .1.1.3.1.4 0 .1 0 .3-.1.4 0 .1-.1.2-.2.3l-6.6 6.6c-.2.2-.4.3-.7.3s-.5-.1-.7-.3z\"\/><\/svg><\/span>\t\t\t<div class=\"t2-link-list-item__content\">\n\n\t\t\t\t\n\t\t\t\t<span class=\"t2-link-list-item__text\">\n\t\t\t\t\tVest-Telemark\t\t\t\t<\/span>\n\t\t\t\t\t\t\t<\/div>\n\t\t<\/a>\n\t<\/li>\n\t\n\n\t<li class=\"t2-link-list-item wp-block-t2-link-list-item\">\n\t\t<a\n\t\t\thref=\"https:\/\/naturvernforbundet.no\/telemark\/lokallag\/kragero\/\"\n\t\t\tclass=\"t2-link-list-item__link t2-link-list__icon--left\"\n\t\t\t\t\t>\n\t\t\t<span class=\"t2-link-list-item__icon\"><span class=\"t2-link-list-item__icon-box\"><\/span><svg xmlns=\"http:\/\/www.w3.org\/2000\/svg\" viewBox=\"0 0 24 24\" height=\"24\" width=\"24\" class=\"t2-icon t2-icon-arrowforward\" aria-hidden=\"true\" focusable=\"false\"><path d=\"M11.3 19.3c-.2-.2-.3-.4-.3-.7 0-.3.1-.5.3-.7l4.9-4.9H5c-.3 0-.5-.1-.7-.3-.2-.2-.3-.4-.3-.7s.1-.5.3-.7c.2-.2.4-.3.7-.3h11.2l-4.9-4.9c-.2-.2-.3-.4-.3-.7 0-.3.1-.5.3-.7.2-.2.4-.3.7-.3s.5.1.7.3l6.6 6.6c.1.1.2.2.2.3 0 .1.1.3.1.4 0 .1 0 .3-.1.4 0 .1-.1.2-.2.3l-6.6 6.6c-.2.2-.4.3-.7.3s-.5-.1-.7-.3z\"\/><\/svg><\/span>\t\t\t<div class=\"t2-link-list-item__content\">\n\n\t\t\t\t\n\t\t\t\t<span class=\"t2-link-list-item__text\">\n\t\t\t\t\tKrager\u00f8 og Drangedal\t\t\t\t<\/span>\n\t\t\t\t\t\t\t<\/div>\n\t\t<\/a>\n\t<\/li>\n\t\n\n\t<li class=\"t2-link-list-item wp-block-t2-link-list-item\">\n\t\t<a\n\t\t\thref=\"https:\/\/naturvernforbundet.no\/telemark\/lokallag\/ost-telemark\/\"\n\t\t\tclass=\"t2-link-list-item__link t2-link-list__icon--left\"\n\t\t\t\t\t>\n\t\t\t<span class=\"t2-link-list-item__icon\"><span class=\"t2-link-list-item__icon-box\"><\/span><svg xmlns=\"http:\/\/www.w3.org\/2000\/svg\" viewBox=\"0 0 24 24\" height=\"24\" width=\"24\" class=\"t2-icon t2-icon-arrowforward\" aria-hidden=\"true\" focusable=\"false\"><path d=\"M11.3 19.3c-.2-.2-.3-.4-.3-.7 0-.3.1-.5.3-.7l4.9-4.9H5c-.3 0-.5-.1-.7-.3-.2-.2-.3-.4-.3-.7s.1-.5.3-.7c.2-.2.4-.3.7-.3h11.2l-4.9-4.9c-.2-.2-.3-.4-.3-.7 0-.3.1-.5.3-.7.2-.2.4-.3.7-.3s.5.1.7.3l6.6 6.6c.1.1.2.2.2.3 0 .1.1.3.1.4 0 .1 0 .3-.1.4 0 .1-.1.2-.2.3l-6.6 6.6c-.2.2-.4.3-.7.3s-.5-.1-.7-.3z\"\/><\/svg><\/span>\t\t\t<div class=\"t2-link-list-item__content\">\n\n\t\t\t\t\n\t\t\t\t<span class=\"t2-link-list-item__text\">\n\t\t\t\t\t\u00d8st-Telemark\t\t\t\t<\/span>\n\t\t\t\t\t\t\t<\/div>\n\t\t<\/a>\n\t<\/li>\n\t\n<\/ul>","protected":false},"excerpt":{"rendered":"","protected":false},"author":1,"featured_media":18,"parent":0,"menu_order":0,"comment_status":"closed","ping_status":"closed","template":"","meta":{"_relevanssi_hide_post":"","_relevanssi_hide_content":"","_relevanssi_pin_for_all":"","_relevanssi_pin_keywords":"","_relevanssi_unpin_keywords":"","_relevanssi_related_keywords":"","_relevanssi_related_include_ids":"","_relevanssi_related_exclude_ids":"","_relevanssi_related_no_append":"","_relevanssi_related_not_related":"","_relevanssi_related_posts":"482,161,56,62,37,381","_relevanssi_noindex_reason":"","hide_logo":false,"footnotes":""},"categories":[],"class_list":["post-6","page","type-page","status-publish","has-post-thumbnail","hentry"],"acf":[],"yoast_head":"<!-- This site is optimized with the Yoast SEO plugin v24.9 - https:\/\/yoast.com\/wordpress\/plugins\/seo\/ -->\n<title>Forside - Telemark<\/title>\n<meta name=\"robots\" content=\"index, follow, max-snippet:-1, max-image-preview:large, max-video-preview:-1\" \/>\n<link rel=\"canonical\" href=\"https:\/\/naturvernforbundet.no\/telemark\/\" \/>\n<meta property=\"og:locale\" content=\"nb_NO\" \/>\n<meta property=\"og:type\" content=\"article\" \/>\n<meta property=\"og:title\" content=\"Forside - Telemark\" \/>\n<meta property=\"og:url\" content=\"https:\/\/naturvernforbundet.no\/telemark\/\" \/>\n<meta property=\"og:site_name\" content=\"Telemark\" \/>\n<meta property=\"article:modified_time\" content=\"2026-03-12T11:27:23+00:00\" \/>\n<meta property=\"og:image\" content=\"https:\/\/naturvernforbundet.no\/content\/uploads\/sites\/18\/2022\/09\/Ramsas_gammelskog4-lite-scaled.jpg\" \/>\n\t<meta property=\"og:image:width\" content=\"2560\" \/>\n\t<meta property=\"og:image:height\" content=\"1707\" \/>\n\t<meta property=\"og:image:type\" content=\"image\/jpeg\" \/>\n<meta name=\"twitter:card\" content=\"summary_large_image\" \/>\n<meta name=\"twitter:label1\" content=\"Ansl. lesetid\" \/>\n\t<meta name=\"twitter:data1\" content=\"1 minutt\" \/>\n<script type=\"application\/ld+json\" class=\"yoast-schema-graph\">{\"@context\":\"https:\/\/schema.org\",\"@graph\":[{\"@type\":\"WebPage\",\"@id\":\"https:\/\/naturvernforbundet.no\/telemark\/\",\"url\":\"https:\/\/naturvernforbundet.no\/telemark\/\",\"name\":\"Forside - Telemark\",\"isPartOf\":{\"@id\":\"https:\/\/naturvernforbundet.no\/telemark\/#website\"},\"primaryImageOfPage\":{\"@id\":\"https:\/\/naturvernforbundet.no\/telemark\/#primaryimage\"},\"image\":{\"@id\":\"https:\/\/naturvernforbundet.no\/telemark\/#primaryimage\"},\"thumbnailUrl\":\"https:\/\/naturvernforbundet.no\/content\/uploads\/sites\/18\/2022\/09\/Ramsas_gammelskog4-lite-scaled.jpg\",\"datePublished\":\"2022-04-01T12:42:29+00:00\",\"dateModified\":\"2026-03-12T11:27:23+00:00\",\"breadcrumb\":{\"@id\":\"https:\/\/naturvernforbundet.no\/telemark\/#breadcrumb\"},\"inLanguage\":\"nb-NO\",\"potentialAction\":[{\"@type\":\"ReadAction\",\"target\":[\"https:\/\/naturvernforbundet.no\/telemark\/\"]}]},{\"@type\":\"ImageObject\",\"inLanguage\":\"nb-NO\",\"@id\":\"https:\/\/naturvernforbundet.no\/telemark\/#primaryimage\",\"url\":\"https:\/\/naturvernforbundet.no\/content\/uploads\/sites\/18\/2022\/09\/Ramsas_gammelskog4-lite-scaled.jpg\",\"contentUrl\":\"https:\/\/naturvernforbundet.no\/content\/uploads\/sites\/18\/2022\/09\/Ramsas_gammelskog4-lite-scaled.jpg\",\"width\":2560,\"height\":1707,\"caption\":\"Gammelskog i Telemark\"},{\"@type\":\"BreadcrumbList\",\"@id\":\"https:\/\/naturvernforbundet.no\/telemark\/#breadcrumb\",\"itemListElement\":[{\"@type\":\"ListItem\",\"position\":1,\"name\":\"Till naturvernforbundet.no\",\"item\":\"https:\/\/naturvernforbundet.no\/\"},{\"@type\":\"ListItem\",\"position\":2,\"name\":\"Telemark\",\"item\":\"https:\/\/naturvernforbundet.no\/telemark\/\"},{\"@type\":\"ListItem\",\"position\":3,\"name\":\"Forside\"}]},{\"@type\":\"WebSite\",\"@id\":\"https:\/\/naturvernforbundet.no\/telemark\/#website\",\"url\":\"https:\/\/naturvernforbundet.no\/telemark\/\",\"name\":\"Telemark\",\"description\":\"Bare enda et Naturvernforbundet Sites-nettsted\",\"potentialAction\":[{\"@type\":\"SearchAction\",\"target\":{\"@type\":\"EntryPoint\",\"urlTemplate\":\"https:\/\/naturvernforbundet.no\/telemark\/?s={search_term_string}\"},\"query-input\":{\"@type\":\"PropertyValueSpecification\",\"valueRequired\":true,\"valueName\":\"search_term_string\"}}],\"inLanguage\":\"nb-NO\"}]}<\/script>\n<!-- \/ Yoast SEO plugin. -->","yoast_head_json":{"title":"Forside - Telemark","robots":{"index":"index","follow":"follow","max-snippet":"max-snippet:-1","max-image-preview":"max-image-preview:large","max-video-preview":"max-video-preview:-1"},"canonical":"https:\/\/naturvernforbundet.no\/telemark\/","og_locale":"nb_NO","og_type":"article","og_title":"Forside - Telemark","og_url":"https:\/\/naturvernforbundet.no\/telemark\/","og_site_name":"Telemark","article_modified_time":"2026-03-12T11:27:23+00:00","og_image":[{"width":2560,"height":1707,"url":"https:\/\/naturvernforbundet.no\/content\/uploads\/sites\/18\/2022\/09\/Ramsas_gammelskog4-lite-scaled.jpg","type":"image\/jpeg"}],"twitter_card":"summary_large_image","twitter_misc":{"Ansl. lesetid":"1 minutt"},"schema":{"@context":"https:\/\/schema.org","@graph":[{"@type":"WebPage","@id":"https:\/\/naturvernforbundet.no\/telemark\/","url":"https:\/\/naturvernforbundet.no\/telemark\/","name":"Forside - Telemark","isPartOf":{"@id":"https:\/\/naturvernforbundet.no\/telemark\/#website"},"primaryImageOfPage":{"@id":"https:\/\/naturvernforbundet.no\/telemark\/#primaryimage"},"image":{"@id":"https:\/\/naturvernforbundet.no\/telemark\/#primaryimage"},"thumbnailUrl":"https:\/\/naturvernforbundet.no\/content\/uploads\/sites\/18\/2022\/09\/Ramsas_gammelskog4-lite-scaled.jpg","datePublished":"2022-04-01T12:42:29+00:00","dateModified":"2026-03-12T11:27:23+00:00","breadcrumb":{"@id":"https:\/\/naturvernforbundet.no\/telemark\/#breadcrumb"},"inLanguage":"nb-NO","potentialAction":[{"@type":"ReadAction","target":["https:\/\/naturvernforbundet.no\/telemark\/"]}]},{"@type":"ImageObject","inLanguage":"nb-NO","@id":"https:\/\/naturvernforbundet.no\/telemark\/#primaryimage","url":"https:\/\/naturvernforbundet.no\/content\/uploads\/sites\/18\/2022\/09\/Ramsas_gammelskog4-lite-scaled.jpg","contentUrl":"https:\/\/naturvernforbundet.no\/content\/uploads\/sites\/18\/2022\/09\/Ramsas_gammelskog4-lite-scaled.jpg","width":2560,"height":1707,"caption":"Gammelskog i Telemark"},{"@type":"BreadcrumbList","@id":"https:\/\/naturvernforbundet.no\/telemark\/#breadcrumb","itemListElement":[{"@type":"ListItem","position":1,"name":"Till naturvernforbundet.no","item":"https:\/\/naturvernforbundet.no\/"},{"@type":"ListItem","position":2,"name":"Telemark","item":"https:\/\/naturvernforbundet.no\/telemark\/"},{"@type":"ListItem","position":3,"name":"Forside"}]},{"@type":"WebSite","@id":"https:\/\/naturvernforbundet.no\/telemark\/#website","url":"https:\/\/naturvernforbundet.no\/telemark\/","name":"Telemark","description":"Bare enda et Naturvernforbundet Sites-nettsted","potentialAction":[{"@type":"SearchAction","target":{"@type":"EntryPoint","urlTemplate":"https:\/\/naturvernforbundet.no\/telemark\/?s={search_term_string}"},"query-input":{"@type":"PropertyValueSpecification","valueRequired":true,"valueName":"search_term_string"}}],"inLanguage":"nb-NO"}]}},"_links":{"self":[{"href":"https:\/\/naturvernforbundet.no\/telemark\/wp-json\/wp\/v2\/pages\/6","targetHints":{"allow":["GET"]}}],"collection":[{"href":"https:\/\/naturvernforbundet.no\/telemark\/wp-json\/wp\/v2\/pages"}],"about":[{"href":"https:\/\/naturvernforbundet.no\/telemark\/wp-json\/wp\/v2\/types\/page"}],"author":[{"embeddable":true,"href":"https:\/\/naturvernforbundet.no\/telemark\/wp-json\/wp\/v2\/users\/1"}],"replies":[{"embeddable":true,"href":"https:\/\/naturvernforbundet.no\/telemark\/wp-json\/wp\/v2\/comments?post=6"}],"version-history":[{"count":42,"href":"https:\/\/naturvernforbundet.no\/telemark\/wp-json\/wp\/v2\/pages\/6\/revisions"}],"predecessor-version":[{"id":939,"href":"https:\/\/naturvernforbundet.no\/telemark\/wp-json\/wp\/v2\/pages\/6\/revisions\/939"}],"wp:featuredmedia":[{"embeddable":true,"href":"https:\/\/naturvernforbundet.no\/telemark\/wp-json\/wp\/v2\/media\/18"}],"wp:attachment":[{"href":"https:\/\/naturvernforbundet.no\/telemark\/wp-json\/wp\/v2\/media?parent=6"}],"wp:term":[{"taxonomy":"category","embeddable":true,"href":"https:\/\/naturvernforbundet.no\/telemark\/wp-json\/wp\/v2\/categories?post=6"}],"curies":[{"name":"wp","href":"https:\/\/api.w.org\/{rel}","templated":true}]}}