{"id":179,"date":"2022-09-23T16:15:15","date_gmt":"2022-09-23T14:15:15","guid":{"rendered":"https:\/\/naturvernforbundet.no\/troms\/?page_id=179"},"modified":"2026-04-07T09:36:29","modified_gmt":"2026-04-07T07:36:29","slug":"om-fylkeslaget","status":"publish","type":"page","link":"https:\/\/naturvernforbundet.no\/troms\/om-fylkeslaget\/","title":{"rendered":"Om fylkeslaget"},"content":{"rendered":"\t<div class=\"template-page alignfull wp-block-naturvern-hero\">\n\t\t<div class=\"hero__inner\">\n\t\t\t<div class=\"hero__inner_blocks\">\n\t\t\t\t\t\t\t\t\n<h1 class=\"wp-block-post-title\">Om fylkeslaget<\/h1>\n\n\n<div class=\"wp-block-buttons is-layout-flex wp-block-buttons-is-layout-flex\">\n\n<\/div>\n\n\t\t\t<\/div>\n\t\t\t\t\t<\/div>\n\t\t\t<\/div>\n\t\n\n\n<h2 class=\"wp-block-heading\">Styret i Troms<\/h2>\n\n\n\n<p><strong>Naturvernforbundet i Troms<\/strong><br>Postboks 924, 9259 Troms\u00f8<br>Org.nr 971 400 811<br>Epost: <a href=\"mailto:troms@naturvernforbundet.no\">troms@naturvernforbundet.no<\/a><\/p>\n\n\n\n<p><strong>Styreleder:<\/strong><br>Anne- Lise Mortensen, Telefon 970 89 377<\/p>\n\n\n\n<p><strong>Styremedlemmer<\/strong>:<br><br>Per Inge Guneriussen<br><br>Inger Marie Holm<\/p>\n\n\n\n<p>\u00d8yvind Ravna<\/p>\n\n\n\n<p><strong>Varamedlemmer:<\/strong><br>Ragnhild Enoksen<br>Anne Nesbakken<br>Benedicte R\u00f8rholt<br>Barbara V\u00f6gele<\/p>\n\n\n\n<p><strong>Fylkessekret\u00e6r i 60% stilling (kassererarbeid inng\u00e5r i stillingen)<\/strong><br>Kristin Dahl<br>Telefon: 466 33 241  <br>epost: <a href=\"mailto:kd@naturvernforbundet.no\">kd@naturvernforbundet.no<\/a><\/p>\n\n\n\n<p><em>Ringetid: kl 10-16 p\u00e5 hverdager. Passer det ikke for deg? <\/em><br><em>Send meg en melding s\u00e5 kan vi avtale et annet tidspunkt. <\/em><\/p>\n\n\n\n<hr class=\"wp-block-separator has-alpha-channel-opacity\"\/>\n\n\n\n<p><strong><a href=\"https:\/\/naturvernforbundet.no\/troms\/lokallag\/nordreisa\/\" target=\"_blank\" rel=\"noreferrer noopener\">Naturvernforbundet i Nordreisa:<\/a><\/strong><br>Epost: <a href=\"mailto:nordreisa@naturvernforbundet.no\">nordreisa@naturvernforbundet.no<\/a><\/p>\n\n\n\n<p><strong>Leder<\/strong><br>Clemente Filippo<\/p>\n\n\n\n<p><strong>Styremedlemmer<\/strong>:<\/p>\n\n\n\n<p>Nina Storm (nestleder) <br><br>Belinda Charlotte Pettersen Vedal (kasserer)<\/p>\n\n\n\n<p>Gina Gjermundsen<br><br>Andreas Bakkehaug Mikalsen<\/p>\n\n\n\n<p>Gunhild Skogstad<\/p>\n\n\n\n<p><strong>Varamedlemmer:<\/strong><br>Ragnhild Enoksen<br>Christina Lund<br>Beate Rikardsen Jaatun<br>Geir Thomasjord <\/p>\n\n\n\n<hr class=\"wp-block-separator has-alpha-channel-opacity\"\/>\n\n\n\n<p><strong><a href=\"https:\/\/naturvernforbundet.no\/troms\/lokallag\/tromso-og-omegn\/\" target=\"_blank\" rel=\"noreferrer noopener\">Naturvernforbundet i Troms\u00f8 og omegn:<\/a><\/strong><br>Epost: <a href=\"mailto:tromso@naturvernforbundet.no\">tromso@naturvernforbundet.no<\/a><\/p>\n\n\n\n<p><strong>Leder<\/strong><br>Riikka Holopainen, Telefon: <\/p>\n\n\n\n<p><strong>Styremedlemmer:&nbsp;<\/strong><\/p>\n\n\n\n<p>Elina Hutton (nestleder)<\/p>\n\n\n\n<p>Megan Lenss (kasserer)<\/p>\n\n\n\n<p>Kirsten Ravna \u00d8stby (sekret\u00e6r)<\/p>\n\n\n\n<p>Silje Grotle Nilssen<\/p>\n\n\n\n<p>Mariann Mathisen<\/p>\n\n\n\n<p>Therese Svenning<\/p>\n\n\n\n<p>Maria Wilhelmsen Hoff<\/p>\n\n\n\n<p>Marit B. Mikkelsen<\/p>\n\n\n\n<p>Representant for Troms\u00f8 Natur og Ungdom<\/p>\n\n\n\n<p><strong>Varamedlemmer: <\/strong><br>Anne Nesbakken<br>Eirik Sandvik Halgunset<br>Sara Mesiti<br><br><\/p>\n\n\n\n<hr class=\"wp-block-separator has-alpha-channel-opacity\"\/>\n\n\n\n<p><strong><a href=\"https:\/\/naturvernforbundet.no\/troms\/lokallag\/midt-troms\/\" target=\"_blank\" rel=\"noreferrer noopener\">Naturvernforbundet i Midt-Troms:<\/a><\/strong><br>Epost: <a href=\"mailto:midt-troms@naturvernforbundet.no\">midt-troms@naturvernforbundet.no<\/a><\/p>\n\n\n\n<p><strong>Leder<\/strong><br>Roar J\u00f8rgensen, Telefon: 952 20 836<\/p>\n\n\n\n<p><strong>Styremedlemmer:&nbsp;<\/strong><\/p>\n\n\n\n<p>Anna S. Dalg\u00e5rd (nestleder)<\/p>\n\n\n\n<p>Benedicte R\u00f8rholt (kasserer)<\/p>\n\n\n\n<p>Tord Walderhaug<\/p>\n\n\n\n<p><strong>Varamedlemmer:<\/strong><br>Kirsti-Mette M. Solvang<br>Catrine Norvik<\/p>\n\n\n\n<hr class=\"wp-block-separator has-alpha-channel-opacity\"\/>\n\n\n\n<p><strong><a href=\"https:\/\/naturvernforbundet.no\/troms\/lokallag\/karlsoy\/\">Naturvernforbundet i Karls\u00f8y:<\/a><\/strong><br>Epost: <a href=\"mailto:karlsoy@naturvernforbundet.no\">karlsoy@naturvernforbundet.no<\/a><\/p>\n\n\n\n<p><strong>Leder<\/strong><br>Nils Putney Kvendseth, Telefon: 941 67 127<\/p>\n\n\n\n<p><strong>Styremedlemmer:<\/strong><\/p>\n\n\n\n<p>Trond Gaasland (kasserer)<\/p>\n\n\n\n<p>Hanne Nilsen<\/p>\n\n\n\n<p>Ibrahim Nilsen<br><br>Sjur Gabriel Eikemo Olsen<br><br>Kaisa-Wenche Vivisdatter<\/p>\n\n\n\n<hr class=\"wp-block-separator has-alpha-channel-opacity\"\/>\n\n\n\n<p><strong>Naturvernforbundet i<a href=\"https:\/\/naturvernforbundet.no\/troms\/lokallag\/karlsoy\/\"> <\/a>S\u00f8r-Troms<\/strong><br>Epost: <a href=\"mailto:karlsoy@naturvernforbundet.no\">sor-troms@naturvernforbun<\/a><a href=\"mailto:sor-troms@naturvernforbundet.no\">det.n<\/a><a href=\"mailto:karlsoy@naturvernforbundet.no\">o<\/a><\/p>\n\n\n\n<p><strong>Leder<\/strong><br>Kriss Rokkan Iversen, Telefon: <\/p>\n\n\n\n<p><strong>Styremedlemmer:<\/strong><\/p>\n\n\n\n<p>G\u00f8ril R\u00f8nnaug Sandvik (kasserer)<\/p>\n\n\n\n<p>Thomas Moen Johannessen<\/p>\n\n\n\n<h2 class=\"wp-block-heading\">Arkiv \u00e5rsm\u00f8tedokumenter<\/h2>\n\n\n\n<p><a href=\"https:\/\/naturvernforbundet.no\/troms\/arkiv-arsmotedokumenter\/\">Klikk her for \u00e5 finne dokumenter fra tidligere \u00e5rsm\u00f8ter.<\/a><\/p>\n","protected":false},"excerpt":{"rendered":"","protected":false},"author":257,"featured_media":0,"parent":0,"menu_order":0,"comment_status":"closed","ping_status":"closed","template":"","meta":{"_relevanssi_hide_post":"","_relevanssi_hide_content":"","_relevanssi_pin_for_all":"","_relevanssi_pin_keywords":"","_relevanssi_unpin_keywords":"","_relevanssi_related_keywords":"","_relevanssi_related_include_ids":"","_relevanssi_related_exclude_ids":"","_relevanssi_related_no_append":"","_relevanssi_related_not_related":"","_relevanssi_related_posts":"28,90,912,220,382,229","_relevanssi_noindex_reason":"","hide_logo":false,"footnotes":""},"categories":[],"class_list":["post-179","page","type-page","status-publish","hentry"],"acf":[],"yoast_head":"<!-- This site is optimized with the Yoast SEO plugin v24.9 - https:\/\/yoast.com\/wordpress\/plugins\/seo\/ -->\n<title>Om fylkeslaget - Troms<\/title>\n<meta name=\"robots\" content=\"index, follow, max-snippet:-1, max-image-preview:large, max-video-preview:-1\" \/>\n<link rel=\"canonical\" href=\"https:\/\/naturvernforbundet.no\/troms\/om-fylkeslaget\/\" \/>\n<meta property=\"og:locale\" content=\"nb_NO\" \/>\n<meta property=\"og:type\" content=\"article\" \/>\n<meta property=\"og:title\" content=\"Om fylkeslaget - Troms\" \/>\n<meta property=\"og:url\" content=\"https:\/\/naturvernforbundet.no\/troms\/om-fylkeslaget\/\" \/>\n<meta property=\"og:site_name\" content=\"Troms\" \/>\n<meta property=\"article:modified_time\" content=\"2026-04-07T07:36:29+00:00\" \/>\n<meta name=\"twitter:card\" content=\"summary_large_image\" \/>\n<meta name=\"twitter:label1\" content=\"Ansl. lesetid\" \/>\n\t<meta name=\"twitter:data1\" content=\"2 minutter\" \/>\n<script type=\"application\/ld+json\" class=\"yoast-schema-graph\">{\"@context\":\"https:\/\/schema.org\",\"@graph\":[{\"@type\":\"WebPage\",\"@id\":\"https:\/\/naturvernforbundet.no\/troms\/om-fylkeslaget\/\",\"url\":\"https:\/\/naturvernforbundet.no\/troms\/om-fylkeslaget\/\",\"name\":\"Om fylkeslaget - Troms\",\"isPartOf\":{\"@id\":\"https:\/\/naturvernforbundet.no\/troms\/#website\"},\"datePublished\":\"2022-09-23T14:15:15+00:00\",\"dateModified\":\"2026-04-07T07:36:29+00:00\",\"breadcrumb\":{\"@id\":\"https:\/\/naturvernforbundet.no\/troms\/om-fylkeslaget\/#breadcrumb\"},\"inLanguage\":\"nb-NO\",\"potentialAction\":[{\"@type\":\"ReadAction\",\"target\":[\"https:\/\/naturvernforbundet.no\/troms\/om-fylkeslaget\/\"]}]},{\"@type\":\"BreadcrumbList\",\"@id\":\"https:\/\/naturvernforbundet.no\/troms\/om-fylkeslaget\/#breadcrumb\",\"itemListElement\":[{\"@type\":\"ListItem\",\"position\":1,\"name\":\"Till naturvernforbundet.no\",\"item\":\"https:\/\/naturvernforbundet.no\/\"},{\"@type\":\"ListItem\",\"position\":2,\"name\":\"Troms\",\"item\":\"https:\/\/naturvernforbundet.no\/troms\/\"},{\"@type\":\"ListItem\",\"position\":3,\"name\":\"Om fylkeslaget\"}]},{\"@type\":\"WebSite\",\"@id\":\"https:\/\/naturvernforbundet.no\/troms\/#website\",\"url\":\"https:\/\/naturvernforbundet.no\/troms\/\",\"name\":\"Troms\",\"description\":\"Bare enda et Naturvernforbundet Sites-nettsted\",\"potentialAction\":[{\"@type\":\"SearchAction\",\"target\":{\"@type\":\"EntryPoint\",\"urlTemplate\":\"https:\/\/naturvernforbundet.no\/troms\/?s={search_term_string}\"},\"query-input\":{\"@type\":\"PropertyValueSpecification\",\"valueRequired\":true,\"valueName\":\"search_term_string\"}}],\"inLanguage\":\"nb-NO\"}]}<\/script>\n<!-- \/ Yoast SEO plugin. -->","yoast_head_json":{"title":"Om fylkeslaget - Troms","robots":{"index":"index","follow":"follow","max-snippet":"max-snippet:-1","max-image-preview":"max-image-preview:large","max-video-preview":"max-video-preview:-1"},"canonical":"https:\/\/naturvernforbundet.no\/troms\/om-fylkeslaget\/","og_locale":"nb_NO","og_type":"article","og_title":"Om fylkeslaget - Troms","og_url":"https:\/\/naturvernforbundet.no\/troms\/om-fylkeslaget\/","og_site_name":"Troms","article_modified_time":"2026-04-07T07:36:29+00:00","twitter_card":"summary_large_image","twitter_misc":{"Ansl. lesetid":"2 minutter"},"schema":{"@context":"https:\/\/schema.org","@graph":[{"@type":"WebPage","@id":"https:\/\/naturvernforbundet.no\/troms\/om-fylkeslaget\/","url":"https:\/\/naturvernforbundet.no\/troms\/om-fylkeslaget\/","name":"Om fylkeslaget - Troms","isPartOf":{"@id":"https:\/\/naturvernforbundet.no\/troms\/#website"},"datePublished":"2022-09-23T14:15:15+00:00","dateModified":"2026-04-07T07:36:29+00:00","breadcrumb":{"@id":"https:\/\/naturvernforbundet.no\/troms\/om-fylkeslaget\/#breadcrumb"},"inLanguage":"nb-NO","potentialAction":[{"@type":"ReadAction","target":["https:\/\/naturvernforbundet.no\/troms\/om-fylkeslaget\/"]}]},{"@type":"BreadcrumbList","@id":"https:\/\/naturvernforbundet.no\/troms\/om-fylkeslaget\/#breadcrumb","itemListElement":[{"@type":"ListItem","position":1,"name":"Till naturvernforbundet.no","item":"https:\/\/naturvernforbundet.no\/"},{"@type":"ListItem","position":2,"name":"Troms","item":"https:\/\/naturvernforbundet.no\/troms\/"},{"@type":"ListItem","position":3,"name":"Om fylkeslaget"}]},{"@type":"WebSite","@id":"https:\/\/naturvernforbundet.no\/troms\/#website","url":"https:\/\/naturvernforbundet.no\/troms\/","name":"Troms","description":"Bare enda et Naturvernforbundet Sites-nettsted","potentialAction":[{"@type":"SearchAction","target":{"@type":"EntryPoint","urlTemplate":"https:\/\/naturvernforbundet.no\/troms\/?s={search_term_string}"},"query-input":{"@type":"PropertyValueSpecification","valueRequired":true,"valueName":"search_term_string"}}],"inLanguage":"nb-NO"}]}},"_links":{"self":[{"href":"https:\/\/naturvernforbundet.no\/troms\/wp-json\/wp\/v2\/pages\/179","targetHints":{"allow":["GET"]}}],"collection":[{"href":"https:\/\/naturvernforbundet.no\/troms\/wp-json\/wp\/v2\/pages"}],"about":[{"href":"https:\/\/naturvernforbundet.no\/troms\/wp-json\/wp\/v2\/types\/page"}],"author":[{"embeddable":true,"href":"https:\/\/naturvernforbundet.no\/troms\/wp-json\/wp\/v2\/users\/257"}],"replies":[{"embeddable":true,"href":"https:\/\/naturvernforbundet.no\/troms\/wp-json\/wp\/v2\/comments?post=179"}],"version-history":[{"count":101,"href":"https:\/\/naturvernforbundet.no\/troms\/wp-json\/wp\/v2\/pages\/179\/revisions"}],"predecessor-version":[{"id":6392,"href":"https:\/\/naturvernforbundet.no\/troms\/wp-json\/wp\/v2\/pages\/179\/revisions\/6392"}],"wp:attachment":[{"href":"https:\/\/naturvernforbundet.no\/troms\/wp-json\/wp\/v2\/media?parent=179"}],"wp:term":[{"taxonomy":"category","embeddable":true,"href":"https:\/\/naturvernforbundet.no\/troms\/wp-json\/wp\/v2\/categories?post=179"}],"curies":[{"name":"wp","href":"https:\/\/api.w.org\/{rel}","templated":true}]}}