{"id":3295,"date":"2025-03-05T11:22:37","date_gmt":"2025-03-05T10:22:37","guid":{"rendered":"https:\/\/naturvernforbundet.no\/troms\/?page_id=3295"},"modified":"2026-01-13T15:18:33","modified_gmt":"2026-01-13T14:18:33","slug":"aktivitet-i-media","status":"publish","type":"page","link":"https:\/\/naturvernforbundet.no\/troms\/aktivitet-i-media\/","title":{"rendered":"Aktivitet i media"},"content":{"rendered":"\t<div class=\"template-page alignfull is-style-green wp-block-naturvern-hero\">\n\t\t<div class=\"hero__inner\">\n\t\t\t<div class=\"hero__inner_blocks\">\n\t\t\t\t\t\t\t\t\n<h1 class=\"wp-block-post-title\">Aktivitet i media<\/h1>\n\n\n<p>Her finner dere alle publiserte kronikker fra Naturvernforbundet i Troms&nbsp;og v\u00e5re lokallag. <\/p>\n\n\t\t\t<\/div>\n\t\t\t\t\t<\/div>\n\t\t\t<\/div>\n\t\n\n\n<h2 class=\"wp-block-heading\">2025<\/h2>\n\n\n\n<div class=\"wp-block-buttons is-layout-flex wp-block-buttons-is-layout-flex\">\n<div class=\"wp-block-button is-style-outline is-style-outline--1\"><a class=\"wp-block-button__link wp-element-button\" href=\"https:\/\/naturvernforbundet.no\/troms\/en-naering-ute-av-kontroll\/\">22.11.25 &#8211; En n\u00e6ring ute av kontroll<\/a><\/div>\n<\/div>\n\n\n\n<div class=\"wp-block-buttons is-layout-flex wp-block-buttons-is-layout-flex\">\n<div class=\"wp-block-button is-style-outline is-style-outline--2\"><a class=\"wp-block-button__link wp-element-button\" href=\"https:\/\/naturvernforbundet.no\/troms\/nord%e2%80%91norge-trenger-folk-og-natur-ikke-luftslott\/\">03.11.25 &#8211; Nord\u2011Norge trenger folk og natur \u2013 ikke luftslott<\/a><\/div>\n<\/div>\n\n\n\n<div class=\"wp-block-buttons is-layout-flex wp-block-buttons-is-layout-flex\">\n<div class=\"wp-block-button is-style-outline is-style-outline--3\"><a class=\"wp-block-button__link wp-element-button\" href=\"https:\/\/naturvernforbundet.no\/troms\/solneset-ma-vernes-naturen-kan-ikke-mekles-bort\/\">26.09.25 &#8211; Solneset m\u00e5 vernes \u2013 naturen kan ikke mekles bort<\/a><\/div>\n<\/div>\n\n\n\n<div class=\"wp-block-buttons is-layout-flex wp-block-buttons-is-layout-flex\">\n<div class=\"wp-block-button is-style-outline is-style-outline--4\"><a class=\"wp-block-button__link wp-element-button\" href=\"https:\/\/naturvernforbundet.no\/troms\/stans-oljejakten-i-barentshavet\/\">13.08.25 &#8211; Stans oljejakten i Barentshavet<\/a><\/div>\n<\/div>\n\n\n\n<div class=\"wp-block-buttons is-layout-flex wp-block-buttons-is-layout-flex\">\n<div class=\"wp-block-button is-style-outline is-style-outline--5\"><a class=\"wp-block-button__link wp-element-button\" href=\"https:\/\/naturvernforbundet.no\/troms\/norges-raeste-bakkelop-igjen\/\">21.05.25 &#8211; Norges r\u00e5este bakkel\u00f8p, igjen &#8211; Midt-Troms<\/a><\/div>\n<\/div>\n\n\n\n<div class=\"wp-block-buttons is-layout-flex wp-block-buttons-is-layout-flex\">\n<div class=\"wp-block-button is-style-outline is-style-outline--6\"><a class=\"wp-block-button__link wp-element-button\" href=\"https:\/\/naturvernforbundet.no\/troms\/vindkraft-i-omasvarri-strupfjellet\/\">15.05.25 &#8211; Vindkraft i Omasv\u00e1rri\/Strupfjellet<\/a><\/div>\n<\/div>\n\n\n\n<div class=\"wp-block-buttons is-layout-flex wp-block-buttons-is-layout-flex\">\n<div class=\"wp-block-button is-style-outline is-style-outline--7\"><a class=\"wp-block-button__link wp-element-button\" href=\"https:\/\/naturvernforbundet.no\/troms\/paradokset-melkoya\/\">25.04.25 &#8211; Paradokset Melk\u00f8ya &#8211; Troms\u00f8 og Omegn<\/a><\/div>\n<\/div>\n\n\n\n<div class=\"wp-block-buttons is-layout-flex wp-block-buttons-is-layout-flex\">\n<div class=\"wp-block-button is-style-outline is-style-outline--8\"><a class=\"wp-block-button__link wp-element-button\" href=\"https:\/\/naturvernforbundet.no\/troms\/naturvernforbundet-sier-nei-til-torskeoppdrett\/\">12.04.25 &#8211; Naturvernforbundet sier nei til torskeoppdrett!<\/a><\/div>\n<\/div>\n\n\n\n<div class=\"wp-block-buttons is-layout-flex wp-block-buttons-is-layout-flex\">\n<div class=\"wp-block-button is-style-outline is-style-outline--9\"><a class=\"wp-block-button__link wp-element-button\" href=\"https:\/\/naturvernforbundet.no\/troms\/hva-er-ditt-standpunkt-stortingspolitiker-fra-troms\/\">09.04.25 &#8211; Hva er ditt standpunkt, stortingspolitiker fra Troms?<\/a><\/div>\n<\/div>\n\n\n\n<div class=\"wp-block-buttons is-layout-flex wp-block-buttons-is-layout-flex\">\n<div class=\"wp-block-button is-style-outline is-style-outline--10\"><a class=\"wp-block-button__link wp-element-button\" href=\"https:\/\/naturvernforbundet.no\/troms\/hoyre-sjekk-hovedsikringa-for-lofoten-vesteralen-og-senja\/\">19.02.25 &#8211; H\u00f8yre \u2013 sjekk hovedsikringa for Lofoten, Vester\u00e5len og Senja! &#8211; Midt-Troms<\/a><\/div>\n<\/div>\n\n\n\n<div class=\"wp-block-buttons is-layout-flex wp-block-buttons-is-layout-flex\">\n<div class=\"wp-block-button is-style-outline is-style-outline--11\"><a class=\"wp-block-button__link has-text-align-left wp-element-button\" href=\"https:\/\/naturvernforbundet.no\/troms\/ingen-utbygging-i-tromsomarka\/\">02.01.25 &#8211; Aksepterer vi at det siste store naturomr\u00e5det p\u00e5 Troms\u00f8ya nedbygges?<\/a><\/div>\n<\/div>\n\n\n\n<h2 class=\"wp-block-heading\">2024<\/h2>\n\n\n\n<div class=\"wp-block-buttons is-layout-flex wp-block-buttons-is-layout-flex\">\n<div class=\"wp-block-button is-style-outline is-style-outline--12\"><a class=\"wp-block-button__link has-text-align-left wp-element-button\" href=\"https:\/\/naturvernforbundet.no\/troms\/advarer-mot-oppdrettsokning-talegrensen-er-nadd-for-nord-troms\/\">03.10.24 &#8211; Advarer mot oppdretts\u00f8kning.  t\u00e5legrensen er n\u00e5dd for Nord-Troms! <\/a><\/div>\n<\/div>\n\n\n\n<div class=\"wp-block-buttons is-layout-flex wp-block-buttons-is-layout-flex\">\n<div class=\"wp-block-button is-style-outline is-style-outline--13\"><a class=\"wp-block-button__link has-text-align-center wp-element-button\" href=\"https:\/\/naturvernforbundet.no\/troms\/wp-admin\/post.php?post=3322&amp;action=edit\">27.06.24 &#8211; Fallitterkl\u00e6ring fra kommunestyret i Lyngen kommune<\/a><\/div>\n<\/div>\n\n\n\n<div class=\"wp-block-buttons is-layout-flex wp-block-buttons-is-layout-flex\">\n<div class=\"wp-block-button is-style-outline is-style-outline--14\"><a class=\"wp-block-button__link wp-element-button\" href=\"https:\/\/naturvernforbundet.no\/troms\/vil-regjeringen-rydde-opp-langs-kysten\/\">10.06.24 &#8211; Vil regjeringen rydde opp langs kysten?<\/a><\/div>\n<\/div>\n\n\n\n<p><\/p>\n","protected":false},"excerpt":{"rendered":"","protected":false},"author":390,"featured_media":2890,"parent":0,"menu_order":0,"comment_status":"closed","ping_status":"closed","template":"","meta":{"_relevanssi_hide_post":"","_relevanssi_hide_content":"","_relevanssi_pin_for_all":"","_relevanssi_pin_keywords":"","_relevanssi_unpin_keywords":"","_relevanssi_related_keywords":"","_relevanssi_related_include_ids":"","_relevanssi_related_exclude_ids":"","_relevanssi_related_no_append":"","_relevanssi_related_not_related":"","_relevanssi_related_posts":"163,208,43,844,212,203","_relevanssi_noindex_reason":"","hide_logo":false,"footnotes":""},"categories":[79],"class_list":["post-3295","page","type-page","status-publish","has-post-thumbnail","hentry","category-aktivitet-i-media"],"acf":[],"yoast_head":"<!-- This site is optimized with the Yoast SEO plugin v24.9 - https:\/\/yoast.com\/wordpress\/plugins\/seo\/ -->\n<title>Aktivitet i media - Troms<\/title>\n<meta name=\"robots\" content=\"index, follow, max-snippet:-1, max-image-preview:large, max-video-preview:-1\" \/>\n<link rel=\"canonical\" href=\"https:\/\/naturvernforbundet.no\/troms\/aktivitet-i-media\/\" \/>\n<meta property=\"og:locale\" content=\"nb_NO\" \/>\n<meta property=\"og:type\" content=\"article\" \/>\n<meta property=\"og:title\" content=\"Aktivitet i media - Troms\" \/>\n<meta property=\"og:url\" content=\"https:\/\/naturvernforbundet.no\/troms\/aktivitet-i-media\/\" \/>\n<meta property=\"og:site_name\" content=\"Troms\" \/>\n<meta property=\"article:modified_time\" content=\"2026-01-13T14:18:33+00:00\" \/>\n<meta property=\"og:image\" content=\"https:\/\/naturvernforbundet.no\/content\/uploads\/sites\/20\/2024\/12\/NNV-Troms-HiRes-8302-scaled.jpg\" \/>\n\t<meta property=\"og:image:width\" content=\"2560\" \/>\n\t<meta property=\"og:image:height\" content=\"1440\" \/>\n\t<meta property=\"og:image:type\" content=\"image\/jpeg\" \/>\n<meta name=\"twitter:card\" content=\"summary_large_image\" \/>\n<meta name=\"twitter:label1\" content=\"Ansl. lesetid\" \/>\n\t<meta name=\"twitter:data1\" content=\"1 minutt\" \/>\n<script type=\"application\/ld+json\" class=\"yoast-schema-graph\">{\"@context\":\"https:\/\/schema.org\",\"@graph\":[{\"@type\":\"WebPage\",\"@id\":\"https:\/\/naturvernforbundet.no\/troms\/aktivitet-i-media\/\",\"url\":\"https:\/\/naturvernforbundet.no\/troms\/aktivitet-i-media\/\",\"name\":\"Aktivitet i media - Troms\",\"isPartOf\":{\"@id\":\"https:\/\/naturvernforbundet.no\/troms\/#website\"},\"primaryImageOfPage\":{\"@id\":\"https:\/\/naturvernforbundet.no\/troms\/aktivitet-i-media\/#primaryimage\"},\"image\":{\"@id\":\"https:\/\/naturvernforbundet.no\/troms\/aktivitet-i-media\/#primaryimage\"},\"thumbnailUrl\":\"https:\/\/naturvernforbundet.no\/content\/uploads\/sites\/20\/2024\/12\/NNV-Troms-HiRes-8302-scaled.jpg\",\"datePublished\":\"2025-03-05T10:22:37+00:00\",\"dateModified\":\"2026-01-13T14:18:33+00:00\",\"breadcrumb\":{\"@id\":\"https:\/\/naturvernforbundet.no\/troms\/aktivitet-i-media\/#breadcrumb\"},\"inLanguage\":\"nb-NO\",\"potentialAction\":[{\"@type\":\"ReadAction\",\"target\":[\"https:\/\/naturvernforbundet.no\/troms\/aktivitet-i-media\/\"]}]},{\"@type\":\"ImageObject\",\"inLanguage\":\"nb-NO\",\"@id\":\"https:\/\/naturvernforbundet.no\/troms\/aktivitet-i-media\/#primaryimage\",\"url\":\"https:\/\/naturvernforbundet.no\/content\/uploads\/sites\/20\/2024\/12\/NNV-Troms-HiRes-8302-scaled.jpg\",\"contentUrl\":\"https:\/\/naturvernforbundet.no\/content\/uploads\/sites\/20\/2024\/12\/NNV-Troms-HiRes-8302-scaled.jpg\",\"width\":2560,\"height\":1440},{\"@type\":\"BreadcrumbList\",\"@id\":\"https:\/\/naturvernforbundet.no\/troms\/aktivitet-i-media\/#breadcrumb\",\"itemListElement\":[{\"@type\":\"ListItem\",\"position\":1,\"name\":\"Till naturvernforbundet.no\",\"item\":\"https:\/\/naturvernforbundet.no\/\"},{\"@type\":\"ListItem\",\"position\":2,\"name\":\"Troms\",\"item\":\"https:\/\/naturvernforbundet.no\/troms\/\"},{\"@type\":\"ListItem\",\"position\":3,\"name\":\"Aktivitet i media\"}]},{\"@type\":\"WebSite\",\"@id\":\"https:\/\/naturvernforbundet.no\/troms\/#website\",\"url\":\"https:\/\/naturvernforbundet.no\/troms\/\",\"name\":\"Troms\",\"description\":\"Bare enda et Naturvernforbundet Sites-nettsted\",\"potentialAction\":[{\"@type\":\"SearchAction\",\"target\":{\"@type\":\"EntryPoint\",\"urlTemplate\":\"https:\/\/naturvernforbundet.no\/troms\/?s={search_term_string}\"},\"query-input\":{\"@type\":\"PropertyValueSpecification\",\"valueRequired\":true,\"valueName\":\"search_term_string\"}}],\"inLanguage\":\"nb-NO\"}]}<\/script>\n<!-- \/ Yoast SEO plugin. -->","yoast_head_json":{"title":"Aktivitet i media - Troms","robots":{"index":"index","follow":"follow","max-snippet":"max-snippet:-1","max-image-preview":"max-image-preview:large","max-video-preview":"max-video-preview:-1"},"canonical":"https:\/\/naturvernforbundet.no\/troms\/aktivitet-i-media\/","og_locale":"nb_NO","og_type":"article","og_title":"Aktivitet i media - Troms","og_url":"https:\/\/naturvernforbundet.no\/troms\/aktivitet-i-media\/","og_site_name":"Troms","article_modified_time":"2026-01-13T14:18:33+00:00","og_image":[{"width":2560,"height":1440,"url":"https:\/\/naturvernforbundet.no\/content\/uploads\/sites\/20\/2024\/12\/NNV-Troms-HiRes-8302-scaled.jpg","type":"image\/jpeg"}],"twitter_card":"summary_large_image","twitter_misc":{"Ansl. lesetid":"1 minutt"},"schema":{"@context":"https:\/\/schema.org","@graph":[{"@type":"WebPage","@id":"https:\/\/naturvernforbundet.no\/troms\/aktivitet-i-media\/","url":"https:\/\/naturvernforbundet.no\/troms\/aktivitet-i-media\/","name":"Aktivitet i media - Troms","isPartOf":{"@id":"https:\/\/naturvernforbundet.no\/troms\/#website"},"primaryImageOfPage":{"@id":"https:\/\/naturvernforbundet.no\/troms\/aktivitet-i-media\/#primaryimage"},"image":{"@id":"https:\/\/naturvernforbundet.no\/troms\/aktivitet-i-media\/#primaryimage"},"thumbnailUrl":"https:\/\/naturvernforbundet.no\/content\/uploads\/sites\/20\/2024\/12\/NNV-Troms-HiRes-8302-scaled.jpg","datePublished":"2025-03-05T10:22:37+00:00","dateModified":"2026-01-13T14:18:33+00:00","breadcrumb":{"@id":"https:\/\/naturvernforbundet.no\/troms\/aktivitet-i-media\/#breadcrumb"},"inLanguage":"nb-NO","potentialAction":[{"@type":"ReadAction","target":["https:\/\/naturvernforbundet.no\/troms\/aktivitet-i-media\/"]}]},{"@type":"ImageObject","inLanguage":"nb-NO","@id":"https:\/\/naturvernforbundet.no\/troms\/aktivitet-i-media\/#primaryimage","url":"https:\/\/naturvernforbundet.no\/content\/uploads\/sites\/20\/2024\/12\/NNV-Troms-HiRes-8302-scaled.jpg","contentUrl":"https:\/\/naturvernforbundet.no\/content\/uploads\/sites\/20\/2024\/12\/NNV-Troms-HiRes-8302-scaled.jpg","width":2560,"height":1440},{"@type":"BreadcrumbList","@id":"https:\/\/naturvernforbundet.no\/troms\/aktivitet-i-media\/#breadcrumb","itemListElement":[{"@type":"ListItem","position":1,"name":"Till naturvernforbundet.no","item":"https:\/\/naturvernforbundet.no\/"},{"@type":"ListItem","position":2,"name":"Troms","item":"https:\/\/naturvernforbundet.no\/troms\/"},{"@type":"ListItem","position":3,"name":"Aktivitet i media"}]},{"@type":"WebSite","@id":"https:\/\/naturvernforbundet.no\/troms\/#website","url":"https:\/\/naturvernforbundet.no\/troms\/","name":"Troms","description":"Bare enda et Naturvernforbundet Sites-nettsted","potentialAction":[{"@type":"SearchAction","target":{"@type":"EntryPoint","urlTemplate":"https:\/\/naturvernforbundet.no\/troms\/?s={search_term_string}"},"query-input":{"@type":"PropertyValueSpecification","valueRequired":true,"valueName":"search_term_string"}}],"inLanguage":"nb-NO"}]}},"_links":{"self":[{"href":"https:\/\/naturvernforbundet.no\/troms\/wp-json\/wp\/v2\/pages\/3295","targetHints":{"allow":["GET"]}}],"collection":[{"href":"https:\/\/naturvernforbundet.no\/troms\/wp-json\/wp\/v2\/pages"}],"about":[{"href":"https:\/\/naturvernforbundet.no\/troms\/wp-json\/wp\/v2\/types\/page"}],"author":[{"embeddable":true,"href":"https:\/\/naturvernforbundet.no\/troms\/wp-json\/wp\/v2\/users\/390"}],"replies":[{"embeddable":true,"href":"https:\/\/naturvernforbundet.no\/troms\/wp-json\/wp\/v2\/comments?post=3295"}],"version-history":[{"count":52,"href":"https:\/\/naturvernforbundet.no\/troms\/wp-json\/wp\/v2\/pages\/3295\/revisions"}],"predecessor-version":[{"id":5955,"href":"https:\/\/naturvernforbundet.no\/troms\/wp-json\/wp\/v2\/pages\/3295\/revisions\/5955"}],"wp:featuredmedia":[{"embeddable":true,"href":"https:\/\/naturvernforbundet.no\/troms\/wp-json\/wp\/v2\/media\/2890"}],"wp:attachment":[{"href":"https:\/\/naturvernforbundet.no\/troms\/wp-json\/wp\/v2\/media?parent=3295"}],"wp:term":[{"taxonomy":"category","embeddable":true,"href":"https:\/\/naturvernforbundet.no\/troms\/wp-json\/wp\/v2\/categories?post=3295"}],"curies":[{"name":"wp","href":"https:\/\/api.w.org\/{rel}","templated":true}]}}