{"id":460,"date":"2023-04-17T12:46:28","date_gmt":"2023-04-17T10:46:28","guid":{"rendered":"https:\/\/naturvernforbundet.no\/troms\/?page_id=460"},"modified":"2024-07-25T18:33:04","modified_gmt":"2024-07-25T16:33:04","slug":"fiske-og-oppdrett","status":"publish","type":"page","link":"https:\/\/naturvernforbundet.no\/troms\/fiske-og-oppdrett\/","title":{"rendered":"Fiske og oppdrett"},"content":{"rendered":"\t<div class=\"template-page has-media alignfull wp-block-naturvern-hero\">\n\t\t<div class=\"hero__inner\">\n\t\t\t<div class=\"hero__inner_blocks\">\n\t\t\t\t\t\t\t\t\n<h1 class=\"wp-block-post-title\">Fiske og oppdrett<\/h1>\n\n\n<p>Fiske&nbsp;har alltid v\u00e6rt det viktigste livsgrunnlaget p\u00e5 kysten og i fjordene i Troms. Oppdrett krever en stadig st\u00f8rre del av kyst- og fjordarealene. <\/p>\n\n\n\n<div class=\"wp-block-buttons is-layout-flex wp-block-buttons-is-layout-flex\"><\/div>\n\n\t\t\t<\/div>\n\t\t\t\t\t<\/div>\n\t\t\t\t\t<div class=\"hero__image\">\n\t\t\t\t\t\t\t\t\t\t<img fetchpriority=\"high\" decoding=\"async\" width=\"1920\" height=\"1280\" src=\"https:\/\/naturvernforbundet.no\/content\/uploads\/sites\/20\/2018\/06\/Toktbilde-1920x1280.jpg\" class=\"attachment-ultra size-ultra\" alt=\"\" style=\"object-position: 50% 50%;\" loading=\"eager\" srcset=\"https:\/\/naturvernforbundet.no\/content\/uploads\/sites\/20\/2018\/06\/Toktbilde-1920x1280.jpg 1920w, https:\/\/naturvernforbundet.no\/content\/uploads\/sites\/20\/2018\/06\/Toktbilde-300x200.jpg 300w, https:\/\/naturvernforbundet.no\/content\/uploads\/sites\/20\/2018\/06\/Toktbilde-1024x683.jpg 1024w, https:\/\/naturvernforbundet.no\/content\/uploads\/sites\/20\/2018\/06\/Toktbilde-768x512.jpg 768w, https:\/\/naturvernforbundet.no\/content\/uploads\/sites\/20\/2018\/06\/Toktbilde-1536x1024.jpg 1536w, https:\/\/naturvernforbundet.no\/content\/uploads\/sites\/20\/2018\/06\/Toktbilde-2048x1365.jpg 2048w\" sizes=\"(max-width: 1920px) 100vw, 1920px\" \/>\t\t\t\t\t\t<\/div>\n\t\t\t<\/div>\n\t\n\n\n<h2 class=\"wp-block-heading\">Nyeste innlegg om fiske og oppdrett i Troms<\/h2>\n\n\n\n<div class=\"wp-block-group alignwide is-style-green-light is-layout-constrained wp-block-group-is-layout-constrained\"><div class=\"t2-featured-content-layout alignwide alignwide wp-block-t2-featured-content-layout\">\n<div class=\"t2-featured-query-post t2-featured-content is-post-type-post category-fiske-og-oppdrett category-nyheter wp-block-t2-featured-query-post\"><a class=\"t2-post-link wp-block-t2-post-link\" href=\"https:\/\/naturvernforbundet.no\/troms\/__trashed-2\/\">\n<figure style=\"--t2-focal-point: 50% 50%;\" class=\"t2-post-featured-image has-image-ratio-4-3 wp-block-t2-post-featured-image\"><img loading=\"lazy\" decoding=\"async\" width=\"1200\" height=\"704\" src=\"https:\/\/naturvernforbundet.no\/content\/uploads\/sites\/20\/2025\/11\/Natur-i-nord_Helge-markusson_red-1200x704-1.webp\" class=\"attachment-post-thumbnail size-post-thumbnail wp-post-image\" alt=\"\" srcset=\"https:\/\/naturvernforbundet.no\/content\/uploads\/sites\/20\/2025\/11\/Natur-i-nord_Helge-markusson_red-1200x704-1.webp 1200w, https:\/\/naturvernforbundet.no\/content\/uploads\/sites\/20\/2025\/11\/Natur-i-nord_Helge-markusson_red-1200x704-1-300x176.webp 300w, https:\/\/naturvernforbundet.no\/content\/uploads\/sites\/20\/2025\/11\/Natur-i-nord_Helge-markusson_red-1200x704-1-1024x601.webp 1024w, https:\/\/naturvernforbundet.no\/content\/uploads\/sites\/20\/2025\/11\/Natur-i-nord_Helge-markusson_red-1200x704-1-768x451.webp 768w\" sizes=\"auto, (max-width: 1200px) 100vw, 1200px\" \/><\/figure>\n\n<div class=\"wp-block-group alignfull is-layout-flow wp-block-group-is-layout-flow\">\n\t<h2 class=\"t2-post-title wp-block-t2-post-title\">Natur i Nord 2025 &#8211; Fremtidens kystsone: planlegging med kunnskap i sentrum<\/h2>\n\t<p class=\"wp-block-naturvern-post-excerpt\">\u2013 \u00c5rets konferanse \u00f8nsket velkommen til rekordmange deltagere i R\u00f8dbankens festsal, og dagen var fylt av spennende presentasjoner og hyggelige samtaler.<\/p>\n\t\t<div class=\"wp-block-naturvern-post-meta\">\n\t\t\t\t\t<span class=\"cat\">\n\t\t\t\t\t\t\t\t\t<span><span class=\"tag-link\" data-href=\"https:\/\/naturvernforbundet.no\/troms\/category\/fiske-og-oppdrett\/\">Fiske og oppdrett<\/span><\/span>\n\t\t\t\t\t\t\t\t\t<span><span class=\"tag-link\" data-href=\"https:\/\/naturvernforbundet.no\/troms\/category\/nyheter\/\">Nyheter<\/span><\/span>\n\t\t\t\t\t\t\t<\/span>\n\t\t\t\t\t\t\t<span class=\"date\">28.11.2025<\/span>\n\t\t\t<\/div>\n\t\n<\/div>\n\n<\/a>\n<\/div>\n\n<div class=\"t2-featured-query-post t2-featured-content is-post-type-post category-fiske-og-oppdrett category-nyheter local-midt-troms wp-block-t2-featured-query-post\"><a class=\"t2-post-link wp-block-t2-post-link\" href=\"https:\/\/naturvernforbundet.no\/troms\/sarbare-naturtyper-i-senja-trues-av-akvakultur\/\">\n<figure style=\"--t2-focal-point: 50% 50%;\" class=\"t2-post-featured-image has-image-ratio-4-3 wp-block-t2-post-featured-image\"><img loading=\"lazy\" decoding=\"async\" width=\"944\" height=\"534\" src=\"https:\/\/naturvernforbundet.no\/content\/uploads\/sites\/20\/2025\/09\/Arnesgrunnen_Rodspette-pa-ruglbunn_20250913.jpg\" class=\"attachment-post-thumbnail size-post-thumbnail wp-post-image\" alt=\"\" srcset=\"https:\/\/naturvernforbundet.no\/content\/uploads\/sites\/20\/2025\/09\/Arnesgrunnen_Rodspette-pa-ruglbunn_20250913.jpg 944w, https:\/\/naturvernforbundet.no\/content\/uploads\/sites\/20\/2025\/09\/Arnesgrunnen_Rodspette-pa-ruglbunn_20250913-300x170.jpg 300w, https:\/\/naturvernforbundet.no\/content\/uploads\/sites\/20\/2025\/09\/Arnesgrunnen_Rodspette-pa-ruglbunn_20250913-768x434.jpg 768w\" sizes=\"auto, (max-width: 944px) 100vw, 944px\" \/><\/figure>\n\n<div class=\"wp-block-group alignfull is-layout-flow wp-block-group-is-layout-flow\">\n\t<h2 class=\"t2-post-title wp-block-t2-post-title\">S\u00e5rbare naturtyper i Senja trues av akvakultur<\/h2>\n\t<p class=\"wp-block-naturvern-post-excerpt\">Naturvernforbundet Midt-Troms har unders\u00f8kt flere naturtyper, som tareskog og ruglbunn, p\u00e5 grunt vann p\u00e5 \u00c5rnesgrunnen og utenfor Lekangsund i Senja kommune. Ruglbunn er en viktig naturtype som kan bli sterkt p\u00e5virket i begge omr\u00e5dene hvis lokalitetene rett utenfor blir omdisponert til akvakultur.<\/p>\n\t\t<div class=\"wp-block-naturvern-post-meta\">\n\t\t\t\t\t<span class=\"cat\">\n\t\t\t\t\t\t\t\t\t<span><span class=\"tag-link\" data-href=\"https:\/\/naturvernforbundet.no\/troms\/category\/fiske-og-oppdrett\/\">Fiske og oppdrett<\/span><\/span>\n\t\t\t\t\t\t\t\t\t<span><span class=\"tag-link\" data-href=\"https:\/\/naturvernforbundet.no\/troms\/category\/nyheter\/\">Nyheter<\/span><\/span>\n\t\t\t\t\t\t\t<\/span>\n\t\t\t\t\t\t\t<span class=\"date\">25.10.2025<\/span>\n\t\t\t<\/div>\n\t\n<\/div>\n\n<\/a>\n<\/div>\n\n<div class=\"t2-featured-query-post t2-featured-content is-post-type-post category-fiske-og-oppdrett category-nyheter local-tromso-og-omegn wp-block-t2-featured-query-post\"><a class=\"t2-post-link wp-block-t2-post-link\" href=\"https:\/\/naturvernforbundet.no\/troms\/hav-i-endring-historier-fra-under-overflaten\/\">\n<figure style=\"--t2-focal-point: 50% 50%;\" class=\"t2-post-featured-image has-image-ratio-4-3 wp-block-t2-post-featured-image\"><img loading=\"lazy\" decoding=\"async\" width=\"2560\" height=\"1707\" src=\"https:\/\/naturvernforbundet.no\/content\/uploads\/sites\/20\/2025\/08\/53A2866-scaled.jpg\" class=\"attachment-post-thumbnail size-post-thumbnail wp-post-image\" alt=\"\" srcset=\"https:\/\/naturvernforbundet.no\/content\/uploads\/sites\/20\/2025\/08\/53A2866-scaled.jpg 2560w, https:\/\/naturvernforbundet.no\/content\/uploads\/sites\/20\/2025\/08\/53A2866-300x200.jpg 300w, https:\/\/naturvernforbundet.no\/content\/uploads\/sites\/20\/2025\/08\/53A2866-1024x683.jpg 1024w, https:\/\/naturvernforbundet.no\/content\/uploads\/sites\/20\/2025\/08\/53A2866-768x512.jpg 768w, https:\/\/naturvernforbundet.no\/content\/uploads\/sites\/20\/2025\/08\/53A2866-1536x1024.jpg 1536w, https:\/\/naturvernforbundet.no\/content\/uploads\/sites\/20\/2025\/08\/53A2866-2048x1366.jpg 2048w, https:\/\/naturvernforbundet.no\/content\/uploads\/sites\/20\/2025\/08\/53A2866-1920x1281.jpg 1920w\" sizes=\"auto, (max-width: 2560px) 100vw, 2560px\" \/><\/figure>\n\n<div class=\"wp-block-group alignfull is-layout-flow wp-block-group-is-layout-flow\">\n\t<h2 class=\"t2-post-title wp-block-t2-post-title\">Hav i endring &#8211; historier fra under overflaten<\/h2>\n\t<p class=\"wp-block-naturvern-post-excerpt\">\u2013 Fullt hus ble det jammen p\u00e5 Uthuset 27. august og de oppm\u00f8tte koste seg med boller og brus til foredrag og film!<\/p>\n\t\t<div class=\"wp-block-naturvern-post-meta\">\n\t\t\t\t\t<span class=\"cat\">\n\t\t\t\t\t\t\t\t\t<span><span class=\"tag-link\" data-href=\"https:\/\/naturvernforbundet.no\/troms\/category\/fiske-og-oppdrett\/\">Fiske og oppdrett<\/span><\/span>\n\t\t\t\t\t\t\t\t\t<span><span class=\"tag-link\" data-href=\"https:\/\/naturvernforbundet.no\/troms\/category\/nyheter\/\">Nyheter<\/span><\/span>\n\t\t\t\t\t\t\t<\/span>\n\t\t\t\t\t\t\t<span class=\"date\">31.08.2025<\/span>\n\t\t\t<\/div>\n\t\n<\/div>\n\n<\/a>\n<\/div>\n\n<div class=\"t2-featured-query-post t2-featured-content is-post-type-post category-aktivitet-i-media category-fiske-og-oppdrett category-nyheter category-olje-og-gass category-vindkraft local-midt-troms wp-block-t2-featured-query-post\"><a class=\"t2-post-link wp-block-t2-post-link\" href=\"https:\/\/naturvernforbundet.no\/troms\/inntrykk-fra-husoydagan-2025\/\">\n<figure style=\"--t2-focal-point: 50% 50%;\" class=\"t2-post-featured-image has-image-ratio-4-3 wp-block-t2-post-featured-image\"><img loading=\"lazy\" decoding=\"async\" width=\"2560\" height=\"1920\" src=\"https:\/\/naturvernforbundet.no\/content\/uploads\/sites\/20\/2025\/08\/IMG_3206.HEIC_-scaled.jpeg\" class=\"attachment-post-thumbnail size-post-thumbnail wp-post-image\" alt=\"\" srcset=\"https:\/\/naturvernforbundet.no\/content\/uploads\/sites\/20\/2025\/08\/IMG_3206.HEIC_-scaled.jpeg 2560w, https:\/\/naturvernforbundet.no\/content\/uploads\/sites\/20\/2025\/08\/IMG_3206.HEIC_-300x225.jpeg 300w, https:\/\/naturvernforbundet.no\/content\/uploads\/sites\/20\/2025\/08\/IMG_3206.HEIC_-1024x768.jpeg 1024w, https:\/\/naturvernforbundet.no\/content\/uploads\/sites\/20\/2025\/08\/IMG_3206.HEIC_-768x576.jpeg 768w, https:\/\/naturvernforbundet.no\/content\/uploads\/sites\/20\/2025\/08\/IMG_3206.HEIC_-1536x1152.jpeg 1536w, https:\/\/naturvernforbundet.no\/content\/uploads\/sites\/20\/2025\/08\/IMG_3206.HEIC_-2048x1536.jpeg 2048w, https:\/\/naturvernforbundet.no\/content\/uploads\/sites\/20\/2025\/08\/IMG_3206.HEIC_-1920x1440.jpeg 1920w\" sizes=\"auto, (max-width: 2560px) 100vw, 2560px\" \/><\/figure>\n\n<div class=\"wp-block-group alignfull is-layout-flow wp-block-group-is-layout-flow\">\n\t<h2 class=\"t2-post-title wp-block-t2-post-title\">Inntrykk fra Hus\u00f8ydagan 2025<\/h2>\n\t<p class=\"wp-block-naturvern-post-excerpt\">Vi benyttet sjansen til \u00e5 orientere folk om arbeidet til Naturvernforbundet lokalt og nasjonalt.<\/p>\n\t\t<div class=\"wp-block-naturvern-post-meta\">\n\t\t\t\t\t<span class=\"cat\">\n\t\t\t\t\t\t\t\t\t<span><span class=\"tag-link\" data-href=\"https:\/\/naturvernforbundet.no\/troms\/category\/aktivitet-i-media\/\">Aktivitet i media<\/span><\/span>\n\t\t\t\t\t\t\t\t\t<span><span class=\"tag-link\" data-href=\"https:\/\/naturvernforbundet.no\/troms\/category\/fiske-og-oppdrett\/\">Fiske og oppdrett<\/span><\/span>\n\t\t\t\t\t\t\t\t\t<span><span class=\"tag-link\" data-href=\"https:\/\/naturvernforbundet.no\/troms\/category\/nyheter\/\">Nyheter<\/span><\/span>\n\t\t\t\t\t\t\t\t\t<span><span class=\"tag-link\" data-href=\"https:\/\/naturvernforbundet.no\/troms\/category\/olje-og-gass\/\">Olje og gass<\/span><\/span>\n\t\t\t\t\t\t\t\t\t<span><span class=\"tag-link\" data-href=\"https:\/\/naturvernforbundet.no\/troms\/category\/vindkraft\/\">Vindkraft<\/span><\/span>\n\t\t\t\t\t\t\t<\/span>\n\t\t\t\t\t\t\t<span class=\"date\">15.08.2025<\/span>\n\t\t\t<\/div>\n\t\n<\/div>\n\n<\/a>\n<\/div>\n\n<div class=\"t2-featured-query-post t2-featured-content is-post-type-post category-fiske-og-oppdrett category-uttalelser tag-fiskeri tag-kampen-for-kysten tag-lyngen tag-oppdrett wp-block-t2-featured-query-post\"><a class=\"t2-post-link wp-block-t2-post-link\" href=\"https:\/\/naturvernforbundet.no\/troms\/vi-har-levert-klage-pa-et-dispensasjonsvedtak-for-havbrukslokalitet-vedstrandbergan-i-lyngen-kommune\/\">\n<figure style=\"--t2-focal-point: 50% 50%;\" class=\"t2-post-featured-image has-image-ratio-4-3 wp-block-t2-post-featured-image\"><img loading=\"lazy\" decoding=\"async\" width=\"744\" height=\"586\" src=\"https:\/\/naturvernforbundet.no\/content\/uploads\/sites\/20\/2025\/05\/Skjermbilde-2025-05-16-kl.-16.34.48.png\" class=\"attachment-post-thumbnail size-post-thumbnail wp-post-image\" alt=\"\" srcset=\"https:\/\/naturvernforbundet.no\/content\/uploads\/sites\/20\/2025\/05\/Skjermbilde-2025-05-16-kl.-16.34.48.png 744w, https:\/\/naturvernforbundet.no\/content\/uploads\/sites\/20\/2025\/05\/Skjermbilde-2025-05-16-kl.-16.34.48-300x236.png 300w\" sizes=\"auto, (max-width: 744px) 100vw, 744px\" \/><\/figure>\n\n<div class=\"wp-block-group alignfull is-layout-flow wp-block-group-is-layout-flow\">\n\t<h2 class=\"t2-post-title wp-block-t2-post-title\">Vi har f\u00e5tt medhold i v\u00e5r klage p\u00e5 et dispensasjonsvedtak for havbrukslokalitet i Lyngen kommune!<\/h2>\n\t<p class=\"wp-block-naturvern-post-excerpt\">&#8211; Vi mener vedtaket til kommunen om \u00e5 innvilge dispensasjon bygger p\u00e5 en feil vurdering av vilk\u00e5ret som gjelder hensynene som skal ivaretas. Illustrasjonen som f\u00f8lger saksdokumentene gir slik sett et godt bilde p\u00e5 dette:<\/p>\n\t\t<div class=\"wp-block-naturvern-post-meta\">\n\t\t\t\t\t<span class=\"cat\">\n\t\t\t\t\t\t\t\t\t<span><span class=\"tag-link\" data-href=\"https:\/\/naturvernforbundet.no\/troms\/category\/fiske-og-oppdrett\/\">Fiske og oppdrett<\/span><\/span>\n\t\t\t\t\t\t\t\t\t<span><span class=\"tag-link\" data-href=\"https:\/\/naturvernforbundet.no\/troms\/category\/uttalelser\/\">Uttalelser<\/span><\/span>\n\t\t\t\t\t\t\t<\/span>\n\t\t\t\t\t\t\t<span class=\"date\">16.05.2025<\/span>\n\t\t\t<\/div>\n\t\n<\/div>\n\n<\/a>\n<\/div>\n\n<div class=\"t2-featured-query-post t2-featured-content is-post-type-post category-aktivitet-i-media category-fiske-og-oppdrett category-uttalelser tag-fiskeri tag-kampen-for-kysten tag-oppdrett wp-block-t2-featured-query-post\"><a class=\"t2-post-link wp-block-t2-post-link\" href=\"https:\/\/naturvernforbundet.no\/troms\/naturvernforbundet-sier-nei-til-torskeoppdrett\/\">\n<figure style=\"--t2-focal-point: 50% 50%;\" class=\"t2-post-featured-image has-image-ratio-4-3 wp-block-t2-post-featured-image\"><img loading=\"lazy\" decoding=\"async\" width=\"640\" height=\"480\" src=\"https:\/\/naturvernforbundet.no\/content\/uploads\/sites\/20\/2025\/04\/466127b0-2d06-458e-b83a-42ec74157f65.jpeg\" class=\"attachment-post-thumbnail size-post-thumbnail wp-post-image\" alt=\"\" srcset=\"https:\/\/naturvernforbundet.no\/content\/uploads\/sites\/20\/2025\/04\/466127b0-2d06-458e-b83a-42ec74157f65.jpeg 640w, https:\/\/naturvernforbundet.no\/content\/uploads\/sites\/20\/2025\/04\/466127b0-2d06-458e-b83a-42ec74157f65-300x225.jpeg 300w\" sizes=\"auto, (max-width: 640px) 100vw, 640px\" \/><\/figure>\n\n<div class=\"wp-block-group alignfull is-layout-flow wp-block-group-is-layout-flow\">\n\t<h2 class=\"t2-post-title wp-block-t2-post-title\">Naturvernforbundet sier nei til torskeoppdrett!<\/h2>\n\t<p class=\"wp-block-naturvern-post-excerpt\"><\/p>\n\t\t<div class=\"wp-block-naturvern-post-meta\">\n\t\t\t\t\t<span class=\"cat\">\n\t\t\t\t\t\t\t\t\t<span><span class=\"tag-link\" data-href=\"https:\/\/naturvernforbundet.no\/troms\/category\/aktivitet-i-media\/\">Aktivitet i media<\/span><\/span>\n\t\t\t\t\t\t\t\t\t<span><span class=\"tag-link\" data-href=\"https:\/\/naturvernforbundet.no\/troms\/category\/fiske-og-oppdrett\/\">Fiske og oppdrett<\/span><\/span>\n\t\t\t\t\t\t\t\t\t<span><span class=\"tag-link\" data-href=\"https:\/\/naturvernforbundet.no\/troms\/category\/uttalelser\/\">Uttalelser<\/span><\/span>\n\t\t\t\t\t\t\t<\/span>\n\t\t\t\t\t\t\t<span class=\"date\">14.04.2025<\/span>\n\t\t\t<\/div>\n\t\n<\/div>\n\n<\/a>\n<\/div>\n<\/div>\n\n\n<div class=\"wp-block-buttons is-layout-flex wp-block-buttons-is-layout-flex\">\n<div class=\"wp-block-button is-style-outline is-style-outline--1\"><a class=\"wp-block-button__link wp-element-button\" href=\"https:\/\/naturvernforbundet.no\/troms\/category\/fiske-og-oppdrett\/\"><strong>Alle innlegg om fiske og oppdrett<\/strong><\/a><\/div>\n<\/div>\n<\/div>\n","protected":false},"excerpt":{"rendered":"","protected":false},"author":158,"featured_media":0,"parent":0,"menu_order":0,"comment_status":"closed","ping_status":"closed","template":"","meta":{"_relevanssi_hide_post":"","_relevanssi_hide_content":"","_relevanssi_pin_for_all":"","_relevanssi_pin_keywords":"","_relevanssi_unpin_keywords":"","_relevanssi_related_keywords":"","_relevanssi_related_include_ids":"","_relevanssi_related_exclude_ids":"","_relevanssi_related_no_append":"","_relevanssi_related_not_related":"","_relevanssi_related_posts":"71,275,77,64,23,29","_relevanssi_noindex_reason":"","hide_logo":false,"footnotes":""},"categories":[],"class_list":["post-460","page","type-page","status-publish","hentry"],"acf":[],"yoast_head":"<!-- This site is optimized with the Yoast SEO plugin v24.9 - https:\/\/yoast.com\/wordpress\/plugins\/seo\/ -->\n<title>Fiske og oppdrett - Troms<\/title>\n<meta name=\"robots\" content=\"index, follow, max-snippet:-1, max-image-preview:large, max-video-preview:-1\" \/>\n<link rel=\"canonical\" href=\"https:\/\/naturvernforbundet.no\/troms\/fiske-og-oppdrett\/\" \/>\n<meta property=\"og:locale\" content=\"nb_NO\" \/>\n<meta property=\"og:type\" content=\"article\" \/>\n<meta property=\"og:title\" content=\"Fiske og oppdrett - Troms\" \/>\n<meta property=\"og:url\" content=\"https:\/\/naturvernforbundet.no\/troms\/fiske-og-oppdrett\/\" \/>\n<meta property=\"og:site_name\" content=\"Troms\" \/>\n<meta property=\"article:modified_time\" content=\"2024-07-25T16:33:04+00:00\" \/>\n<meta name=\"twitter:card\" content=\"summary_large_image\" \/>\n<meta name=\"twitter:label1\" content=\"Ansl. lesetid\" \/>\n\t<meta name=\"twitter:data1\" content=\"1 minutt\" \/>\n<script type=\"application\/ld+json\" class=\"yoast-schema-graph\">{\"@context\":\"https:\/\/schema.org\",\"@graph\":[{\"@type\":\"WebPage\",\"@id\":\"https:\/\/naturvernforbundet.no\/troms\/fiske-og-oppdrett\/\",\"url\":\"https:\/\/naturvernforbundet.no\/troms\/fiske-og-oppdrett\/\",\"name\":\"Fiske og oppdrett - Troms\",\"isPartOf\":{\"@id\":\"https:\/\/naturvernforbundet.no\/troms\/#website\"},\"datePublished\":\"2023-04-17T10:46:28+00:00\",\"dateModified\":\"2024-07-25T16:33:04+00:00\",\"breadcrumb\":{\"@id\":\"https:\/\/naturvernforbundet.no\/troms\/fiske-og-oppdrett\/#breadcrumb\"},\"inLanguage\":\"nb-NO\",\"potentialAction\":[{\"@type\":\"ReadAction\",\"target\":[\"https:\/\/naturvernforbundet.no\/troms\/fiske-og-oppdrett\/\"]}]},{\"@type\":\"BreadcrumbList\",\"@id\":\"https:\/\/naturvernforbundet.no\/troms\/fiske-og-oppdrett\/#breadcrumb\",\"itemListElement\":[{\"@type\":\"ListItem\",\"position\":1,\"name\":\"Till naturvernforbundet.no\",\"item\":\"https:\/\/naturvernforbundet.no\/\"},{\"@type\":\"ListItem\",\"position\":2,\"name\":\"Troms\",\"item\":\"https:\/\/naturvernforbundet.no\/troms\/\"},{\"@type\":\"ListItem\",\"position\":3,\"name\":\"Fiske og oppdrett\"}]},{\"@type\":\"WebSite\",\"@id\":\"https:\/\/naturvernforbundet.no\/troms\/#website\",\"url\":\"https:\/\/naturvernforbundet.no\/troms\/\",\"name\":\"Troms\",\"description\":\"Bare enda et Naturvernforbundet Sites-nettsted\",\"potentialAction\":[{\"@type\":\"SearchAction\",\"target\":{\"@type\":\"EntryPoint\",\"urlTemplate\":\"https:\/\/naturvernforbundet.no\/troms\/?s={search_term_string}\"},\"query-input\":{\"@type\":\"PropertyValueSpecification\",\"valueRequired\":true,\"valueName\":\"search_term_string\"}}],\"inLanguage\":\"nb-NO\"}]}<\/script>\n<!-- \/ Yoast SEO plugin. -->","yoast_head_json":{"title":"Fiske og oppdrett - Troms","robots":{"index":"index","follow":"follow","max-snippet":"max-snippet:-1","max-image-preview":"max-image-preview:large","max-video-preview":"max-video-preview:-1"},"canonical":"https:\/\/naturvernforbundet.no\/troms\/fiske-og-oppdrett\/","og_locale":"nb_NO","og_type":"article","og_title":"Fiske og oppdrett - Troms","og_url":"https:\/\/naturvernforbundet.no\/troms\/fiske-og-oppdrett\/","og_site_name":"Troms","article_modified_time":"2024-07-25T16:33:04+00:00","twitter_card":"summary_large_image","twitter_misc":{"Ansl. lesetid":"1 minutt"},"schema":{"@context":"https:\/\/schema.org","@graph":[{"@type":"WebPage","@id":"https:\/\/naturvernforbundet.no\/troms\/fiske-og-oppdrett\/","url":"https:\/\/naturvernforbundet.no\/troms\/fiske-og-oppdrett\/","name":"Fiske og oppdrett - Troms","isPartOf":{"@id":"https:\/\/naturvernforbundet.no\/troms\/#website"},"datePublished":"2023-04-17T10:46:28+00:00","dateModified":"2024-07-25T16:33:04+00:00","breadcrumb":{"@id":"https:\/\/naturvernforbundet.no\/troms\/fiske-og-oppdrett\/#breadcrumb"},"inLanguage":"nb-NO","potentialAction":[{"@type":"ReadAction","target":["https:\/\/naturvernforbundet.no\/troms\/fiske-og-oppdrett\/"]}]},{"@type":"BreadcrumbList","@id":"https:\/\/naturvernforbundet.no\/troms\/fiske-og-oppdrett\/#breadcrumb","itemListElement":[{"@type":"ListItem","position":1,"name":"Till naturvernforbundet.no","item":"https:\/\/naturvernforbundet.no\/"},{"@type":"ListItem","position":2,"name":"Troms","item":"https:\/\/naturvernforbundet.no\/troms\/"},{"@type":"ListItem","position":3,"name":"Fiske og oppdrett"}]},{"@type":"WebSite","@id":"https:\/\/naturvernforbundet.no\/troms\/#website","url":"https:\/\/naturvernforbundet.no\/troms\/","name":"Troms","description":"Bare enda et Naturvernforbundet Sites-nettsted","potentialAction":[{"@type":"SearchAction","target":{"@type":"EntryPoint","urlTemplate":"https:\/\/naturvernforbundet.no\/troms\/?s={search_term_string}"},"query-input":{"@type":"PropertyValueSpecification","valueRequired":true,"valueName":"search_term_string"}}],"inLanguage":"nb-NO"}]}},"_links":{"self":[{"href":"https:\/\/naturvernforbundet.no\/troms\/wp-json\/wp\/v2\/pages\/460","targetHints":{"allow":["GET"]}}],"collection":[{"href":"https:\/\/naturvernforbundet.no\/troms\/wp-json\/wp\/v2\/pages"}],"about":[{"href":"https:\/\/naturvernforbundet.no\/troms\/wp-json\/wp\/v2\/types\/page"}],"author":[{"embeddable":true,"href":"https:\/\/naturvernforbundet.no\/troms\/wp-json\/wp\/v2\/users\/158"}],"replies":[{"embeddable":true,"href":"https:\/\/naturvernforbundet.no\/troms\/wp-json\/wp\/v2\/comments?post=460"}],"version-history":[{"count":2,"href":"https:\/\/naturvernforbundet.no\/troms\/wp-json\/wp\/v2\/pages\/460\/revisions"}],"predecessor-version":[{"id":1448,"href":"https:\/\/naturvernforbundet.no\/troms\/wp-json\/wp\/v2\/pages\/460\/revisions\/1448"}],"wp:attachment":[{"href":"https:\/\/naturvernforbundet.no\/troms\/wp-json\/wp\/v2\/media?parent=460"}],"wp:term":[{"taxonomy":"category","embeddable":true,"href":"https:\/\/naturvernforbundet.no\/troms\/wp-json\/wp\/v2\/categories?post=460"}],"curies":[{"name":"wp","href":"https:\/\/api.w.org\/{rel}","templated":true}]}}