{"id":491,"date":"2023-04-18T15:25:30","date_gmt":"2023-04-18T13:25:30","guid":{"rendered":"https:\/\/naturvernforbundet.no\/troms\/?page_id=491"},"modified":"2024-07-25T18:49:06","modified_gmt":"2024-07-25T16:49:06","slug":"gruvedrift","status":"publish","type":"page","link":"https:\/\/naturvernforbundet.no\/troms\/gruvedrift\/","title":{"rendered":"Gruvedrift"},"content":{"rendered":"\t<div class=\"template-page has-media alignfull wp-block-naturvern-hero\">\n\t\t<div class=\"hero__inner\">\n\t\t\t<div class=\"hero__inner_blocks\">\n\t\t\t\t\t\t\t\t\n<h1 class=\"wp-block-post-title\">Gruvedrift<\/h1>\n\n\n<p>Gruvedrift gir oss nyttige metaller og mineraler, men skaper ogs\u00e5 store milj\u00f8problemer p\u00e5 grunn av naturinngrep, forurensning og avfallsproblematikk. <\/p>\n\n\n\n<div class=\"wp-block-buttons is-layout-flex wp-block-buttons-is-layout-flex\"><\/div>\n\n\t\t\t<\/div>\n\t\t\t\t\t<\/div>\n\t\t\t\t\t<div class=\"hero__image\">\n\t\t\t\t\t\t\t\t\t\t<img fetchpriority=\"high\" decoding=\"async\" width=\"950\" height=\"713\" src=\"https:\/\/naturvernforbundet.no\/content\/uploads\/sites\/20\/2022\/05\/thumbnail_IMG-7036.jpg2028fullscreen29.jpg\" class=\"attachment-ultra size-ultra\" alt=\"\" style=\"object-position: 43% 5%;\" loading=\"eager\" srcset=\"https:\/\/naturvernforbundet.no\/content\/uploads\/sites\/20\/2022\/05\/thumbnail_IMG-7036.jpg2028fullscreen29.jpg 950w, https:\/\/naturvernforbundet.no\/content\/uploads\/sites\/20\/2022\/05\/thumbnail_IMG-7036.jpg2028fullscreen29-300x225.jpg 300w, https:\/\/naturvernforbundet.no\/content\/uploads\/sites\/20\/2022\/05\/thumbnail_IMG-7036.jpg2028fullscreen29-768x576.jpg 768w\" sizes=\"(max-width: 950px) 100vw, 950px\" \/>\t\t\t\t\t\t<\/div>\n\t\t\t<\/div>\n\t\n\n\n<h2 class=\"wp-block-heading\">Gruvedrift kan ogs\u00e5 v\u00e6re en trussel mot naturbaserte n\u00e6ringer som fiske og reindrift.<\/h2>\n\n\n<ul class=\"t2-link-list has-1-items has-auto-columns wp-block-t2-link-list\">\n\t<li class=\"t2-link-list-item wp-block-t2-link-list-item\">\n\t\t<a\n\t\t\thref=\"https:\/\/naturvernforbundet.no\/gruvedrift\/\"\n\t\t\tclass=\"t2-link-list-item__link t2-link-list__icon--left\"\n\t\t\trel=\"noreferrer noopener\" target=\"_blank\"\t\t>\n\t\t\t<span class=\"t2-link-list-item__icon\"><span class=\"t2-link-list-item__icon-box\"><\/span><svg xmlns=\"http:\/\/www.w3.org\/2000\/svg\" viewBox=\"0 0 24 24\" height=\"24\" width=\"24\" class=\"t2-icon t2-icon-linkexternal\" aria-hidden=\"true\" focusable=\"false\"><path d=\"M5 21c-.5 0-1-.2-1.4-.6S3 19.6 3 19V5c0-.6.2-1 .6-1.4S4.5 3 5 3h6c.3 0 .5.1.7.3.2.2.3.4.3.7 0 .3-.1.5-.3.7-.2.2-.4.3-.7.3H5v14h14v-6c0-.3.1-.5.3-.7.2-.2.4-.3.7-.3s.5.1.7.3c.2.2.3.4.3.7v6c0 .6-.2 1-.6 1.4s-.8.6-1.4.6H5zm4-6c-.2-.2-.3-.4-.3-.7s.1-.5.3-.7L17.6 5H15c-.3 0-.5-.1-.7-.3-.2-.2-.3-.4-.3-.7 0-.3.1-.5.3-.7.2-.2.4-.3.7-.3h5c.3 0 .5.1.7.3.2.2.3.4.3.7v5c0 .3-.1.5-.3.7-.2.2-.4.3-.7.3s-.5-.1-.7-.3c-.2-.2-.3-.4-.3-.7V6.4L10.4 15c-.2.2-.4.3-.7.3s-.5-.1-.7-.3z\"\/><\/svg><\/span>\t\t\t<div class=\"t2-link-list-item__content\">\n\n\t\t\t\t\n\t\t\t\t<span class=\"t2-link-list-item__text\">\n\t\t\t\t\tGruvedrift\t\t\t\t<\/span>\n\t\t\t\t\t\t\t<\/div>\n\t\t<\/a>\n\t<\/li>\n\t\n<\/ul>\n\n\n<h2 class=\"wp-block-heading\">Nyeste innlegg om gruvedrift i Troms<\/h2>\n\n\n\n<div class=\"wp-block-group alignwide is-style-green-light is-layout-constrained wp-block-group-is-layout-constrained\"><div class=\"t2-featured-content-layout alignwide alignwide wp-block-t2-featured-content-layout\">\n<div class=\"t2-featured-query-post t2-featured-content is-post-type-post category-fiske-og-oppdrett category-forbruk category-gruvedrift category-nyheter category-olje-og-gass category-troms-romssa-luonddugahttenlihttu category-vindkraft wp-block-t2-featured-query-post\"><a class=\"t2-post-link wp-block-t2-post-link\" href=\"https:\/\/naturvernforbundet.no\/troms\/sangen-skal-bare-en-innertier-fra-ragnar-olsen-om-miljokrisa\/\">\n<figure style=\"--t2-focal-point: 50% 50%;\" class=\"t2-post-featured-image has-image-ratio-4-3 wp-block-t2-post-featured-image\"><img loading=\"lazy\" decoding=\"async\" width=\"1920\" height=\"1439\" src=\"https:\/\/naturvernforbundet.no\/content\/uploads\/sites\/20\/2024\/05\/Ragnar-co-i-Kysten-studio-22.4.jpg\" class=\"attachment-post-thumbnail size-post-thumbnail wp-post-image\" alt=\"\" srcset=\"https:\/\/naturvernforbundet.no\/content\/uploads\/sites\/20\/2024\/05\/Ragnar-co-i-Kysten-studio-22.4.jpg 1920w, https:\/\/naturvernforbundet.no\/content\/uploads\/sites\/20\/2024\/05\/Ragnar-co-i-Kysten-studio-22.4-300x225.jpg 300w, https:\/\/naturvernforbundet.no\/content\/uploads\/sites\/20\/2024\/05\/Ragnar-co-i-Kysten-studio-22.4-1024x767.jpg 1024w, https:\/\/naturvernforbundet.no\/content\/uploads\/sites\/20\/2024\/05\/Ragnar-co-i-Kysten-studio-22.4-768x576.jpg 768w, https:\/\/naturvernforbundet.no\/content\/uploads\/sites\/20\/2024\/05\/Ragnar-co-i-Kysten-studio-22.4-1536x1151.jpg 1536w\" sizes=\"auto, (max-width: 1920px) 100vw, 1920px\" \/><\/figure>\n\n<div class=\"wp-block-group alignfull is-layout-flow wp-block-group-is-layout-flow\">\n\t<h2 class=\"t2-post-title wp-block-t2-post-title\">Sangen &laquo;Skal bare&raquo; &#8211; en innertier fra Ragnar Olsen om milj\u00f8krisa!<\/h2>\n\t<p class=\"wp-block-naturvern-post-excerpt\">Det er Jon-Arne J\u00f8rstads minnefond som har finansiert innspillinga, et fond initiert av Naturvernforbundet Troms.<\/p>\n\t\t<div class=\"wp-block-naturvern-post-meta\">\n\t\t\t\t\t<span class=\"cat\">\n\t\t\t\t\t\t\t\t\t<span><span class=\"tag-link\" data-href=\"https:\/\/naturvernforbundet.no\/troms\/category\/fiske-og-oppdrett\/\">Fiske og oppdrett<\/span><\/span>\n\t\t\t\t\t\t\t\t\t<span><span class=\"tag-link\" data-href=\"https:\/\/naturvernforbundet.no\/troms\/category\/forbruk\/\">Forbruk<\/span><\/span>\n\t\t\t\t\t\t\t\t\t<span><span class=\"tag-link\" data-href=\"https:\/\/naturvernforbundet.no\/troms\/category\/gruvedrift\/\">Gruvedrift<\/span><\/span>\n\t\t\t\t\t\t\t\t\t<span><span class=\"tag-link\" data-href=\"https:\/\/naturvernforbundet.no\/troms\/category\/nyheter\/\">Nyheter<\/span><\/span>\n\t\t\t\t\t\t\t\t\t<span><span class=\"tag-link\" data-href=\"https:\/\/naturvernforbundet.no\/troms\/category\/olje-og-gass\/\">Olje og gass<\/span><\/span>\n\t\t\t\t\t\t\t\t\t<span><span class=\"tag-link\" data-href=\"https:\/\/naturvernforbundet.no\/troms\/category\/troms-romssa-luonddugahttenlihttu\/\">Troms &#8211; Romssa luonddug\u00e1httenlihttu<\/span><\/span>\n\t\t\t\t\t\t\t\t\t<span><span class=\"tag-link\" data-href=\"https:\/\/naturvernforbundet.no\/troms\/category\/vindkraft\/\">Vindkraft<\/span><\/span>\n\t\t\t\t\t\t\t<\/span>\n\t\t\t\t\t\t\t<span class=\"date\">15.05.2024<\/span>\n\t\t\t<\/div>\n\t\n<\/div>\n\n<\/a>\n<\/div>\n\n<div class=\"t2-featured-query-post t2-featured-content is-post-type-post category-gruvedrift category-nyheter wp-block-t2-featured-query-post\"><a class=\"t2-post-link wp-block-t2-post-link\" href=\"https:\/\/naturvernforbundet.no\/troms\/26-02-medlemsmote-naturvernforbundet-troms-fordefjordsaken-og-vannforvaltning\/\">\n<figure style=\"--t2-focal-point: 50% 50%;\" class=\"t2-post-featured-image has-image-ratio-4-3 wp-block-t2-post-featured-image\"><img loading=\"lazy\" decoding=\"async\" width=\"2048\" height=\"1366\" src=\"https:\/\/naturvernforbundet.no\/content\/uploads\/sites\/20\/2024\/02\/Mudderbunnsjorose_Fordefjorden_Erling-Svensen.jpg\" class=\"attachment-post-thumbnail size-post-thumbnail wp-post-image\" alt=\"\" srcset=\"https:\/\/naturvernforbundet.no\/content\/uploads\/sites\/20\/2024\/02\/Mudderbunnsjorose_Fordefjorden_Erling-Svensen.jpg 2048w, https:\/\/naturvernforbundet.no\/content\/uploads\/sites\/20\/2024\/02\/Mudderbunnsjorose_Fordefjorden_Erling-Svensen-300x200.jpg 300w, https:\/\/naturvernforbundet.no\/content\/uploads\/sites\/20\/2024\/02\/Mudderbunnsjorose_Fordefjorden_Erling-Svensen-1024x683.jpg 1024w, https:\/\/naturvernforbundet.no\/content\/uploads\/sites\/20\/2024\/02\/Mudderbunnsjorose_Fordefjorden_Erling-Svensen-768x512.jpg 768w, https:\/\/naturvernforbundet.no\/content\/uploads\/sites\/20\/2024\/02\/Mudderbunnsjorose_Fordefjorden_Erling-Svensen-1536x1025.jpg 1536w, https:\/\/naturvernforbundet.no\/content\/uploads\/sites\/20\/2024\/02\/Mudderbunnsjorose_Fordefjorden_Erling-Svensen-1920x1281.jpg 1920w\" sizes=\"auto, (max-width: 2048px) 100vw, 2048px\" \/><\/figure>\n\n<div class=\"wp-block-group alignfull is-layout-flow wp-block-group-is-layout-flow\">\n\t<h2 class=\"t2-post-title wp-block-t2-post-title\">26.02 Medlemsm\u00f8te Naturvernforbundet Troms- F\u00f8rdefjordsaken og vannforvaltning<\/h2>\n\t<p class=\"wp-block-naturvern-post-excerpt\">Bli med p\u00e5 \u00e5rets f\u00f8rste medlemsm\u00f8te og l\u00e6r mer om  gruvedriftplanene i  F\u00f8rdefjorden, Fjords\u00f8ksm\u00e5let, anken og betydningen den har for tolkningen av vanndirektivet b\u00e5de i gjeldende sak og kommende saker i hele Norge- ogs\u00e5 hos oss i Troms. <\/p>\n\t\t<div class=\"wp-block-naturvern-post-meta\">\n\t\t\t\t\t<span class=\"cat\">\n\t\t\t\t\t\t\t\t\t<span><span class=\"tag-link\" data-href=\"https:\/\/naturvernforbundet.no\/troms\/category\/gruvedrift\/\">Gruvedrift<\/span><\/span>\n\t\t\t\t\t\t\t\t\t<span><span class=\"tag-link\" data-href=\"https:\/\/naturvernforbundet.no\/troms\/category\/nyheter\/\">Nyheter<\/span><\/span>\n\t\t\t\t\t\t\t<\/span>\n\t\t\t\t\t\t\t<span class=\"date\">12.02.2024<\/span>\n\t\t\t<\/div>\n\t\n<\/div>\n\n<\/a>\n<\/div>\n\n<div class=\"t2-featured-query-post t2-featured-content is-post-type-post category-gruvedrift category-nyheter category-video-og-podcast wp-block-t2-featured-query-post\"><a class=\"t2-post-link wp-block-t2-post-link\" href=\"https:\/\/naturvernforbundet.no\/troms\/fra-gruveseminaret-i-kvaenangen\/\">\n<figure style=\"--t2-focal-point: 50% 50%;\" class=\"t2-post-featured-image has-image-ratio-4-3 wp-block-t2-post-featured-image\"><img loading=\"lazy\" decoding=\"async\" width=\"950\" height=\"556\" src=\"https:\/\/naturvernforbundet.no\/content\/uploads\/sites\/20\/2022\/07\/DSC_1829.jpg2028fullscreen29.jpg\" class=\"attachment-post-thumbnail size-post-thumbnail wp-post-image\" alt=\"\" srcset=\"https:\/\/naturvernforbundet.no\/content\/uploads\/sites\/20\/2022\/07\/DSC_1829.jpg2028fullscreen29.jpg 950w, https:\/\/naturvernforbundet.no\/content\/uploads\/sites\/20\/2022\/07\/DSC_1829.jpg2028fullscreen29-300x176.jpg 300w, https:\/\/naturvernforbundet.no\/content\/uploads\/sites\/20\/2022\/07\/DSC_1829.jpg2028fullscreen29-768x449.jpg 768w\" sizes=\"auto, (max-width: 950px) 100vw, 950px\" \/><\/figure>\n\n<div class=\"wp-block-group alignfull is-layout-flow wp-block-group-is-layout-flow\">\n\t<h2 class=\"t2-post-title wp-block-t2-post-title\">Fra gruveseminaret i Kv\u00e6nangen<\/h2>\n\t<p class=\"wp-block-naturvern-post-excerpt\">L\u00f8rdag 25.06.2022 samlet folk seg p\u00e5 Badderen samfunnshus for \u00e5 l\u00e6re mer om gruvedrift i omr\u00e5det.<\/p>\n\t\t<div class=\"wp-block-naturvern-post-meta\">\n\t\t\t\t\t<span class=\"cat\">\n\t\t\t\t\t\t\t\t\t<span><span class=\"tag-link\" data-href=\"https:\/\/naturvernforbundet.no\/troms\/category\/gruvedrift\/\">Gruvedrift<\/span><\/span>\n\t\t\t\t\t\t\t\t\t<span><span class=\"tag-link\" data-href=\"https:\/\/naturvernforbundet.no\/troms\/category\/nyheter\/\">Nyheter<\/span><\/span>\n\t\t\t\t\t\t\t\t\t<span><span class=\"tag-link\" data-href=\"https:\/\/naturvernforbundet.no\/troms\/category\/video-og-podcast\/\">Video og podcast<\/span><\/span>\n\t\t\t\t\t\t\t<\/span>\n\t\t\t\t\t\t\t<span class=\"date\">13.07.2022<\/span>\n\t\t\t<\/div>\n\t\n<\/div>\n\n<\/a>\n<\/div>\n\n<div class=\"t2-featured-query-post t2-featured-content is-post-type-post category-gruvedrift category-nyheter wp-block-t2-featured-query-post\"><a class=\"t2-post-link wp-block-t2-post-link\" href=\"https:\/\/naturvernforbundet.no\/troms\/program-gruveseminar-kvaenangen\/\">\n<figure style=\"--t2-focal-point: 50% 50%;\" class=\"t2-post-featured-image has-image-ratio-4-3 wp-block-t2-post-featured-image\"><img loading=\"lazy\" decoding=\"async\" width=\"480\" height=\"640\" src=\"https:\/\/naturvernforbundet.no\/content\/uploads\/sites\/20\/2022\/06\/thumbnail_IMG-7006.jpg2028mobile48029.jpg\" class=\"attachment-post-thumbnail size-post-thumbnail wp-post-image\" alt=\"\" srcset=\"https:\/\/naturvernforbundet.no\/content\/uploads\/sites\/20\/2022\/06\/thumbnail_IMG-7006.jpg2028mobile48029.jpg 480w, https:\/\/naturvernforbundet.no\/content\/uploads\/sites\/20\/2022\/06\/thumbnail_IMG-7006.jpg2028mobile48029-225x300.jpg 225w\" sizes=\"auto, (max-width: 480px) 100vw, 480px\" \/><\/figure>\n\n<div class=\"wp-block-group alignfull is-layout-flow wp-block-group-is-layout-flow\">\n\t<h2 class=\"t2-post-title wp-block-t2-post-title\">Program Gruveseminar Kv\u00e6nangen<\/h2>\n\t<p class=\"wp-block-naturvern-post-excerpt\">Det legges opp til at folk kan delta fra fredag til s\u00f8ndag eller ta del i de aktiviteter som man \u00f8nsker. Denne siden oppdateres l\u00f8pende.<\/p>\n\t\t<div class=\"wp-block-naturvern-post-meta\">\n\t\t\t\t\t<span class=\"cat\">\n\t\t\t\t\t\t\t\t\t<span><span class=\"tag-link\" data-href=\"https:\/\/naturvernforbundet.no\/troms\/category\/gruvedrift\/\">Gruvedrift<\/span><\/span>\n\t\t\t\t\t\t\t\t\t<span><span class=\"tag-link\" data-href=\"https:\/\/naturvernforbundet.no\/troms\/category\/nyheter\/\">Nyheter<\/span><\/span>\n\t\t\t\t\t\t\t<\/span>\n\t\t\t\t\t\t\t<span class=\"date\">07.06.2022<\/span>\n\t\t\t<\/div>\n\t\n<\/div>\n\n<\/a>\n<\/div>\n\n<div class=\"t2-featured-query-post t2-featured-content is-post-type-post category-gruvedrift category-nyheter wp-block-t2-featured-query-post\"><a class=\"t2-post-link wp-block-t2-post-link\" href=\"https:\/\/naturvernforbundet.no\/troms\/velkommen-til-gruveseminar-i-kvaenangen\/\">\n<figure style=\"--t2-focal-point: 50% 50%;\" class=\"t2-post-featured-image has-image-ratio-4-3 wp-block-t2-post-featured-image\"><img loading=\"lazy\" decoding=\"async\" width=\"950\" height=\"713\" src=\"https:\/\/naturvernforbundet.no\/content\/uploads\/sites\/20\/2022\/05\/thumbnail_IMG-7036.jpg2028fullscreen29.jpg\" class=\"attachment-post-thumbnail size-post-thumbnail wp-post-image\" alt=\"\" srcset=\"https:\/\/naturvernforbundet.no\/content\/uploads\/sites\/20\/2022\/05\/thumbnail_IMG-7036.jpg2028fullscreen29.jpg 950w, https:\/\/naturvernforbundet.no\/content\/uploads\/sites\/20\/2022\/05\/thumbnail_IMG-7036.jpg2028fullscreen29-300x225.jpg 300w, https:\/\/naturvernforbundet.no\/content\/uploads\/sites\/20\/2022\/05\/thumbnail_IMG-7036.jpg2028fullscreen29-768x576.jpg 768w\" sizes=\"auto, (max-width: 950px) 100vw, 950px\" \/><\/figure>\n\n<div class=\"wp-block-group alignfull is-layout-flow wp-block-group-is-layout-flow\">\n\t<h2 class=\"t2-post-title wp-block-t2-post-title\">Velkommen til Gruveseminar i Kv\u00e6nangen!<\/h2>\n\t<p class=\"wp-block-naturvern-post-excerpt\">Naturvernforbundet i Troms arrangerer seminar om gruvedrift og andre inngrep i samiske omr\u00e5der 24. \u2013 26. juni i Nord-Troms.<\/p>\n\t\t<div class=\"wp-block-naturvern-post-meta\">\n\t\t\t\t\t<span class=\"cat\">\n\t\t\t\t\t\t\t\t\t<span><span class=\"tag-link\" data-href=\"https:\/\/naturvernforbundet.no\/troms\/category\/gruvedrift\/\">Gruvedrift<\/span><\/span>\n\t\t\t\t\t\t\t\t\t<span><span class=\"tag-link\" data-href=\"https:\/\/naturvernforbundet.no\/troms\/category\/nyheter\/\">Nyheter<\/span><\/span>\n\t\t\t\t\t\t\t<\/span>\n\t\t\t\t\t\t\t<span class=\"date\">16.05.2022<\/span>\n\t\t\t<\/div>\n\t\n<\/div>\n\n<\/a>\n<\/div>\n\n<div class=\"t2-featured-query-post t2-featured-content is-post-type-post category-gruvedrift category-nyheter category-troms-romssa-luonddugahttenlihttu wp-block-t2-featured-query-post\"><a class=\"t2-post-link wp-block-t2-post-link\" href=\"https:\/\/naturvernforbundet.no\/troms\/anders-eira-fra-protect-sapmi-kommer-til-kvaenangen\/\">\n<figure style=\"--t2-focal-point: 50% 50%;\" class=\"t2-post-featured-image has-image-ratio-4-3 wp-block-t2-post-featured-image\"><img loading=\"lazy\" decoding=\"async\" width=\"950\" height=\"670\" src=\"https:\/\/naturvernforbundet.no\/content\/uploads\/sites\/20\/2022\/05\/DSC_0137-2.jpg2028fullscreen29.jpg\" class=\"attachment-post-thumbnail size-post-thumbnail wp-post-image\" alt=\"\" srcset=\"https:\/\/naturvernforbundet.no\/content\/uploads\/sites\/20\/2022\/05\/DSC_0137-2.jpg2028fullscreen29.jpg 950w, https:\/\/naturvernforbundet.no\/content\/uploads\/sites\/20\/2022\/05\/DSC_0137-2.jpg2028fullscreen29-300x212.jpg 300w, https:\/\/naturvernforbundet.no\/content\/uploads\/sites\/20\/2022\/05\/DSC_0137-2.jpg2028fullscreen29-768x542.jpg 768w\" sizes=\"auto, (max-width: 950px) 100vw, 950px\" \/><\/figure>\n\n<div class=\"wp-block-group alignfull is-layout-flow wp-block-group-is-layout-flow\">\n\t<h2 class=\"t2-post-title wp-block-t2-post-title\">Anders Eira fra Protect S\u00e1pmi kommer til Kv\u00e6nangen<\/h2>\n\t<p class=\"wp-block-naturvern-post-excerpt\">Naturvernforbundet i Troms arrangerer seminar om arealinngrep i samiske omr\u00e5der 24 &#8211; 26 juni.<\/p>\n\t\t<div class=\"wp-block-naturvern-post-meta\">\n\t\t\t\t\t<span class=\"cat\">\n\t\t\t\t\t\t\t\t\t<span><span class=\"tag-link\" data-href=\"https:\/\/naturvernforbundet.no\/troms\/category\/gruvedrift\/\">Gruvedrift<\/span><\/span>\n\t\t\t\t\t\t\t\t\t<span><span class=\"tag-link\" data-href=\"https:\/\/naturvernforbundet.no\/troms\/category\/nyheter\/\">Nyheter<\/span><\/span>\n\t\t\t\t\t\t\t\t\t<span><span class=\"tag-link\" data-href=\"https:\/\/naturvernforbundet.no\/troms\/category\/troms-romssa-luonddugahttenlihttu\/\">Troms &#8211; Romssa luonddug\u00e1httenlihttu<\/span><\/span>\n\t\t\t\t\t\t\t<\/span>\n\t\t\t\t\t\t\t<span class=\"date\">13.05.2022<\/span>\n\t\t\t<\/div>\n\t\n<\/div>\n\n<\/a>\n<\/div>\n<\/div>\n\n\n<div class=\"wp-block-buttons is-layout-flex wp-block-buttons-is-layout-flex\">\n<div class=\"wp-block-button is-style-outline is-style-outline--1\"><a class=\"wp-block-button__link wp-element-button\" href=\"https:\/\/naturvernforbundet.no\/troms\/category\/gruvedrift\/\"><strong>Alle innlegg om gruvedrift<\/strong><\/a><\/div>\n<\/div>\n<\/div>\n","protected":false},"excerpt":{"rendered":"","protected":false},"author":158,"featured_media":25,"parent":0,"menu_order":0,"comment_status":"closed","ping_status":"closed","template":"","meta":{"_relevanssi_hide_post":"","_relevanssi_hide_content":"","_relevanssi_pin_for_all":"","_relevanssi_pin_keywords":"","_relevanssi_unpin_keywords":"","_relevanssi_related_keywords":"","_relevanssi_related_include_ids":"","_relevanssi_related_exclude_ids":"","_relevanssi_related_no_append":"","_relevanssi_related_not_related":"","_relevanssi_related_posts":"155,24,148,66,70,113","_relevanssi_noindex_reason":"","hide_logo":false,"footnotes":""},"categories":[],"class_list":["post-491","page","type-page","status-publish","has-post-thumbnail","hentry"],"acf":[],"yoast_head":"<!-- This site is optimized with the Yoast SEO plugin v24.9 - https:\/\/yoast.com\/wordpress\/plugins\/seo\/ -->\n<title>Gruvedrift - Troms<\/title>\n<meta name=\"robots\" content=\"index, follow, max-snippet:-1, max-image-preview:large, max-video-preview:-1\" \/>\n<link rel=\"canonical\" href=\"https:\/\/naturvernforbundet.no\/troms\/gruvedrift\/\" \/>\n<meta property=\"og:locale\" content=\"nb_NO\" \/>\n<meta property=\"og:type\" content=\"article\" \/>\n<meta property=\"og:title\" content=\"Gruvedrift - Troms\" \/>\n<meta property=\"og:url\" content=\"https:\/\/naturvernforbundet.no\/troms\/gruvedrift\/\" \/>\n<meta property=\"og:site_name\" content=\"Troms\" \/>\n<meta property=\"article:modified_time\" content=\"2024-07-25T16:49:06+00:00\" \/>\n<meta property=\"og:image\" content=\"https:\/\/naturvernforbundet.no\/content\/uploads\/sites\/20\/2022\/05\/thumbnail_IMG-7036.jpg2028fullscreen29.jpg\" \/>\n\t<meta property=\"og:image:width\" content=\"950\" \/>\n\t<meta property=\"og:image:height\" content=\"713\" \/>\n\t<meta property=\"og:image:type\" content=\"image\/jpeg\" \/>\n<meta name=\"twitter:card\" content=\"summary_large_image\" \/>\n<meta name=\"twitter:label1\" content=\"Ansl. lesetid\" \/>\n\t<meta name=\"twitter:data1\" content=\"1 minutt\" \/>\n<script type=\"application\/ld+json\" class=\"yoast-schema-graph\">{\"@context\":\"https:\/\/schema.org\",\"@graph\":[{\"@type\":\"WebPage\",\"@id\":\"https:\/\/naturvernforbundet.no\/troms\/gruvedrift\/\",\"url\":\"https:\/\/naturvernforbundet.no\/troms\/gruvedrift\/\",\"name\":\"Gruvedrift - Troms\",\"isPartOf\":{\"@id\":\"https:\/\/naturvernforbundet.no\/troms\/#website\"},\"primaryImageOfPage\":{\"@id\":\"https:\/\/naturvernforbundet.no\/troms\/gruvedrift\/#primaryimage\"},\"image\":{\"@id\":\"https:\/\/naturvernforbundet.no\/troms\/gruvedrift\/#primaryimage\"},\"thumbnailUrl\":\"https:\/\/naturvernforbundet.no\/content\/uploads\/sites\/20\/2022\/05\/thumbnail_IMG-7036.jpg2028fullscreen29.jpg\",\"datePublished\":\"2023-04-18T13:25:30+00:00\",\"dateModified\":\"2024-07-25T16:49:06+00:00\",\"breadcrumb\":{\"@id\":\"https:\/\/naturvernforbundet.no\/troms\/gruvedrift\/#breadcrumb\"},\"inLanguage\":\"nb-NO\",\"potentialAction\":[{\"@type\":\"ReadAction\",\"target\":[\"https:\/\/naturvernforbundet.no\/troms\/gruvedrift\/\"]}]},{\"@type\":\"ImageObject\",\"inLanguage\":\"nb-NO\",\"@id\":\"https:\/\/naturvernforbundet.no\/troms\/gruvedrift\/#primaryimage\",\"url\":\"https:\/\/naturvernforbundet.no\/content\/uploads\/sites\/20\/2022\/05\/thumbnail_IMG-7036.jpg2028fullscreen29.jpg\",\"contentUrl\":\"https:\/\/naturvernforbundet.no\/content\/uploads\/sites\/20\/2022\/05\/thumbnail_IMG-7036.jpg2028fullscreen29.jpg\",\"width\":950,\"height\":713},{\"@type\":\"BreadcrumbList\",\"@id\":\"https:\/\/naturvernforbundet.no\/troms\/gruvedrift\/#breadcrumb\",\"itemListElement\":[{\"@type\":\"ListItem\",\"position\":1,\"name\":\"Till naturvernforbundet.no\",\"item\":\"https:\/\/naturvernforbundet.no\/\"},{\"@type\":\"ListItem\",\"position\":2,\"name\":\"Troms\",\"item\":\"https:\/\/naturvernforbundet.no\/troms\/\"},{\"@type\":\"ListItem\",\"position\":3,\"name\":\"Gruvedrift\"}]},{\"@type\":\"WebSite\",\"@id\":\"https:\/\/naturvernforbundet.no\/troms\/#website\",\"url\":\"https:\/\/naturvernforbundet.no\/troms\/\",\"name\":\"Troms\",\"description\":\"Bare enda et Naturvernforbundet Sites-nettsted\",\"potentialAction\":[{\"@type\":\"SearchAction\",\"target\":{\"@type\":\"EntryPoint\",\"urlTemplate\":\"https:\/\/naturvernforbundet.no\/troms\/?s={search_term_string}\"},\"query-input\":{\"@type\":\"PropertyValueSpecification\",\"valueRequired\":true,\"valueName\":\"search_term_string\"}}],\"inLanguage\":\"nb-NO\"}]}<\/script>\n<!-- \/ Yoast SEO plugin. -->","yoast_head_json":{"title":"Gruvedrift - Troms","robots":{"index":"index","follow":"follow","max-snippet":"max-snippet:-1","max-image-preview":"max-image-preview:large","max-video-preview":"max-video-preview:-1"},"canonical":"https:\/\/naturvernforbundet.no\/troms\/gruvedrift\/","og_locale":"nb_NO","og_type":"article","og_title":"Gruvedrift - Troms","og_url":"https:\/\/naturvernforbundet.no\/troms\/gruvedrift\/","og_site_name":"Troms","article_modified_time":"2024-07-25T16:49:06+00:00","og_image":[{"width":950,"height":713,"url":"https:\/\/naturvernforbundet.no\/content\/uploads\/sites\/20\/2022\/05\/thumbnail_IMG-7036.jpg2028fullscreen29.jpg","type":"image\/jpeg"}],"twitter_card":"summary_large_image","twitter_misc":{"Ansl. lesetid":"1 minutt"},"schema":{"@context":"https:\/\/schema.org","@graph":[{"@type":"WebPage","@id":"https:\/\/naturvernforbundet.no\/troms\/gruvedrift\/","url":"https:\/\/naturvernforbundet.no\/troms\/gruvedrift\/","name":"Gruvedrift - Troms","isPartOf":{"@id":"https:\/\/naturvernforbundet.no\/troms\/#website"},"primaryImageOfPage":{"@id":"https:\/\/naturvernforbundet.no\/troms\/gruvedrift\/#primaryimage"},"image":{"@id":"https:\/\/naturvernforbundet.no\/troms\/gruvedrift\/#primaryimage"},"thumbnailUrl":"https:\/\/naturvernforbundet.no\/content\/uploads\/sites\/20\/2022\/05\/thumbnail_IMG-7036.jpg2028fullscreen29.jpg","datePublished":"2023-04-18T13:25:30+00:00","dateModified":"2024-07-25T16:49:06+00:00","breadcrumb":{"@id":"https:\/\/naturvernforbundet.no\/troms\/gruvedrift\/#breadcrumb"},"inLanguage":"nb-NO","potentialAction":[{"@type":"ReadAction","target":["https:\/\/naturvernforbundet.no\/troms\/gruvedrift\/"]}]},{"@type":"ImageObject","inLanguage":"nb-NO","@id":"https:\/\/naturvernforbundet.no\/troms\/gruvedrift\/#primaryimage","url":"https:\/\/naturvernforbundet.no\/content\/uploads\/sites\/20\/2022\/05\/thumbnail_IMG-7036.jpg2028fullscreen29.jpg","contentUrl":"https:\/\/naturvernforbundet.no\/content\/uploads\/sites\/20\/2022\/05\/thumbnail_IMG-7036.jpg2028fullscreen29.jpg","width":950,"height":713},{"@type":"BreadcrumbList","@id":"https:\/\/naturvernforbundet.no\/troms\/gruvedrift\/#breadcrumb","itemListElement":[{"@type":"ListItem","position":1,"name":"Till naturvernforbundet.no","item":"https:\/\/naturvernforbundet.no\/"},{"@type":"ListItem","position":2,"name":"Troms","item":"https:\/\/naturvernforbundet.no\/troms\/"},{"@type":"ListItem","position":3,"name":"Gruvedrift"}]},{"@type":"WebSite","@id":"https:\/\/naturvernforbundet.no\/troms\/#website","url":"https:\/\/naturvernforbundet.no\/troms\/","name":"Troms","description":"Bare enda et Naturvernforbundet Sites-nettsted","potentialAction":[{"@type":"SearchAction","target":{"@type":"EntryPoint","urlTemplate":"https:\/\/naturvernforbundet.no\/troms\/?s={search_term_string}"},"query-input":{"@type":"PropertyValueSpecification","valueRequired":true,"valueName":"search_term_string"}}],"inLanguage":"nb-NO"}]}},"_links":{"self":[{"href":"https:\/\/naturvernforbundet.no\/troms\/wp-json\/wp\/v2\/pages\/491","targetHints":{"allow":["GET"]}}],"collection":[{"href":"https:\/\/naturvernforbundet.no\/troms\/wp-json\/wp\/v2\/pages"}],"about":[{"href":"https:\/\/naturvernforbundet.no\/troms\/wp-json\/wp\/v2\/types\/page"}],"author":[{"embeddable":true,"href":"https:\/\/naturvernforbundet.no\/troms\/wp-json\/wp\/v2\/users\/158"}],"replies":[{"embeddable":true,"href":"https:\/\/naturvernforbundet.no\/troms\/wp-json\/wp\/v2\/comments?post=491"}],"version-history":[{"count":7,"href":"https:\/\/naturvernforbundet.no\/troms\/wp-json\/wp\/v2\/pages\/491\/revisions"}],"predecessor-version":[{"id":1463,"href":"https:\/\/naturvernforbundet.no\/troms\/wp-json\/wp\/v2\/pages\/491\/revisions\/1463"}],"wp:featuredmedia":[{"embeddable":true,"href":"https:\/\/naturvernforbundet.no\/troms\/wp-json\/wp\/v2\/media\/25"}],"wp:attachment":[{"href":"https:\/\/naturvernforbundet.no\/troms\/wp-json\/wp\/v2\/media?parent=491"}],"wp:term":[{"taxonomy":"category","embeddable":true,"href":"https:\/\/naturvernforbundet.no\/troms\/wp-json\/wp\/v2\/categories?post=491"}],"curies":[{"name":"wp","href":"https:\/\/api.w.org\/{rel}","templated":true}]}}