{"id":498,"date":"2023-04-18T16:01:44","date_gmt":"2023-04-18T14:01:44","guid":{"rendered":"https:\/\/naturvernforbundet.no\/troms\/?page_id=498"},"modified":"2024-07-25T18:43:58","modified_gmt":"2024-07-25T16:43:58","slug":"vindkraft","status":"publish","type":"page","link":"https:\/\/naturvernforbundet.no\/troms\/vindkraft\/","title":{"rendered":"Vindkraft"},"content":{"rendered":"\t<div class=\"template-page alignfull wp-block-naturvern-hero\">\n\t\t<div class=\"hero__inner\">\n\t\t\t<div class=\"hero__inner_blocks\">\n\t\t\t\t\t\t\t\t\n<h1 class=\"wp-block-post-title\">Vindkraft<\/h1>\n\n\n<p>Arealinngrep med vindkraft p\u00e5 land eller til havs<\/p>\n\n\n\n<div class=\"wp-block-buttons is-layout-flex wp-block-buttons-is-layout-flex\"><\/div>\n\n\t\t\t<\/div>\n\t\t\t\t\t<\/div>\n\t\t\t<\/div>\n\t\n\n\n<h2 class=\"wp-block-heading\">Vindkraft er en fornybar energikilde, likevel kan det inneb\u00e6re negative konsekvenser for naturen.<\/h2>\n\n\n\n<p>Utbygging av vindkraftanlegg inneb\u00e6rer betydelige arealinngrep. Naturvernforbundet mener at all natur\u00f8deleggende vindindustri m\u00e5 stanses. <\/p>\n\n\n<ul class=\"t2-link-list has-2-items has-auto-columns wp-block-t2-link-list\">\n\t<li class=\"t2-link-list-item wp-block-t2-link-list-item\">\n\t\t<a\n\t\t\thref=\"https:\/\/naturvernforbundet.no\/laer-mer\/vind-og-vannkraft\/vindkraft\/\"\n\t\t\tclass=\"t2-link-list-item__link t2-link-list__icon--left\"\n\t\t\trel=\"noreferrer noopener\" target=\"_blank\"\t\t>\n\t\t\t<span class=\"t2-link-list-item__icon\"><span class=\"t2-link-list-item__icon-box\"><\/span><svg xmlns=\"http:\/\/www.w3.org\/2000\/svg\" viewBox=\"0 0 24 24\" height=\"24\" width=\"24\" class=\"t2-icon t2-icon-linkexternal\" aria-hidden=\"true\" focusable=\"false\"><path d=\"M5 21c-.5 0-1-.2-1.4-.6S3 19.6 3 19V5c0-.6.2-1 .6-1.4S4.5 3 5 3h6c.3 0 .5.1.7.3.2.2.3.4.3.7 0 .3-.1.5-.3.7-.2.2-.4.3-.7.3H5v14h14v-6c0-.3.1-.5.3-.7.2-.2.4-.3.7-.3s.5.1.7.3c.2.2.3.4.3.7v6c0 .6-.2 1-.6 1.4s-.8.6-1.4.6H5zm4-6c-.2-.2-.3-.4-.3-.7s.1-.5.3-.7L17.6 5H15c-.3 0-.5-.1-.7-.3-.2-.2-.3-.4-.3-.7 0-.3.1-.5.3-.7.2-.2.4-.3.7-.3h5c.3 0 .5.1.7.3.2.2.3.4.3.7v5c0 .3-.1.5-.3.7-.2.2-.4.3-.7.3s-.5-.1-.7-.3c-.2-.2-.3-.4-.3-.7V6.4L10.4 15c-.2.2-.4.3-.7.3s-.5-.1-.7-.3z\"\/><\/svg><\/span>\t\t\t<div class=\"t2-link-list-item__content\">\n\n\t\t\t\t\n\t\t\t\t<span class=\"t2-link-list-item__text\">\n\t\t\t\t\tVindkraft p\u00e5 land\t\t\t\t<\/span>\n\t\t\t\t\t\t\t<\/div>\n\t\t<\/a>\n\t<\/li>\n\t\n\n\t<li class=\"t2-link-list-item wp-block-t2-link-list-item\">\n\t\t<a\n\t\t\thref=\"https:\/\/naturvernforbundet.no\/havvind\/\"\n\t\t\tclass=\"t2-link-list-item__link t2-link-list__icon--left\"\n\t\t\trel=\"noreferrer noopener\" target=\"_blank\"\t\t>\n\t\t\t<span class=\"t2-link-list-item__icon\"><span class=\"t2-link-list-item__icon-box\"><\/span><svg xmlns=\"http:\/\/www.w3.org\/2000\/svg\" viewBox=\"0 0 24 24\" height=\"24\" width=\"24\" class=\"t2-icon t2-icon-linkexternal\" aria-hidden=\"true\" focusable=\"false\"><path d=\"M5 21c-.5 0-1-.2-1.4-.6S3 19.6 3 19V5c0-.6.2-1 .6-1.4S4.5 3 5 3h6c.3 0 .5.1.7.3.2.2.3.4.3.7 0 .3-.1.5-.3.7-.2.2-.4.3-.7.3H5v14h14v-6c0-.3.1-.5.3-.7.2-.2.4-.3.7-.3s.5.1.7.3c.2.2.3.4.3.7v6c0 .6-.2 1-.6 1.4s-.8.6-1.4.6H5zm4-6c-.2-.2-.3-.4-.3-.7s.1-.5.3-.7L17.6 5H15c-.3 0-.5-.1-.7-.3-.2-.2-.3-.4-.3-.7 0-.3.1-.5.3-.7.2-.2.4-.3.7-.3h5c.3 0 .5.1.7.3.2.2.3.4.3.7v5c0 .3-.1.5-.3.7-.2.2-.4.3-.7.3s-.5-.1-.7-.3c-.2-.2-.3-.4-.3-.7V6.4L10.4 15c-.2.2-.4.3-.7.3s-.5-.1-.7-.3z\"\/><\/svg><\/span>\t\t\t<div class=\"t2-link-list-item__content\">\n\n\t\t\t\t\n\t\t\t\t<span class=\"t2-link-list-item__text\">\n\t\t\t\t\tHavvind\t\t\t\t<\/span>\n\t\t\t\t\t\t\t<\/div>\n\t\t<\/a>\n\t<\/li>\n\t\n<\/ul>\n\n\n<h2 class=\"wp-block-heading\">Nyeste innlegg om vindkraft i Troms<\/h2>\n\n\n\n<div class=\"wp-block-group alignwide is-style-green-light is-layout-constrained wp-block-group-is-layout-constrained\"><div class=\"t2-featured-content-layout alignwide alignwide wp-block-t2-featured-content-layout\">\n<div class=\"t2-featured-query-post t2-featured-content is-post-type-post category-aktivitet-i-media category-fiske-og-oppdrett category-nyheter category-olje-og-gass category-vindkraft local-midt-troms wp-block-t2-featured-query-post\"><a class=\"t2-post-link wp-block-t2-post-link\" href=\"https:\/\/naturvernforbundet.no\/troms\/inntrykk-fra-husoydagan-2025\/\">\n<figure style=\"--t2-focal-point: 50% 50%;\" class=\"t2-post-featured-image has-image-ratio-4-3 wp-block-t2-post-featured-image\"><img loading=\"lazy\" decoding=\"async\" width=\"2560\" height=\"1920\" src=\"https:\/\/naturvernforbundet.no\/content\/uploads\/sites\/20\/2025\/08\/IMG_3206.HEIC_-scaled.jpeg\" class=\"attachment-post-thumbnail size-post-thumbnail wp-post-image\" alt=\"\" srcset=\"https:\/\/naturvernforbundet.no\/content\/uploads\/sites\/20\/2025\/08\/IMG_3206.HEIC_-scaled.jpeg 2560w, https:\/\/naturvernforbundet.no\/content\/uploads\/sites\/20\/2025\/08\/IMG_3206.HEIC_-300x225.jpeg 300w, https:\/\/naturvernforbundet.no\/content\/uploads\/sites\/20\/2025\/08\/IMG_3206.HEIC_-1024x768.jpeg 1024w, https:\/\/naturvernforbundet.no\/content\/uploads\/sites\/20\/2025\/08\/IMG_3206.HEIC_-768x576.jpeg 768w, https:\/\/naturvernforbundet.no\/content\/uploads\/sites\/20\/2025\/08\/IMG_3206.HEIC_-1536x1152.jpeg 1536w, https:\/\/naturvernforbundet.no\/content\/uploads\/sites\/20\/2025\/08\/IMG_3206.HEIC_-2048x1536.jpeg 2048w, https:\/\/naturvernforbundet.no\/content\/uploads\/sites\/20\/2025\/08\/IMG_3206.HEIC_-1920x1440.jpeg 1920w\" sizes=\"auto, (max-width: 2560px) 100vw, 2560px\" \/><\/figure>\n\n<div class=\"wp-block-group alignfull is-layout-flow wp-block-group-is-layout-flow\">\n\t<h2 class=\"t2-post-title wp-block-t2-post-title\">Inntrykk fra Hus\u00f8ydagan 2025<\/h2>\n\t<p class=\"wp-block-naturvern-post-excerpt\">Vi benyttet sjansen til \u00e5 orientere folk om arbeidet til Naturvernforbundet lokalt og nasjonalt.<\/p>\n\t\t<div class=\"wp-block-naturvern-post-meta\">\n\t\t\t\t\t<span class=\"cat\">\n\t\t\t\t\t\t\t\t\t<span><span class=\"tag-link\" data-href=\"https:\/\/naturvernforbundet.no\/troms\/category\/aktivitet-i-media\/\">Aktivitet i media<\/span><\/span>\n\t\t\t\t\t\t\t\t\t<span><span class=\"tag-link\" data-href=\"https:\/\/naturvernforbundet.no\/troms\/category\/fiske-og-oppdrett\/\">Fiske og oppdrett<\/span><\/span>\n\t\t\t\t\t\t\t\t\t<span><span class=\"tag-link\" data-href=\"https:\/\/naturvernforbundet.no\/troms\/category\/nyheter\/\">Nyheter<\/span><\/span>\n\t\t\t\t\t\t\t\t\t<span><span class=\"tag-link\" data-href=\"https:\/\/naturvernforbundet.no\/troms\/category\/olje-og-gass\/\">Olje og gass<\/span><\/span>\n\t\t\t\t\t\t\t\t\t<span><span class=\"tag-link\" data-href=\"https:\/\/naturvernforbundet.no\/troms\/category\/vindkraft\/\">Vindkraft<\/span><\/span>\n\t\t\t\t\t\t\t<\/span>\n\t\t\t\t\t\t\t<span class=\"date\">15.08.2025<\/span>\n\t\t\t<\/div>\n\t\n<\/div>\n\n<\/a>\n<\/div>\n\n<div class=\"t2-featured-query-post t2-featured-content is-post-type-post category-uttalelser category-vindkraft tag-balsfjord tag-omasvarri tag-strupfjellet tag-vindkraft wp-block-t2-featured-query-post\"><a class=\"t2-post-link wp-block-t2-post-link\" href=\"https:\/\/naturvernforbundet.no\/troms\/vi-har-levert-innspill-pa-vindkraft-saken-i-balsfjord-kommune\/\">\n<figure style=\"--t2-focal-point: 50% 50%;\" class=\"t2-post-featured-image has-image-ratio-4-3 wp-block-t2-post-featured-image\"><img loading=\"lazy\" decoding=\"async\" width=\"1536\" height=\"2048\" src=\"https:\/\/naturvernforbundet.no\/content\/uploads\/sites\/20\/2025\/05\/eb1d3e3c-8e17-420c-a916-f7cd0e95c54d.jpeg\" class=\"attachment-post-thumbnail size-post-thumbnail wp-post-image\" alt=\"\" srcset=\"https:\/\/naturvernforbundet.no\/content\/uploads\/sites\/20\/2025\/05\/eb1d3e3c-8e17-420c-a916-f7cd0e95c54d.jpeg 1536w, https:\/\/naturvernforbundet.no\/content\/uploads\/sites\/20\/2025\/05\/eb1d3e3c-8e17-420c-a916-f7cd0e95c54d-225x300.jpeg 225w, https:\/\/naturvernforbundet.no\/content\/uploads\/sites\/20\/2025\/05\/eb1d3e3c-8e17-420c-a916-f7cd0e95c54d-768x1024.jpeg 768w, https:\/\/naturvernforbundet.no\/content\/uploads\/sites\/20\/2025\/05\/eb1d3e3c-8e17-420c-a916-f7cd0e95c54d-1152x1536.jpeg 1152w, https:\/\/naturvernforbundet.no\/content\/uploads\/sites\/20\/2025\/05\/eb1d3e3c-8e17-420c-a916-f7cd0e95c54d-1440x1920.jpeg 1440w\" sizes=\"auto, (max-width: 1536px) 100vw, 1536px\" \/><\/figure>\n\n<div class=\"wp-block-group alignfull is-layout-flow wp-block-group-is-layout-flow\">\n\t<h2 class=\"t2-post-title wp-block-t2-post-title\">Vi har levert innspill p\u00e5 vindkraft-saken i Balsfjord kommune!<\/h2>\n\t<p class=\"wp-block-naturvern-post-excerpt\">&#8211; adressert til politikere og administrasjon.<\/p>\n\t\t<div class=\"wp-block-naturvern-post-meta\">\n\t\t\t\t\t<span class=\"cat\">\n\t\t\t\t\t\t\t\t\t<span><span class=\"tag-link\" data-href=\"https:\/\/naturvernforbundet.no\/troms\/category\/uttalelser\/\">Uttalelser<\/span><\/span>\n\t\t\t\t\t\t\t\t\t<span><span class=\"tag-link\" data-href=\"https:\/\/naturvernforbundet.no\/troms\/category\/vindkraft\/\">Vindkraft<\/span><\/span>\n\t\t\t\t\t\t\t<\/span>\n\t\t\t\t\t\t\t<span class=\"date\">30.05.2025<\/span>\n\t\t\t<\/div>\n\t\n<\/div>\n\n<\/a>\n<\/div>\n\n<div class=\"t2-featured-query-post t2-featured-content is-post-type-post category-nyheter category-vindkraft tag-vindkraft wp-block-t2-featured-query-post\"><a class=\"t2-post-link wp-block-t2-post-link\" href=\"https:\/\/naturvernforbundet.no\/troms\/folkemote-nei-til-vindkraft-i-balsfjord\/\">\n<figure style=\"--t2-focal-point: 50% 50%;\" class=\"t2-post-featured-image has-image-ratio-4-3 wp-block-t2-post-featured-image\"><img loading=\"lazy\" decoding=\"async\" width=\"2048\" height=\"1152\" src=\"https:\/\/naturvernforbundet.no\/content\/uploads\/sites\/20\/2025\/05\/b4ce7748-9835-4bc2-9e6f-c4f422b291ff.jpeg\" class=\"attachment-post-thumbnail size-post-thumbnail wp-post-image\" alt=\"\" srcset=\"https:\/\/naturvernforbundet.no\/content\/uploads\/sites\/20\/2025\/05\/b4ce7748-9835-4bc2-9e6f-c4f422b291ff.jpeg 2048w, https:\/\/naturvernforbundet.no\/content\/uploads\/sites\/20\/2025\/05\/b4ce7748-9835-4bc2-9e6f-c4f422b291ff-300x169.jpeg 300w, https:\/\/naturvernforbundet.no\/content\/uploads\/sites\/20\/2025\/05\/b4ce7748-9835-4bc2-9e6f-c4f422b291ff-1024x576.jpeg 1024w, https:\/\/naturvernforbundet.no\/content\/uploads\/sites\/20\/2025\/05\/b4ce7748-9835-4bc2-9e6f-c4f422b291ff-768x432.jpeg 768w, https:\/\/naturvernforbundet.no\/content\/uploads\/sites\/20\/2025\/05\/b4ce7748-9835-4bc2-9e6f-c4f422b291ff-1536x864.jpeg 1536w, https:\/\/naturvernforbundet.no\/content\/uploads\/sites\/20\/2025\/05\/b4ce7748-9835-4bc2-9e6f-c4f422b291ff-1920x1080.jpeg 1920w\" sizes=\"auto, (max-width: 2048px) 100vw, 2048px\" \/><\/figure>\n\n<div class=\"wp-block-group alignfull is-layout-flow wp-block-group-is-layout-flow\">\n\t<h2 class=\"t2-post-title wp-block-t2-post-title\">Folkem\u00f8te: nei til vindkraft i Balsfjord<\/h2>\n\t<p class=\"wp-block-naturvern-post-excerpt\">Ca 100 personer m\u00f8tte opp p\u00e5 Samfunnshuset p\u00e5 Nordkjosbotn 18. mai til folkem\u00f8te arrangert av Motvind Troms -Vuostebiegga Romssa.<\/p>\n\t\t<div class=\"wp-block-naturvern-post-meta\">\n\t\t\t\t\t<span class=\"cat\">\n\t\t\t\t\t\t\t\t\t<span><span class=\"tag-link\" data-href=\"https:\/\/naturvernforbundet.no\/troms\/category\/nyheter\/\">Nyheter<\/span><\/span>\n\t\t\t\t\t\t\t\t\t<span><span class=\"tag-link\" data-href=\"https:\/\/naturvernforbundet.no\/troms\/category\/vindkraft\/\">Vindkraft<\/span><\/span>\n\t\t\t\t\t\t\t<\/span>\n\t\t\t\t\t\t\t<span class=\"date\">20.05.2025<\/span>\n\t\t\t<\/div>\n\t\n<\/div>\n\n<\/a>\n<\/div>\n<\/div>\n\n\n<div class=\"wp-block-buttons is-layout-flex wp-block-buttons-is-layout-flex\">\n<div class=\"wp-block-button is-style-outline is-style-outline--1\"><a class=\"wp-block-button__link wp-element-button\" href=\"https:\/\/naturvernforbundet.no\/troms\/category\/fiske-og-oppdrett\/\"><strong>Alle innlegg om vindkraft<\/strong><\/a><\/div>\n<\/div>\n<\/div>\n","protected":false},"excerpt":{"rendered":"","protected":false},"author":158,"featured_media":0,"parent":0,"menu_order":0,"comment_status":"closed","ping_status":"closed","template":"","meta":{"_relevanssi_hide_post":"","_relevanssi_hide_content":"","_relevanssi_pin_for_all":"","_relevanssi_pin_keywords":"","_relevanssi_unpin_keywords":"","_relevanssi_related_keywords":"","_relevanssi_related_include_ids":"","_relevanssi_related_exclude_ids":"","_relevanssi_related_no_append":"","_relevanssi_related_not_related":"","_relevanssi_related_posts":"84,159,597,106,157,241","_relevanssi_noindex_reason":"","hide_logo":false,"footnotes":""},"categories":[],"class_list":["post-498","page","type-page","status-publish","hentry"],"acf":[],"yoast_head":"<!-- This site is optimized with the Yoast SEO plugin v24.9 - https:\/\/yoast.com\/wordpress\/plugins\/seo\/ -->\n<title>Vindkraft - Troms<\/title>\n<meta name=\"robots\" content=\"index, follow, max-snippet:-1, max-image-preview:large, max-video-preview:-1\" \/>\n<link rel=\"canonical\" href=\"https:\/\/naturvernforbundet.no\/troms\/vindkraft\/\" \/>\n<meta property=\"og:locale\" content=\"nb_NO\" \/>\n<meta property=\"og:type\" content=\"article\" \/>\n<meta property=\"og:title\" content=\"Vindkraft - Troms\" \/>\n<meta property=\"og:url\" content=\"https:\/\/naturvernforbundet.no\/troms\/vindkraft\/\" \/>\n<meta property=\"og:site_name\" content=\"Troms\" \/>\n<meta property=\"article:modified_time\" content=\"2024-07-25T16:43:58+00:00\" \/>\n<meta name=\"twitter:card\" content=\"summary_large_image\" \/>\n<meta name=\"twitter:label1\" content=\"Ansl. lesetid\" \/>\n\t<meta name=\"twitter:data1\" content=\"1 minutt\" \/>\n<script type=\"application\/ld+json\" class=\"yoast-schema-graph\">{\"@context\":\"https:\/\/schema.org\",\"@graph\":[{\"@type\":\"WebPage\",\"@id\":\"https:\/\/naturvernforbundet.no\/troms\/vindkraft\/\",\"url\":\"https:\/\/naturvernforbundet.no\/troms\/vindkraft\/\",\"name\":\"Vindkraft - Troms\",\"isPartOf\":{\"@id\":\"https:\/\/naturvernforbundet.no\/troms\/#website\"},\"datePublished\":\"2023-04-18T14:01:44+00:00\",\"dateModified\":\"2024-07-25T16:43:58+00:00\",\"breadcrumb\":{\"@id\":\"https:\/\/naturvernforbundet.no\/troms\/vindkraft\/#breadcrumb\"},\"inLanguage\":\"nb-NO\",\"potentialAction\":[{\"@type\":\"ReadAction\",\"target\":[\"https:\/\/naturvernforbundet.no\/troms\/vindkraft\/\"]}]},{\"@type\":\"BreadcrumbList\",\"@id\":\"https:\/\/naturvernforbundet.no\/troms\/vindkraft\/#breadcrumb\",\"itemListElement\":[{\"@type\":\"ListItem\",\"position\":1,\"name\":\"Till naturvernforbundet.no\",\"item\":\"https:\/\/naturvernforbundet.no\/\"},{\"@type\":\"ListItem\",\"position\":2,\"name\":\"Troms\",\"item\":\"https:\/\/naturvernforbundet.no\/troms\/\"},{\"@type\":\"ListItem\",\"position\":3,\"name\":\"Vindkraft\"}]},{\"@type\":\"WebSite\",\"@id\":\"https:\/\/naturvernforbundet.no\/troms\/#website\",\"url\":\"https:\/\/naturvernforbundet.no\/troms\/\",\"name\":\"Troms\",\"description\":\"Bare enda et Naturvernforbundet Sites-nettsted\",\"potentialAction\":[{\"@type\":\"SearchAction\",\"target\":{\"@type\":\"EntryPoint\",\"urlTemplate\":\"https:\/\/naturvernforbundet.no\/troms\/?s={search_term_string}\"},\"query-input\":{\"@type\":\"PropertyValueSpecification\",\"valueRequired\":true,\"valueName\":\"search_term_string\"}}],\"inLanguage\":\"nb-NO\"}]}<\/script>\n<!-- \/ Yoast SEO plugin. -->","yoast_head_json":{"title":"Vindkraft - Troms","robots":{"index":"index","follow":"follow","max-snippet":"max-snippet:-1","max-image-preview":"max-image-preview:large","max-video-preview":"max-video-preview:-1"},"canonical":"https:\/\/naturvernforbundet.no\/troms\/vindkraft\/","og_locale":"nb_NO","og_type":"article","og_title":"Vindkraft - Troms","og_url":"https:\/\/naturvernforbundet.no\/troms\/vindkraft\/","og_site_name":"Troms","article_modified_time":"2024-07-25T16:43:58+00:00","twitter_card":"summary_large_image","twitter_misc":{"Ansl. lesetid":"1 minutt"},"schema":{"@context":"https:\/\/schema.org","@graph":[{"@type":"WebPage","@id":"https:\/\/naturvernforbundet.no\/troms\/vindkraft\/","url":"https:\/\/naturvernforbundet.no\/troms\/vindkraft\/","name":"Vindkraft - Troms","isPartOf":{"@id":"https:\/\/naturvernforbundet.no\/troms\/#website"},"datePublished":"2023-04-18T14:01:44+00:00","dateModified":"2024-07-25T16:43:58+00:00","breadcrumb":{"@id":"https:\/\/naturvernforbundet.no\/troms\/vindkraft\/#breadcrumb"},"inLanguage":"nb-NO","potentialAction":[{"@type":"ReadAction","target":["https:\/\/naturvernforbundet.no\/troms\/vindkraft\/"]}]},{"@type":"BreadcrumbList","@id":"https:\/\/naturvernforbundet.no\/troms\/vindkraft\/#breadcrumb","itemListElement":[{"@type":"ListItem","position":1,"name":"Till naturvernforbundet.no","item":"https:\/\/naturvernforbundet.no\/"},{"@type":"ListItem","position":2,"name":"Troms","item":"https:\/\/naturvernforbundet.no\/troms\/"},{"@type":"ListItem","position":3,"name":"Vindkraft"}]},{"@type":"WebSite","@id":"https:\/\/naturvernforbundet.no\/troms\/#website","url":"https:\/\/naturvernforbundet.no\/troms\/","name":"Troms","description":"Bare enda et Naturvernforbundet Sites-nettsted","potentialAction":[{"@type":"SearchAction","target":{"@type":"EntryPoint","urlTemplate":"https:\/\/naturvernforbundet.no\/troms\/?s={search_term_string}"},"query-input":{"@type":"PropertyValueSpecification","valueRequired":true,"valueName":"search_term_string"}}],"inLanguage":"nb-NO"}]}},"_links":{"self":[{"href":"https:\/\/naturvernforbundet.no\/troms\/wp-json\/wp\/v2\/pages\/498","targetHints":{"allow":["GET"]}}],"collection":[{"href":"https:\/\/naturvernforbundet.no\/troms\/wp-json\/wp\/v2\/pages"}],"about":[{"href":"https:\/\/naturvernforbundet.no\/troms\/wp-json\/wp\/v2\/types\/page"}],"author":[{"embeddable":true,"href":"https:\/\/naturvernforbundet.no\/troms\/wp-json\/wp\/v2\/users\/158"}],"replies":[{"embeddable":true,"href":"https:\/\/naturvernforbundet.no\/troms\/wp-json\/wp\/v2\/comments?post=498"}],"version-history":[{"count":7,"href":"https:\/\/naturvernforbundet.no\/troms\/wp-json\/wp\/v2\/pages\/498\/revisions"}],"predecessor-version":[{"id":1459,"href":"https:\/\/naturvernforbundet.no\/troms\/wp-json\/wp\/v2\/pages\/498\/revisions\/1459"}],"wp:attachment":[{"href":"https:\/\/naturvernforbundet.no\/troms\/wp-json\/wp\/v2\/media?parent=498"}],"wp:term":[{"taxonomy":"category","embeddable":true,"href":"https:\/\/naturvernforbundet.no\/troms\/wp-json\/wp\/v2\/categories?post=498"}],"curies":[{"name":"wp","href":"https:\/\/api.w.org\/{rel}","templated":true}]}}