{"id":1930,"date":"2022-11-10T15:30:24","date_gmt":"2022-11-10T14:30:24","guid":{"rendered":"https:\/\/naturvernforbundet.no\/trondelag\/?page_id=1930"},"modified":"2023-12-18T15:28:49","modified_gmt":"2023-12-18T14:28:49","slug":"skogbruk","status":"publish","type":"page","link":"https:\/\/naturvernforbundet.no\/trondelag\/skogbruk\/","title":{"rendered":"Skogbruk"},"content":{"rendered":"\t<div class=\"template-page alignfull wp-block-naturvern-hero\">\n\t\t<div class=\"hero__inner\">\n\t\t\t<div class=\"hero__inner_blocks\">\n\t\t\t\t\t\t\t\t\n<h1 class=\"wp-block-post-title\">Skogbruk<\/h1>\n\n\n<p>I Norge har vi mange tr\u00e6r, men lite naturlig skog med flere treslag i ulik alder. Vi jobber for et mer natur- og klimavennlig skogbruk, <br>samt 30 % vern<\/p>\n\n\n\n<div class=\"wp-block-buttons is-layout-flex wp-block-buttons-is-layout-flex\"><\/div>\n\n\t\t\t<\/div>\n\t\t\t\t\t<\/div>\n\t\t\t<\/div>\n\t\n\n<div class=\"t2-featured-content-layout alignwide alignwide wp-block-t2-featured-content-layout\">\n<div class=\"t2-featured-single-post t2-featured-content is-post-type-post category-naturmangfold category-nyheter tag-meraker-brug tag-skogforvaltning tag-statskog wp-block-t2-featured-single-post t2-featured-content-layout-col-12\"><a class=\"t2-post-link wp-block-t2-post-link\" href=\"https:\/\/naturvernforbundet.no\/trondelag\/natur-og-klimavennlig-forvaltning-av-meraker-brug\/\">\n<figure style=\"--t2-focal-point: 50% 50%;\" class=\"t2-post-featured-image has-image-ratio-4-3 wp-block-t2-post-featured-image\"><img loading=\"lazy\" decoding=\"async\" width=\"1100\" height=\"720\" src=\"https:\/\/naturvernforbundet.no\/content\/uploads\/sites\/19\/2022\/12\/Meraker-Feren-og-Hermannsnasen.png\" class=\"attachment-post-thumbnail size-post-thumbnail wp-post-image\" alt=\"\" srcset=\"https:\/\/naturvernforbundet.no\/content\/uploads\/sites\/19\/2022\/12\/Meraker-Feren-og-Hermannsnasen.png 1100w, https:\/\/naturvernforbundet.no\/content\/uploads\/sites\/19\/2022\/12\/Meraker-Feren-og-Hermannsnasen-300x196.png 300w, https:\/\/naturvernforbundet.no\/content\/uploads\/sites\/19\/2022\/12\/Meraker-Feren-og-Hermannsnasen-1024x670.png 1024w, https:\/\/naturvernforbundet.no\/content\/uploads\/sites\/19\/2022\/12\/Meraker-Feren-og-Hermannsnasen-768x503.png 768w\" sizes=\"auto, (max-width: 1100px) 100vw, 1100px\" \/><\/figure>\n\n<div class=\"wp-block-group alignfull is-layout-flow wp-block-group-is-layout-flow\">\n\t<h2 class=\"t2-post-title wp-block-t2-post-title\">Natur- og klimavennlig forvaltning av Meraker Brug<\/h2>\n\t<p class=\"wp-block-naturvern-post-excerpt\">Naturvernforbundet mener Statens kj\u00f8p gir en god mulighet for \u00e5 sikre at brukets store eiendom i framtiden blir forvaltet og skj\u00f8ttet p\u00e5 en natur- og klimavennlig m\u00e5te.<\/p>\n\t\t<div class=\"wp-block-naturvern-post-meta\">\n\t\t\t\t\t<span class=\"cat\">\n\t\t\t\t\t\t\t\t\t<span><span class=\"tag-link\" data-href=\"https:\/\/naturvernforbundet.no\/trondelag\/category\/naturmangfold\/\">Naturmangfold<\/span><\/span>\n\t\t\t\t\t\t\t\t\t<span><span class=\"tag-link\" data-href=\"https:\/\/naturvernforbundet.no\/trondelag\/category\/nyheter\/\">Nyheter<\/span><\/span>\n\t\t\t\t\t\t\t<\/span>\n\t\t\t\t\t\t\t<span class=\"date\">07.12.2022<\/span>\n\t\t\t<\/div>\n\t\n<\/div>\n\n<\/a>\n<\/div>\n<\/div>\n\n<div class=\"t2-featured-content-layout alignwide alignwide wp-block-t2-featured-content-layout\">\n\n\n\n\n\n\n\n\n\n\n\n<\/div>\n\n\n<div class=\"wp-block-media-text alignwide is-stacked-on-mobile\"><figure class=\"wp-block-media-text__media\"><img loading=\"lazy\" decoding=\"async\" width=\"1024\" height=\"768\" src=\"https:\/\/naturvernforbundet.no\/content\/uploads\/sites\/19\/2022\/11\/IMG_20220814_144715-1024x768.jpg\" alt=\"Skog i Tr\u00f8ndelag\" class=\"wp-image-2006 size-full\" srcset=\"https:\/\/naturvernforbundet.no\/content\/uploads\/sites\/19\/2022\/11\/IMG_20220814_144715-1024x768.jpg 1024w, https:\/\/naturvernforbundet.no\/content\/uploads\/sites\/19\/2022\/11\/IMG_20220814_144715-300x225.jpg 300w, https:\/\/naturvernforbundet.no\/content\/uploads\/sites\/19\/2022\/11\/IMG_20220814_144715-768x576.jpg 768w, https:\/\/naturvernforbundet.no\/content\/uploads\/sites\/19\/2022\/11\/IMG_20220814_144715-1536x1152.jpg 1536w, https:\/\/naturvernforbundet.no\/content\/uploads\/sites\/19\/2022\/11\/IMG_20220814_144715-2048x1536.jpg 2048w, https:\/\/naturvernforbundet.no\/content\/uploads\/sites\/19\/2022\/11\/IMG_20220814_144715-1920x1440.jpg 1920w\" sizes=\"auto, (max-width: 1024px) 100vw, 1024px\" \/><\/figure><div class=\"wp-block-media-text__content\">\n<p class=\"is-style-ingress\">Her finner du lenke til artikler i nettaviser, brev og h\u00f8ringer som handler som skog og skogbruk. <\/p>\n\n\n\n<p><a href=\"https:\/\/www.nrk.no\/innlandet\/skogeier-anders-lovig-i-asnes-vil-tilby-_okologisk_-tommer-for-a-stimulere-til-mindre-flatehugst-1.16619400?fbclid=IwAR2orLwdCJto-2mVcdVdvsZ2GVoHoSHIoBvFIlEMcHZ8nYPvFQzXXluFL7g\" target=\"_blank\" rel=\"noreferrer noopener\"><strong>Skogeier vil tilby \u00ab\u00f8kologisk\u00bb t\u00f8mmer for \u00e5 stimulere til mindre flatehogst.<\/strong><\/a><br>Artikkel om  alternativ til flatehogst<br>NRK Innlandet 8. november 2023<\/p>\n\n\n\n<p><strong><a href=\"https:\/\/www.tronderdebatt.no\/kampen-om-skogen-hva-kjemper-vi-om\/o\/5-122-71042\">Kampen om skogen &#8211; hva kjemper vi om?<\/a><\/strong><br>Leserbrev og svar p\u00e5 innlegg fra skogn\u00e6ringa Tr\u00f8nderdebatt 27. mai 2023<\/p>\n\n\n\n<p><strong><a href=\"https:\/\/www.nationen.no\/motkultur\/kronikk\/lovlose-tilstander-i-skogen\/\">&laquo;Lovl\u00f8se tilstander i skogen&raquo;<\/a> <\/strong><br>Kronikk i Nationen 6. januar 2023 av leder i Skogutvalget i Naturvernforbundet, Gjermund Andersen.<br><br><strong><a href=\"https:\/\/www.nrk.no\/klima\/dekket-truet-art-med-store-mengder-slam-_-godtar-ikke-millionbot-1.16202728\" target=\"_blank\" rel=\"noreferrer noopener\">Dekket truet art med store mengder slam \u2013 godtar ikke millionbot<\/a><\/strong><br>NRK-sak 8. desember 2022.<br><br>&laquo;<strong><a href=\"https:\/\/www.nrk.no\/klima\/xl\/etterforsker-i_politiet-og-naturvernforbundet-mener-loven-for-norsk-skog-ikke-beskytter-viktig-natur-1.16103401?fbclid=IwAR3KB-Mls9yZhosMpp5lRe693GuOuqczYzhU08aGsrbhYuWMBX4jrA8Twtw\" target=\"_blank\" rel=\"noreferrer noopener\">Skjer det ikke ulovligheter i norsk skog?<\/a><\/strong>&raquo; <br>NRK-sak 29. november 2022.<br><br> <a href=\"https:\/\/www.adressa.no\/midtnorskdebatt\/i\/y6EWRR\/ikke-la-deg-lure-av-skognaeringas-skjoennmaling\" target=\"_blank\" rel=\"noreferrer noopener\"><strong>Ikke la deg lure av skogn\u00e6ringas skj\u00f8nnmaling.<\/strong><\/a><br>Debattinnlegg Adresseavisen 12. november 2022<br><br><a href=\"https:\/\/www.adressa.no\/midtnorskdebatt\/i\/pW7b36\/skogbruk-maa-ta-mer-miljoehensyn\" target=\"_blank\" rel=\"noreferrer noopener\"><strong>Skogbruk m\u00e5 ta mer milj\u00f8hensyn<\/strong> <strong>&#8211; Det b\u00f8r bli letere \u00e5 ansvarliggj\u00f8re brudd p\u00e5 milj\u00f8bestemmelser i skogbruket.<\/strong><\/a><br>Leder i Adresseavisen 26. juli 2022<br><br><strong><a href=\"https:\/\/naturvernforbundet.no\/content\/uploads\/sites\/19\/2022\/11\/Uttalelse-om-bestemmelser-om-baerekraftig-skogbruk-Naturvernforbundet-i-Trondelag.pdf\" target=\"_blank\" rel=\"noreferrer noopener\">Naturvernforbundet krever strengere krav og tydeligere bestemmelser om b\u00e6rekraftig skogbruk<\/a><\/strong><br>Uttalelse fra \u00e5rsm\u00f8tet 12. mars 2022.<\/p>\n\n\n\n<p class=\"is-style-default\"><a href=\"https:\/\/www.statsforvalteren.no\/nb\/Trondelag\/Landbruk-og-reindrift\/Skogbruk\/skogbruket-i-trondelag-ma-ta-mer-miljo--og-klimahensyn\/\" target=\"_blank\" rel=\"noreferrer noopener\"><strong>Skogbruket i Tr\u00f8ndelag m\u00e5 ta mer milj\u00f8- og klimahensyn<\/strong><\/a> <br> Statsforvalterens hjemmeside 19. januar 2022.<br><br><br><br><\/p>\n\n\n\n<p><\/p>\n<\/div><\/div>\n\n\n\n<p><\/p>\n","protected":false},"excerpt":{"rendered":"<p>Naturvernforbundet krever strengere krav og tydeligere bestemmelser om b\u00e6rekraftig skogbruk.<\/p>\n","protected":false},"author":27,"featured_media":0,"parent":0,"menu_order":0,"comment_status":"closed","ping_status":"closed","template":"","meta":{"_relevanssi_hide_post":"","_relevanssi_hide_content":"","_relevanssi_pin_for_all":"","_relevanssi_pin_keywords":"","_relevanssi_unpin_keywords":"","_relevanssi_related_keywords":"","_relevanssi_related_include_ids":"","_relevanssi_related_exclude_ids":"","_relevanssi_related_no_append":"","_relevanssi_related_not_related":"","_relevanssi_related_posts":"","_relevanssi_noindex_reason":"","hide_logo":false,"footnotes":""},"categories":[],"class_list":["post-1930","page","type-page","status-publish","hentry"],"acf":[],"yoast_head":"<!-- This site is optimized with the Yoast SEO plugin v24.9 - https:\/\/yoast.com\/wordpress\/plugins\/seo\/ -->\n<title>Skogbruk - Tr\u00f8ndelag<\/title>\n<meta name=\"robots\" content=\"index, follow, max-snippet:-1, max-image-preview:large, max-video-preview:-1\" \/>\n<link rel=\"canonical\" href=\"https:\/\/naturvernforbundet.no\/trondelag\/skogbruk\/\" \/>\n<meta property=\"og:locale\" content=\"nb_NO\" \/>\n<meta property=\"og:type\" content=\"article\" \/>\n<meta property=\"og:title\" content=\"Skogbruk - Tr\u00f8ndelag\" \/>\n<meta property=\"og:description\" content=\"Naturvernforbundet krever strengere krav og tydeligere bestemmelser om b\u00e6rekraftig skogbruk.\" \/>\n<meta property=\"og:url\" content=\"https:\/\/naturvernforbundet.no\/trondelag\/skogbruk\/\" \/>\n<meta property=\"og:site_name\" content=\"Tr\u00f8ndelag\" \/>\n<meta property=\"article:modified_time\" content=\"2023-12-18T14:28:49+00:00\" \/>\n<meta property=\"og:image\" content=\"https:\/\/naturvernforbundet.no\/content\/uploads\/sites\/19\/2022\/11\/IMG_20220814_144715-1024x768.jpg\" \/>\n<meta name=\"twitter:card\" content=\"summary_large_image\" \/>\n<meta name=\"twitter:label1\" content=\"Ansl. lesetid\" \/>\n\t<meta name=\"twitter:data1\" content=\"2 minutter\" \/>\n<script type=\"application\/ld+json\" class=\"yoast-schema-graph\">{\"@context\":\"https:\/\/schema.org\",\"@graph\":[{\"@type\":\"WebPage\",\"@id\":\"https:\/\/naturvernforbundet.no\/trondelag\/skogbruk\/\",\"url\":\"https:\/\/naturvernforbundet.no\/trondelag\/skogbruk\/\",\"name\":\"Skogbruk - Tr\u00f8ndelag\",\"isPartOf\":{\"@id\":\"https:\/\/naturvernforbundet.no\/trondelag\/#website\"},\"primaryImageOfPage\":{\"@id\":\"https:\/\/naturvernforbundet.no\/trondelag\/skogbruk\/#primaryimage\"},\"image\":{\"@id\":\"https:\/\/naturvernforbundet.no\/trondelag\/skogbruk\/#primaryimage\"},\"thumbnailUrl\":\"https:\/\/naturvernforbundet.no\/content\/uploads\/sites\/19\/2022\/11\/IMG_20220814_144715-1024x768.jpg\",\"datePublished\":\"2022-11-10T14:30:24+00:00\",\"dateModified\":\"2023-12-18T14:28:49+00:00\",\"breadcrumb\":{\"@id\":\"https:\/\/naturvernforbundet.no\/trondelag\/skogbruk\/#breadcrumb\"},\"inLanguage\":\"nb-NO\",\"potentialAction\":[{\"@type\":\"ReadAction\",\"target\":[\"https:\/\/naturvernforbundet.no\/trondelag\/skogbruk\/\"]}]},{\"@type\":\"ImageObject\",\"inLanguage\":\"nb-NO\",\"@id\":\"https:\/\/naturvernforbundet.no\/trondelag\/skogbruk\/#primaryimage\",\"url\":\"https:\/\/naturvernforbundet.no\/content\/uploads\/sites\/19\/2022\/11\/IMG_20220814_144715-1024x768.jpg\",\"contentUrl\":\"https:\/\/naturvernforbundet.no\/content\/uploads\/sites\/19\/2022\/11\/IMG_20220814_144715-1024x768.jpg\"},{\"@type\":\"BreadcrumbList\",\"@id\":\"https:\/\/naturvernforbundet.no\/trondelag\/skogbruk\/#breadcrumb\",\"itemListElement\":[{\"@type\":\"ListItem\",\"position\":1,\"name\":\"Till naturvernforbundet.no\",\"item\":\"https:\/\/naturvernforbundet.no\/\"},{\"@type\":\"ListItem\",\"position\":2,\"name\":\"Tr\u00f8ndelag\",\"item\":\"https:\/\/naturvernforbundet.no\/trondelag\/\"},{\"@type\":\"ListItem\",\"position\":3,\"name\":\"Skogbruk\"}]},{\"@type\":\"WebSite\",\"@id\":\"https:\/\/naturvernforbundet.no\/trondelag\/#website\",\"url\":\"https:\/\/naturvernforbundet.no\/trondelag\/\",\"name\":\"Tr\u00f8ndelag\",\"description\":\"Bare enda et Naturvernforbundet Sites-nettsted\",\"potentialAction\":[{\"@type\":\"SearchAction\",\"target\":{\"@type\":\"EntryPoint\",\"urlTemplate\":\"https:\/\/naturvernforbundet.no\/trondelag\/?s={search_term_string}\"},\"query-input\":{\"@type\":\"PropertyValueSpecification\",\"valueRequired\":true,\"valueName\":\"search_term_string\"}}],\"inLanguage\":\"nb-NO\"}]}<\/script>\n<!-- \/ Yoast SEO plugin. -->","yoast_head_json":{"title":"Skogbruk - Tr\u00f8ndelag","robots":{"index":"index","follow":"follow","max-snippet":"max-snippet:-1","max-image-preview":"max-image-preview:large","max-video-preview":"max-video-preview:-1"},"canonical":"https:\/\/naturvernforbundet.no\/trondelag\/skogbruk\/","og_locale":"nb_NO","og_type":"article","og_title":"Skogbruk - Tr\u00f8ndelag","og_description":"Naturvernforbundet krever strengere krav og tydeligere bestemmelser om b\u00e6rekraftig skogbruk.","og_url":"https:\/\/naturvernforbundet.no\/trondelag\/skogbruk\/","og_site_name":"Tr\u00f8ndelag","article_modified_time":"2023-12-18T14:28:49+00:00","og_image":[{"url":"https:\/\/naturvernforbundet.no\/content\/uploads\/sites\/19\/2022\/11\/IMG_20220814_144715-1024x768.jpg","type":"","width":"","height":""}],"twitter_card":"summary_large_image","twitter_misc":{"Ansl. lesetid":"2 minutter"},"schema":{"@context":"https:\/\/schema.org","@graph":[{"@type":"WebPage","@id":"https:\/\/naturvernforbundet.no\/trondelag\/skogbruk\/","url":"https:\/\/naturvernforbundet.no\/trondelag\/skogbruk\/","name":"Skogbruk - Tr\u00f8ndelag","isPartOf":{"@id":"https:\/\/naturvernforbundet.no\/trondelag\/#website"},"primaryImageOfPage":{"@id":"https:\/\/naturvernforbundet.no\/trondelag\/skogbruk\/#primaryimage"},"image":{"@id":"https:\/\/naturvernforbundet.no\/trondelag\/skogbruk\/#primaryimage"},"thumbnailUrl":"https:\/\/naturvernforbundet.no\/content\/uploads\/sites\/19\/2022\/11\/IMG_20220814_144715-1024x768.jpg","datePublished":"2022-11-10T14:30:24+00:00","dateModified":"2023-12-18T14:28:49+00:00","breadcrumb":{"@id":"https:\/\/naturvernforbundet.no\/trondelag\/skogbruk\/#breadcrumb"},"inLanguage":"nb-NO","potentialAction":[{"@type":"ReadAction","target":["https:\/\/naturvernforbundet.no\/trondelag\/skogbruk\/"]}]},{"@type":"ImageObject","inLanguage":"nb-NO","@id":"https:\/\/naturvernforbundet.no\/trondelag\/skogbruk\/#primaryimage","url":"https:\/\/naturvernforbundet.no\/content\/uploads\/sites\/19\/2022\/11\/IMG_20220814_144715-1024x768.jpg","contentUrl":"https:\/\/naturvernforbundet.no\/content\/uploads\/sites\/19\/2022\/11\/IMG_20220814_144715-1024x768.jpg"},{"@type":"BreadcrumbList","@id":"https:\/\/naturvernforbundet.no\/trondelag\/skogbruk\/#breadcrumb","itemListElement":[{"@type":"ListItem","position":1,"name":"Till naturvernforbundet.no","item":"https:\/\/naturvernforbundet.no\/"},{"@type":"ListItem","position":2,"name":"Tr\u00f8ndelag","item":"https:\/\/naturvernforbundet.no\/trondelag\/"},{"@type":"ListItem","position":3,"name":"Skogbruk"}]},{"@type":"WebSite","@id":"https:\/\/naturvernforbundet.no\/trondelag\/#website","url":"https:\/\/naturvernforbundet.no\/trondelag\/","name":"Tr\u00f8ndelag","description":"Bare enda et Naturvernforbundet Sites-nettsted","potentialAction":[{"@type":"SearchAction","target":{"@type":"EntryPoint","urlTemplate":"https:\/\/naturvernforbundet.no\/trondelag\/?s={search_term_string}"},"query-input":{"@type":"PropertyValueSpecification","valueRequired":true,"valueName":"search_term_string"}}],"inLanguage":"nb-NO"}]}},"_links":{"self":[{"href":"https:\/\/naturvernforbundet.no\/trondelag\/wp-json\/wp\/v2\/pages\/1930","targetHints":{"allow":["GET"]}}],"collection":[{"href":"https:\/\/naturvernforbundet.no\/trondelag\/wp-json\/wp\/v2\/pages"}],"about":[{"href":"https:\/\/naturvernforbundet.no\/trondelag\/wp-json\/wp\/v2\/types\/page"}],"author":[{"embeddable":true,"href":"https:\/\/naturvernforbundet.no\/trondelag\/wp-json\/wp\/v2\/users\/27"}],"replies":[{"embeddable":true,"href":"https:\/\/naturvernforbundet.no\/trondelag\/wp-json\/wp\/v2\/comments?post=1930"}],"version-history":[{"count":42,"href":"https:\/\/naturvernforbundet.no\/trondelag\/wp-json\/wp\/v2\/pages\/1930\/revisions"}],"predecessor-version":[{"id":4622,"href":"https:\/\/naturvernforbundet.no\/trondelag\/wp-json\/wp\/v2\/pages\/1930\/revisions\/4622"}],"wp:attachment":[{"href":"https:\/\/naturvernforbundet.no\/trondelag\/wp-json\/wp\/v2\/media?parent=1930"}],"wp:term":[{"taxonomy":"category","embeddable":true,"href":"https:\/\/naturvernforbundet.no\/trondelag\/wp-json\/wp\/v2\/categories?post=1930"}],"curies":[{"name":"wp","href":"https:\/\/api.w.org\/{rel}","templated":true}]}}