{"id":2016,"date":"2022-11-14T11:49:45","date_gmt":"2022-11-14T10:49:45","guid":{"rendered":"https:\/\/naturvernforbundet.no\/trondelag\/?page_id=2016"},"modified":"2023-01-19T14:31:34","modified_gmt":"2023-01-19T13:31:34","slug":"motorvei-og-samferdsel","status":"publish","type":"page","link":"https:\/\/naturvernforbundet.no\/trondelag\/motorvei-og-samferdsel\/","title":{"rendered":"Motorvei og samferdsel"},"content":{"rendered":"\t<div class=\"template-page alignfull wp-block-naturvern-hero\">\n\t\t<div class=\"hero__inner\">\n\t\t\t<div class=\"hero__inner_blocks\">\n\t\t\t\t\t\t\t\t\n<h1 class=\"wp-block-post-title\">Motorvei og samferdsel<\/h1>\n\n\n<p>Naturvernforbundet mener vi skal ta vare p\u00e5 de veiene vi har f\u00f8r vi bygger overdimensjonerte, dyre og milj\u00f8\u00f8deleggende motorveier. Kollektivtilbud som tog og buss skal prioriteres, ogs\u00e5 i praksis.<\/p>\n\n\n\n<div class=\"wp-block-buttons is-layout-flex wp-block-buttons-is-layout-flex\"><\/div>\n\n\t\t\t<\/div>\n\t\t\t\t\t<\/div>\n\t\t\t<\/div>\n\t\n\n\n<p> <\/p>\n\n\n<div class=\"t2-featured-single-post t2-featured-content is-post-type-post category-nyheter category-vei-og-samferdsel tag-e6 tag-melhus tag-motorvei local-melhus local-trondheim wp-block-t2-featured-single-post\"><a class=\"t2-post-link wp-block-t2-post-link\" href=\"https:\/\/naturvernforbundet.no\/trondelag\/e6-planene-ma-revideres\/\">\n<figure style=\"--t2-focal-point: 50% 50%;\" class=\"t2-post-featured-image has-image-ratio-4-3 wp-block-t2-post-featured-image\"><img loading=\"lazy\" decoding=\"async\" width=\"950\" height=\"633\" src=\"https:\/\/naturvernforbundet.no\/content\/uploads\/sites\/19\/2022\/06\/DJI_0205.jpg2028fullscreen29.jpg\" class=\"attachment-post-thumbnail size-post-thumbnail wp-post-image\" alt=\"\" srcset=\"https:\/\/naturvernforbundet.no\/content\/uploads\/sites\/19\/2022\/06\/DJI_0205.jpg2028fullscreen29.jpg 950w, https:\/\/naturvernforbundet.no\/content\/uploads\/sites\/19\/2022\/06\/DJI_0205.jpg2028fullscreen29-300x200.jpg 300w, https:\/\/naturvernforbundet.no\/content\/uploads\/sites\/19\/2022\/06\/DJI_0205.jpg2028fullscreen29-768x512.jpg 768w\" sizes=\"auto, (max-width: 950px) 100vw, 950px\" \/><\/figure>\n\n<div class=\"wp-block-group alignfull is-layout-flow wp-block-group-is-layout-flow\">\n\t<h2 class=\"t2-post-title wp-block-t2-post-title\">E6-planene m\u00e5 revideres!<\/h2>\n\t<p class=\"wp-block-naturvern-post-excerpt\">Naturvenforbundet har levert kommentarer til &laquo;konsekvensutredning E6 Gyllan &#8211; Kv\u00e5l&raquo;. Kritikken er relevant ogs\u00e5 for mange av de andre delplanene Nye Veier jobber med i Tr\u00f8ndelag.<\/p>\n\t\t<div class=\"wp-block-naturvern-post-meta\">\n\t\t\t\t\t<span class=\"cat\">\n\t\t\t\t\t\t\t\t\t<span><span class=\"tag-link\" data-href=\"https:\/\/naturvernforbundet.no\/trondelag\/category\/nyheter\/\">Nyheter<\/span><\/span>\n\t\t\t\t\t\t\t\t\t<span><span class=\"tag-link\" data-href=\"https:\/\/naturvernforbundet.no\/trondelag\/category\/vei-og-samferdsel\/\">Vei og samferdsel<\/span><\/span>\n\t\t\t\t\t\t\t<\/span>\n\t\t\t\t\t\t\t<span class=\"date\">02.06.2022<\/span>\n\t\t\t<\/div>\n\t\n<\/div>\n\n<\/a>\n<\/div>\n\n<div class=\"t2-featured-content-layout alignwide alignwide wp-block-t2-featured-content-layout\">\n\n\n\n\n\n<\/div>\n\n\n<div class=\"wp-block-media-text alignwide is-stacked-on-mobile\"><figure class=\"wp-block-media-text__media\"><img loading=\"lazy\" decoding=\"async\" width=\"1024\" height=\"682\" src=\"https:\/\/naturvernforbundet.no\/content\/uploads\/sites\/19\/2022\/11\/DJI_0217-1024x682.jpg\" alt=\"Fore felts motorvei Kv\u00e5l\" class=\"wp-image-2021 size-full\" \/><\/figure><div class=\"wp-block-media-text__content\">\n<p class=\"is-style-ingress\">Her finner du lenke til artikler i nettaviser, brev og h\u00f8ringer som handler som vei og samferdsel.<\/p>\n\n\n\n<p class=\"is-style-default\">Utbygging av firefelts motorvei gjennom fylket har v\u00e6rt viktig lenge. Her er de siste sakene:<br>Etter at Milj\u00f8direktoratet satte foten ned for bygging av motorvei gjennom L\u00e5gendeltaet, kom dette innlegget &#8211; <strong><a href=\"https:\/\/www.aftenposten.no\/meninger\/kommentar\/i\/wAvnv1\/veibygging-paa-ville-veier?fbclid=IwAR1hJVec0X_h18D_vISvPMGG-eT6JFtKyUOepgsFlEs-_MmHpjpdwTCuUCA\">To ting Norge b\u00f8r slutte med; kaste penger ut av vinduet og bygge vei i naturreservater<\/a><\/strong><br><br>2022 <strong><a href=\"https:\/\/naturvernforbundet.no\/content\/uploads\/sites\/19\/2022\/11\/22-05-27-Horingsuttalelse-E6-Gyllan-Kval.pdf\">H\u00f8ringssvar E6 Gyllan &#8211; Kv\u00e5l<\/a><\/strong><br>Nye Veiers f\u00f8rste forslag fikk s\u00e5 mange kritiske innvendinger at de laget en tilleggsrapport. <strong><a href=\"https:\/\/naturvernforbundet.no\/content\/uploads\/sites\/19\/2022\/11\/22-09-09-Horing-tilleggsutredning-Gyllan-Kval.pdf\">Her er v\u00e5rt h\u00f8ringssvar <\/a><\/strong>til denne. <\/p>\n\n\n\n<p class=\"is-style-default\">Reisetiden med <a href=\"https:\/\/www.nrk.no\/norge\/langtur-med-tog-tar-lengre-tid-no-enn-for-22-ar-sidan-1.16174942\"><strong>tog mellom de store byene i Norge har g\u00e5tt opp de siste 22 \u00e5rene.<\/strong><\/a><a href=\"https:\/\/www.nrk.no\/norge\/langtur-med-tog-tar-lengre-tid-no-enn-for-22-ar-sidan-1.16174942\" target=\"_blank\" rel=\"noreferrer noopener\"> <\/a> Dovrebanen tar 50 minutter mer n\u00e5 enn i 2000.<br><\/p>\n\n\n\n<p><\/p>\n<\/div><\/div>\n","protected":false},"excerpt":{"rendered":"","protected":false},"author":27,"featured_media":0,"parent":0,"menu_order":0,"comment_status":"closed","ping_status":"closed","template":"","meta":{"_relevanssi_hide_post":"","_relevanssi_hide_content":"","_relevanssi_pin_for_all":"","_relevanssi_pin_keywords":"","_relevanssi_unpin_keywords":"","_relevanssi_related_keywords":"","_relevanssi_related_include_ids":"","_relevanssi_related_exclude_ids":"","_relevanssi_related_no_append":"","_relevanssi_related_not_related":"","_relevanssi_related_posts":"","_relevanssi_noindex_reason":"","hide_logo":false,"footnotes":""},"categories":[],"class_list":["post-2016","page","type-page","status-publish","hentry"],"acf":[],"yoast_head":"<!-- This site is optimized with the Yoast SEO plugin v24.9 - https:\/\/yoast.com\/wordpress\/plugins\/seo\/ -->\n<title>Motorvei og samferdsel - Tr\u00f8ndelag<\/title>\n<meta name=\"robots\" content=\"index, follow, max-snippet:-1, max-image-preview:large, max-video-preview:-1\" \/>\n<link rel=\"canonical\" href=\"https:\/\/naturvernforbundet.no\/trondelag\/motorvei-og-samferdsel\/\" \/>\n<meta property=\"og:locale\" content=\"nb_NO\" \/>\n<meta property=\"og:type\" content=\"article\" \/>\n<meta property=\"og:title\" content=\"Motorvei og samferdsel - Tr\u00f8ndelag\" \/>\n<meta property=\"og:url\" content=\"https:\/\/naturvernforbundet.no\/trondelag\/motorvei-og-samferdsel\/\" \/>\n<meta property=\"og:site_name\" content=\"Tr\u00f8ndelag\" \/>\n<meta property=\"article:modified_time\" content=\"2023-01-19T13:31:34+00:00\" \/>\n<meta property=\"og:image\" content=\"https:\/\/naturvernforbundet.no\/content\/uploads\/sites\/19\/2022\/11\/DJI_0217-1024x682.jpg\" \/>\n<meta name=\"twitter:card\" content=\"summary_large_image\" \/>\n<meta name=\"twitter:label1\" content=\"Ansl. lesetid\" \/>\n\t<meta name=\"twitter:data1\" content=\"1 minutt\" \/>\n<script type=\"application\/ld+json\" class=\"yoast-schema-graph\">{\"@context\":\"https:\/\/schema.org\",\"@graph\":[{\"@type\":\"WebPage\",\"@id\":\"https:\/\/naturvernforbundet.no\/trondelag\/motorvei-og-samferdsel\/\",\"url\":\"https:\/\/naturvernforbundet.no\/trondelag\/motorvei-og-samferdsel\/\",\"name\":\"Motorvei og samferdsel - Tr\u00f8ndelag\",\"isPartOf\":{\"@id\":\"https:\/\/naturvernforbundet.no\/trondelag\/#website\"},\"primaryImageOfPage\":{\"@id\":\"https:\/\/naturvernforbundet.no\/trondelag\/motorvei-og-samferdsel\/#primaryimage\"},\"image\":{\"@id\":\"https:\/\/naturvernforbundet.no\/trondelag\/motorvei-og-samferdsel\/#primaryimage\"},\"thumbnailUrl\":\"https:\/\/naturvernforbundet.no\/content\/uploads\/sites\/19\/2022\/11\/DJI_0217-1024x682.jpg\",\"datePublished\":\"2022-11-14T10:49:45+00:00\",\"dateModified\":\"2023-01-19T13:31:34+00:00\",\"breadcrumb\":{\"@id\":\"https:\/\/naturvernforbundet.no\/trondelag\/motorvei-og-samferdsel\/#breadcrumb\"},\"inLanguage\":\"nb-NO\",\"potentialAction\":[{\"@type\":\"ReadAction\",\"target\":[\"https:\/\/naturvernforbundet.no\/trondelag\/motorvei-og-samferdsel\/\"]}]},{\"@type\":\"ImageObject\",\"inLanguage\":\"nb-NO\",\"@id\":\"https:\/\/naturvernforbundet.no\/trondelag\/motorvei-og-samferdsel\/#primaryimage\",\"url\":\"https:\/\/naturvernforbundet.no\/content\/uploads\/sites\/19\/2022\/11\/DJI_0217-1024x682.jpg\",\"contentUrl\":\"https:\/\/naturvernforbundet.no\/content\/uploads\/sites\/19\/2022\/11\/DJI_0217-1024x682.jpg\"},{\"@type\":\"BreadcrumbList\",\"@id\":\"https:\/\/naturvernforbundet.no\/trondelag\/motorvei-og-samferdsel\/#breadcrumb\",\"itemListElement\":[{\"@type\":\"ListItem\",\"position\":1,\"name\":\"Till naturvernforbundet.no\",\"item\":\"https:\/\/naturvernforbundet.no\/\"},{\"@type\":\"ListItem\",\"position\":2,\"name\":\"Tr\u00f8ndelag\",\"item\":\"https:\/\/naturvernforbundet.no\/trondelag\/\"},{\"@type\":\"ListItem\",\"position\":3,\"name\":\"Motorvei og samferdsel\"}]},{\"@type\":\"WebSite\",\"@id\":\"https:\/\/naturvernforbundet.no\/trondelag\/#website\",\"url\":\"https:\/\/naturvernforbundet.no\/trondelag\/\",\"name\":\"Tr\u00f8ndelag\",\"description\":\"Bare enda et Naturvernforbundet Sites-nettsted\",\"potentialAction\":[{\"@type\":\"SearchAction\",\"target\":{\"@type\":\"EntryPoint\",\"urlTemplate\":\"https:\/\/naturvernforbundet.no\/trondelag\/?s={search_term_string}\"},\"query-input\":{\"@type\":\"PropertyValueSpecification\",\"valueRequired\":true,\"valueName\":\"search_term_string\"}}],\"inLanguage\":\"nb-NO\"}]}<\/script>\n<!-- \/ Yoast SEO plugin. -->","yoast_head_json":{"title":"Motorvei og samferdsel - Tr\u00f8ndelag","robots":{"index":"index","follow":"follow","max-snippet":"max-snippet:-1","max-image-preview":"max-image-preview:large","max-video-preview":"max-video-preview:-1"},"canonical":"https:\/\/naturvernforbundet.no\/trondelag\/motorvei-og-samferdsel\/","og_locale":"nb_NO","og_type":"article","og_title":"Motorvei og samferdsel - Tr\u00f8ndelag","og_url":"https:\/\/naturvernforbundet.no\/trondelag\/motorvei-og-samferdsel\/","og_site_name":"Tr\u00f8ndelag","article_modified_time":"2023-01-19T13:31:34+00:00","og_image":[{"url":"https:\/\/naturvernforbundet.no\/content\/uploads\/sites\/19\/2022\/11\/DJI_0217-1024x682.jpg","type":"","width":"","height":""}],"twitter_card":"summary_large_image","twitter_misc":{"Ansl. lesetid":"1 minutt"},"schema":{"@context":"https:\/\/schema.org","@graph":[{"@type":"WebPage","@id":"https:\/\/naturvernforbundet.no\/trondelag\/motorvei-og-samferdsel\/","url":"https:\/\/naturvernforbundet.no\/trondelag\/motorvei-og-samferdsel\/","name":"Motorvei og samferdsel - Tr\u00f8ndelag","isPartOf":{"@id":"https:\/\/naturvernforbundet.no\/trondelag\/#website"},"primaryImageOfPage":{"@id":"https:\/\/naturvernforbundet.no\/trondelag\/motorvei-og-samferdsel\/#primaryimage"},"image":{"@id":"https:\/\/naturvernforbundet.no\/trondelag\/motorvei-og-samferdsel\/#primaryimage"},"thumbnailUrl":"https:\/\/naturvernforbundet.no\/content\/uploads\/sites\/19\/2022\/11\/DJI_0217-1024x682.jpg","datePublished":"2022-11-14T10:49:45+00:00","dateModified":"2023-01-19T13:31:34+00:00","breadcrumb":{"@id":"https:\/\/naturvernforbundet.no\/trondelag\/motorvei-og-samferdsel\/#breadcrumb"},"inLanguage":"nb-NO","potentialAction":[{"@type":"ReadAction","target":["https:\/\/naturvernforbundet.no\/trondelag\/motorvei-og-samferdsel\/"]}]},{"@type":"ImageObject","inLanguage":"nb-NO","@id":"https:\/\/naturvernforbundet.no\/trondelag\/motorvei-og-samferdsel\/#primaryimage","url":"https:\/\/naturvernforbundet.no\/content\/uploads\/sites\/19\/2022\/11\/DJI_0217-1024x682.jpg","contentUrl":"https:\/\/naturvernforbundet.no\/content\/uploads\/sites\/19\/2022\/11\/DJI_0217-1024x682.jpg"},{"@type":"BreadcrumbList","@id":"https:\/\/naturvernforbundet.no\/trondelag\/motorvei-og-samferdsel\/#breadcrumb","itemListElement":[{"@type":"ListItem","position":1,"name":"Till naturvernforbundet.no","item":"https:\/\/naturvernforbundet.no\/"},{"@type":"ListItem","position":2,"name":"Tr\u00f8ndelag","item":"https:\/\/naturvernforbundet.no\/trondelag\/"},{"@type":"ListItem","position":3,"name":"Motorvei og samferdsel"}]},{"@type":"WebSite","@id":"https:\/\/naturvernforbundet.no\/trondelag\/#website","url":"https:\/\/naturvernforbundet.no\/trondelag\/","name":"Tr\u00f8ndelag","description":"Bare enda et Naturvernforbundet Sites-nettsted","potentialAction":[{"@type":"SearchAction","target":{"@type":"EntryPoint","urlTemplate":"https:\/\/naturvernforbundet.no\/trondelag\/?s={search_term_string}"},"query-input":{"@type":"PropertyValueSpecification","valueRequired":true,"valueName":"search_term_string"}}],"inLanguage":"nb-NO"}]}},"_links":{"self":[{"href":"https:\/\/naturvernforbundet.no\/trondelag\/wp-json\/wp\/v2\/pages\/2016","targetHints":{"allow":["GET"]}}],"collection":[{"href":"https:\/\/naturvernforbundet.no\/trondelag\/wp-json\/wp\/v2\/pages"}],"about":[{"href":"https:\/\/naturvernforbundet.no\/trondelag\/wp-json\/wp\/v2\/types\/page"}],"author":[{"embeddable":true,"href":"https:\/\/naturvernforbundet.no\/trondelag\/wp-json\/wp\/v2\/users\/27"}],"replies":[{"embeddable":true,"href":"https:\/\/naturvernforbundet.no\/trondelag\/wp-json\/wp\/v2\/comments?post=2016"}],"version-history":[{"count":10,"href":"https:\/\/naturvernforbundet.no\/trondelag\/wp-json\/wp\/v2\/pages\/2016\/revisions"}],"predecessor-version":[{"id":3259,"href":"https:\/\/naturvernforbundet.no\/trondelag\/wp-json\/wp\/v2\/pages\/2016\/revisions\/3259"}],"wp:attachment":[{"href":"https:\/\/naturvernforbundet.no\/trondelag\/wp-json\/wp\/v2\/media?parent=2016"}],"wp:term":[{"taxonomy":"category","embeddable":true,"href":"https:\/\/naturvernforbundet.no\/trondelag\/wp-json\/wp\/v2\/categories?post=2016"}],"curies":[{"name":"wp","href":"https:\/\/api.w.org\/{rel}","templated":true}]}}