{"id":2038,"date":"2022-11-14T12:15:35","date_gmt":"2022-11-14T11:15:35","guid":{"rendered":"https:\/\/naturvernforbundet.no\/trondelag\/?page_id=2038"},"modified":"2023-06-01T09:23:37","modified_gmt":"2023-06-01T07:23:37","slug":"vindkraft","status":"publish","type":"page","link":"https:\/\/naturvernforbundet.no\/trondelag\/vindkraft\/","title":{"rendered":"Vindkraft"},"content":{"rendered":"\t<div class=\"template-page alignfull wp-block-naturvern-hero\">\n\t\t<div class=\"hero__inner\">\n\t\t\t<div class=\"hero__inner_blocks\">\n\t\t\t\t\t\t\t\t\n<h1 class=\"wp-block-post-title\">Vindkraft<\/h1>\n\n\n<p><\/p>\n\n\n\n<div class=\"wp-block-buttons is-layout-flex wp-block-buttons-is-layout-flex\"><\/div>\n\n\t\t\t<\/div>\n\t\t\t\t\t<\/div>\n\t\t\t<\/div>\n\t\n\n\n<p> <\/p>\n\n\n<div class=\"t2-featured-single-post t2-featured-content is-post-type-post category-nyheter category-vindkraft-nyheter tag-fosen-saken wp-block-t2-featured-single-post\"><a class=\"t2-post-link wp-block-t2-post-link\" href=\"https:\/\/naturvernforbundet.no\/trondelag\/vindturbinene-pa-fosen-ma-bort\/\">\n<figure style=\"--t2-focal-point: 50% 50%;\" class=\"t2-post-featured-image has-image-ratio-4-3 wp-block-t2-post-featured-image\"><img loading=\"lazy\" decoding=\"async\" width=\"2560\" height=\"1920\" src=\"https:\/\/naturvernforbundet.no\/content\/uploads\/sites\/19\/2023\/06\/Truls-Gulowsen-og-Niillas-Beaska.jpg\" class=\"attachment-post-thumbnail size-post-thumbnail wp-post-image\" alt=\"\" srcset=\"https:\/\/naturvernforbundet.no\/content\/uploads\/sites\/19\/2023\/06\/Truls-Gulowsen-og-Niillas-Beaska.jpg 2560w, https:\/\/naturvernforbundet.no\/content\/uploads\/sites\/19\/2023\/06\/Truls-Gulowsen-og-Niillas-Beaska-300x225.jpg 300w, https:\/\/naturvernforbundet.no\/content\/uploads\/sites\/19\/2023\/06\/Truls-Gulowsen-og-Niillas-Beaska-1024x768.jpg 1024w, https:\/\/naturvernforbundet.no\/content\/uploads\/sites\/19\/2023\/06\/Truls-Gulowsen-og-Niillas-Beaska-768x576.jpg 768w, https:\/\/naturvernforbundet.no\/content\/uploads\/sites\/19\/2023\/06\/Truls-Gulowsen-og-Niillas-Beaska-1536x1152.jpg 1536w, https:\/\/naturvernforbundet.no\/content\/uploads\/sites\/19\/2023\/06\/Truls-Gulowsen-og-Niillas-Beaska-2048x1536.jpg 2048w, https:\/\/naturvernforbundet.no\/content\/uploads\/sites\/19\/2023\/06\/Truls-Gulowsen-og-Niillas-Beaska-1920x1440.jpg 1920w\" sizes=\"auto, (max-width: 2560px) 100vw, 2560px\" \/><\/figure>\n\n<div class=\"wp-block-group alignfull is-layout-flow wp-block-group-is-layout-flow\">\n\t<h2 class=\"t2-post-title wp-block-t2-post-title\">Vindturbinene p\u00e5 Fosen m\u00e5 bort<\/h2>\n\t<p class=\"wp-block-naturvern-post-excerpt\"><strong>L\u00f8rdag 3. juni er det 600 dager siden H\u00f8yesterett fastslo at konsesjonen til vindindustrianlegget p\u00e5 Fosen var ugyldig. Naturvernforbundet st\u00e5r sammen med reindrift og naturvernere i kravet om stans av dette p\u00e5g\u00e5ende menneskerettighetsbruddet. Vindturbinene m\u00e5 bort.<\/strong><\/p>\n\t\t<div class=\"wp-block-naturvern-post-meta\">\n\t\t\t\t\t<span class=\"cat\">\n\t\t\t\t\t\t\t\t\t<span><span class=\"tag-link\" data-href=\"https:\/\/naturvernforbundet.no\/trondelag\/category\/nyheter\/\">Nyheter<\/span><\/span>\n\t\t\t\t\t\t\t\t\t<span><span class=\"tag-link\" data-href=\"https:\/\/naturvernforbundet.no\/trondelag\/category\/vindkraft-nyheter\/\">Vindkraft<\/span><\/span>\n\t\t\t\t\t\t\t<\/span>\n\t\t\t\t\t\t\t<span class=\"date\">01.06.2023<\/span>\n\t\t\t<\/div>\n\t\n<\/div>\n\n<\/a>\n<\/div>\n\n<div class=\"t2-featured-content-layout alignwide alignwide wp-block-t2-featured-content-layout\">\n<div class=\"t2-featured-single-post t2-featured-content is-post-type-post category-nyheter category-vindkraft-nyheter local-orklaregionen wp-block-t2-featured-single-post\"><a class=\"t2-post-link wp-block-t2-post-link\" href=\"https:\/\/naturvernforbundet.no\/trondelag\/remmafjellet-berga-fra-vindkraft\/\">\n<figure style=\"--t2-focal-point: 50% 50%;\" class=\"t2-post-featured-image has-image-ratio-4-3 wp-block-t2-post-featured-image\"><img loading=\"lazy\" decoding=\"async\" width=\"653\" height=\"490\" src=\"https:\/\/naturvernforbundet.no\/content\/uploads\/sites\/19\/2021\/03\/P9080977.JPG2028articledisplay29.jpg\" class=\"attachment-post-thumbnail size-post-thumbnail wp-post-image\" alt=\"\" srcset=\"https:\/\/naturvernforbundet.no\/content\/uploads\/sites\/19\/2021\/03\/P9080977.JPG2028articledisplay29.jpg 653w, https:\/\/naturvernforbundet.no\/content\/uploads\/sites\/19\/2021\/03\/P9080977.JPG2028articledisplay29-300x225.jpg 300w\" sizes=\"auto, (max-width: 653px) 100vw, 653px\" \/><\/figure>\n\n<div class=\"wp-block-group alignfull is-layout-flow wp-block-group-is-layout-flow\">\n\t<h2 class=\"t2-post-title wp-block-t2-post-title\">Remmafjellet &#8211; berga fr\u00e5 vindkraft<\/h2>\n\t<p class=\"wp-block-naturvern-post-excerpt\">Olje og Energidepartementet gav i dag Statkraft melding om at dei ikkje f\u00e5r utsett frist for \u00e5 byggje anlegg for vindindustri p\u00e5 Remmafjellet. Det vil seia at Statkraft ikkje lengre har konsesjon. Takk til alle som har st\u00e5tt p\u00e5 for \u00e5 verne Remmafjellet mot nedbygging, spesielt folk i gamle Snilljford kommune.<\/p>\n\t\t<div class=\"wp-block-naturvern-post-meta\">\n\t\t\t\t\t<span class=\"cat\">\n\t\t\t\t\t\t\t\t\t<span><span class=\"tag-link\" data-href=\"https:\/\/naturvernforbundet.no\/trondelag\/category\/nyheter\/\">Nyheter<\/span><\/span>\n\t\t\t\t\t\t\t\t\t<span><span class=\"tag-link\" data-href=\"https:\/\/naturvernforbundet.no\/trondelag\/category\/vindkraft-nyheter\/\">Vindkraft<\/span><\/span>\n\t\t\t\t\t\t\t<\/span>\n\t\t\t\t\t\t\t<span class=\"date\">26.03.2021<\/span>\n\t\t\t<\/div>\n\t\n<\/div>\n\n<\/a>\n<\/div>\n\n<div class=\"t2-featured-query-post t2-featured-content is-post-type-post category-areal-og-plansaker category-fjord-elv-og-vassdrag category-klimaenergi category-vei-og-samferdsel local-stjordal-og-meraaker wp-block-t2-featured-query-post\"><a class=\"t2-post-link wp-block-t2-post-link\" href=\"https:\/\/naturvernforbundet.no\/trondelag\/debattinnlegg-i-lokalavisene\/\">\n<figure style=\"--t2-focal-point: 50% 50%;\" class=\"t2-post-featured-image has-image-ratio-4-3 wp-block-t2-post-featured-image\"><img loading=\"lazy\" decoding=\"async\" width=\"2560\" height=\"1153\" src=\"https:\/\/naturvernforbundet.no\/content\/uploads\/sites\/19\/2025\/10\/1000017383-scaled.jpg\" class=\"attachment-post-thumbnail size-post-thumbnail wp-post-image\" alt=\"Forside Stj\u00f8rdalsNytt\" srcset=\"https:\/\/naturvernforbundet.no\/content\/uploads\/sites\/19\/2025\/10\/1000017383-scaled.jpg 2560w, https:\/\/naturvernforbundet.no\/content\/uploads\/sites\/19\/2025\/10\/1000017383-300x135.jpg 300w, https:\/\/naturvernforbundet.no\/content\/uploads\/sites\/19\/2025\/10\/1000017383-1024x461.jpg 1024w, https:\/\/naturvernforbundet.no\/content\/uploads\/sites\/19\/2025\/10\/1000017383-768x346.jpg 768w, https:\/\/naturvernforbundet.no\/content\/uploads\/sites\/19\/2025\/10\/1000017383-1536x692.jpg 1536w, https:\/\/naturvernforbundet.no\/content\/uploads\/sites\/19\/2025\/10\/1000017383-2048x922.jpg 2048w, https:\/\/naturvernforbundet.no\/content\/uploads\/sites\/19\/2025\/10\/1000017383-1920x865.jpg 1920w\" sizes=\"auto, (max-width: 2560px) 100vw, 2560px\" \/><\/figure>\n\n<div class=\"wp-block-group alignfull is-layout-flow wp-block-group-is-layout-flow\">\n\t<h2 class=\"t2-post-title wp-block-t2-post-title\">Debattinnlegg som har v\u00e6rt publisert i lokalavisene<\/h2>\n\t<p class=\"wp-block-naturvern-post-excerpt\">Dette innlegget har ogs\u00e5 v\u00e6rt publisert i lokalavisene Stj\u00f8rdalsNytt og Bladet.<br><\/p>\n\t\t<div class=\"wp-block-naturvern-post-meta\">\n\t\t\t\t\t<span class=\"cat\">\n\t\t\t\t\t\t\t\t\t<span><span class=\"tag-link\" data-href=\"https:\/\/naturvernforbundet.no\/trondelag\/category\/areal-og-plansaker\/\">Areal- og plansaker<\/span><\/span>\n\t\t\t\t\t\t\t\t\t<span><span class=\"tag-link\" data-href=\"https:\/\/naturvernforbundet.no\/trondelag\/category\/fjord-elv-og-vassdrag\/\">Fjord, elv og vassdrag<\/span><\/span>\n\t\t\t\t\t\t\t\t\t<span><span class=\"tag-link\" data-href=\"https:\/\/naturvernforbundet.no\/trondelag\/category\/klimaenergi\/\">Klima og energi<\/span><\/span>\n\t\t\t\t\t\t\t\t\t<span><span class=\"tag-link\" data-href=\"https:\/\/naturvernforbundet.no\/trondelag\/category\/vei-og-samferdsel\/\">Vei og samferdsel<\/span><\/span>\n\t\t\t\t\t\t\t<\/span>\n\t\t\t\t\t\t\t<span class=\"date\">07.10.2025<\/span>\n\t\t\t<\/div>\n\t\n<\/div>\n\n<\/a>\n<\/div>\n\n<div class=\"t2-featured-query-post t2-featured-content is-post-type-post category-areal-og-plansaker category-klimaenergi category-natur category-naturmangfold local-stjordal-og-meraaker wp-block-t2-featured-query-post\"><a class=\"t2-post-link wp-block-t2-post-link\" href=\"https:\/\/naturvernforbundet.no\/trondelag\/debattinnlegg-i-bladet\/\">\n<figure style=\"--t2-focal-point: 50% 50%;\" class=\"t2-post-featured-image has-image-ratio-4-3 wp-block-t2-post-featured-image\"><img loading=\"lazy\" decoding=\"async\" width=\"2560\" height=\"1152\" src=\"https:\/\/naturvernforbundet.no\/content\/uploads\/sites\/19\/2025\/08\/20220713_192936-scaled.jpg\" class=\"attachment-post-thumbnail size-post-thumbnail wp-post-image\" alt=\"Stj\u00f8rdalsskog\" srcset=\"https:\/\/naturvernforbundet.no\/content\/uploads\/sites\/19\/2025\/08\/20220713_192936-scaled.jpg 2560w, https:\/\/naturvernforbundet.no\/content\/uploads\/sites\/19\/2025\/08\/20220713_192936-300x135.jpg 300w, https:\/\/naturvernforbundet.no\/content\/uploads\/sites\/19\/2025\/08\/20220713_192936-1024x461.jpg 1024w, https:\/\/naturvernforbundet.no\/content\/uploads\/sites\/19\/2025\/08\/20220713_192936-768x346.jpg 768w, https:\/\/naturvernforbundet.no\/content\/uploads\/sites\/19\/2025\/08\/20220713_192936-1536x691.jpg 1536w, https:\/\/naturvernforbundet.no\/content\/uploads\/sites\/19\/2025\/08\/20220713_192936-2048x922.jpg 2048w, https:\/\/naturvernforbundet.no\/content\/uploads\/sites\/19\/2025\/08\/20220713_192936-1920x864.jpg 1920w\" sizes=\"auto, (max-width: 2560px) 100vw, 2560px\" \/><\/figure>\n\n<div class=\"wp-block-group alignfull is-layout-flow wp-block-group-is-layout-flow\">\n\t<h2 class=\"t2-post-title wp-block-t2-post-title\">Debattinnlegg som tidligere har v\u00e6rt publisert i Bladet<\/h2>\n\t<p class=\"wp-block-naturvern-post-excerpt\">V\u00e5r tids st\u00f8rste kriser, natur- og klimakrisa, er n\u00e6rmest usynlige i valgkampen. Dette er ei oppfordring til \u00e5 vekke politikerne til \u00e5 ta naturen p\u00e5 alvor og \u00e5 stemme p\u00e5 politikere som setter v\u00e5r og kommende generasjoners felles framtid \u00f8verst p\u00e5 agendaen.<\/p>\n\t\t<div class=\"wp-block-naturvern-post-meta\">\n\t\t\t\t\t<span class=\"cat\">\n\t\t\t\t\t\t\t\t\t<span><span class=\"tag-link\" data-href=\"https:\/\/naturvernforbundet.no\/trondelag\/category\/areal-og-plansaker\/\">Areal- og plansaker<\/span><\/span>\n\t\t\t\t\t\t\t\t\t<span><span class=\"tag-link\" data-href=\"https:\/\/naturvernforbundet.no\/trondelag\/category\/klimaenergi\/\">Klima og energi<\/span><\/span>\n\t\t\t\t\t\t\t\t\t<span><span class=\"tag-link\" data-href=\"https:\/\/naturvernforbundet.no\/trondelag\/category\/natur\/\">Natur<\/span><\/span>\n\t\t\t\t\t\t\t\t\t<span><span class=\"tag-link\" data-href=\"https:\/\/naturvernforbundet.no\/trondelag\/category\/naturmangfold\/\">Naturmangfold<\/span><\/span>\n\t\t\t\t\t\t\t<\/span>\n\t\t\t\t\t\t\t<span class=\"date\">05.09.2025<\/span>\n\t\t\t<\/div>\n\t\n<\/div>\n\n<\/a>\n<\/div>\n<\/div>\n\n\n<div class=\"wp-block-media-text alignwide is-stacked-on-mobile\"><figure class=\"wp-block-media-text__media\"><img loading=\"lazy\" decoding=\"async\" width=\"1024\" height=\"768\" src=\"https:\/\/naturvernforbundet.no\/content\/uploads\/sites\/19\/2022\/11\/IMG_20220828_112122-1024x768.jpg\" alt=\"\" class=\"wp-image-2047 size-full\" \/><\/figure><div class=\"wp-block-media-text__content\">\n<p class=\"is-style-ingress\">Her finner du lenke til artikler i nettaviser, brev og h\u00f8ringer som handler som vindkraft og energi.<\/p>\n\n\n\n<p class=\"is-style-default\">her kommer uttalelser, mediainnlegg og brev om vindkraft og energi<br><\/p>\n\n\n\n<p><\/p>\n<\/div><\/div>\n","protected":false},"excerpt":{"rendered":"","protected":false},"author":27,"featured_media":0,"parent":0,"menu_order":0,"comment_status":"closed","ping_status":"closed","template":"","meta":{"_relevanssi_hide_post":"","_relevanssi_hide_content":"","_relevanssi_pin_for_all":"","_relevanssi_pin_keywords":"","_relevanssi_unpin_keywords":"","_relevanssi_related_keywords":"","_relevanssi_related_include_ids":"","_relevanssi_related_exclude_ids":"","_relevanssi_related_no_append":"","_relevanssi_related_not_related":"","_relevanssi_related_posts":"","_relevanssi_noindex_reason":"","hide_logo":false,"footnotes":""},"categories":[],"class_list":["post-2038","page","type-page","status-publish","hentry"],"acf":[],"yoast_head":"<!-- This site is optimized with the Yoast SEO plugin v24.9 - https:\/\/yoast.com\/wordpress\/plugins\/seo\/ -->\n<title>Vindkraft - Tr\u00f8ndelag<\/title>\n<meta name=\"robots\" content=\"index, follow, max-snippet:-1, max-image-preview:large, max-video-preview:-1\" \/>\n<link rel=\"canonical\" href=\"https:\/\/naturvernforbundet.no\/trondelag\/vindkraft\/\" \/>\n<meta property=\"og:locale\" content=\"nb_NO\" \/>\n<meta property=\"og:type\" content=\"article\" \/>\n<meta property=\"og:title\" content=\"Vindkraft - Tr\u00f8ndelag\" \/>\n<meta property=\"og:url\" content=\"https:\/\/naturvernforbundet.no\/trondelag\/vindkraft\/\" \/>\n<meta property=\"og:site_name\" content=\"Tr\u00f8ndelag\" \/>\n<meta property=\"article:modified_time\" content=\"2023-06-01T07:23:37+00:00\" \/>\n<meta property=\"og:image\" content=\"https:\/\/naturvernforbundet.no\/content\/uploads\/sites\/19\/2022\/11\/IMG_20220828_112122-1024x768.jpg\" \/>\n<meta name=\"twitter:card\" content=\"summary_large_image\" \/>\n<meta name=\"twitter:label1\" content=\"Ansl. lesetid\" \/>\n\t<meta name=\"twitter:data1\" content=\"1 minutt\" \/>\n<script type=\"application\/ld+json\" class=\"yoast-schema-graph\">{\"@context\":\"https:\/\/schema.org\",\"@graph\":[{\"@type\":\"WebPage\",\"@id\":\"https:\/\/naturvernforbundet.no\/trondelag\/vindkraft\/\",\"url\":\"https:\/\/naturvernforbundet.no\/trondelag\/vindkraft\/\",\"name\":\"Vindkraft - Tr\u00f8ndelag\",\"isPartOf\":{\"@id\":\"https:\/\/naturvernforbundet.no\/trondelag\/#website\"},\"primaryImageOfPage\":{\"@id\":\"https:\/\/naturvernforbundet.no\/trondelag\/vindkraft\/#primaryimage\"},\"image\":{\"@id\":\"https:\/\/naturvernforbundet.no\/trondelag\/vindkraft\/#primaryimage\"},\"thumbnailUrl\":\"https:\/\/naturvernforbundet.no\/content\/uploads\/sites\/19\/2022\/11\/IMG_20220828_112122-1024x768.jpg\",\"datePublished\":\"2022-11-14T11:15:35+00:00\",\"dateModified\":\"2023-06-01T07:23:37+00:00\",\"breadcrumb\":{\"@id\":\"https:\/\/naturvernforbundet.no\/trondelag\/vindkraft\/#breadcrumb\"},\"inLanguage\":\"nb-NO\",\"potentialAction\":[{\"@type\":\"ReadAction\",\"target\":[\"https:\/\/naturvernforbundet.no\/trondelag\/vindkraft\/\"]}]},{\"@type\":\"ImageObject\",\"inLanguage\":\"nb-NO\",\"@id\":\"https:\/\/naturvernforbundet.no\/trondelag\/vindkraft\/#primaryimage\",\"url\":\"https:\/\/naturvernforbundet.no\/content\/uploads\/sites\/19\/2022\/11\/IMG_20220828_112122-1024x768.jpg\",\"contentUrl\":\"https:\/\/naturvernforbundet.no\/content\/uploads\/sites\/19\/2022\/11\/IMG_20220828_112122-1024x768.jpg\"},{\"@type\":\"BreadcrumbList\",\"@id\":\"https:\/\/naturvernforbundet.no\/trondelag\/vindkraft\/#breadcrumb\",\"itemListElement\":[{\"@type\":\"ListItem\",\"position\":1,\"name\":\"Till naturvernforbundet.no\",\"item\":\"https:\/\/naturvernforbundet.no\/\"},{\"@type\":\"ListItem\",\"position\":2,\"name\":\"Tr\u00f8ndelag\",\"item\":\"https:\/\/naturvernforbundet.no\/trondelag\/\"},{\"@type\":\"ListItem\",\"position\":3,\"name\":\"Vindkraft\"}]},{\"@type\":\"WebSite\",\"@id\":\"https:\/\/naturvernforbundet.no\/trondelag\/#website\",\"url\":\"https:\/\/naturvernforbundet.no\/trondelag\/\",\"name\":\"Tr\u00f8ndelag\",\"description\":\"Bare enda et Naturvernforbundet Sites-nettsted\",\"potentialAction\":[{\"@type\":\"SearchAction\",\"target\":{\"@type\":\"EntryPoint\",\"urlTemplate\":\"https:\/\/naturvernforbundet.no\/trondelag\/?s={search_term_string}\"},\"query-input\":{\"@type\":\"PropertyValueSpecification\",\"valueRequired\":true,\"valueName\":\"search_term_string\"}}],\"inLanguage\":\"nb-NO\"}]}<\/script>\n<!-- \/ Yoast SEO plugin. -->","yoast_head_json":{"title":"Vindkraft - Tr\u00f8ndelag","robots":{"index":"index","follow":"follow","max-snippet":"max-snippet:-1","max-image-preview":"max-image-preview:large","max-video-preview":"max-video-preview:-1"},"canonical":"https:\/\/naturvernforbundet.no\/trondelag\/vindkraft\/","og_locale":"nb_NO","og_type":"article","og_title":"Vindkraft - Tr\u00f8ndelag","og_url":"https:\/\/naturvernforbundet.no\/trondelag\/vindkraft\/","og_site_name":"Tr\u00f8ndelag","article_modified_time":"2023-06-01T07:23:37+00:00","og_image":[{"url":"https:\/\/naturvernforbundet.no\/content\/uploads\/sites\/19\/2022\/11\/IMG_20220828_112122-1024x768.jpg","type":"","width":"","height":""}],"twitter_card":"summary_large_image","twitter_misc":{"Ansl. lesetid":"1 minutt"},"schema":{"@context":"https:\/\/schema.org","@graph":[{"@type":"WebPage","@id":"https:\/\/naturvernforbundet.no\/trondelag\/vindkraft\/","url":"https:\/\/naturvernforbundet.no\/trondelag\/vindkraft\/","name":"Vindkraft - Tr\u00f8ndelag","isPartOf":{"@id":"https:\/\/naturvernforbundet.no\/trondelag\/#website"},"primaryImageOfPage":{"@id":"https:\/\/naturvernforbundet.no\/trondelag\/vindkraft\/#primaryimage"},"image":{"@id":"https:\/\/naturvernforbundet.no\/trondelag\/vindkraft\/#primaryimage"},"thumbnailUrl":"https:\/\/naturvernforbundet.no\/content\/uploads\/sites\/19\/2022\/11\/IMG_20220828_112122-1024x768.jpg","datePublished":"2022-11-14T11:15:35+00:00","dateModified":"2023-06-01T07:23:37+00:00","breadcrumb":{"@id":"https:\/\/naturvernforbundet.no\/trondelag\/vindkraft\/#breadcrumb"},"inLanguage":"nb-NO","potentialAction":[{"@type":"ReadAction","target":["https:\/\/naturvernforbundet.no\/trondelag\/vindkraft\/"]}]},{"@type":"ImageObject","inLanguage":"nb-NO","@id":"https:\/\/naturvernforbundet.no\/trondelag\/vindkraft\/#primaryimage","url":"https:\/\/naturvernforbundet.no\/content\/uploads\/sites\/19\/2022\/11\/IMG_20220828_112122-1024x768.jpg","contentUrl":"https:\/\/naturvernforbundet.no\/content\/uploads\/sites\/19\/2022\/11\/IMG_20220828_112122-1024x768.jpg"},{"@type":"BreadcrumbList","@id":"https:\/\/naturvernforbundet.no\/trondelag\/vindkraft\/#breadcrumb","itemListElement":[{"@type":"ListItem","position":1,"name":"Till naturvernforbundet.no","item":"https:\/\/naturvernforbundet.no\/"},{"@type":"ListItem","position":2,"name":"Tr\u00f8ndelag","item":"https:\/\/naturvernforbundet.no\/trondelag\/"},{"@type":"ListItem","position":3,"name":"Vindkraft"}]},{"@type":"WebSite","@id":"https:\/\/naturvernforbundet.no\/trondelag\/#website","url":"https:\/\/naturvernforbundet.no\/trondelag\/","name":"Tr\u00f8ndelag","description":"Bare enda et Naturvernforbundet Sites-nettsted","potentialAction":[{"@type":"SearchAction","target":{"@type":"EntryPoint","urlTemplate":"https:\/\/naturvernforbundet.no\/trondelag\/?s={search_term_string}"},"query-input":{"@type":"PropertyValueSpecification","valueRequired":true,"valueName":"search_term_string"}}],"inLanguage":"nb-NO"}]}},"_links":{"self":[{"href":"https:\/\/naturvernforbundet.no\/trondelag\/wp-json\/wp\/v2\/pages\/2038","targetHints":{"allow":["GET"]}}],"collection":[{"href":"https:\/\/naturvernforbundet.no\/trondelag\/wp-json\/wp\/v2\/pages"}],"about":[{"href":"https:\/\/naturvernforbundet.no\/trondelag\/wp-json\/wp\/v2\/types\/page"}],"author":[{"embeddable":true,"href":"https:\/\/naturvernforbundet.no\/trondelag\/wp-json\/wp\/v2\/users\/27"}],"replies":[{"embeddable":true,"href":"https:\/\/naturvernforbundet.no\/trondelag\/wp-json\/wp\/v2\/comments?post=2038"}],"version-history":[{"count":7,"href":"https:\/\/naturvernforbundet.no\/trondelag\/wp-json\/wp\/v2\/pages\/2038\/revisions"}],"predecessor-version":[{"id":3818,"href":"https:\/\/naturvernforbundet.no\/trondelag\/wp-json\/wp\/v2\/pages\/2038\/revisions\/3818"}],"wp:attachment":[{"href":"https:\/\/naturvernforbundet.no\/trondelag\/wp-json\/wp\/v2\/media?parent=2038"}],"wp:term":[{"taxonomy":"category","embeddable":true,"href":"https:\/\/naturvernforbundet.no\/trondelag\/wp-json\/wp\/v2\/categories?post=2038"}],"curies":[{"name":"wp","href":"https:\/\/api.w.org\/{rel}","templated":true}]}}