{"id":2063,"date":"2022-11-14T14:44:43","date_gmt":"2022-11-14T13:44:43","guid":{"rendered":"https:\/\/naturvernforbundet.no\/trondelag\/?page_id=2063"},"modified":"2026-03-18T16:40:00","modified_gmt":"2026-03-18T15:40:00","slug":"naturvern-for-alle","status":"publish","type":"page","link":"https:\/\/naturvernforbundet.no\/trondelag\/forside\/prosjekt\/naturvern-for-alle\/","title":{"rendered":"Naturvern for alle"},"content":{"rendered":"\t<div class=\"template-page has-media alignfull wp-block-naturvern-hero\">\n\t\t<div class=\"hero__inner\">\n\t\t\t<div class=\"hero__inner_blocks\">\n\t\t\t\t\t\t\t\t\n<h1 class=\"wp-block-post-title\">Naturvern for alle<\/h1>\n\n\n<p>Aktiviteter og turer med fokus p\u00e5 naturvern og naturkunnskap<\/p>\n\n\n\n<div class=\"wp-block-buttons is-layout-flex wp-block-buttons-is-layout-flex\"><\/div>\n\n\t\t\t<\/div>\n\t\t\t\t\t<\/div>\n\t\t\t\t\t<div class=\"hero__image\">\n\t\t\t\t\t\t\t\t\t\t<img fetchpriority=\"high\" decoding=\"async\" width=\"600\" height=\"433\" src=\"https:\/\/naturvernforbundet.no\/content\/uploads\/sites\/19\/2022\/11\/IMG_20220208_110652.png\" class=\"attachment-ultra size-ultra\" alt=\"Naturgledetur\" style=\"object-position: 18% 26%;\" loading=\"eager\" srcset=\"https:\/\/naturvernforbundet.no\/content\/uploads\/sites\/19\/2022\/11\/IMG_20220208_110652.png 600w, https:\/\/naturvernforbundet.no\/content\/uploads\/sites\/19\/2022\/11\/IMG_20220208_110652-300x217.png 300w\" sizes=\"(max-width: 600px) 100vw, 600px\" \/>\t\t\t\t\t\t<\/div>\n\t\t\t<\/div>\n\t\n\n\n<p>I hele Tr\u00f8ndelag finnes det natur av unik kvalitet og arter som det er verdt \u00e5 ta vare p\u00e5. Det er natur som det er verdt \u00e5 oppdage og f\u00e5 mer kunnskap om. Prosjektet Naturvern for alle  skal bidra til \u00e5 \u00f8ke kunnskapen om natur og dens mangfold, samt gi mulighet for \u00e5 bidra til \u00e5 bevare naturen.<\/p>\n\n\n\n<h3 class=\"wp-block-heading\">Dugnader for naturen<\/h3>\n\n\n\n<p>Vi arrangerer dugnader der vi fjerner fremmede plantearter, er med p\u00e5 naturrestaureringsprosjekt og andre aktiviteter som bidrar til \u00e5 bevare naturen. \u00c5 v\u00e6re med som frivillig p\u00e5 disse aktivitetene gir deg ny kunnskap og nye bekjentskaper.<\/p>\n\n\n\n<h3 class=\"wp-block-heading\">Kartleggingsturer<\/h3>\n\n\n\n<p>Vi arrangerer kartleggingsturer med fokus p\u00e5 artskunnskap og turer til truede naturomr\u00e5der. Noen turer arrangerer vi alene og noen sammen med andre organisasjoner, bl.a. Norsk Botanisk Forening, BirdLife Tr\u00f8ndelag og Milj\u00f8agentene.<\/p>\n\n\n\n<hr class=\"wp-block-separator has-alpha-channel-opacity\"\/>\n\n\n\n<h2 class=\"wp-block-heading\"><strong>Slik kan du bidra<\/strong><\/h2>\n\n\n\n<h5 class=\"wp-block-heading\">Bli frivillig<\/h5>\n\n\n\n<p>Vi trenger alltid flere som kan bli med p\u00e5 dugnader og turer. Meld deg p\u00e5, s\u00e5 tar vi kontakt.<\/p>\n\n\n\n<div class=\"wp-block-buttons is-layout-flex wp-block-buttons-is-layout-flex\">\n<div class=\"wp-block-button\"><a class=\"wp-block-button__link wp-element-button\" href=\"https:\/\/frivillig.no\/naturvernforbundet-i-trondelag\/bli-med-pa-dugnader-for-naturen\">Bli frivillig<\/a><\/div>\n<\/div>\n\n\n\n\t\t<div class=\"t2-factbox wp-block-t2-factbox\" id=\"t2-factbox\">\n\t\t\t<div class=\"t2-factbox__content\">\n\t\t\t\t<div class=\"t2-factbox__blocks t2-factbox__inner-container\">\n\t\t\t\t\t\n\n<h2 class=\"wp-block-heading\">Her er noen eksempler p\u00e5 turer og dugnader vi arrangerer<\/h2>\n\n\n\n<div class=\"wp-block-media-text alignwide is-stacked-on-mobile\" style=\"grid-template-columns:36% auto\"><figure class=\"wp-block-media-text__media\"><img loading=\"lazy\" decoding=\"async\" width=\"768\" height=\"1024\" src=\"https:\/\/naturvernforbundet.no\/content\/uploads\/sites\/19\/2024\/04\/393708909_696403359076706_7059188389893526924_n-1-768x1024.jpg\" alt=\"Naturvernforbundet i Tr\u00f8ndelag\" class=\"wp-image-5188 size-full\" srcset=\"https:\/\/naturvernforbundet.no\/content\/uploads\/sites\/19\/2024\/04\/393708909_696403359076706_7059188389893526924_n-1-768x1024.jpg 768w, https:\/\/naturvernforbundet.no\/content\/uploads\/sites\/19\/2024\/04\/393708909_696403359076706_7059188389893526924_n-1-225x300.jpg 225w, https:\/\/naturvernforbundet.no\/content\/uploads\/sites\/19\/2024\/04\/393708909_696403359076706_7059188389893526924_n-1-1152x1536.jpg 1152w, https:\/\/naturvernforbundet.no\/content\/uploads\/sites\/19\/2024\/04\/393708909_696403359076706_7059188389893526924_n-1-1440x1920.jpg 1440w, https:\/\/naturvernforbundet.no\/content\/uploads\/sites\/19\/2024\/04\/393708909_696403359076706_7059188389893526924_n-1.jpg 1536w\" sizes=\"auto, (max-width: 768px) 100vw, 768px\" \/><\/figure><div class=\"wp-block-media-text__content\">\n<ul class=\"wp-block-list\">\n<li>Kartleggingsturer<\/li>\n\n\n\n<li>Naturrestaurering<\/li>\n\n\n\n<li>Fjerning av fremmede arter<\/li>\n\n\n\n<li>Sl\u00e5tte- og skj\u00f8tseldugnader<\/li>\n\n\n\n<li>Turer for \u00e5 l\u00e6re mer om truede arter og naturtyper<\/li>\n<\/ul>\n<\/div><\/div>\n\n\n\t\t\t\t<\/div>\n\t\t\t\t\n\t\t\t<\/div>\n\t\t\t\n\t\t<\/div>","protected":false},"excerpt":{"rendered":"","protected":false},"author":179,"featured_media":0,"parent":2017,"menu_order":0,"comment_status":"closed","ping_status":"closed","template":"","meta":{"_relevanssi_hide_post":"","_relevanssi_hide_content":"","_relevanssi_pin_for_all":"","_relevanssi_pin_keywords":"","_relevanssi_unpin_keywords":"","_relevanssi_related_keywords":"","_relevanssi_related_include_ids":"","_relevanssi_related_exclude_ids":"","_relevanssi_related_no_append":"","_relevanssi_related_not_related":"","_relevanssi_related_posts":"7360,7859,7806,8003,7711,7439","_relevanssi_noindex_reason":"","hide_logo":false,"footnotes":""},"categories":[],"class_list":["post-2063","page","type-page","status-publish","hentry"],"acf":[],"yoast_head":"<!-- This site is optimized with the Yoast SEO plugin v24.9 - https:\/\/yoast.com\/wordpress\/plugins\/seo\/ -->\n<title>Naturvern for alle - Tr\u00f8ndelag<\/title>\n<meta name=\"robots\" content=\"index, follow, max-snippet:-1, max-image-preview:large, max-video-preview:-1\" \/>\n<link rel=\"canonical\" href=\"https:\/\/naturvernforbundet.no\/trondelag\/forside\/prosjekt\/naturvern-for-alle\/\" \/>\n<meta property=\"og:locale\" content=\"nb_NO\" \/>\n<meta property=\"og:type\" content=\"article\" \/>\n<meta property=\"og:title\" content=\"Naturvern for alle - Tr\u00f8ndelag\" \/>\n<meta property=\"og:url\" content=\"https:\/\/naturvernforbundet.no\/trondelag\/forside\/prosjekt\/naturvern-for-alle\/\" \/>\n<meta property=\"og:site_name\" content=\"Tr\u00f8ndelag\" \/>\n<meta property=\"article:modified_time\" content=\"2026-03-18T15:40:00+00:00\" \/>\n<meta property=\"og:image\" content=\"https:\/\/naturvernforbundet.no\/content\/uploads\/sites\/19\/2024\/04\/393708909_696403359076706_7059188389893526924_n-1-768x1024.jpg\" \/>\n<meta name=\"twitter:card\" content=\"summary_large_image\" \/>\n<meta name=\"twitter:label1\" content=\"Ansl. lesetid\" \/>\n\t<meta name=\"twitter:data1\" content=\"2 minutter\" \/>\n<script type=\"application\/ld+json\" class=\"yoast-schema-graph\">{\"@context\":\"https:\/\/schema.org\",\"@graph\":[{\"@type\":\"WebPage\",\"@id\":\"https:\/\/naturvernforbundet.no\/trondelag\/forside\/prosjekt\/naturvern-for-alle\/\",\"url\":\"https:\/\/naturvernforbundet.no\/trondelag\/forside\/prosjekt\/naturvern-for-alle\/\",\"name\":\"Naturvern for alle - Tr\u00f8ndelag\",\"isPartOf\":{\"@id\":\"https:\/\/naturvernforbundet.no\/trondelag\/#website\"},\"primaryImageOfPage\":{\"@id\":\"https:\/\/naturvernforbundet.no\/trondelag\/forside\/prosjekt\/naturvern-for-alle\/#primaryimage\"},\"image\":{\"@id\":\"https:\/\/naturvernforbundet.no\/trondelag\/forside\/prosjekt\/naturvern-for-alle\/#primaryimage\"},\"thumbnailUrl\":\"https:\/\/naturvernforbundet.no\/content\/uploads\/sites\/19\/2024\/04\/393708909_696403359076706_7059188389893526924_n-1-768x1024.jpg\",\"datePublished\":\"2022-11-14T13:44:43+00:00\",\"dateModified\":\"2026-03-18T15:40:00+00:00\",\"breadcrumb\":{\"@id\":\"https:\/\/naturvernforbundet.no\/trondelag\/forside\/prosjekt\/naturvern-for-alle\/#breadcrumb\"},\"inLanguage\":\"nb-NO\",\"potentialAction\":[{\"@type\":\"ReadAction\",\"target\":[\"https:\/\/naturvernforbundet.no\/trondelag\/forside\/prosjekt\/naturvern-for-alle\/\"]}]},{\"@type\":\"ImageObject\",\"inLanguage\":\"nb-NO\",\"@id\":\"https:\/\/naturvernforbundet.no\/trondelag\/forside\/prosjekt\/naturvern-for-alle\/#primaryimage\",\"url\":\"https:\/\/naturvernforbundet.no\/content\/uploads\/sites\/19\/2024\/04\/393708909_696403359076706_7059188389893526924_n-1-768x1024.jpg\",\"contentUrl\":\"https:\/\/naturvernforbundet.no\/content\/uploads\/sites\/19\/2024\/04\/393708909_696403359076706_7059188389893526924_n-1-768x1024.jpg\"},{\"@type\":\"BreadcrumbList\",\"@id\":\"https:\/\/naturvernforbundet.no\/trondelag\/forside\/prosjekt\/naturvern-for-alle\/#breadcrumb\",\"itemListElement\":[{\"@type\":\"ListItem\",\"position\":1,\"name\":\"Till naturvernforbundet.no\",\"item\":\"https:\/\/naturvernforbundet.no\/\"},{\"@type\":\"ListItem\",\"position\":2,\"name\":\"Tr\u00f8ndelag\",\"item\":\"https:\/\/naturvernforbundet.no\/trondelag\/\"},{\"@type\":\"ListItem\",\"position\":3,\"name\":\"Forside\",\"item\":\"https:\/\/naturvernforbundet.no\/trondelag\/\"},{\"@type\":\"ListItem\",\"position\":4,\"name\":\"V\u00e5re prosjekter\",\"item\":\"https:\/\/naturvernforbundet.no\/trondelag\/forside\/prosjekt\/\"},{\"@type\":\"ListItem\",\"position\":5,\"name\":\"Naturvern for alle\"}]},{\"@type\":\"WebSite\",\"@id\":\"https:\/\/naturvernforbundet.no\/trondelag\/#website\",\"url\":\"https:\/\/naturvernforbundet.no\/trondelag\/\",\"name\":\"Tr\u00f8ndelag\",\"description\":\"Bare enda et Naturvernforbundet Sites-nettsted\",\"potentialAction\":[{\"@type\":\"SearchAction\",\"target\":{\"@type\":\"EntryPoint\",\"urlTemplate\":\"https:\/\/naturvernforbundet.no\/trondelag\/?s={search_term_string}\"},\"query-input\":{\"@type\":\"PropertyValueSpecification\",\"valueRequired\":true,\"valueName\":\"search_term_string\"}}],\"inLanguage\":\"nb-NO\"}]}<\/script>\n<!-- \/ Yoast SEO plugin. -->","yoast_head_json":{"title":"Naturvern for alle - Tr\u00f8ndelag","robots":{"index":"index","follow":"follow","max-snippet":"max-snippet:-1","max-image-preview":"max-image-preview:large","max-video-preview":"max-video-preview:-1"},"canonical":"https:\/\/naturvernforbundet.no\/trondelag\/forside\/prosjekt\/naturvern-for-alle\/","og_locale":"nb_NO","og_type":"article","og_title":"Naturvern for alle - Tr\u00f8ndelag","og_url":"https:\/\/naturvernforbundet.no\/trondelag\/forside\/prosjekt\/naturvern-for-alle\/","og_site_name":"Tr\u00f8ndelag","article_modified_time":"2026-03-18T15:40:00+00:00","og_image":[{"url":"https:\/\/naturvernforbundet.no\/content\/uploads\/sites\/19\/2024\/04\/393708909_696403359076706_7059188389893526924_n-1-768x1024.jpg","type":"","width":"","height":""}],"twitter_card":"summary_large_image","twitter_misc":{"Ansl. lesetid":"2 minutter"},"schema":{"@context":"https:\/\/schema.org","@graph":[{"@type":"WebPage","@id":"https:\/\/naturvernforbundet.no\/trondelag\/forside\/prosjekt\/naturvern-for-alle\/","url":"https:\/\/naturvernforbundet.no\/trondelag\/forside\/prosjekt\/naturvern-for-alle\/","name":"Naturvern for alle - Tr\u00f8ndelag","isPartOf":{"@id":"https:\/\/naturvernforbundet.no\/trondelag\/#website"},"primaryImageOfPage":{"@id":"https:\/\/naturvernforbundet.no\/trondelag\/forside\/prosjekt\/naturvern-for-alle\/#primaryimage"},"image":{"@id":"https:\/\/naturvernforbundet.no\/trondelag\/forside\/prosjekt\/naturvern-for-alle\/#primaryimage"},"thumbnailUrl":"https:\/\/naturvernforbundet.no\/content\/uploads\/sites\/19\/2024\/04\/393708909_696403359076706_7059188389893526924_n-1-768x1024.jpg","datePublished":"2022-11-14T13:44:43+00:00","dateModified":"2026-03-18T15:40:00+00:00","breadcrumb":{"@id":"https:\/\/naturvernforbundet.no\/trondelag\/forside\/prosjekt\/naturvern-for-alle\/#breadcrumb"},"inLanguage":"nb-NO","potentialAction":[{"@type":"ReadAction","target":["https:\/\/naturvernforbundet.no\/trondelag\/forside\/prosjekt\/naturvern-for-alle\/"]}]},{"@type":"ImageObject","inLanguage":"nb-NO","@id":"https:\/\/naturvernforbundet.no\/trondelag\/forside\/prosjekt\/naturvern-for-alle\/#primaryimage","url":"https:\/\/naturvernforbundet.no\/content\/uploads\/sites\/19\/2024\/04\/393708909_696403359076706_7059188389893526924_n-1-768x1024.jpg","contentUrl":"https:\/\/naturvernforbundet.no\/content\/uploads\/sites\/19\/2024\/04\/393708909_696403359076706_7059188389893526924_n-1-768x1024.jpg"},{"@type":"BreadcrumbList","@id":"https:\/\/naturvernforbundet.no\/trondelag\/forside\/prosjekt\/naturvern-for-alle\/#breadcrumb","itemListElement":[{"@type":"ListItem","position":1,"name":"Till naturvernforbundet.no","item":"https:\/\/naturvernforbundet.no\/"},{"@type":"ListItem","position":2,"name":"Tr\u00f8ndelag","item":"https:\/\/naturvernforbundet.no\/trondelag\/"},{"@type":"ListItem","position":3,"name":"Forside","item":"https:\/\/naturvernforbundet.no\/trondelag\/"},{"@type":"ListItem","position":4,"name":"V\u00e5re prosjekter","item":"https:\/\/naturvernforbundet.no\/trondelag\/forside\/prosjekt\/"},{"@type":"ListItem","position":5,"name":"Naturvern for alle"}]},{"@type":"WebSite","@id":"https:\/\/naturvernforbundet.no\/trondelag\/#website","url":"https:\/\/naturvernforbundet.no\/trondelag\/","name":"Tr\u00f8ndelag","description":"Bare enda et Naturvernforbundet Sites-nettsted","potentialAction":[{"@type":"SearchAction","target":{"@type":"EntryPoint","urlTemplate":"https:\/\/naturvernforbundet.no\/trondelag\/?s={search_term_string}"},"query-input":{"@type":"PropertyValueSpecification","valueRequired":true,"valueName":"search_term_string"}}],"inLanguage":"nb-NO"}]}},"_links":{"self":[{"href":"https:\/\/naturvernforbundet.no\/trondelag\/wp-json\/wp\/v2\/pages\/2063","targetHints":{"allow":["GET"]}}],"collection":[{"href":"https:\/\/naturvernforbundet.no\/trondelag\/wp-json\/wp\/v2\/pages"}],"about":[{"href":"https:\/\/naturvernforbundet.no\/trondelag\/wp-json\/wp\/v2\/types\/page"}],"author":[{"embeddable":true,"href":"https:\/\/naturvernforbundet.no\/trondelag\/wp-json\/wp\/v2\/users\/179"}],"replies":[{"embeddable":true,"href":"https:\/\/naturvernforbundet.no\/trondelag\/wp-json\/wp\/v2\/comments?post=2063"}],"version-history":[{"count":12,"href":"https:\/\/naturvernforbundet.no\/trondelag\/wp-json\/wp\/v2\/pages\/2063\/revisions"}],"predecessor-version":[{"id":8731,"href":"https:\/\/naturvernforbundet.no\/trondelag\/wp-json\/wp\/v2\/pages\/2063\/revisions\/8731"}],"up":[{"embeddable":true,"href":"https:\/\/naturvernforbundet.no\/trondelag\/wp-json\/wp\/v2\/pages\/2017"}],"wp:attachment":[{"href":"https:\/\/naturvernforbundet.no\/trondelag\/wp-json\/wp\/v2\/media?parent=2063"}],"wp:term":[{"taxonomy":"category","embeddable":true,"href":"https:\/\/naturvernforbundet.no\/trondelag\/wp-json\/wp\/v2\/categories?post=2063"}],"curies":[{"name":"wp","href":"https:\/\/api.w.org\/{rel}","templated":true}]}}