{"id":2277,"date":"2022-11-15T16:47:51","date_gmt":"2022-11-15T15:47:51","guid":{"rendered":"https:\/\/naturvernforbundet.no\/trondelag\/?page_id=2277"},"modified":"2024-02-21T14:21:28","modified_gmt":"2024-02-21T13:21:28","slug":"naturmangfold","status":"publish","type":"page","link":"https:\/\/naturvernforbundet.no\/trondelag\/naturmangfold\/","title":{"rendered":"Naturmangfold"},"content":{"rendered":"\t<div class=\"template-page alignfull wp-block-naturvern-hero\">\n\t\t<div class=\"hero__inner\">\n\t\t\t<div class=\"hero__inner_blocks\">\n\t\t\t\t\t\t\t\t\n<h1 class=\"wp-block-post-title\">Naturmangfold<\/h1>\n\n\n<p>Det biologiske mangfoldet reduseres for hver dag som g\u00e5r. Endret arealbruk er den viktigste \u00e5rsaken til artstap og bestandsnedgang<\/p>\n\n\t\t\t<\/div>\n\t\t\t\t\t<\/div>\n\t\t\t<\/div>\n\t\n\n<div class=\"t2-featured-content-layout alignwide alignwide wp-block-t2-featured-content-layout\">\n<div class=\"t2-featured-single-post t2-featured-content is-post-type-post category-naturmangfold category-nyheter tag-meraker-brug tag-skogforvaltning tag-statskog wp-block-t2-featured-single-post t2-featured-content-layout-col-12\"><a class=\"t2-post-link wp-block-t2-post-link\" href=\"https:\/\/naturvernforbundet.no\/trondelag\/natur-og-klimavennlig-forvaltning-av-meraker-brug\/\">\n<figure style=\"--t2-focal-point: 50% 50%;\" class=\"t2-post-featured-image has-image-ratio-4-3 wp-block-t2-post-featured-image\"><img loading=\"lazy\" decoding=\"async\" width=\"1100\" height=\"720\" src=\"https:\/\/naturvernforbundet.no\/content\/uploads\/sites\/19\/2022\/12\/Meraker-Feren-og-Hermannsnasen.png\" class=\"attachment-post-thumbnail size-post-thumbnail wp-post-image\" alt=\"\" srcset=\"https:\/\/naturvernforbundet.no\/content\/uploads\/sites\/19\/2022\/12\/Meraker-Feren-og-Hermannsnasen.png 1100w, https:\/\/naturvernforbundet.no\/content\/uploads\/sites\/19\/2022\/12\/Meraker-Feren-og-Hermannsnasen-300x196.png 300w, https:\/\/naturvernforbundet.no\/content\/uploads\/sites\/19\/2022\/12\/Meraker-Feren-og-Hermannsnasen-1024x670.png 1024w, https:\/\/naturvernforbundet.no\/content\/uploads\/sites\/19\/2022\/12\/Meraker-Feren-og-Hermannsnasen-768x503.png 768w\" sizes=\"auto, (max-width: 1100px) 100vw, 1100px\" \/><\/figure>\n\n<div class=\"wp-block-group alignfull is-layout-flow wp-block-group-is-layout-flow\">\n\t<h2 class=\"t2-post-title wp-block-t2-post-title\">Natur- og klimavennlig forvaltning av Meraker Brug<\/h2>\n\t<p class=\"wp-block-naturvern-post-excerpt\">Naturvernforbundet mener Statens kj\u00f8p gir en god mulighet for \u00e5 sikre at brukets store eiendom i framtiden blir forvaltet og skj\u00f8ttet p\u00e5 en natur- og klimavennlig m\u00e5te.<\/p>\n\t\t<div class=\"wp-block-naturvern-post-meta\">\n\t\t\t\t\t<span class=\"cat\">\n\t\t\t\t\t\t\t\t\t<span><span class=\"tag-link\" data-href=\"https:\/\/naturvernforbundet.no\/trondelag\/category\/naturmangfold\/\">Naturmangfold<\/span><\/span>\n\t\t\t\t\t\t\t\t\t<span><span class=\"tag-link\" data-href=\"https:\/\/naturvernforbundet.no\/trondelag\/category\/nyheter\/\">Nyheter<\/span><\/span>\n\t\t\t\t\t\t\t<\/span>\n\t\t\t\t\t\t\t<span class=\"date\">07.12.2022<\/span>\n\t\t\t<\/div>\n\t\n<\/div>\n\n<\/a>\n<\/div>\n<\/div>\n\n<div class=\"t2-featured-content-layout alignwide alignwide wp-block-t2-featured-content-layout\">\n<div class=\"t2-featured-query-post t2-featured-content is-post-type-post category-areal-og-plansaker category-myr category-natur category-naturmangfold local-stjordal-og-meraaker wp-block-t2-featured-query-post\"><a class=\"t2-post-link wp-block-t2-post-link\" href=\"https:\/\/naturvernforbundet.no\/trondelag\/klage-pa-detaljreguleringsplan-for-lauvasen-naeringspark\/\">\n<figure style=\"--t2-focal-point: 50% 50%;\" class=\"t2-post-featured-image has-image-ratio-4-3 wp-block-t2-post-featured-image\"><img loading=\"lazy\" decoding=\"async\" width=\"2560\" height=\"1153\" src=\"https:\/\/naturvernforbundet.no\/content\/uploads\/sites\/19\/2026\/03\/20251031_103417-scaled.jpg\" class=\"attachment-post-thumbnail size-post-thumbnail wp-post-image\" alt=\"Lauv\u00e5sen, Frig\u00e5rden\" srcset=\"https:\/\/naturvernforbundet.no\/content\/uploads\/sites\/19\/2026\/03\/20251031_103417-scaled.jpg 2560w, https:\/\/naturvernforbundet.no\/content\/uploads\/sites\/19\/2026\/03\/20251031_103417-300x135.jpg 300w, https:\/\/naturvernforbundet.no\/content\/uploads\/sites\/19\/2026\/03\/20251031_103417-1024x461.jpg 1024w, https:\/\/naturvernforbundet.no\/content\/uploads\/sites\/19\/2026\/03\/20251031_103417-768x346.jpg 768w, https:\/\/naturvernforbundet.no\/content\/uploads\/sites\/19\/2026\/03\/20251031_103417-1536x692.jpg 1536w, https:\/\/naturvernforbundet.no\/content\/uploads\/sites\/19\/2026\/03\/20251031_103417-2048x922.jpg 2048w, https:\/\/naturvernforbundet.no\/content\/uploads\/sites\/19\/2026\/03\/20251031_103417-1920x865.jpg 1920w\" sizes=\"auto, (max-width: 2560px) 100vw, 2560px\" \/><\/figure>\n\n<div class=\"wp-block-group alignfull is-layout-flow wp-block-group-is-layout-flow\">\n\t<h2 class=\"t2-post-title wp-block-t2-post-title\">Klage p\u00e5 detaljreguleringsplan for Lauv\u00e5sen n\u00e6ringspark<\/h2>\n\t<p class=\"wp-block-naturvern-post-excerpt\"><\/p>\n\t\t<div class=\"wp-block-naturvern-post-meta\">\n\t\t\t\t\t<span class=\"cat\">\n\t\t\t\t\t\t\t\t\t<span><span class=\"tag-link\" data-href=\"https:\/\/naturvernforbundet.no\/trondelag\/category\/areal-og-plansaker\/\">Areal- og plansaker<\/span><\/span>\n\t\t\t\t\t\t\t\t\t<span><span class=\"tag-link\" data-href=\"https:\/\/naturvernforbundet.no\/trondelag\/category\/myr\/\">Myr<\/span><\/span>\n\t\t\t\t\t\t\t\t\t<span><span class=\"tag-link\" data-href=\"https:\/\/naturvernforbundet.no\/trondelag\/category\/natur\/\">Natur<\/span><\/span>\n\t\t\t\t\t\t\t\t\t<span><span class=\"tag-link\" data-href=\"https:\/\/naturvernforbundet.no\/trondelag\/category\/naturmangfold\/\">Naturmangfold<\/span><\/span>\n\t\t\t\t\t\t\t<\/span>\n\t\t\t\t\t\t\t<span class=\"date\">25.03.2026<\/span>\n\t\t\t<\/div>\n\t\n<\/div>\n\n<\/a>\n<\/div>\n\n<div class=\"t2-featured-query-post t2-featured-content is-post-type-post category-arsmoter-moter category-fjord-elv-og-vassdrag category-miljopris-naturpris category-myr category-naturmangfold category-nyheter local-stjordal-og-meraaker wp-block-t2-featured-query-post\"><a class=\"t2-post-link wp-block-t2-post-link\" href=\"https:\/\/naturvernforbundet.no\/trondelag\/aeresdiplom-til-arne-moksnes\/\">\n<figure style=\"--t2-focal-point: 50% 50%;\" class=\"t2-post-featured-image has-image-ratio-4-3 wp-block-t2-post-featured-image\"><img loading=\"lazy\" decoding=\"async\" width=\"2560\" height=\"1920\" src=\"https:\/\/naturvernforbundet.no\/content\/uploads\/sites\/19\/2026\/03\/20260304_205218-scaled.jpg\" class=\"attachment-post-thumbnail size-post-thumbnail wp-post-image\" alt=\"\u00c6resdiplom til Arne Moksnes\" srcset=\"https:\/\/naturvernforbundet.no\/content\/uploads\/sites\/19\/2026\/03\/20260304_205218-scaled.jpg 2560w, https:\/\/naturvernforbundet.no\/content\/uploads\/sites\/19\/2026\/03\/20260304_205218-300x225.jpg 300w, https:\/\/naturvernforbundet.no\/content\/uploads\/sites\/19\/2026\/03\/20260304_205218-1024x768.jpg 1024w, https:\/\/naturvernforbundet.no\/content\/uploads\/sites\/19\/2026\/03\/20260304_205218-768x576.jpg 768w, https:\/\/naturvernforbundet.no\/content\/uploads\/sites\/19\/2026\/03\/20260304_205218-1536x1152.jpg 1536w, https:\/\/naturvernforbundet.no\/content\/uploads\/sites\/19\/2026\/03\/20260304_205218-2048x1536.jpg 2048w, https:\/\/naturvernforbundet.no\/content\/uploads\/sites\/19\/2026\/03\/20260304_205218-1920x1440.jpg 1920w\" sizes=\"auto, (max-width: 2560px) 100vw, 2560px\" \/><\/figure>\n\n<div class=\"wp-block-group alignfull is-layout-flow wp-block-group-is-layout-flow\">\n\t<h2 class=\"t2-post-title wp-block-t2-post-title\">\u00c6resdiplom til Arne Moksnes<\/h2>\n\t<p class=\"wp-block-naturvern-post-excerpt\">4. mars 2026 <\/p>\n\t\t<div class=\"wp-block-naturvern-post-meta\">\n\t\t\t\t\t<span class=\"cat\">\n\t\t\t\t\t\t\t\t\t<span><span class=\"tag-link\" data-href=\"https:\/\/naturvernforbundet.no\/trondelag\/category\/arsmoter-moter\/\">\u00c5rsm\u00f8ter, m\u00f8ter<\/span><\/span>\n\t\t\t\t\t\t\t\t\t<span><span class=\"tag-link\" data-href=\"https:\/\/naturvernforbundet.no\/trondelag\/category\/fjord-elv-og-vassdrag\/\">Fjord, elv og vassdrag<\/span><\/span>\n\t\t\t\t\t\t\t\t\t<span><span class=\"tag-link\" data-href=\"https:\/\/naturvernforbundet.no\/trondelag\/category\/miljopris-naturpris\/\">Milj\u00f8pris, naturpris<\/span><\/span>\n\t\t\t\t\t\t\t\t\t<span><span class=\"tag-link\" data-href=\"https:\/\/naturvernforbundet.no\/trondelag\/category\/myr\/\">Myr<\/span><\/span>\n\t\t\t\t\t\t\t\t\t<span><span class=\"tag-link\" data-href=\"https:\/\/naturvernforbundet.no\/trondelag\/category\/naturmangfold\/\">Naturmangfold<\/span><\/span>\n\t\t\t\t\t\t\t\t\t<span><span class=\"tag-link\" data-href=\"https:\/\/naturvernforbundet.no\/trondelag\/category\/nyheter\/\">Nyheter<\/span><\/span>\n\t\t\t\t\t\t\t<\/span>\n\t\t\t\t\t\t\t<span class=\"date\">13.03.2026<\/span>\n\t\t\t<\/div>\n\t\n<\/div>\n\n<\/a>\n<\/div>\n\n<div class=\"t2-featured-query-post t2-featured-content is-post-type-post category-dyrearter category-fjord-elv-og-vassdrag category-naturmangfold category-ukategorisert local-stjordal-og-meraaker wp-block-t2-featured-query-post\"><a class=\"t2-post-link wp-block-t2-post-link\" href=\"https:\/\/naturvernforbundet.no\/trondelag\/salamandere-i-stjordals-naernatur\/\">\n<figure style=\"--t2-focal-point: 50% 50%;\" class=\"t2-post-featured-image has-image-ratio-4-3 wp-block-t2-post-featured-image\"><img loading=\"lazy\" decoding=\"async\" width=\"2560\" height=\"1153\" src=\"https:\/\/naturvernforbundet.no\/content\/uploads\/sites\/19\/2025\/05\/20250522_101731-scaled.jpg\" class=\"attachment-post-thumbnail size-post-thumbnail wp-post-image\" alt=\"Storsalamander\" srcset=\"https:\/\/naturvernforbundet.no\/content\/uploads\/sites\/19\/2025\/05\/20250522_101731-scaled.jpg 2560w, https:\/\/naturvernforbundet.no\/content\/uploads\/sites\/19\/2025\/05\/20250522_101731-300x135.jpg 300w, https:\/\/naturvernforbundet.no\/content\/uploads\/sites\/19\/2025\/05\/20250522_101731-1024x461.jpg 1024w, https:\/\/naturvernforbundet.no\/content\/uploads\/sites\/19\/2025\/05\/20250522_101731-768x346.jpg 768w, https:\/\/naturvernforbundet.no\/content\/uploads\/sites\/19\/2025\/05\/20250522_101731-1536x692.jpg 1536w, https:\/\/naturvernforbundet.no\/content\/uploads\/sites\/19\/2025\/05\/20250522_101731-2048x922.jpg 2048w, https:\/\/naturvernforbundet.no\/content\/uploads\/sites\/19\/2025\/05\/20250522_101731-1920x865.jpg 1920w\" sizes=\"auto, (max-width: 2560px) 100vw, 2560px\" \/><\/figure>\n\n<div class=\"wp-block-group alignfull is-layout-flow wp-block-group-is-layout-flow\">\n\t<h2 class=\"t2-post-title wp-block-t2-post-title\">Salamandere i Stj\u00f8rdals n\u00e6rnatur<\/h2>\n\t<p class=\"wp-block-naturvern-post-excerpt\">I sommer var Naturvernforbundet i Stj\u00f8rdal og Mer\u00e5ker aktive i kartleggingen av rundt 50 dammer i Stj\u00f8rdals n\u00e6romr\u00e5de. Salamandere ble funnet i n\u00e6rmere halvparten av disse dammene og mye ny kunnskap ble samlet om forekomsten av disse fascinerende dyrene og deres levevis.<\/p>\n\t\t<div class=\"wp-block-naturvern-post-meta\">\n\t\t\t\t\t<span class=\"cat\">\n\t\t\t\t\t\t\t\t\t<span><span class=\"tag-link\" data-href=\"https:\/\/naturvernforbundet.no\/trondelag\/category\/dyrearter\/\">Dyrearter<\/span><\/span>\n\t\t\t\t\t\t\t\t\t<span><span class=\"tag-link\" data-href=\"https:\/\/naturvernforbundet.no\/trondelag\/category\/fjord-elv-og-vassdrag\/\">Fjord, elv og vassdrag<\/span><\/span>\n\t\t\t\t\t\t\t\t\t<span><span class=\"tag-link\" data-href=\"https:\/\/naturvernforbundet.no\/trondelag\/category\/naturmangfold\/\">Naturmangfold<\/span><\/span>\n\t\t\t\t\t\t\t\t\t<span><span class=\"tag-link\" data-href=\"https:\/\/naturvernforbundet.no\/trondelag\/category\/ukategorisert\/\">Ukategorisert<\/span><\/span>\n\t\t\t\t\t\t\t<\/span>\n\t\t\t\t\t\t\t<span class=\"date\">27.10.2025<\/span>\n\t\t\t<\/div>\n\t\n<\/div>\n\n<\/a>\n<\/div>\n\n\n\n\n\n\n<\/div>\n\n\n<div class=\"wp-block-media-text alignwide is-stacked-on-mobile\"><figure class=\"wp-block-media-text__media\"><img loading=\"lazy\" decoding=\"async\" width=\"1024\" height=\"768\" src=\"https:\/\/naturvernforbundet.no\/content\/uploads\/sites\/19\/2022\/11\/20221113_131838-1024x768.jpg\" alt=\"H\u00f8stbilde ved Nydammen, Vikelva\" class=\"wp-image-2280 size-full\" srcset=\"https:\/\/naturvernforbundet.no\/content\/uploads\/sites\/19\/2022\/11\/20221113_131838-1024x768.jpg 1024w, https:\/\/naturvernforbundet.no\/content\/uploads\/sites\/19\/2022\/11\/20221113_131838-300x225.jpg 300w, https:\/\/naturvernforbundet.no\/content\/uploads\/sites\/19\/2022\/11\/20221113_131838-768x576.jpg 768w, https:\/\/naturvernforbundet.no\/content\/uploads\/sites\/19\/2022\/11\/20221113_131838-1536x1152.jpg 1536w, https:\/\/naturvernforbundet.no\/content\/uploads\/sites\/19\/2022\/11\/20221113_131838-2048x1536.jpg 2048w, https:\/\/naturvernforbundet.no\/content\/uploads\/sites\/19\/2022\/11\/20221113_131838-1920x1440.jpg 1920w\" sizes=\"auto, (max-width: 1024px) 100vw, 1024px\" \/><\/figure><div class=\"wp-block-media-text__content\">\n<p class=\"is-style-ingress\">Her finner du lenke til artikler i nettaviser, brev og h\u00f8ringer som handler naturmangfold og naturvern<\/p>\n\n\n\n<p class=\"is-style-default\"><br><\/p>\n\n\n\n<p>Rapport <a href=\"https:\/\/naturvernforbundet.no\/en-redningspakke-for-naturen\/\"><strong>For naturen<\/strong>. Sivilsamfunnets naturpolitiske l\u00f8sninger fram mot 2030<\/a> En veileder for hvordan Norge kan n\u00e5 m\u00e5lene i naturavtalen.<\/p>\n\n\n\n<p><strong>Gaupebestand<\/strong> &#8211; <a href=\"https:\/\/naturvernforbundet.no\/content\/uploads\/sites\/19\/2022\/11\/Saksfremlegg-sak-43-22-Klager-pa-vedtak-i-sak-37-22-kvote-for-kvotejakt-pa-gaupe-2023.pdf\">Rovviltnemda opprettholder vedtak<\/a> om jakt (november 2022)<br>FNs naturpanel &#8211; <a href=\"https:\/\/www.dagbladet.no\/nyheter\/norge-har-syndet\/77992788\">&laquo;Norge har syndet&raquo;, <\/a>uttalelse fra klimaminister Barth Eide.<\/p>\n<\/div><\/div>\n","protected":false},"excerpt":{"rendered":"","protected":false},"author":27,"featured_media":0,"parent":0,"menu_order":0,"comment_status":"closed","ping_status":"closed","template":"","meta":{"_relevanssi_hide_post":"","_relevanssi_hide_content":"","_relevanssi_pin_for_all":"","_relevanssi_pin_keywords":"","_relevanssi_unpin_keywords":"","_relevanssi_related_keywords":"","_relevanssi_related_include_ids":"","_relevanssi_related_exclude_ids":"","_relevanssi_related_no_append":"","_relevanssi_related_not_related":"","_relevanssi_related_posts":"","_relevanssi_noindex_reason":"","hide_logo":false,"footnotes":""},"categories":[],"class_list":["post-2277","page","type-page","status-publish","hentry"],"acf":[],"yoast_head":"<!-- This site is optimized with the Yoast SEO plugin v24.9 - https:\/\/yoast.com\/wordpress\/plugins\/seo\/ -->\n<title>Naturmangfold - Tr\u00f8ndelag<\/title>\n<meta name=\"robots\" content=\"index, follow, max-snippet:-1, max-image-preview:large, max-video-preview:-1\" \/>\n<link rel=\"canonical\" href=\"https:\/\/naturvernforbundet.no\/trondelag\/naturmangfold\/\" \/>\n<meta property=\"og:locale\" content=\"nb_NO\" \/>\n<meta property=\"og:type\" content=\"article\" \/>\n<meta property=\"og:title\" content=\"Naturmangfold - Tr\u00f8ndelag\" \/>\n<meta property=\"og:url\" content=\"https:\/\/naturvernforbundet.no\/trondelag\/naturmangfold\/\" \/>\n<meta property=\"og:site_name\" content=\"Tr\u00f8ndelag\" \/>\n<meta property=\"article:modified_time\" content=\"2024-02-21T13:21:28+00:00\" \/>\n<meta property=\"og:image\" content=\"https:\/\/naturvernforbundet.no\/content\/uploads\/sites\/19\/2022\/11\/20221113_131838-1024x768.jpg\" \/>\n<meta name=\"twitter:card\" content=\"summary_large_image\" \/>\n<meta name=\"twitter:label1\" content=\"Ansl. lesetid\" \/>\n\t<meta name=\"twitter:data1\" content=\"1 minutt\" \/>\n<script type=\"application\/ld+json\" class=\"yoast-schema-graph\">{\"@context\":\"https:\/\/schema.org\",\"@graph\":[{\"@type\":\"WebPage\",\"@id\":\"https:\/\/naturvernforbundet.no\/trondelag\/naturmangfold\/\",\"url\":\"https:\/\/naturvernforbundet.no\/trondelag\/naturmangfold\/\",\"name\":\"Naturmangfold - Tr\u00f8ndelag\",\"isPartOf\":{\"@id\":\"https:\/\/naturvernforbundet.no\/trondelag\/#website\"},\"primaryImageOfPage\":{\"@id\":\"https:\/\/naturvernforbundet.no\/trondelag\/naturmangfold\/#primaryimage\"},\"image\":{\"@id\":\"https:\/\/naturvernforbundet.no\/trondelag\/naturmangfold\/#primaryimage\"},\"thumbnailUrl\":\"https:\/\/naturvernforbundet.no\/content\/uploads\/sites\/19\/2022\/11\/20221113_131838-1024x768.jpg\",\"datePublished\":\"2022-11-15T15:47:51+00:00\",\"dateModified\":\"2024-02-21T13:21:28+00:00\",\"breadcrumb\":{\"@id\":\"https:\/\/naturvernforbundet.no\/trondelag\/naturmangfold\/#breadcrumb\"},\"inLanguage\":\"nb-NO\",\"potentialAction\":[{\"@type\":\"ReadAction\",\"target\":[\"https:\/\/naturvernforbundet.no\/trondelag\/naturmangfold\/\"]}]},{\"@type\":\"ImageObject\",\"inLanguage\":\"nb-NO\",\"@id\":\"https:\/\/naturvernforbundet.no\/trondelag\/naturmangfold\/#primaryimage\",\"url\":\"https:\/\/naturvernforbundet.no\/content\/uploads\/sites\/19\/2022\/11\/20221113_131838-1024x768.jpg\",\"contentUrl\":\"https:\/\/naturvernforbundet.no\/content\/uploads\/sites\/19\/2022\/11\/20221113_131838-1024x768.jpg\"},{\"@type\":\"BreadcrumbList\",\"@id\":\"https:\/\/naturvernforbundet.no\/trondelag\/naturmangfold\/#breadcrumb\",\"itemListElement\":[{\"@type\":\"ListItem\",\"position\":1,\"name\":\"Till naturvernforbundet.no\",\"item\":\"https:\/\/naturvernforbundet.no\/\"},{\"@type\":\"ListItem\",\"position\":2,\"name\":\"Tr\u00f8ndelag\",\"item\":\"https:\/\/naturvernforbundet.no\/trondelag\/\"},{\"@type\":\"ListItem\",\"position\":3,\"name\":\"Naturmangfold\"}]},{\"@type\":\"WebSite\",\"@id\":\"https:\/\/naturvernforbundet.no\/trondelag\/#website\",\"url\":\"https:\/\/naturvernforbundet.no\/trondelag\/\",\"name\":\"Tr\u00f8ndelag\",\"description\":\"Bare enda et Naturvernforbundet Sites-nettsted\",\"potentialAction\":[{\"@type\":\"SearchAction\",\"target\":{\"@type\":\"EntryPoint\",\"urlTemplate\":\"https:\/\/naturvernforbundet.no\/trondelag\/?s={search_term_string}\"},\"query-input\":{\"@type\":\"PropertyValueSpecification\",\"valueRequired\":true,\"valueName\":\"search_term_string\"}}],\"inLanguage\":\"nb-NO\"}]}<\/script>\n<!-- \/ Yoast SEO plugin. -->","yoast_head_json":{"title":"Naturmangfold - Tr\u00f8ndelag","robots":{"index":"index","follow":"follow","max-snippet":"max-snippet:-1","max-image-preview":"max-image-preview:large","max-video-preview":"max-video-preview:-1"},"canonical":"https:\/\/naturvernforbundet.no\/trondelag\/naturmangfold\/","og_locale":"nb_NO","og_type":"article","og_title":"Naturmangfold - Tr\u00f8ndelag","og_url":"https:\/\/naturvernforbundet.no\/trondelag\/naturmangfold\/","og_site_name":"Tr\u00f8ndelag","article_modified_time":"2024-02-21T13:21:28+00:00","og_image":[{"url":"https:\/\/naturvernforbundet.no\/content\/uploads\/sites\/19\/2022\/11\/20221113_131838-1024x768.jpg","type":"","width":"","height":""}],"twitter_card":"summary_large_image","twitter_misc":{"Ansl. lesetid":"1 minutt"},"schema":{"@context":"https:\/\/schema.org","@graph":[{"@type":"WebPage","@id":"https:\/\/naturvernforbundet.no\/trondelag\/naturmangfold\/","url":"https:\/\/naturvernforbundet.no\/trondelag\/naturmangfold\/","name":"Naturmangfold - Tr\u00f8ndelag","isPartOf":{"@id":"https:\/\/naturvernforbundet.no\/trondelag\/#website"},"primaryImageOfPage":{"@id":"https:\/\/naturvernforbundet.no\/trondelag\/naturmangfold\/#primaryimage"},"image":{"@id":"https:\/\/naturvernforbundet.no\/trondelag\/naturmangfold\/#primaryimage"},"thumbnailUrl":"https:\/\/naturvernforbundet.no\/content\/uploads\/sites\/19\/2022\/11\/20221113_131838-1024x768.jpg","datePublished":"2022-11-15T15:47:51+00:00","dateModified":"2024-02-21T13:21:28+00:00","breadcrumb":{"@id":"https:\/\/naturvernforbundet.no\/trondelag\/naturmangfold\/#breadcrumb"},"inLanguage":"nb-NO","potentialAction":[{"@type":"ReadAction","target":["https:\/\/naturvernforbundet.no\/trondelag\/naturmangfold\/"]}]},{"@type":"ImageObject","inLanguage":"nb-NO","@id":"https:\/\/naturvernforbundet.no\/trondelag\/naturmangfold\/#primaryimage","url":"https:\/\/naturvernforbundet.no\/content\/uploads\/sites\/19\/2022\/11\/20221113_131838-1024x768.jpg","contentUrl":"https:\/\/naturvernforbundet.no\/content\/uploads\/sites\/19\/2022\/11\/20221113_131838-1024x768.jpg"},{"@type":"BreadcrumbList","@id":"https:\/\/naturvernforbundet.no\/trondelag\/naturmangfold\/#breadcrumb","itemListElement":[{"@type":"ListItem","position":1,"name":"Till naturvernforbundet.no","item":"https:\/\/naturvernforbundet.no\/"},{"@type":"ListItem","position":2,"name":"Tr\u00f8ndelag","item":"https:\/\/naturvernforbundet.no\/trondelag\/"},{"@type":"ListItem","position":3,"name":"Naturmangfold"}]},{"@type":"WebSite","@id":"https:\/\/naturvernforbundet.no\/trondelag\/#website","url":"https:\/\/naturvernforbundet.no\/trondelag\/","name":"Tr\u00f8ndelag","description":"Bare enda et Naturvernforbundet Sites-nettsted","potentialAction":[{"@type":"SearchAction","target":{"@type":"EntryPoint","urlTemplate":"https:\/\/naturvernforbundet.no\/trondelag\/?s={search_term_string}"},"query-input":{"@type":"PropertyValueSpecification","valueRequired":true,"valueName":"search_term_string"}}],"inLanguage":"nb-NO"}]}},"_links":{"self":[{"href":"https:\/\/naturvernforbundet.no\/trondelag\/wp-json\/wp\/v2\/pages\/2277","targetHints":{"allow":["GET"]}}],"collection":[{"href":"https:\/\/naturvernforbundet.no\/trondelag\/wp-json\/wp\/v2\/pages"}],"about":[{"href":"https:\/\/naturvernforbundet.no\/trondelag\/wp-json\/wp\/v2\/types\/page"}],"author":[{"embeddable":true,"href":"https:\/\/naturvernforbundet.no\/trondelag\/wp-json\/wp\/v2\/users\/27"}],"replies":[{"embeddable":true,"href":"https:\/\/naturvernforbundet.no\/trondelag\/wp-json\/wp\/v2\/comments?post=2277"}],"version-history":[{"count":37,"href":"https:\/\/naturvernforbundet.no\/trondelag\/wp-json\/wp\/v2\/pages\/2277\/revisions"}],"predecessor-version":[{"id":4877,"href":"https:\/\/naturvernforbundet.no\/trondelag\/wp-json\/wp\/v2\/pages\/2277\/revisions\/4877"}],"wp:attachment":[{"href":"https:\/\/naturvernforbundet.no\/trondelag\/wp-json\/wp\/v2\/media?parent=2277"}],"wp:term":[{"taxonomy":"category","embeddable":true,"href":"https:\/\/naturvernforbundet.no\/trondelag\/wp-json\/wp\/v2\/categories?post=2277"}],"curies":[{"name":"wp","href":"https:\/\/api.w.org\/{rel}","templated":true}]}}