{"id":2959,"date":"2022-11-29T10:33:27","date_gmt":"2022-11-29T09:33:27","guid":{"rendered":"https:\/\/naturvernforbundet.no\/trondelag\/?page_id=2959"},"modified":"2025-04-02T09:57:57","modified_gmt":"2025-04-02T07:57:57","slug":"om-fylkeslaget","status":"publish","type":"page","link":"https:\/\/naturvernforbundet.no\/trondelag\/om-fylkeslaget\/","title":{"rendered":"Om fylkeslaget"},"content":{"rendered":"\t<div class=\"template-page alignfull wp-block-naturvern-hero\">\n\t\t<div class=\"hero__inner\">\n\t\t\t<div class=\"hero__inner_blocks\">\n\t\t\t\t\t\t\t\t\n<h1 class=\"wp-block-post-title\">Om fylkeslaget<\/h1>\n\n\n<p><\/p>\n\n\n\n<div class=\"wp-block-buttons is-layout-flex wp-block-buttons-is-layout-flex\"><\/div>\n\n\t\t\t<\/div>\n\t\t\t\t\t<\/div>\n\t\t\t<\/div>\n\t\n\n\n<p>Naturvernforbundet i Tr\u00f8ndelag avholdt fylkes\u00e5rsm\u00f8te 29. mars\u00a02025\u00a0p\u00e5 Stj\u00f8rdal.<\/p>\n\n\n\n<p>\u00c5rsberetning, regnskap og aktivitetsplan ble vedtatt. Etter gjennomf\u00f8rte valg best\u00e5r styret av f\u00f8lgende personer:<\/p>\n\n\n\n<p><strong>Leder:<\/strong>&nbsp;Magne V\u00e5gsland<br>Telefon:&nbsp;926 24 086<\/p>\n\n\n\n<p><strong>Nestleder og \u00f8konomiansvarlig:<\/strong> J\u00f8rgen S\u00f8rlie<\/p>\n\n\n\n<p><strong>Styremedlemmer:\u00a0<\/strong><br>Kari Merete Andersen, Trondheim<\/p>\n\n\n\n<p>Ellen Andersson, Stj\u00f8rdal<\/p>\n\n\n\n<p>Ingerid Angell-Petersen, Trondheim<br>Hanne Hanssen, Namsos<\/p>\n\n\n\n<p>Eli Husjord, Trondheim<br><\/p>\n\n\n\n<p><br>1. vara: Harald Ness, Inder\u00f8y<br>2. vara: Torbj\u00f8rn Leidulv Lindseth, Flatanger<\/p>\n\n\n\n<p>3. vara: Carl S. Bjurstedt, Oppdal<\/p>\n\n\n\n<p>4. vara: Gaute Rolv Dahl, Trondheim<\/p>\n","protected":false},"excerpt":{"rendered":"","protected":false},"author":43,"featured_media":0,"parent":0,"menu_order":0,"comment_status":"closed","ping_status":"closed","template":"","meta":{"_relevanssi_hide_post":"","_relevanssi_hide_content":"","_relevanssi_pin_for_all":"","_relevanssi_pin_keywords":"","_relevanssi_unpin_keywords":"","_relevanssi_related_keywords":"","_relevanssi_related_include_ids":"","_relevanssi_related_exclude_ids":"","_relevanssi_related_no_append":"","_relevanssi_related_not_related":"","_relevanssi_related_posts":"1656,1868,3740,539,573,1255","_relevanssi_noindex_reason":"","hide_logo":false,"footnotes":""},"categories":[],"class_list":["post-2959","page","type-page","status-publish","hentry"],"acf":[],"yoast_head":"<!-- This site is optimized with the Yoast SEO plugin v24.9 - https:\/\/yoast.com\/wordpress\/plugins\/seo\/ -->\n<title>Om fylkeslaget - Tr\u00f8ndelag<\/title>\n<meta name=\"robots\" content=\"index, follow, max-snippet:-1, max-image-preview:large, max-video-preview:-1\" \/>\n<link rel=\"canonical\" href=\"https:\/\/naturvernforbundet.no\/trondelag\/om-fylkeslaget\/\" \/>\n<meta property=\"og:locale\" content=\"nb_NO\" \/>\n<meta property=\"og:type\" content=\"article\" \/>\n<meta property=\"og:title\" content=\"Om fylkeslaget - Tr\u00f8ndelag\" \/>\n<meta property=\"og:url\" content=\"https:\/\/naturvernforbundet.no\/trondelag\/om-fylkeslaget\/\" \/>\n<meta property=\"og:site_name\" content=\"Tr\u00f8ndelag\" \/>\n<meta property=\"article:modified_time\" content=\"2025-04-02T07:57:57+00:00\" \/>\n<meta name=\"twitter:card\" content=\"summary_large_image\" \/>\n<meta name=\"twitter:label1\" content=\"Ansl. lesetid\" \/>\n\t<meta name=\"twitter:data1\" content=\"1 minutt\" \/>\n<script type=\"application\/ld+json\" class=\"yoast-schema-graph\">{\"@context\":\"https:\/\/schema.org\",\"@graph\":[{\"@type\":\"WebPage\",\"@id\":\"https:\/\/naturvernforbundet.no\/trondelag\/om-fylkeslaget\/\",\"url\":\"https:\/\/naturvernforbundet.no\/trondelag\/om-fylkeslaget\/\",\"name\":\"Om fylkeslaget - Tr\u00f8ndelag\",\"isPartOf\":{\"@id\":\"https:\/\/naturvernforbundet.no\/trondelag\/#website\"},\"datePublished\":\"2022-11-29T09:33:27+00:00\",\"dateModified\":\"2025-04-02T07:57:57+00:00\",\"breadcrumb\":{\"@id\":\"https:\/\/naturvernforbundet.no\/trondelag\/om-fylkeslaget\/#breadcrumb\"},\"inLanguage\":\"nb-NO\",\"potentialAction\":[{\"@type\":\"ReadAction\",\"target\":[\"https:\/\/naturvernforbundet.no\/trondelag\/om-fylkeslaget\/\"]}]},{\"@type\":\"BreadcrumbList\",\"@id\":\"https:\/\/naturvernforbundet.no\/trondelag\/om-fylkeslaget\/#breadcrumb\",\"itemListElement\":[{\"@type\":\"ListItem\",\"position\":1,\"name\":\"Till naturvernforbundet.no\",\"item\":\"https:\/\/naturvernforbundet.no\/\"},{\"@type\":\"ListItem\",\"position\":2,\"name\":\"Tr\u00f8ndelag\",\"item\":\"https:\/\/naturvernforbundet.no\/trondelag\/\"},{\"@type\":\"ListItem\",\"position\":3,\"name\":\"Om fylkeslaget\"}]},{\"@type\":\"WebSite\",\"@id\":\"https:\/\/naturvernforbundet.no\/trondelag\/#website\",\"url\":\"https:\/\/naturvernforbundet.no\/trondelag\/\",\"name\":\"Tr\u00f8ndelag\",\"description\":\"Bare enda et Naturvernforbundet Sites-nettsted\",\"potentialAction\":[{\"@type\":\"SearchAction\",\"target\":{\"@type\":\"EntryPoint\",\"urlTemplate\":\"https:\/\/naturvernforbundet.no\/trondelag\/?s={search_term_string}\"},\"query-input\":{\"@type\":\"PropertyValueSpecification\",\"valueRequired\":true,\"valueName\":\"search_term_string\"}}],\"inLanguage\":\"nb-NO\"}]}<\/script>\n<!-- \/ Yoast SEO plugin. -->","yoast_head_json":{"title":"Om fylkeslaget - Tr\u00f8ndelag","robots":{"index":"index","follow":"follow","max-snippet":"max-snippet:-1","max-image-preview":"max-image-preview:large","max-video-preview":"max-video-preview:-1"},"canonical":"https:\/\/naturvernforbundet.no\/trondelag\/om-fylkeslaget\/","og_locale":"nb_NO","og_type":"article","og_title":"Om fylkeslaget - Tr\u00f8ndelag","og_url":"https:\/\/naturvernforbundet.no\/trondelag\/om-fylkeslaget\/","og_site_name":"Tr\u00f8ndelag","article_modified_time":"2025-04-02T07:57:57+00:00","twitter_card":"summary_large_image","twitter_misc":{"Ansl. lesetid":"1 minutt"},"schema":{"@context":"https:\/\/schema.org","@graph":[{"@type":"WebPage","@id":"https:\/\/naturvernforbundet.no\/trondelag\/om-fylkeslaget\/","url":"https:\/\/naturvernforbundet.no\/trondelag\/om-fylkeslaget\/","name":"Om fylkeslaget - Tr\u00f8ndelag","isPartOf":{"@id":"https:\/\/naturvernforbundet.no\/trondelag\/#website"},"datePublished":"2022-11-29T09:33:27+00:00","dateModified":"2025-04-02T07:57:57+00:00","breadcrumb":{"@id":"https:\/\/naturvernforbundet.no\/trondelag\/om-fylkeslaget\/#breadcrumb"},"inLanguage":"nb-NO","potentialAction":[{"@type":"ReadAction","target":["https:\/\/naturvernforbundet.no\/trondelag\/om-fylkeslaget\/"]}]},{"@type":"BreadcrumbList","@id":"https:\/\/naturvernforbundet.no\/trondelag\/om-fylkeslaget\/#breadcrumb","itemListElement":[{"@type":"ListItem","position":1,"name":"Till naturvernforbundet.no","item":"https:\/\/naturvernforbundet.no\/"},{"@type":"ListItem","position":2,"name":"Tr\u00f8ndelag","item":"https:\/\/naturvernforbundet.no\/trondelag\/"},{"@type":"ListItem","position":3,"name":"Om fylkeslaget"}]},{"@type":"WebSite","@id":"https:\/\/naturvernforbundet.no\/trondelag\/#website","url":"https:\/\/naturvernforbundet.no\/trondelag\/","name":"Tr\u00f8ndelag","description":"Bare enda et Naturvernforbundet Sites-nettsted","potentialAction":[{"@type":"SearchAction","target":{"@type":"EntryPoint","urlTemplate":"https:\/\/naturvernforbundet.no\/trondelag\/?s={search_term_string}"},"query-input":{"@type":"PropertyValueSpecification","valueRequired":true,"valueName":"search_term_string"}}],"inLanguage":"nb-NO"}]}},"_links":{"self":[{"href":"https:\/\/naturvernforbundet.no\/trondelag\/wp-json\/wp\/v2\/pages\/2959","targetHints":{"allow":["GET"]}}],"collection":[{"href":"https:\/\/naturvernforbundet.no\/trondelag\/wp-json\/wp\/v2\/pages"}],"about":[{"href":"https:\/\/naturvernforbundet.no\/trondelag\/wp-json\/wp\/v2\/types\/page"}],"author":[{"embeddable":true,"href":"https:\/\/naturvernforbundet.no\/trondelag\/wp-json\/wp\/v2\/users\/43"}],"replies":[{"embeddable":true,"href":"https:\/\/naturvernforbundet.no\/trondelag\/wp-json\/wp\/v2\/comments?post=2959"}],"version-history":[{"count":12,"href":"https:\/\/naturvernforbundet.no\/trondelag\/wp-json\/wp\/v2\/pages\/2959\/revisions"}],"predecessor-version":[{"id":7152,"href":"https:\/\/naturvernforbundet.no\/trondelag\/wp-json\/wp\/v2\/pages\/2959\/revisions\/7152"}],"wp:attachment":[{"href":"https:\/\/naturvernforbundet.no\/trondelag\/wp-json\/wp\/v2\/media?parent=2959"}],"wp:term":[{"taxonomy":"category","embeddable":true,"href":"https:\/\/naturvernforbundet.no\/trondelag\/wp-json\/wp\/v2\/categories?post=2959"}],"curies":[{"name":"wp","href":"https:\/\/api.w.org\/{rel}","templated":true}]}}