{"id":430,"date":"2022-09-23T16:07:27","date_gmt":"2022-09-23T14:07:27","guid":{"rendered":"https:\/\/naturvernforbundet.no\/trondelag\/?page_id=430"},"modified":"2026-03-10T14:22:45","modified_gmt":"2026-03-10T13:22:45","slug":"kontakt-oss","status":"publish","type":"page","link":"https:\/\/naturvernforbundet.no\/trondelag\/kontakt-oss\/","title":{"rendered":"Kontakt oss"},"content":{"rendered":"\t<div class=\"template-page has-media alignfull wp-block-naturvern-hero\">\n\t\t<div class=\"hero__inner\">\n\t\t\t<div class=\"hero__inner_blocks\">\n\t\t\t\t\t\t\t\t\n<h1 class=\"wp-block-post-title\">Kontakt oss<\/h1>\n\n\n<div class=\"wp-block-buttons is-layout-flex wp-block-buttons-is-layout-flex\"><\/div>\n\n\t\t\t<\/div>\n\t\t\t\t\t<\/div>\n\t\t\t\t\t<div class=\"hero__image\">\n\t\t\t\t\t\t\t\t\t\t<img fetchpriority=\"high\" decoding=\"async\" width=\"960\" height=\"600\" src=\"https:\/\/naturvernforbundet.no\/content\/uploads\/sites\/19\/2022\/10\/la-fjella-leve.jpg\" class=\"attachment-ultra size-ultra\" alt=\"demonstrasjon\" style=\"object-position: 50% 50%;\" loading=\"eager\" srcset=\"https:\/\/naturvernforbundet.no\/content\/uploads\/sites\/19\/2022\/10\/la-fjella-leve.jpg 960w, https:\/\/naturvernforbundet.no\/content\/uploads\/sites\/19\/2022\/10\/la-fjella-leve-300x188.jpg 300w, https:\/\/naturvernforbundet.no\/content\/uploads\/sites\/19\/2022\/10\/la-fjella-leve-768x480.jpg 768w\" sizes=\"(max-width: 960px) 100vw, 960px\" \/>\t\t\t\t\t\t<\/div>\n\t\t\t<\/div>\n\t\n\n\n<p><strong>Naturvernforbundets regionkontor i Tr\u00f8ndelag<\/strong><br>Sandgata 30<br>7012 Trondheim<\/p>\n\n\n\n<p><strong>Leder: Magne V\u00e5gsland.\u00a0<\/strong>Telefon: 926 24 086<br><strong>Nestleder: J\u00f8rgen S\u00f8rlie\u00a0<\/strong>Telefon:\u00a0970 16 824<\/p>\n\n\n\n<p>E-post:&nbsp;<a href=\"mailto:trondelag@naturvernforbundet.no\">trondelag@naturvernforbundet.no<\/a><\/p>\n\n\n\n<p>Kontonr: 0539.05.02437<\/p>\n\n\n\n<p><strong>Ansatte:<\/strong><\/p>\n\n\n\n<p><strong>Fylkessekret\u00e6r<\/strong><br>Ann Kathrin Jantsch<br>Telefon:&nbsp;<a href=\"tel:+47306529\">47 30 65 29<\/a><br>E-post:&nbsp;<a href=\"mailto:ags@naturvernforbundet.no\">akj@naturvernforbundet.no<\/a><\/p>\n\n\n\n<p><\/p>\n\n\n\n<p><strong>Prosjektleder<\/strong><br>Marina G\u00f6rtz<br>Telefon:&nbsp;<a href=\"tel:+4745165967\">451 65 967<\/a><br>E-post:&nbsp;<a href=\"mailto:marina.gortz@gmail.com\">m<\/a><a href=\"mailto:mag@naturvernforbundet.no\">ag@naturvernforbundet.no<\/a><br><br><\/p>\n\n\n\n<figure class=\"wp-block-image size-large\"><img loading=\"lazy\" decoding=\"async\" width=\"1024\" height=\"515\" src=\"https:\/\/naturvernforbundet.no\/content\/uploads\/sites\/19\/2023\/04\/2023-arsmote-Levanger-1024x515.jpg\" alt=\"\" class=\"wp-image-3644\" srcset=\"https:\/\/naturvernforbundet.no\/content\/uploads\/sites\/19\/2023\/04\/2023-arsmote-Levanger-1024x515.jpg 1024w, https:\/\/naturvernforbundet.no\/content\/uploads\/sites\/19\/2023\/04\/2023-arsmote-Levanger-300x151.jpg 300w, https:\/\/naturvernforbundet.no\/content\/uploads\/sites\/19\/2023\/04\/2023-arsmote-Levanger-768x386.jpg 768w, https:\/\/naturvernforbundet.no\/content\/uploads\/sites\/19\/2023\/04\/2023-arsmote-Levanger-1536x773.jpg 1536w, https:\/\/naturvernforbundet.no\/content\/uploads\/sites\/19\/2023\/04\/2023-arsmote-Levanger-2048x1030.jpg 2048w, https:\/\/naturvernforbundet.no\/content\/uploads\/sites\/19\/2023\/04\/2023-arsmote-Levanger-1920x966.jpg 1920w\" sizes=\"auto, (max-width: 1024px) 100vw, 1024px\" \/><figcaption class=\"wp-element-caption\">Noen av deltakerne p\u00e5 Naturvernforbundet i Tr\u00f8ndelag sitt \u00e5rsm\u00f8te i Levanger mars 2023<\/figcaption><\/figure>\n","protected":false},"excerpt":{"rendered":"","protected":false},"author":257,"featured_media":0,"parent":0,"menu_order":0,"comment_status":"closed","ping_status":"closed","template":"","meta":{"_relevanssi_hide_post":"","_relevanssi_hide_content":"","_relevanssi_pin_for_all":"","_relevanssi_pin_keywords":"","_relevanssi_unpin_keywords":"","_relevanssi_related_keywords":"","_relevanssi_related_include_ids":"","_relevanssi_related_exclude_ids":"","_relevanssi_related_no_append":"","_relevanssi_related_not_related":"","_relevanssi_related_posts":"3357,1763,1252,3975,1115,4265","_relevanssi_noindex_reason":"","hide_logo":false,"footnotes":""},"categories":[],"class_list":["post-430","page","type-page","status-publish","hentry"],"acf":[],"yoast_head":"<!-- This site is optimized with the Yoast SEO plugin v24.9 - https:\/\/yoast.com\/wordpress\/plugins\/seo\/ -->\n<title>Kontakt oss - Tr\u00f8ndelag<\/title>\n<meta name=\"robots\" content=\"index, follow, max-snippet:-1, max-image-preview:large, max-video-preview:-1\" \/>\n<link rel=\"canonical\" href=\"https:\/\/naturvernforbundet.no\/trondelag\/kontakt-oss\/\" \/>\n<meta property=\"og:locale\" content=\"nb_NO\" \/>\n<meta property=\"og:type\" content=\"article\" \/>\n<meta property=\"og:title\" content=\"Kontakt oss - Tr\u00f8ndelag\" \/>\n<meta property=\"og:url\" content=\"https:\/\/naturvernforbundet.no\/trondelag\/kontakt-oss\/\" \/>\n<meta property=\"og:site_name\" content=\"Tr\u00f8ndelag\" \/>\n<meta property=\"article:modified_time\" content=\"2026-03-10T13:22:45+00:00\" \/>\n<meta property=\"og:image\" content=\"https:\/\/naturvernforbundet.no\/content\/uploads\/sites\/19\/2023\/04\/2023-arsmote-Levanger-1024x515.jpg\" \/>\n<meta name=\"twitter:card\" content=\"summary_large_image\" \/>\n<meta name=\"twitter:label1\" content=\"Ansl. lesetid\" \/>\n\t<meta name=\"twitter:data1\" content=\"1 minutt\" \/>\n<script type=\"application\/ld+json\" class=\"yoast-schema-graph\">{\"@context\":\"https:\/\/schema.org\",\"@graph\":[{\"@type\":\"WebPage\",\"@id\":\"https:\/\/naturvernforbundet.no\/trondelag\/kontakt-oss\/\",\"url\":\"https:\/\/naturvernforbundet.no\/trondelag\/kontakt-oss\/\",\"name\":\"Kontakt oss - Tr\u00f8ndelag\",\"isPartOf\":{\"@id\":\"https:\/\/naturvernforbundet.no\/trondelag\/#website\"},\"primaryImageOfPage\":{\"@id\":\"https:\/\/naturvernforbundet.no\/trondelag\/kontakt-oss\/#primaryimage\"},\"image\":{\"@id\":\"https:\/\/naturvernforbundet.no\/trondelag\/kontakt-oss\/#primaryimage\"},\"thumbnailUrl\":\"https:\/\/naturvernforbundet.no\/content\/uploads\/sites\/19\/2023\/04\/2023-arsmote-Levanger-1024x515.jpg\",\"datePublished\":\"2022-09-23T14:07:27+00:00\",\"dateModified\":\"2026-03-10T13:22:45+00:00\",\"breadcrumb\":{\"@id\":\"https:\/\/naturvernforbundet.no\/trondelag\/kontakt-oss\/#breadcrumb\"},\"inLanguage\":\"nb-NO\",\"potentialAction\":[{\"@type\":\"ReadAction\",\"target\":[\"https:\/\/naturvernforbundet.no\/trondelag\/kontakt-oss\/\"]}]},{\"@type\":\"ImageObject\",\"inLanguage\":\"nb-NO\",\"@id\":\"https:\/\/naturvernforbundet.no\/trondelag\/kontakt-oss\/#primaryimage\",\"url\":\"https:\/\/naturvernforbundet.no\/content\/uploads\/sites\/19\/2023\/04\/2023-arsmote-Levanger-1024x515.jpg\",\"contentUrl\":\"https:\/\/naturvernforbundet.no\/content\/uploads\/sites\/19\/2023\/04\/2023-arsmote-Levanger-1024x515.jpg\"},{\"@type\":\"BreadcrumbList\",\"@id\":\"https:\/\/naturvernforbundet.no\/trondelag\/kontakt-oss\/#breadcrumb\",\"itemListElement\":[{\"@type\":\"ListItem\",\"position\":1,\"name\":\"Till naturvernforbundet.no\",\"item\":\"https:\/\/naturvernforbundet.no\/\"},{\"@type\":\"ListItem\",\"position\":2,\"name\":\"Tr\u00f8ndelag\",\"item\":\"https:\/\/naturvernforbundet.no\/trondelag\/\"},{\"@type\":\"ListItem\",\"position\":3,\"name\":\"Kontakt oss\"}]},{\"@type\":\"WebSite\",\"@id\":\"https:\/\/naturvernforbundet.no\/trondelag\/#website\",\"url\":\"https:\/\/naturvernforbundet.no\/trondelag\/\",\"name\":\"Tr\u00f8ndelag\",\"description\":\"Bare enda et Naturvernforbundet Sites-nettsted\",\"potentialAction\":[{\"@type\":\"SearchAction\",\"target\":{\"@type\":\"EntryPoint\",\"urlTemplate\":\"https:\/\/naturvernforbundet.no\/trondelag\/?s={search_term_string}\"},\"query-input\":{\"@type\":\"PropertyValueSpecification\",\"valueRequired\":true,\"valueName\":\"search_term_string\"}}],\"inLanguage\":\"nb-NO\"}]}<\/script>\n<!-- \/ Yoast SEO plugin. -->","yoast_head_json":{"title":"Kontakt oss - Tr\u00f8ndelag","robots":{"index":"index","follow":"follow","max-snippet":"max-snippet:-1","max-image-preview":"max-image-preview:large","max-video-preview":"max-video-preview:-1"},"canonical":"https:\/\/naturvernforbundet.no\/trondelag\/kontakt-oss\/","og_locale":"nb_NO","og_type":"article","og_title":"Kontakt oss - Tr\u00f8ndelag","og_url":"https:\/\/naturvernforbundet.no\/trondelag\/kontakt-oss\/","og_site_name":"Tr\u00f8ndelag","article_modified_time":"2026-03-10T13:22:45+00:00","og_image":[{"url":"https:\/\/naturvernforbundet.no\/content\/uploads\/sites\/19\/2023\/04\/2023-arsmote-Levanger-1024x515.jpg","type":"","width":"","height":""}],"twitter_card":"summary_large_image","twitter_misc":{"Ansl. lesetid":"1 minutt"},"schema":{"@context":"https:\/\/schema.org","@graph":[{"@type":"WebPage","@id":"https:\/\/naturvernforbundet.no\/trondelag\/kontakt-oss\/","url":"https:\/\/naturvernforbundet.no\/trondelag\/kontakt-oss\/","name":"Kontakt oss - Tr\u00f8ndelag","isPartOf":{"@id":"https:\/\/naturvernforbundet.no\/trondelag\/#website"},"primaryImageOfPage":{"@id":"https:\/\/naturvernforbundet.no\/trondelag\/kontakt-oss\/#primaryimage"},"image":{"@id":"https:\/\/naturvernforbundet.no\/trondelag\/kontakt-oss\/#primaryimage"},"thumbnailUrl":"https:\/\/naturvernforbundet.no\/content\/uploads\/sites\/19\/2023\/04\/2023-arsmote-Levanger-1024x515.jpg","datePublished":"2022-09-23T14:07:27+00:00","dateModified":"2026-03-10T13:22:45+00:00","breadcrumb":{"@id":"https:\/\/naturvernforbundet.no\/trondelag\/kontakt-oss\/#breadcrumb"},"inLanguage":"nb-NO","potentialAction":[{"@type":"ReadAction","target":["https:\/\/naturvernforbundet.no\/trondelag\/kontakt-oss\/"]}]},{"@type":"ImageObject","inLanguage":"nb-NO","@id":"https:\/\/naturvernforbundet.no\/trondelag\/kontakt-oss\/#primaryimage","url":"https:\/\/naturvernforbundet.no\/content\/uploads\/sites\/19\/2023\/04\/2023-arsmote-Levanger-1024x515.jpg","contentUrl":"https:\/\/naturvernforbundet.no\/content\/uploads\/sites\/19\/2023\/04\/2023-arsmote-Levanger-1024x515.jpg"},{"@type":"BreadcrumbList","@id":"https:\/\/naturvernforbundet.no\/trondelag\/kontakt-oss\/#breadcrumb","itemListElement":[{"@type":"ListItem","position":1,"name":"Till naturvernforbundet.no","item":"https:\/\/naturvernforbundet.no\/"},{"@type":"ListItem","position":2,"name":"Tr\u00f8ndelag","item":"https:\/\/naturvernforbundet.no\/trondelag\/"},{"@type":"ListItem","position":3,"name":"Kontakt oss"}]},{"@type":"WebSite","@id":"https:\/\/naturvernforbundet.no\/trondelag\/#website","url":"https:\/\/naturvernforbundet.no\/trondelag\/","name":"Tr\u00f8ndelag","description":"Bare enda et Naturvernforbundet Sites-nettsted","potentialAction":[{"@type":"SearchAction","target":{"@type":"EntryPoint","urlTemplate":"https:\/\/naturvernforbundet.no\/trondelag\/?s={search_term_string}"},"query-input":{"@type":"PropertyValueSpecification","valueRequired":true,"valueName":"search_term_string"}}],"inLanguage":"nb-NO"}]}},"_links":{"self":[{"href":"https:\/\/naturvernforbundet.no\/trondelag\/wp-json\/wp\/v2\/pages\/430","targetHints":{"allow":["GET"]}}],"collection":[{"href":"https:\/\/naturvernforbundet.no\/trondelag\/wp-json\/wp\/v2\/pages"}],"about":[{"href":"https:\/\/naturvernforbundet.no\/trondelag\/wp-json\/wp\/v2\/types\/page"}],"author":[{"embeddable":true,"href":"https:\/\/naturvernforbundet.no\/trondelag\/wp-json\/wp\/v2\/users\/257"}],"replies":[{"embeddable":true,"href":"https:\/\/naturvernforbundet.no\/trondelag\/wp-json\/wp\/v2\/comments?post=430"}],"version-history":[{"count":12,"href":"https:\/\/naturvernforbundet.no\/trondelag\/wp-json\/wp\/v2\/pages\/430\/revisions"}],"predecessor-version":[{"id":8615,"href":"https:\/\/naturvernforbundet.no\/trondelag\/wp-json\/wp\/v2\/pages\/430\/revisions\/8615"}],"wp:attachment":[{"href":"https:\/\/naturvernforbundet.no\/trondelag\/wp-json\/wp\/v2\/media?parent=430"}],"wp:term":[{"taxonomy":"category","embeddable":true,"href":"https:\/\/naturvernforbundet.no\/trondelag\/wp-json\/wp\/v2\/categories?post=430"}],"curies":[{"name":"wp","href":"https:\/\/api.w.org\/{rel}","templated":true}]}}