{"id":7505,"date":"2025-05-27T14:29:15","date_gmt":"2025-05-27T12:29:15","guid":{"rendered":"https:\/\/naturvernforbundet.no\/trondelag\/?page_id=7505"},"modified":"2026-02-23T16:53:24","modified_gmt":"2026-02-23T15:53:24","slug":"oppdrag-blomstereng","status":"publish","type":"page","link":"https:\/\/naturvernforbundet.no\/trondelag\/forside\/prosjekt\/opplegg-for-skoler\/oppdrag-blomstereng\/","title":{"rendered":"Oppdrag blomstereng"},"content":{"rendered":"\t<div class=\"template-page has-media alignfull is-style-green wp-block-naturvern-hero\">\n\t\t<div class=\"hero__inner\">\n\t\t\t<div class=\"hero__inner_blocks\">\n\t\t\t\t\t\t\t\t\n<h1 class=\"wp-block-post-title\">Oppdrag blomstereng<\/h1>\n\n\n<p>Oppdrag Blomstereng er et skoleprosjekt hvor elevene l\u00e6rer om biologisk mangfold p\u00e5 en praktisk og utforskende m\u00e5te<\/p>\n\n\n\n<div class=\"wp-block-buttons is-layout-flex wp-block-buttons-is-layout-flex\"><\/div>\n\n\t\t\t<\/div>\n\t\t\t\t\t<\/div>\n\t\t\t\t\t<div class=\"hero__image\">\n\t\t\t\t\t\t\t\t\t\t<img fetchpriority=\"high\" decoding=\"async\" width=\"1920\" height=\"1821\" src=\"https:\/\/naturvernforbundet.no\/content\/uploads\/sites\/19\/2025\/06\/OB-landas-skole-med-skilt-2024-\u2013-forstorret.jpg\" class=\"attachment-ultra size-ultra\" alt=\"\" style=\"object-position: 58% 65%;\" loading=\"eager\" srcset=\"https:\/\/naturvernforbundet.no\/content\/uploads\/sites\/19\/2025\/06\/OB-landas-skole-med-skilt-2024-\u2013-forstorret.jpg 1920w, https:\/\/naturvernforbundet.no\/content\/uploads\/sites\/19\/2025\/06\/OB-landas-skole-med-skilt-2024-\u2013-forstorret-300x285.jpg 300w, https:\/\/naturvernforbundet.no\/content\/uploads\/sites\/19\/2025\/06\/OB-landas-skole-med-skilt-2024-\u2013-forstorret-1024x971.jpg 1024w, https:\/\/naturvernforbundet.no\/content\/uploads\/sites\/19\/2025\/06\/OB-landas-skole-med-skilt-2024-\u2013-forstorret-768x728.jpg 768w, https:\/\/naturvernforbundet.no\/content\/uploads\/sites\/19\/2025\/06\/OB-landas-skole-med-skilt-2024-\u2013-forstorret-1536x1457.jpg 1536w\" sizes=\"(max-width: 1920px) 100vw, 1920px\" \/>\t\t\t\t\t\t<\/div>\n\t\t\t<\/div>\n\t\n\n\n<div class=\"wp-block-media-text has-media-on-the-right is-stacked-on-mobile\"><div class=\"wp-block-media-text__content\">\n<h2 class=\"wp-block-heading\">Oppdrag blomstereng<\/h2>\n\n\n\n<p>I dette skoleprosjektet f\u00e5r skoleelever v\u00e6re med og tilrettelegge for ville pollinerende insekter og samtidig f\u00e5 naturkunnskap og naturglede. <\/p>\n\n\n\n<p>Med utgangspunkt i n\u00e6rnaturen blir barna kjent med villblomstene og pollinatorene. De vil l\u00e6re mer om vertsplanter, matplanter og ynglingsplasser, samt om hvorfor og hvordan insekter m\u00e5 reddes. <\/p>\n<\/div><figure class=\"wp-block-media-text__media\"><img loading=\"lazy\" decoding=\"async\" width=\"1024\" height=\"640\" src=\"https:\/\/naturvernforbundet.no\/content\/uploads\/sites\/19\/2025\/06\/OB_LOGO_HOVED_med-luft-1536x960-1-1024x640.png\" alt=\"\" class=\"wp-image-7550 size-full\" srcset=\"https:\/\/naturvernforbundet.no\/content\/uploads\/sites\/19\/2025\/06\/OB_LOGO_HOVED_med-luft-1536x960-1-1024x640.png 1024w, https:\/\/naturvernforbundet.no\/content\/uploads\/sites\/19\/2025\/06\/OB_LOGO_HOVED_med-luft-1536x960-1-300x188.png 300w, https:\/\/naturvernforbundet.no\/content\/uploads\/sites\/19\/2025\/06\/OB_LOGO_HOVED_med-luft-1536x960-1-768x480.png 768w, https:\/\/naturvernforbundet.no\/content\/uploads\/sites\/19\/2025\/06\/OB_LOGO_HOVED_med-luft-1536x960-1.png 1536w\" sizes=\"auto, (max-width: 1024px) 100vw, 1024px\" \/><\/figure><\/div>\n\n\n\n<div class=\"wp-block-media-text is-stacked-on-mobile\" style=\"grid-template-columns:36% auto\"><figure class=\"wp-block-media-text__media\"><img loading=\"lazy\" decoding=\"async\" width=\"280\" height=\"449\" src=\"https:\/\/naturvernforbundet.no\/content\/uploads\/sites\/19\/2025\/06\/Blomstenes-Livssyklus.-Illustrasjon-Linda-Lovheim-1.jpg\" alt=\"Oppdrag blomstereng\" class=\"wp-image-7555 size-full\" srcset=\"https:\/\/naturvernforbundet.no\/content\/uploads\/sites\/19\/2025\/06\/Blomstenes-Livssyklus.-Illustrasjon-Linda-Lovheim-1.jpg 280w, https:\/\/naturvernforbundet.no\/content\/uploads\/sites\/19\/2025\/06\/Blomstenes-Livssyklus.-Illustrasjon-Linda-Lovheim-1-187x300.jpg 187w\" sizes=\"auto, (max-width: 280px) 100vw, 280px\" \/><\/figure><div class=\"wp-block-media-text__content\">\n<p>Elevene f\u00e5r l\u00e6re om plantens livssyklus og biologisk mangfold. De l\u00e6rer \u00e5 kjenne igjen lokale villblomster, \u00e5 sanke fr\u00f8 og forvandle tomme gressplener til blomsterenger der humler og bier kan spise og kose seg.<\/p>\n\n\n\n<p>Siden skoleomr\u00e5der ofte har uutnyttet potensial for \u00e5 \u00f8ke leveomr\u00e5der for ville pollinerende insekter og annet dyre- og planteliv, er dette en perfekt kombinasjon.&nbsp;&nbsp;<\/p>\n<\/div><\/div>\n\n\n\n<p>Er en blomstereng for mye? Vi anbefaler \u00e5 begynne med en kvm. Er det ogs\u00e5 for mye kan man s\u00e5 fr\u00f8 i en potte eller kasse. Det g\u00e5r an plante ut spirene i en gr\u00f8ftekant eller plen senere. Elevene vil likevel f\u00e5 mye utbytte av opplegget.<\/p>\n\n\n\n<h2 class=\"wp-block-heading\">Opplegg v\u00e5ren 2026<\/h2>\n\n\n\n<p>Skolebes\u00f8k gjelder forel\u00f8pig kun for skoler i Trondheim og Malvik.<\/p>\n\n\n\n<p>P\u00e5 v\u00e5ren kan dere velge mellom f\u00f8lgende temaer:<\/p>\n\n\n\n<ul class=\"wp-block-list\">\n<li>Insektenes liv&nbsp;\u2013 uteaktivitet i n\u00e6romr\u00e5det&nbsp;<\/li>\n\n\n\n<li>Lage blomstereng\u00a0<\/li>\n\n\n\n<li>Bli kjent med ville blomster og lage herbarium &#8211; tur og aktivitet i timen&nbsp;<\/li>\n<\/ul>\n\n\n\n<p>Oppleggene passer for 1.- 7. trinn<\/p>\n\n\n\n<h2 class=\"wp-block-heading\"><strong>\u00d8nsker din klasse et bes\u00f8k?<\/strong>&nbsp;<\/h2>\n\n\n\n<p>N\u00e5 kan du melde p\u00e5 klassen din her:<\/p>\n\n\n\n<div class=\"wp-block-buttons is-layout-flex wp-block-buttons-is-layout-flex\">\n<div class=\"wp-block-button is-style-pink\"><a class=\"wp-block-button__link wp-element-button\" href=\"https:\/\/naturvernforbundet.no\/trondelag\/forside\/prosjekt\/pamelding-til-oppdrag-blomstereng\/\">P\u00e5melding<\/a><\/div>\n<\/div>\n\n\n\n<p>Har du sp\u00f8rsm\u00e5l eller innspill? Ta kontakt med prosjektleder Marina p\u00e5 mag@naturvernforbundet.no<\/p>\n\n\n\n<div class=\"wp-block-group is-style-yellow is-layout-constrained wp-block-group-is-layout-constrained\">\n<h2 class=\"wp-block-heading\">Vi tilbyr<\/h2>\n\n\n\n<ul class=\"wp-block-list\">\n<li>Et gratis, pedagogisk undervisningsopplegg om insekter, tilrettelegging av biologisk mangfold, floristikk og sanke fr\u00f8 fra ville blomster.<\/li>\n\n\n\n<li>Hjelp med \u00e5 lage deres egen blomstereng p\u00e5 skolens uteomr\u00e5de eller et annet egnet sted i n\u00e6rmilj\u00f8et.<\/li>\n\n\n\n<li>Vi stiller med alt materiell som trengs. Elevene vil p\u00e5 en g\u00f8y m\u00e5te f\u00e5 bedre forst\u00e5else for sammenhengen mellom insekter og planter, hvorfor og hvordan vi skal ta vare p\u00e5 dem.<\/li>\n<\/ul>\n<\/div>\n\n\n\n<div class=\"wp-block-columns is-layout-flex wp-container-core-columns-is-layout-1 wp-block-columns-is-layout-flex\">\n<div class=\"wp-block-column is-layout-flow wp-block-column-is-layout-flow\">\n<figure class=\"wp-block-image size-large\"><div class=\"t2-image-credit\"><img loading=\"lazy\" decoding=\"async\" width=\"1024\" height=\"768\" src=\"https:\/\/naturvernforbundet.no\/content\/uploads\/sites\/19\/2025\/06\/04_Blomstereng_IMG_1838_HUNDVEN-CLEMENTS_PHOTOGRAPHY-1024x768.jpg\" alt=\"\" class=\"wp-image-7552\" srcset=\"https:\/\/naturvernforbundet.no\/content\/uploads\/sites\/19\/2025\/06\/04_Blomstereng_IMG_1838_HUNDVEN-CLEMENTS_PHOTOGRAPHY-1024x768.jpg 1024w, https:\/\/naturvernforbundet.no\/content\/uploads\/sites\/19\/2025\/06\/04_Blomstereng_IMG_1838_HUNDVEN-CLEMENTS_PHOTOGRAPHY-300x225.jpg 300w, https:\/\/naturvernforbundet.no\/content\/uploads\/sites\/19\/2025\/06\/04_Blomstereng_IMG_1838_HUNDVEN-CLEMENTS_PHOTOGRAPHY-768x576.jpg 768w, https:\/\/naturvernforbundet.no\/content\/uploads\/sites\/19\/2025\/06\/04_Blomstereng_IMG_1838_HUNDVEN-CLEMENTS_PHOTOGRAPHY.jpg 1181w\" sizes=\"auto, (max-width: 1024px) 100vw, 1024px\" \/><span class=\"t2-image-credit-name\">Daniel Hundven Clements<\/span><\/div><\/figure>\n<\/div>\n\n\n\n<div class=\"wp-block-column is-layout-flow wp-block-column-is-layout-flow\">\n<figure class=\"wp-block-image size-large\"><div class=\"t2-image-credit\"><img loading=\"lazy\" decoding=\"async\" width=\"1024\" height=\"768\" src=\"https:\/\/naturvernforbundet.no\/content\/uploads\/sites\/19\/2025\/06\/19_Blomstereng_IMG_1983_HUNDVEN-CLEMENTS_PHOTOGRAPHY-1-1-1024x768.jpg\" alt=\"\" class=\"wp-image-7559\" srcset=\"https:\/\/naturvernforbundet.no\/content\/uploads\/sites\/19\/2025\/06\/19_Blomstereng_IMG_1983_HUNDVEN-CLEMENTS_PHOTOGRAPHY-1-1-1024x768.jpg 1024w, https:\/\/naturvernforbundet.no\/content\/uploads\/sites\/19\/2025\/06\/19_Blomstereng_IMG_1983_HUNDVEN-CLEMENTS_PHOTOGRAPHY-1-1-300x225.jpg 300w, https:\/\/naturvernforbundet.no\/content\/uploads\/sites\/19\/2025\/06\/19_Blomstereng_IMG_1983_HUNDVEN-CLEMENTS_PHOTOGRAPHY-1-1-768x576.jpg 768w, https:\/\/naturvernforbundet.no\/content\/uploads\/sites\/19\/2025\/06\/19_Blomstereng_IMG_1983_HUNDVEN-CLEMENTS_PHOTOGRAPHY-1-1.jpg 1181w\" sizes=\"auto, (max-width: 1024px) 100vw, 1024px\" \/><span class=\"t2-image-credit-name\">Daniel Hundven Clements<\/span><\/div><\/figure>\n<\/div>\n<\/div>\n\n\n\n\t\t<div class=\"t2-factbox is-minimized wp-block-t2-factbox\" id=\"t2-factbox\">\n\t\t\t<div class=\"t2-factbox__content\">\n\t\t\t\t<div class=\"t2-factbox__blocks t2-factbox__inner-container\">\n\t\t\t\t\t\n\n<h2 class=\"wp-block-heading\">Slik startet Oppdrag blomstereng<\/h2>\n\n\n\n<p>I 2022 startet Naturvernforbundet Hordaland og B\u00e6rekraftige liv p\u00e5 Land\u00e5s opp et skoleprosjekt der elevene sanker inn egne fr\u00f8 og lager blomstereng ved\/ i n\u00e6rheten av skolen. Oppdrag blomstereng er godt utpr\u00f8vd p\u00e5 34 forskjellige skoler i Bergen og i enkelte andre kommuner s\u00f8r i landet.&nbsp;<\/p>\n\n\n\n<p>Oppdrag blomstereng skal n\u00e5 oppskaleres til et nasjonalt prosjekt og vi i Naturvernforbundet i Tr\u00f8ndelag tilbyr n\u00e5 opplegget til skoler i Trondheim.<\/p>\n\n\n\t\t\t\t<\/div>\n\t\t\t\t<div class=\"t2-factbox__gradient\"><\/div>\n\t\t\t<\/div>\n\t\t\t<button\n\t\t\ttype=\"button\"\n\t\t\taria-expanded=\"false\"\n\t\t\taria-controls=\"t2-factbox\"\n\t\t\taria-label=\"Expand fact box\"\n\t\t\tdata-label-collapsed=\"Expand fact box\"\n\t\t\tdata-label-expanded=\"Collapse fact box\"\n\t\t\tdata-t2-factbox=\"expand\"\n\t\t\tclass=\"t2-factbox__expand\"\n\t\t>\n\t\t\t<svg xmlns=\"http:\/\/www.w3.org\/2000\/svg\" viewBox=\"0 0 24 24\" height=\"24\" width=\"24\" class=\"t2-icon t2-icon-chevrondown\" aria-hidden=\"true\" focusable=\"false\"><path d=\"M12 14.9c-.1 0-.3 0-.4-.1-.1 0-.2-.1-.3-.2L6.7 10c-.2-.1-.3-.4-.3-.6 0-.3.1-.5.3-.7.2-.2.4-.3.7-.3s.5.1.7.3l3.9 3.9 3.9-3.9c.2-.2.4-.3.7-.3.3 0 .5.1.7.3.2.2.3.4.3.7s-.1.5-.3.7l-4.6 4.6c-.1.1-.2.2-.3.2H12z\" \/><\/svg>\n\t\t<\/button>\n\t\t<\/div>\n\n\n<p><\/p>\n","protected":false},"excerpt":{"rendered":"","protected":false},"author":179,"featured_media":0,"parent":5658,"menu_order":0,"comment_status":"closed","ping_status":"closed","template":"","meta":{"_relevanssi_hide_post":"","_relevanssi_hide_content":"","_relevanssi_pin_for_all":"","_relevanssi_pin_keywords":"","_relevanssi_unpin_keywords":"","_relevanssi_related_keywords":"","_relevanssi_related_include_ids":"","_relevanssi_related_exclude_ids":"","_relevanssi_related_no_append":"","_relevanssi_related_not_related":"","_relevanssi_related_posts":"1701,1593,6770,892,754,1627","_relevanssi_noindex_reason":"","hide_logo":false,"footnotes":""},"categories":[239],"class_list":["post-7505","page","type-page","status-publish","hentry","category-skoleformidling"],"acf":[],"yoast_head":"<!-- This site is optimized with the Yoast SEO plugin v24.9 - https:\/\/yoast.com\/wordpress\/plugins\/seo\/ -->\n<title>Oppdrag blomstereng - Tr\u00f8ndelag<\/title>\n<meta name=\"description\" content=\"Oppdrag Blomstereng er et skoleprosjekt hvor elevene l\u00e6rer om biologisk mangfold p\u00e5 en praktisk og utforskende m\u00e5te\" \/>\n<meta name=\"robots\" content=\"index, follow, max-snippet:-1, max-image-preview:large, max-video-preview:-1\" \/>\n<link rel=\"canonical\" href=\"https:\/\/naturvernforbundet.no\/trondelag\/forside\/prosjekt\/opplegg-for-skoler\/oppdrag-blomstereng\/\" \/>\n<meta property=\"og:locale\" content=\"nb_NO\" \/>\n<meta property=\"og:type\" content=\"article\" \/>\n<meta property=\"og:title\" content=\"Oppdrag blomstereng - Tr\u00f8ndelag\" \/>\n<meta property=\"og:description\" content=\"Oppdrag Blomstereng er et skoleprosjekt hvor elevene l\u00e6rer om biologisk mangfold p\u00e5 en praktisk og utforskende m\u00e5te\" \/>\n<meta property=\"og:url\" content=\"https:\/\/naturvernforbundet.no\/trondelag\/forside\/prosjekt\/opplegg-for-skoler\/oppdrag-blomstereng\/\" \/>\n<meta property=\"og:site_name\" content=\"Tr\u00f8ndelag\" \/>\n<meta property=\"article:modified_time\" content=\"2026-02-23T15:53:24+00:00\" \/>\n<meta property=\"og:image\" content=\"https:\/\/naturvernforbundet.no\/content\/uploads\/sites\/19\/2025\/06\/OB_LOGO_HOVED_med-luft-1536x960-1-1024x640.png\" \/>\n<meta name=\"twitter:card\" content=\"summary_large_image\" \/>\n<meta name=\"twitter:label1\" content=\"Ansl. lesetid\" \/>\n\t<meta name=\"twitter:data1\" content=\"3 minutter\" \/>\n<script type=\"application\/ld+json\" class=\"yoast-schema-graph\">{\"@context\":\"https:\/\/schema.org\",\"@graph\":[{\"@type\":\"WebPage\",\"@id\":\"https:\/\/naturvernforbundet.no\/trondelag\/forside\/prosjekt\/opplegg-for-skoler\/oppdrag-blomstereng\/\",\"url\":\"https:\/\/naturvernforbundet.no\/trondelag\/forside\/prosjekt\/opplegg-for-skoler\/oppdrag-blomstereng\/\",\"name\":\"Oppdrag blomstereng - Tr\u00f8ndelag\",\"isPartOf\":{\"@id\":\"https:\/\/naturvernforbundet.no\/trondelag\/#website\"},\"primaryImageOfPage\":{\"@id\":\"https:\/\/naturvernforbundet.no\/trondelag\/forside\/prosjekt\/opplegg-for-skoler\/oppdrag-blomstereng\/#primaryimage\"},\"image\":{\"@id\":\"https:\/\/naturvernforbundet.no\/trondelag\/forside\/prosjekt\/opplegg-for-skoler\/oppdrag-blomstereng\/#primaryimage\"},\"thumbnailUrl\":\"https:\/\/naturvernforbundet.no\/content\/uploads\/sites\/19\/2025\/06\/OB_LOGO_HOVED_med-luft-1536x960-1-1024x640.png\",\"datePublished\":\"2025-05-27T12:29:15+00:00\",\"dateModified\":\"2026-02-23T15:53:24+00:00\",\"description\":\"Oppdrag Blomstereng er et skoleprosjekt hvor elevene l\u00e6rer om biologisk mangfold p\u00e5 en praktisk og utforskende m\u00e5te\",\"breadcrumb\":{\"@id\":\"https:\/\/naturvernforbundet.no\/trondelag\/forside\/prosjekt\/opplegg-for-skoler\/oppdrag-blomstereng\/#breadcrumb\"},\"inLanguage\":\"nb-NO\",\"potentialAction\":[{\"@type\":\"ReadAction\",\"target\":[\"https:\/\/naturvernforbundet.no\/trondelag\/forside\/prosjekt\/opplegg-for-skoler\/oppdrag-blomstereng\/\"]}]},{\"@type\":\"ImageObject\",\"inLanguage\":\"nb-NO\",\"@id\":\"https:\/\/naturvernforbundet.no\/trondelag\/forside\/prosjekt\/opplegg-for-skoler\/oppdrag-blomstereng\/#primaryimage\",\"url\":\"https:\/\/naturvernforbundet.no\/content\/uploads\/sites\/19\/2025\/06\/OB_LOGO_HOVED_med-luft-1536x960-1-1024x640.png\",\"contentUrl\":\"https:\/\/naturvernforbundet.no\/content\/uploads\/sites\/19\/2025\/06\/OB_LOGO_HOVED_med-luft-1536x960-1-1024x640.png\"},{\"@type\":\"BreadcrumbList\",\"@id\":\"https:\/\/naturvernforbundet.no\/trondelag\/forside\/prosjekt\/opplegg-for-skoler\/oppdrag-blomstereng\/#breadcrumb\",\"itemListElement\":[{\"@type\":\"ListItem\",\"position\":1,\"name\":\"Till naturvernforbundet.no\",\"item\":\"https:\/\/naturvernforbundet.no\/\"},{\"@type\":\"ListItem\",\"position\":2,\"name\":\"Tr\u00f8ndelag\",\"item\":\"https:\/\/naturvernforbundet.no\/trondelag\/\"},{\"@type\":\"ListItem\",\"position\":3,\"name\":\"Forside\",\"item\":\"https:\/\/naturvernforbundet.no\/trondelag\/\"},{\"@type\":\"ListItem\",\"position\":4,\"name\":\"V\u00e5re prosjekter\",\"item\":\"https:\/\/naturvernforbundet.no\/trondelag\/forside\/prosjekt\/\"},{\"@type\":\"ListItem\",\"position\":5,\"name\":\"Opplegg for skoler\",\"item\":\"https:\/\/naturvernforbundet.no\/trondelag\/forside\/prosjekt\/opplegg-for-skoler\/\"},{\"@type\":\"ListItem\",\"position\":6,\"name\":\"Oppdrag blomstereng\"}]},{\"@type\":\"WebSite\",\"@id\":\"https:\/\/naturvernforbundet.no\/trondelag\/#website\",\"url\":\"https:\/\/naturvernforbundet.no\/trondelag\/\",\"name\":\"Tr\u00f8ndelag\",\"description\":\"Bare enda et Naturvernforbundet Sites-nettsted\",\"potentialAction\":[{\"@type\":\"SearchAction\",\"target\":{\"@type\":\"EntryPoint\",\"urlTemplate\":\"https:\/\/naturvernforbundet.no\/trondelag\/?s={search_term_string}\"},\"query-input\":{\"@type\":\"PropertyValueSpecification\",\"valueRequired\":true,\"valueName\":\"search_term_string\"}}],\"inLanguage\":\"nb-NO\"}]}<\/script>\n<!-- \/ Yoast SEO plugin. -->","yoast_head_json":{"title":"Oppdrag blomstereng - Tr\u00f8ndelag","description":"Oppdrag Blomstereng er et skoleprosjekt hvor elevene l\u00e6rer om biologisk mangfold p\u00e5 en praktisk og utforskende m\u00e5te","robots":{"index":"index","follow":"follow","max-snippet":"max-snippet:-1","max-image-preview":"max-image-preview:large","max-video-preview":"max-video-preview:-1"},"canonical":"https:\/\/naturvernforbundet.no\/trondelag\/forside\/prosjekt\/opplegg-for-skoler\/oppdrag-blomstereng\/","og_locale":"nb_NO","og_type":"article","og_title":"Oppdrag blomstereng - Tr\u00f8ndelag","og_description":"Oppdrag Blomstereng er et skoleprosjekt hvor elevene l\u00e6rer om biologisk mangfold p\u00e5 en praktisk og utforskende m\u00e5te","og_url":"https:\/\/naturvernforbundet.no\/trondelag\/forside\/prosjekt\/opplegg-for-skoler\/oppdrag-blomstereng\/","og_site_name":"Tr\u00f8ndelag","article_modified_time":"2026-02-23T15:53:24+00:00","og_image":[{"url":"https:\/\/naturvernforbundet.no\/content\/uploads\/sites\/19\/2025\/06\/OB_LOGO_HOVED_med-luft-1536x960-1-1024x640.png","type":"","width":"","height":""}],"twitter_card":"summary_large_image","twitter_misc":{"Ansl. lesetid":"3 minutter"},"schema":{"@context":"https:\/\/schema.org","@graph":[{"@type":"WebPage","@id":"https:\/\/naturvernforbundet.no\/trondelag\/forside\/prosjekt\/opplegg-for-skoler\/oppdrag-blomstereng\/","url":"https:\/\/naturvernforbundet.no\/trondelag\/forside\/prosjekt\/opplegg-for-skoler\/oppdrag-blomstereng\/","name":"Oppdrag blomstereng - Tr\u00f8ndelag","isPartOf":{"@id":"https:\/\/naturvernforbundet.no\/trondelag\/#website"},"primaryImageOfPage":{"@id":"https:\/\/naturvernforbundet.no\/trondelag\/forside\/prosjekt\/opplegg-for-skoler\/oppdrag-blomstereng\/#primaryimage"},"image":{"@id":"https:\/\/naturvernforbundet.no\/trondelag\/forside\/prosjekt\/opplegg-for-skoler\/oppdrag-blomstereng\/#primaryimage"},"thumbnailUrl":"https:\/\/naturvernforbundet.no\/content\/uploads\/sites\/19\/2025\/06\/OB_LOGO_HOVED_med-luft-1536x960-1-1024x640.png","datePublished":"2025-05-27T12:29:15+00:00","dateModified":"2026-02-23T15:53:24+00:00","description":"Oppdrag Blomstereng er et skoleprosjekt hvor elevene l\u00e6rer om biologisk mangfold p\u00e5 en praktisk og utforskende m\u00e5te","breadcrumb":{"@id":"https:\/\/naturvernforbundet.no\/trondelag\/forside\/prosjekt\/opplegg-for-skoler\/oppdrag-blomstereng\/#breadcrumb"},"inLanguage":"nb-NO","potentialAction":[{"@type":"ReadAction","target":["https:\/\/naturvernforbundet.no\/trondelag\/forside\/prosjekt\/opplegg-for-skoler\/oppdrag-blomstereng\/"]}]},{"@type":"ImageObject","inLanguage":"nb-NO","@id":"https:\/\/naturvernforbundet.no\/trondelag\/forside\/prosjekt\/opplegg-for-skoler\/oppdrag-blomstereng\/#primaryimage","url":"https:\/\/naturvernforbundet.no\/content\/uploads\/sites\/19\/2025\/06\/OB_LOGO_HOVED_med-luft-1536x960-1-1024x640.png","contentUrl":"https:\/\/naturvernforbundet.no\/content\/uploads\/sites\/19\/2025\/06\/OB_LOGO_HOVED_med-luft-1536x960-1-1024x640.png"},{"@type":"BreadcrumbList","@id":"https:\/\/naturvernforbundet.no\/trondelag\/forside\/prosjekt\/opplegg-for-skoler\/oppdrag-blomstereng\/#breadcrumb","itemListElement":[{"@type":"ListItem","position":1,"name":"Till naturvernforbundet.no","item":"https:\/\/naturvernforbundet.no\/"},{"@type":"ListItem","position":2,"name":"Tr\u00f8ndelag","item":"https:\/\/naturvernforbundet.no\/trondelag\/"},{"@type":"ListItem","position":3,"name":"Forside","item":"https:\/\/naturvernforbundet.no\/trondelag\/"},{"@type":"ListItem","position":4,"name":"V\u00e5re prosjekter","item":"https:\/\/naturvernforbundet.no\/trondelag\/forside\/prosjekt\/"},{"@type":"ListItem","position":5,"name":"Opplegg for skoler","item":"https:\/\/naturvernforbundet.no\/trondelag\/forside\/prosjekt\/opplegg-for-skoler\/"},{"@type":"ListItem","position":6,"name":"Oppdrag blomstereng"}]},{"@type":"WebSite","@id":"https:\/\/naturvernforbundet.no\/trondelag\/#website","url":"https:\/\/naturvernforbundet.no\/trondelag\/","name":"Tr\u00f8ndelag","description":"Bare enda et Naturvernforbundet Sites-nettsted","potentialAction":[{"@type":"SearchAction","target":{"@type":"EntryPoint","urlTemplate":"https:\/\/naturvernforbundet.no\/trondelag\/?s={search_term_string}"},"query-input":{"@type":"PropertyValueSpecification","valueRequired":true,"valueName":"search_term_string"}}],"inLanguage":"nb-NO"}]}},"_links":{"self":[{"href":"https:\/\/naturvernforbundet.no\/trondelag\/wp-json\/wp\/v2\/pages\/7505","targetHints":{"allow":["GET"]}}],"collection":[{"href":"https:\/\/naturvernforbundet.no\/trondelag\/wp-json\/wp\/v2\/pages"}],"about":[{"href":"https:\/\/naturvernforbundet.no\/trondelag\/wp-json\/wp\/v2\/types\/page"}],"author":[{"embeddable":true,"href":"https:\/\/naturvernforbundet.no\/trondelag\/wp-json\/wp\/v2\/users\/179"}],"replies":[{"embeddable":true,"href":"https:\/\/naturvernforbundet.no\/trondelag\/wp-json\/wp\/v2\/comments?post=7505"}],"version-history":[{"count":11,"href":"https:\/\/naturvernforbundet.no\/trondelag\/wp-json\/wp\/v2\/pages\/7505\/revisions"}],"predecessor-version":[{"id":8584,"href":"https:\/\/naturvernforbundet.no\/trondelag\/wp-json\/wp\/v2\/pages\/7505\/revisions\/8584"}],"up":[{"embeddable":true,"href":"https:\/\/naturvernforbundet.no\/trondelag\/wp-json\/wp\/v2\/pages\/5658"}],"wp:attachment":[{"href":"https:\/\/naturvernforbundet.no\/trondelag\/wp-json\/wp\/v2\/media?parent=7505"}],"wp:term":[{"taxonomy":"category","embeddable":true,"href":"https:\/\/naturvernforbundet.no\/trondelag\/wp-json\/wp\/v2\/categories?post=7505"}],"curies":[{"name":"wp","href":"https:\/\/api.w.org\/{rel}","templated":true}]}}