{"id":7567,"date":"2025-06-03T14:29:22","date_gmt":"2025-06-03T12:29:22","guid":{"rendered":"https:\/\/naturvernforbundet.no\/trondelag\/?page_id=7567"},"modified":"2025-06-03T14:40:15","modified_gmt":"2025-06-03T12:40:15","slug":"bli-en-plastjeger","status":"publish","type":"page","link":"https:\/\/naturvernforbundet.no\/trondelag\/forside\/prosjekt\/opplegg-for-skoler\/bli-en-plastjeger\/","title":{"rendered":"Bli en plastjeger"},"content":{"rendered":"\t<div class=\"template-page has-media alignfull wp-block-naturvern-hero\">\n\t\t<div class=\"hero__inner\">\n\t\t\t<div class=\"hero__inner_blocks\">\n\t\t\t\t\t\t\t\t\n<h1 class=\"wp-block-post-title\">Bli en plastjeger<\/h1>\n\n\n<p><\/p>\n\n\n\n<div class=\"wp-block-buttons is-layout-flex wp-block-buttons-is-layout-flex\"><\/div>\n\n\t\t\t<\/div>\n\t\t\t\t\t<\/div>\n\t\t\t\t\t<div class=\"hero__image\">\n\t\t\t\t\t\t\t\t\t\t<img fetchpriority=\"high\" decoding=\"async\" width=\"1920\" height=\"1275\" src=\"https:\/\/naturvernforbundet.no\/content\/uploads\/sites\/19\/2024\/08\/P9150489-1920x1275.jpg\" class=\"attachment-ultra size-ultra\" alt=\"\" style=\"object-position: 57% 51%;\" loading=\"eager\" srcset=\"https:\/\/naturvernforbundet.no\/content\/uploads\/sites\/19\/2024\/08\/P9150489-1920x1275.jpg 1920w, https:\/\/naturvernforbundet.no\/content\/uploads\/sites\/19\/2024\/08\/P9150489-300x199.jpg 300w, https:\/\/naturvernforbundet.no\/content\/uploads\/sites\/19\/2024\/08\/P9150489-1024x680.jpg 1024w, https:\/\/naturvernforbundet.no\/content\/uploads\/sites\/19\/2024\/08\/P9150489-768x510.jpg 768w, https:\/\/naturvernforbundet.no\/content\/uploads\/sites\/19\/2024\/08\/P9150489-1536x1020.jpg 1536w, https:\/\/naturvernforbundet.no\/content\/uploads\/sites\/19\/2024\/08\/P9150489.jpg 2048w\" sizes=\"(max-width: 1920px) 100vw, 1920px\" \/>\t\t\t\t\t\t<\/div>\n\t\t\t<\/div>\n\t\n\n\n<figure class=\"wp-block-image size-full\"><img loading=\"lazy\" decoding=\"async\" width=\"865\" height=\"140\" src=\"https:\/\/naturvernforbundet.no\/content\/uploads\/sites\/19\/2024\/08\/Skjermbilde-107.png\" alt=\"Naturvernforbundet Tr\u00f8ndelag\" class=\"wp-image-5647\" srcset=\"https:\/\/naturvernforbundet.no\/content\/uploads\/sites\/19\/2024\/08\/Skjermbilde-107.png 865w, https:\/\/naturvernforbundet.no\/content\/uploads\/sites\/19\/2024\/08\/Skjermbilde-107-300x49.png 300w, https:\/\/naturvernforbundet.no\/content\/uploads\/sites\/19\/2024\/08\/Skjermbilde-107-768x124.png 768w\" sizes=\"auto, (max-width: 865px) 100vw, 865px\" \/><\/figure>\n\n\n\n<p>H\u00f8sten 2025 tilbyr Naturvernforbundet i Tr\u00f8ndelag formidlingsopplegget \u201cBli en plastjeger\u201d for elever p\u00e5 4.-6. trinn.&nbsp;&nbsp;<\/p>\n\n\n\n<p>Opplegget tilbyr vi i tidsrommet 8. september &#8211; 17. oktober og har som m\u00e5l \u00e5 gi elevene kunnskap om plastfors\u00f8pling. Vi rydder i skolens n\u00e6romr\u00e5de, og snakker om hvor plasten kommer ifra og hvordan vi kan redusere plast i naturen.&nbsp;&nbsp;<\/p>\n\n\n\n<p>Program for \u201cBli en plastjeger\u201d:&nbsp;&nbsp;<\/p>\n\n\n\n<p>\u2022 Litt kort om plastfors\u00f8pling&nbsp;&nbsp;<\/p>\n\n\n\n<p>\u2022 Rydde&nbsp;&nbsp;<\/p>\n\n\n\n<p>\u2022 Oppsummering av hva vi fant&nbsp;&nbsp;<\/p>\n\n\n\n<p>\u2022 Vi avslutter med \u00e5 snakke om hva vi kan gj\u00f8re for \u00e5 forhindre at plast havner i naturen. Elevene f\u00e5r diplom for \u00e5 ha deltatt.&nbsp;&nbsp;<\/p>\n\n\n\n<p>Varighet p\u00e5 opplegget er avhengig av hva dere selv \u00f8nsker, men kan v\u00e6re mellom 1-2 timer. Vi ordner med hansker og poser.&nbsp;&nbsp;<\/p>\n\n\n\n<p>\u00d8nsker du et slikt opplegg for elevene dine, ta kontakt med v\u00e5r prosjektleder Marina p\u00e5 <a href=\"mailto:mag@naturvernforbundet.no\" target=\"_blank\" rel=\"noreferrer noopener\">mag@naturvernforbundet.no<\/a>&nbsp;<\/p>\n\n\n\n<figure class=\"wp-block-image size-large\"><img loading=\"lazy\" decoding=\"async\" width=\"1024\" height=\"680\" src=\"https:\/\/naturvernforbundet.no\/content\/uploads\/sites\/19\/2024\/08\/P9150489-1024x680.jpg\" alt=\"\" class=\"wp-image-5651\" srcset=\"https:\/\/naturvernforbundet.no\/content\/uploads\/sites\/19\/2024\/08\/P9150489-1024x680.jpg 1024w, https:\/\/naturvernforbundet.no\/content\/uploads\/sites\/19\/2024\/08\/P9150489-300x199.jpg 300w, https:\/\/naturvernforbundet.no\/content\/uploads\/sites\/19\/2024\/08\/P9150489-768x510.jpg 768w, https:\/\/naturvernforbundet.no\/content\/uploads\/sites\/19\/2024\/08\/P9150489-1536x1020.jpg 1536w, https:\/\/naturvernforbundet.no\/content\/uploads\/sites\/19\/2024\/08\/P9150489-1920x1275.jpg 1920w, https:\/\/naturvernforbundet.no\/content\/uploads\/sites\/19\/2024\/08\/P9150489.jpg 2048w\" sizes=\"auto, (max-width: 1024px) 100vw, 1024px\" \/><\/figure>\n","protected":false},"excerpt":{"rendered":"","protected":false},"author":179,"featured_media":0,"parent":5658,"menu_order":0,"comment_status":"closed","ping_status":"closed","template":"","meta":{"_relevanssi_hide_post":"","_relevanssi_hide_content":"","_relevanssi_pin_for_all":"","_relevanssi_pin_keywords":"","_relevanssi_unpin_keywords":"","_relevanssi_related_keywords":"","_relevanssi_related_include_ids":"","_relevanssi_related_exclude_ids":"","_relevanssi_related_no_append":"","_relevanssi_related_not_related":"","_relevanssi_related_posts":"1241,614,802,5228,1820,1876","_relevanssi_noindex_reason":"","hide_logo":false,"footnotes":""},"categories":[239],"class_list":["post-7567","page","type-page","status-publish","hentry","category-skoleformidling"],"acf":[],"yoast_head":"<!-- This site is optimized with the Yoast SEO plugin v24.9 - https:\/\/yoast.com\/wordpress\/plugins\/seo\/ -->\n<title>Bli en plastjeger - Tr\u00f8ndelag<\/title>\n<meta name=\"robots\" content=\"index, follow, max-snippet:-1, max-image-preview:large, max-video-preview:-1\" \/>\n<link rel=\"canonical\" href=\"https:\/\/naturvernforbundet.no\/trondelag\/forside\/prosjekt\/opplegg-for-skoler\/bli-en-plastjeger\/\" \/>\n<meta property=\"og:locale\" content=\"nb_NO\" \/>\n<meta property=\"og:type\" content=\"article\" \/>\n<meta property=\"og:title\" content=\"Bli en plastjeger - Tr\u00f8ndelag\" \/>\n<meta property=\"og:url\" content=\"https:\/\/naturvernforbundet.no\/trondelag\/forside\/prosjekt\/opplegg-for-skoler\/bli-en-plastjeger\/\" \/>\n<meta property=\"og:site_name\" content=\"Tr\u00f8ndelag\" \/>\n<meta property=\"article:modified_time\" content=\"2025-06-03T12:40:15+00:00\" \/>\n<meta property=\"og:image\" content=\"https:\/\/naturvernforbundet.no\/content\/uploads\/sites\/19\/2024\/08\/Skjermbilde-107.png\" \/>\n<meta name=\"twitter:card\" content=\"summary_large_image\" \/>\n<meta name=\"twitter:label1\" content=\"Ansl. lesetid\" \/>\n\t<meta name=\"twitter:data1\" content=\"2 minutter\" \/>\n<script type=\"application\/ld+json\" class=\"yoast-schema-graph\">{\"@context\":\"https:\/\/schema.org\",\"@graph\":[{\"@type\":\"WebPage\",\"@id\":\"https:\/\/naturvernforbundet.no\/trondelag\/forside\/prosjekt\/opplegg-for-skoler\/bli-en-plastjeger\/\",\"url\":\"https:\/\/naturvernforbundet.no\/trondelag\/forside\/prosjekt\/opplegg-for-skoler\/bli-en-plastjeger\/\",\"name\":\"Bli en plastjeger - Tr\u00f8ndelag\",\"isPartOf\":{\"@id\":\"https:\/\/naturvernforbundet.no\/trondelag\/#website\"},\"primaryImageOfPage\":{\"@id\":\"https:\/\/naturvernforbundet.no\/trondelag\/forside\/prosjekt\/opplegg-for-skoler\/bli-en-plastjeger\/#primaryimage\"},\"image\":{\"@id\":\"https:\/\/naturvernforbundet.no\/trondelag\/forside\/prosjekt\/opplegg-for-skoler\/bli-en-plastjeger\/#primaryimage\"},\"thumbnailUrl\":\"https:\/\/naturvernforbundet.no\/content\/uploads\/sites\/19\/2024\/08\/Skjermbilde-107.png\",\"datePublished\":\"2025-06-03T12:29:22+00:00\",\"dateModified\":\"2025-06-03T12:40:15+00:00\",\"breadcrumb\":{\"@id\":\"https:\/\/naturvernforbundet.no\/trondelag\/forside\/prosjekt\/opplegg-for-skoler\/bli-en-plastjeger\/#breadcrumb\"},\"inLanguage\":\"nb-NO\",\"potentialAction\":[{\"@type\":\"ReadAction\",\"target\":[\"https:\/\/naturvernforbundet.no\/trondelag\/forside\/prosjekt\/opplegg-for-skoler\/bli-en-plastjeger\/\"]}]},{\"@type\":\"ImageObject\",\"inLanguage\":\"nb-NO\",\"@id\":\"https:\/\/naturvernforbundet.no\/trondelag\/forside\/prosjekt\/opplegg-for-skoler\/bli-en-plastjeger\/#primaryimage\",\"url\":\"https:\/\/naturvernforbundet.no\/content\/uploads\/sites\/19\/2024\/08\/Skjermbilde-107.png\",\"contentUrl\":\"https:\/\/naturvernforbundet.no\/content\/uploads\/sites\/19\/2024\/08\/Skjermbilde-107.png\"},{\"@type\":\"BreadcrumbList\",\"@id\":\"https:\/\/naturvernforbundet.no\/trondelag\/forside\/prosjekt\/opplegg-for-skoler\/bli-en-plastjeger\/#breadcrumb\",\"itemListElement\":[{\"@type\":\"ListItem\",\"position\":1,\"name\":\"Till naturvernforbundet.no\",\"item\":\"https:\/\/naturvernforbundet.no\/\"},{\"@type\":\"ListItem\",\"position\":2,\"name\":\"Tr\u00f8ndelag\",\"item\":\"https:\/\/naturvernforbundet.no\/trondelag\/\"},{\"@type\":\"ListItem\",\"position\":3,\"name\":\"Forside\",\"item\":\"https:\/\/naturvernforbundet.no\/trondelag\/\"},{\"@type\":\"ListItem\",\"position\":4,\"name\":\"V\u00e5re prosjekter\",\"item\":\"https:\/\/naturvernforbundet.no\/trondelag\/forside\/prosjekt\/\"},{\"@type\":\"ListItem\",\"position\":5,\"name\":\"Opplegg for skoler\",\"item\":\"https:\/\/naturvernforbundet.no\/trondelag\/forside\/prosjekt\/opplegg-for-skoler\/\"},{\"@type\":\"ListItem\",\"position\":6,\"name\":\"Bli en plastjeger\"}]},{\"@type\":\"WebSite\",\"@id\":\"https:\/\/naturvernforbundet.no\/trondelag\/#website\",\"url\":\"https:\/\/naturvernforbundet.no\/trondelag\/\",\"name\":\"Tr\u00f8ndelag\",\"description\":\"Bare enda et Naturvernforbundet Sites-nettsted\",\"potentialAction\":[{\"@type\":\"SearchAction\",\"target\":{\"@type\":\"EntryPoint\",\"urlTemplate\":\"https:\/\/naturvernforbundet.no\/trondelag\/?s={search_term_string}\"},\"query-input\":{\"@type\":\"PropertyValueSpecification\",\"valueRequired\":true,\"valueName\":\"search_term_string\"}}],\"inLanguage\":\"nb-NO\"}]}<\/script>\n<!-- \/ Yoast SEO plugin. -->","yoast_head_json":{"title":"Bli en plastjeger - Tr\u00f8ndelag","robots":{"index":"index","follow":"follow","max-snippet":"max-snippet:-1","max-image-preview":"max-image-preview:large","max-video-preview":"max-video-preview:-1"},"canonical":"https:\/\/naturvernforbundet.no\/trondelag\/forside\/prosjekt\/opplegg-for-skoler\/bli-en-plastjeger\/","og_locale":"nb_NO","og_type":"article","og_title":"Bli en plastjeger - Tr\u00f8ndelag","og_url":"https:\/\/naturvernforbundet.no\/trondelag\/forside\/prosjekt\/opplegg-for-skoler\/bli-en-plastjeger\/","og_site_name":"Tr\u00f8ndelag","article_modified_time":"2025-06-03T12:40:15+00:00","og_image":[{"url":"https:\/\/naturvernforbundet.no\/content\/uploads\/sites\/19\/2024\/08\/Skjermbilde-107.png","type":"","width":"","height":""}],"twitter_card":"summary_large_image","twitter_misc":{"Ansl. lesetid":"2 minutter"},"schema":{"@context":"https:\/\/schema.org","@graph":[{"@type":"WebPage","@id":"https:\/\/naturvernforbundet.no\/trondelag\/forside\/prosjekt\/opplegg-for-skoler\/bli-en-plastjeger\/","url":"https:\/\/naturvernforbundet.no\/trondelag\/forside\/prosjekt\/opplegg-for-skoler\/bli-en-plastjeger\/","name":"Bli en plastjeger - Tr\u00f8ndelag","isPartOf":{"@id":"https:\/\/naturvernforbundet.no\/trondelag\/#website"},"primaryImageOfPage":{"@id":"https:\/\/naturvernforbundet.no\/trondelag\/forside\/prosjekt\/opplegg-for-skoler\/bli-en-plastjeger\/#primaryimage"},"image":{"@id":"https:\/\/naturvernforbundet.no\/trondelag\/forside\/prosjekt\/opplegg-for-skoler\/bli-en-plastjeger\/#primaryimage"},"thumbnailUrl":"https:\/\/naturvernforbundet.no\/content\/uploads\/sites\/19\/2024\/08\/Skjermbilde-107.png","datePublished":"2025-06-03T12:29:22+00:00","dateModified":"2025-06-03T12:40:15+00:00","breadcrumb":{"@id":"https:\/\/naturvernforbundet.no\/trondelag\/forside\/prosjekt\/opplegg-for-skoler\/bli-en-plastjeger\/#breadcrumb"},"inLanguage":"nb-NO","potentialAction":[{"@type":"ReadAction","target":["https:\/\/naturvernforbundet.no\/trondelag\/forside\/prosjekt\/opplegg-for-skoler\/bli-en-plastjeger\/"]}]},{"@type":"ImageObject","inLanguage":"nb-NO","@id":"https:\/\/naturvernforbundet.no\/trondelag\/forside\/prosjekt\/opplegg-for-skoler\/bli-en-plastjeger\/#primaryimage","url":"https:\/\/naturvernforbundet.no\/content\/uploads\/sites\/19\/2024\/08\/Skjermbilde-107.png","contentUrl":"https:\/\/naturvernforbundet.no\/content\/uploads\/sites\/19\/2024\/08\/Skjermbilde-107.png"},{"@type":"BreadcrumbList","@id":"https:\/\/naturvernforbundet.no\/trondelag\/forside\/prosjekt\/opplegg-for-skoler\/bli-en-plastjeger\/#breadcrumb","itemListElement":[{"@type":"ListItem","position":1,"name":"Till naturvernforbundet.no","item":"https:\/\/naturvernforbundet.no\/"},{"@type":"ListItem","position":2,"name":"Tr\u00f8ndelag","item":"https:\/\/naturvernforbundet.no\/trondelag\/"},{"@type":"ListItem","position":3,"name":"Forside","item":"https:\/\/naturvernforbundet.no\/trondelag\/"},{"@type":"ListItem","position":4,"name":"V\u00e5re prosjekter","item":"https:\/\/naturvernforbundet.no\/trondelag\/forside\/prosjekt\/"},{"@type":"ListItem","position":5,"name":"Opplegg for skoler","item":"https:\/\/naturvernforbundet.no\/trondelag\/forside\/prosjekt\/opplegg-for-skoler\/"},{"@type":"ListItem","position":6,"name":"Bli en plastjeger"}]},{"@type":"WebSite","@id":"https:\/\/naturvernforbundet.no\/trondelag\/#website","url":"https:\/\/naturvernforbundet.no\/trondelag\/","name":"Tr\u00f8ndelag","description":"Bare enda et Naturvernforbundet Sites-nettsted","potentialAction":[{"@type":"SearchAction","target":{"@type":"EntryPoint","urlTemplate":"https:\/\/naturvernforbundet.no\/trondelag\/?s={search_term_string}"},"query-input":{"@type":"PropertyValueSpecification","valueRequired":true,"valueName":"search_term_string"}}],"inLanguage":"nb-NO"}]}},"_links":{"self":[{"href":"https:\/\/naturvernforbundet.no\/trondelag\/wp-json\/wp\/v2\/pages\/7567","targetHints":{"allow":["GET"]}}],"collection":[{"href":"https:\/\/naturvernforbundet.no\/trondelag\/wp-json\/wp\/v2\/pages"}],"about":[{"href":"https:\/\/naturvernforbundet.no\/trondelag\/wp-json\/wp\/v2\/types\/page"}],"author":[{"embeddable":true,"href":"https:\/\/naturvernforbundet.no\/trondelag\/wp-json\/wp\/v2\/users\/179"}],"replies":[{"embeddable":true,"href":"https:\/\/naturvernforbundet.no\/trondelag\/wp-json\/wp\/v2\/comments?post=7567"}],"version-history":[{"count":3,"href":"https:\/\/naturvernforbundet.no\/trondelag\/wp-json\/wp\/v2\/pages\/7567\/revisions"}],"predecessor-version":[{"id":7578,"href":"https:\/\/naturvernforbundet.no\/trondelag\/wp-json\/wp\/v2\/pages\/7567\/revisions\/7578"}],"up":[{"embeddable":true,"href":"https:\/\/naturvernforbundet.no\/trondelag\/wp-json\/wp\/v2\/pages\/5658"}],"wp:attachment":[{"href":"https:\/\/naturvernforbundet.no\/trondelag\/wp-json\/wp\/v2\/media?parent=7567"}],"wp:term":[{"taxonomy":"category","embeddable":true,"href":"https:\/\/naturvernforbundet.no\/trondelag\/wp-json\/wp\/v2\/categories?post=7567"}],"curies":[{"name":"wp","href":"https:\/\/api.w.org\/{rel}","templated":true}]}}