{"id":6,"date":"2022-04-01T14:42:29","date_gmt":"2022-04-01T12:42:29","guid":{"rendered":"https:\/\/naturvernforbundet.no\/vestfold\/?page_id=6"},"modified":"2025-02-24T14:08:41","modified_gmt":"2025-02-24T13:08:41","slug":"forside","status":"publish","type":"page","link":"https:\/\/naturvernforbundet.no\/vestfold\/","title":{"rendered":"Forside"},"content":{"rendered":"<ul class=\"t2-link-list has-5-items has-auto-columns alignwide wp-block-t2-link-list\">\n\t<li class=\"t2-link-list-item wp-block-t2-link-list-item\">\n\t\t<a\n\t\t\thref=\"https:\/\/naturvernforbundet.no\/vestfold\/lokallag\/holmestrand\/\"\n\t\t\tclass=\"t2-link-list-item__link t2-link-list__icon--left\"\n\t\t\t\t\t>\n\t\t\t<span class=\"t2-link-list-item__icon\"><span class=\"t2-link-list-item__icon-box\"><\/span><svg xmlns=\"http:\/\/www.w3.org\/2000\/svg\" viewBox=\"0 0 24 24\" height=\"24\" width=\"24\" class=\"t2-icon t2-icon-arrowforward\" aria-hidden=\"true\" focusable=\"false\"><path d=\"M11.3 19.3c-.2-.2-.3-.4-.3-.7 0-.3.1-.5.3-.7l4.9-4.9H5c-.3 0-.5-.1-.7-.3-.2-.2-.3-.4-.3-.7s.1-.5.3-.7c.2-.2.4-.3.7-.3h11.2l-4.9-4.9c-.2-.2-.3-.4-.3-.7 0-.3.1-.5.3-.7.2-.2.4-.3.7-.3s.5.1.7.3l6.6 6.6c.1.1.2.2.2.3 0 .1.1.3.1.4 0 .1 0 .3-.1.4 0 .1-.1.2-.2.3l-6.6 6.6c-.2.2-.4.3-.7.3s-.5-.1-.7-.3z\"\/><\/svg><\/span>\t\t\t<div class=\"t2-link-list-item__content\">\n\n\t\t\t\t\n\t\t\t\t<span class=\"t2-link-list-item__text\">\n\t\t\t\t\tHolmestrand\t\t\t\t<\/span>\n\t\t\t\t\t\t\t<\/div>\n\t\t<\/a>\n\t<\/li>\n\t\n\n\t<li class=\"t2-link-list-item wp-block-t2-link-list-item\">\n\t\t<a\n\t\t\thref=\"https:\/\/naturvernforbundet.no\/vestfold\/lokallag\/horten\/\"\n\t\t\tclass=\"t2-link-list-item__link t2-link-list__icon--left\"\n\t\t\t\t\t>\n\t\t\t<span class=\"t2-link-list-item__icon\"><span class=\"t2-link-list-item__icon-box\"><\/span><svg xmlns=\"http:\/\/www.w3.org\/2000\/svg\" viewBox=\"0 0 24 24\" height=\"24\" width=\"24\" class=\"t2-icon t2-icon-arrowforward\" aria-hidden=\"true\" focusable=\"false\"><path d=\"M11.3 19.3c-.2-.2-.3-.4-.3-.7 0-.3.1-.5.3-.7l4.9-4.9H5c-.3 0-.5-.1-.7-.3-.2-.2-.3-.4-.3-.7s.1-.5.3-.7c.2-.2.4-.3.7-.3h11.2l-4.9-4.9c-.2-.2-.3-.4-.3-.7 0-.3.1-.5.3-.7.2-.2.4-.3.7-.3s.5.1.7.3l6.6 6.6c.1.1.2.2.2.3 0 .1.1.3.1.4 0 .1 0 .3-.1.4 0 .1-.1.2-.2.3l-6.6 6.6c-.2.2-.4.3-.7.3s-.5-.1-.7-.3z\"\/><\/svg><\/span>\t\t\t<div class=\"t2-link-list-item__content\">\n\n\t\t\t\t\n\t\t\t\t<span class=\"t2-link-list-item__text\">\n\t\t\t\t\tHorten\t\t\t\t<\/span>\n\t\t\t\t\t\t\t<\/div>\n\t\t<\/a>\n\t<\/li>\n\t\n\n\t<li class=\"t2-link-list-item wp-block-t2-link-list-item\">\n\t\t<a\n\t\t\thref=\"https:\/\/naturvernforbundet.no\/vestfold\/lokallag\/larvik\/\"\n\t\t\tclass=\"t2-link-list-item__link t2-link-list__icon--left\"\n\t\t\t\t\t>\n\t\t\t<span class=\"t2-link-list-item__icon\"><span class=\"t2-link-list-item__icon-box\"><\/span><svg xmlns=\"http:\/\/www.w3.org\/2000\/svg\" viewBox=\"0 0 24 24\" height=\"24\" width=\"24\" class=\"t2-icon t2-icon-arrowforward\" aria-hidden=\"true\" focusable=\"false\"><path d=\"M11.3 19.3c-.2-.2-.3-.4-.3-.7 0-.3.1-.5.3-.7l4.9-4.9H5c-.3 0-.5-.1-.7-.3-.2-.2-.3-.4-.3-.7s.1-.5.3-.7c.2-.2.4-.3.7-.3h11.2l-4.9-4.9c-.2-.2-.3-.4-.3-.7 0-.3.1-.5.3-.7.2-.2.4-.3.7-.3s.5.1.7.3l6.6 6.6c.1.1.2.2.2.3 0 .1.1.3.1.4 0 .1 0 .3-.1.4 0 .1-.1.2-.2.3l-6.6 6.6c-.2.2-.4.3-.7.3s-.5-.1-.7-.3z\"\/><\/svg><\/span>\t\t\t<div class=\"t2-link-list-item__content\">\n\n\t\t\t\t\n\t\t\t\t<span class=\"t2-link-list-item__text\">\n\t\t\t\t\tLarvik\t\t\t\t<\/span>\n\t\t\t\t\t\t\t<\/div>\n\t\t<\/a>\n\t<\/li>\n\t\n\n\t<li class=\"t2-link-list-item wp-block-t2-link-list-item\">\n\t\t<a\n\t\t\thref=\"https:\/\/naturvernforbundet.no\/vestfold\/lokallag\/sandefjord\/\"\n\t\t\tclass=\"t2-link-list-item__link t2-link-list__icon--left\"\n\t\t\t\t\t>\n\t\t\t<span class=\"t2-link-list-item__icon\"><span class=\"t2-link-list-item__icon-box\"><\/span><svg xmlns=\"http:\/\/www.w3.org\/2000\/svg\" viewBox=\"0 0 24 24\" height=\"24\" width=\"24\" class=\"t2-icon t2-icon-arrowforward\" aria-hidden=\"true\" focusable=\"false\"><path d=\"M11.3 19.3c-.2-.2-.3-.4-.3-.7 0-.3.1-.5.3-.7l4.9-4.9H5c-.3 0-.5-.1-.7-.3-.2-.2-.3-.4-.3-.7s.1-.5.3-.7c.2-.2.4-.3.7-.3h11.2l-4.9-4.9c-.2-.2-.3-.4-.3-.7 0-.3.1-.5.3-.7.2-.2.4-.3.7-.3s.5.1.7.3l6.6 6.6c.1.1.2.2.2.3 0 .1.1.3.1.4 0 .1 0 .3-.1.4 0 .1-.1.2-.2.3l-6.6 6.6c-.2.2-.4.3-.7.3s-.5-.1-.7-.3z\"\/><\/svg><\/span>\t\t\t<div class=\"t2-link-list-item__content\">\n\n\t\t\t\t\n\t\t\t\t<span class=\"t2-link-list-item__text\">\n\t\t\t\t\tSandefjord\t\t\t\t<\/span>\n\t\t\t\t\t\t\t<\/div>\n\t\t<\/a>\n\t<\/li>\n\t\n\n\t<li class=\"t2-link-list-item wp-block-t2-link-list-item\">\n\t\t<a\n\t\t\thref=\"https:\/\/naturvernforbundet.no\/vestfold\/lokallag\/tonsberg_ferder\/\"\n\t\t\tclass=\"t2-link-list-item__link t2-link-list__icon--left\"\n\t\t\t\t\t>\n\t\t\t<span class=\"t2-link-list-item__icon\"><span class=\"t2-link-list-item__icon-box\"><\/span><svg xmlns=\"http:\/\/www.w3.org\/2000\/svg\" viewBox=\"0 0 24 24\" height=\"24\" width=\"24\" class=\"t2-icon t2-icon-arrowforward\" aria-hidden=\"true\" focusable=\"false\"><path d=\"M11.3 19.3c-.2-.2-.3-.4-.3-.7 0-.3.1-.5.3-.7l4.9-4.9H5c-.3 0-.5-.1-.7-.3-.2-.2-.3-.4-.3-.7s.1-.5.3-.7c.2-.2.4-.3.7-.3h11.2l-4.9-4.9c-.2-.2-.3-.4-.3-.7 0-.3.1-.5.3-.7.2-.2.4-.3.7-.3s.5.1.7.3l6.6 6.6c.1.1.2.2.2.3 0 .1.1.3.1.4 0 .1 0 .3-.1.4 0 .1-.1.2-.2.3l-6.6 6.6c-.2.2-.4.3-.7.3s-.5-.1-.7-.3z\"\/><\/svg><\/span>\t\t\t<div class=\"t2-link-list-item__content\">\n\n\t\t\t\t\n\t\t\t\t<span class=\"t2-link-list-item__text\">\n\t\t\t\t\tT\u00f8nsberg og F\u00e6rder\t\t\t\t<\/span>\n\t\t\t\t\t\t\t<\/div>\n\t\t<\/a>\n\t<\/li>\n\t\n<\/ul>\n\n<div class=\"t2-featured-content-layout alignwide alignwide wp-block-t2-featured-content-layout\">\n<div class=\"t2-featured-query-post t2-featured-content is-post-type-post category-ukategorisert local-tonsberg_ferder wp-block-t2-featured-query-post\"><a class=\"t2-post-link wp-block-t2-post-link\" href=\"https:\/\/naturvernforbundet.no\/vestfold\/saker-og-dokumenter\/\">\n<figure style=\"--t2-focal-point: 50% 50%;\" class=\"t2-post-featured-image has-image-ratio-4-3 wp-block-t2-post-featured-image\"><img loading=\"lazy\" decoding=\"async\" width=\"2121\" height=\"1414\" src=\"https:\/\/naturvernforbundet.no\/content\/uploads\/sites\/21\/2023\/02\/iStock-1340881556.jpg\" class=\"attachment-post-thumbnail size-post-thumbnail wp-post-image\" alt=\"gr\u00f8nt m\u00f8te ikon\" srcset=\"https:\/\/naturvernforbundet.no\/content\/uploads\/sites\/21\/2023\/02\/iStock-1340881556.jpg 2121w, https:\/\/naturvernforbundet.no\/content\/uploads\/sites\/21\/2023\/02\/iStock-1340881556-300x200.jpg 300w, https:\/\/naturvernforbundet.no\/content\/uploads\/sites\/21\/2023\/02\/iStock-1340881556-1024x683.jpg 1024w, https:\/\/naturvernforbundet.no\/content\/uploads\/sites\/21\/2023\/02\/iStock-1340881556-768x512.jpg 768w, https:\/\/naturvernforbundet.no\/content\/uploads\/sites\/21\/2023\/02\/iStock-1340881556-1536x1024.jpg 1536w, https:\/\/naturvernforbundet.no\/content\/uploads\/sites\/21\/2023\/02\/iStock-1340881556-2048x1365.jpg 2048w, https:\/\/naturvernforbundet.no\/content\/uploads\/sites\/21\/2023\/02\/iStock-1340881556-1920x1280.jpg 1920w\" sizes=\"auto, (max-width: 2121px) 100vw, 2121px\" \/><\/figure>\n\n<div class=\"wp-block-group alignfull is-layout-flow wp-block-group-is-layout-flow\">\n\t<h2 class=\"t2-post-title wp-block-t2-post-title\">Saker og dokumenter<\/h2>\n\t<p class=\"wp-block-naturvern-post-excerpt\">Her kan du oppdatere deg p\u00e5 siste nytt fra Naturvernforbundet i T\u00f8nsberg og F\u00e6rder.<\/p>\n\t\t<div class=\"wp-block-naturvern-post-meta\">\n\t\t\t\t\t<span class=\"cat\">\n\t\t\t\t\t\t\t\t\t<span><span class=\"tag-link\" data-href=\"https:\/\/naturvernforbundet.no\/vestfold\/category\/ukategorisert\/\">Ukategorisert<\/span><\/span>\n\t\t\t\t\t\t\t<\/span>\n\t\t\t\t\t\t\t<span class=\"date\">09.02.2023<\/span>\n\t\t\t<\/div>\n\t\n<\/div>\n\n<\/a>\n<\/div><div class=\"t2-featured-query-post t2-featured-content is-post-type-post category-samferdsel category-ukategorisert local-holmestrand wp-block-t2-featured-query-post\"><a class=\"t2-post-link wp-block-t2-post-link\" href=\"https:\/\/naturvernforbundet.no\/vestfold\/foredraget-reis-miljovennlig-med-tog\/\">\n<figure style=\"--t2-focal-point: 50% 50%;\" class=\"t2-post-featured-image has-image-ratio-4-3 wp-block-t2-post-featured-image\"><img loading=\"lazy\" decoding=\"async\" width=\"960\" height=\"540\" src=\"https:\/\/naturvernforbundet.no\/content\/uploads\/sites\/21\/2026\/03\/Ankaraekspressen.jpg\" class=\"attachment-post-thumbnail size-post-thumbnail wp-post-image\" alt=\"\" srcset=\"https:\/\/naturvernforbundet.no\/content\/uploads\/sites\/21\/2026\/03\/Ankaraekspressen.jpg 960w, https:\/\/naturvernforbundet.no\/content\/uploads\/sites\/21\/2026\/03\/Ankaraekspressen-300x169.jpg 300w, https:\/\/naturvernforbundet.no\/content\/uploads\/sites\/21\/2026\/03\/Ankaraekspressen-768x432.jpg 768w\" sizes=\"auto, (max-width: 960px) 100vw, 960px\" \/><\/figure>\n\n<div class=\"wp-block-group alignfull is-layout-flow wp-block-group-is-layout-flow\">\n\t<h2 class=\"t2-post-title wp-block-t2-post-title\">Foredraget &laquo;Reis milj\u00f8vennlig med tog&raquo;<\/h2>\n\t<p class=\"wp-block-naturvern-post-excerpt\">For alle interesserte som var til stede under foredraget v\u00e5rt 10. mars (og alle andre): Her finner den som planlegger en lengre togferie noen nyttige lenker.<\/p>\n\t\t<div class=\"wp-block-naturvern-post-meta\">\n\t\t\t\t\t<span class=\"cat\">\n\t\t\t\t\t\t\t\t\t<span><span class=\"tag-link\" data-href=\"https:\/\/naturvernforbundet.no\/vestfold\/category\/samferdsel\/\">Samferdsel<\/span><\/span>\n\t\t\t\t\t\t\t\t\t<span><span class=\"tag-link\" data-href=\"https:\/\/naturvernforbundet.no\/vestfold\/category\/ukategorisert\/\">Ukategorisert<\/span><\/span>\n\t\t\t\t\t\t\t<\/span>\n\t\t\t\t\t\t\t<span class=\"date\">23.03.2026<\/span>\n\t\t\t<\/div>\n\t\n<\/div>\n\n<\/a>\n<\/div>\n\n<div class=\"t2-featured-query-post t2-featured-content is-post-type-post category-aktiviteter local-holmestrand wp-block-t2-featured-query-post\"><a class=\"t2-post-link wp-block-t2-post-link\" href=\"https:\/\/naturvernforbundet.no\/vestfold\/den-store-klesbyttedagen-18-april-2\/\">\n<figure style=\"--t2-focal-point: 50% 50%;\" class=\"t2-post-featured-image has-image-ratio-4-3 wp-block-t2-post-featured-image\"><img loading=\"lazy\" decoding=\"async\" width=\"950\" height=\"768\" src=\"https:\/\/naturvernforbundet.no\/content\/uploads\/sites\/21\/2026\/03\/color-fashion-clothing-shopping-garment-boutique-1149845-pxhere.com_.jpg\" class=\"attachment-post-thumbnail size-post-thumbnail wp-post-image\" alt=\"\" srcset=\"https:\/\/naturvernforbundet.no\/content\/uploads\/sites\/21\/2026\/03\/color-fashion-clothing-shopping-garment-boutique-1149845-pxhere.com_.jpg 950w, https:\/\/naturvernforbundet.no\/content\/uploads\/sites\/21\/2026\/03\/color-fashion-clothing-shopping-garment-boutique-1149845-pxhere.com_-300x243.jpg 300w, https:\/\/naturvernforbundet.no\/content\/uploads\/sites\/21\/2026\/03\/color-fashion-clothing-shopping-garment-boutique-1149845-pxhere.com_-768x621.jpg 768w\" sizes=\"auto, (max-width: 950px) 100vw, 950px\" \/><\/figure>\n\n<div class=\"wp-block-group alignfull is-layout-flow wp-block-group-is-layout-flow\">\n\t<h2 class=\"t2-post-title wp-block-t2-post-title\">Den store klesbyttedagen 18. april<\/h2>\n\t<p class=\"wp-block-naturvern-post-excerpt\">Velkommen til den store klesbyttedagen! I \u00e5r arrangerer vi dette sammen med Husflidlaget og Frivilligsentralen p\u00e5 Holmestrand bibliotek.<\/p>\n\t\t<div class=\"wp-block-naturvern-post-meta\">\n\t\t\t\t\t<span class=\"cat\">\n\t\t\t\t\t\t\t\t\t<span><span class=\"tag-link\" data-href=\"https:\/\/naturvernforbundet.no\/vestfold\/category\/aktiviteter\/\">Aktiviteter<\/span><\/span>\n\t\t\t\t\t\t\t<\/span>\n\t\t\t\t\t\t\t<span class=\"date\">23.03.2026<\/span>\n\t\t\t<\/div>\n\t\n<\/div>\n\n<\/a>\n<\/div>\n\n<div class=\"t2-featured-query-post t2-featured-content is-post-type-post category-ukategorisert local-sandefjord wp-block-t2-featured-query-post\"><a class=\"t2-post-link wp-block-t2-post-link\" href=\"https:\/\/naturvernforbundet.no\/vestfold\/gjennestadvannet-borgeskogen-sor-planlagt-utvidelse-av-naeringsomrade\/\">\n<figure class=\"t2-post-featured-image has-image-ratio-4-3 wp-block-t2-post-featured-image\"><div class=\"t2-post-featured-image__fallback\">G<\/div><\/figure>\n\n<div class=\"wp-block-group alignfull is-layout-flow wp-block-group-is-layout-flow\">\n\t<h2 class=\"t2-post-title wp-block-t2-post-title\">Gjennestadvannet \u2013 Borgeskogen s\u00f8r, planlagt utvidelse av n\u00e6ringsomr\u00e5de.<\/h2>\n\t<p class=\"wp-block-naturvern-post-excerpt\">Gjennestadvannet er et sv\u00e6rt verdifullt naturomr\u00e5de, s\u00e6rlig for fugl, men ogs\u00e5 for amfibier og insekter.<br>Sandefjord kommune har satt i gang regulering av et omr\u00e5de som ligger mellom vannet og dagens n\u00e6ringsomr\u00e5de, Borgeskogen.<\/p>\n\t\t<div class=\"wp-block-naturvern-post-meta\">\n\t\t\t\t\t<span class=\"cat\">\n\t\t\t\t\t\t\t\t\t<span><span class=\"tag-link\" data-href=\"https:\/\/naturvernforbundet.no\/vestfold\/category\/ukategorisert\/\">Ukategorisert<\/span><\/span>\n\t\t\t\t\t\t\t<\/span>\n\t\t\t\t\t\t\t<span class=\"date\">11.03.2026<\/span>\n\t\t\t<\/div>\n\t\n<\/div>\n\n<\/a>\n<\/div>\n\n\t<div class=\"wp-block-naturvern-calendar\">\n\t\t<div>\n\t\t\t\t\t\t\t<a class=\"calendar-event\" href=\"https:\/\/naturvernforbundet.no\/vestfold\/event\/arsmote-naturvernforbundet-i-vestfold-2\/\">\n\t\t\t\t\t<div class=\"date-stamp\">\n\t\t\t\t\t\t<span class=\"day\">13.apr<\/span>\n\t\t\t\t\t\t<span class=\"year\">2026<\/span>\n\t\t\t\t\t<\/div>\n\t\t\t\t\t<div class=\"date-content\">\n\t\t\t\t\t\t<h4>\u00c5rsm\u00f8te: Naturvernforbundet i Vestfold<\/h4>\n\t\t\t\t\t\t<span>\u00c5rsm\u00f8te<\/span>\n\t\t\t\t\t\t<span>Kl. 18:00<\/span>\n\t\t\t\t\t<\/div>\n\t\t\t\t<\/a>\n\t\t\t\t\t\t<\/div>\n\t\t<a href=\"https:\/\/naturvernforbundet.no\/vestfold\/event\/\" class=\"read-more\">Se flere aktiviteter<\/a>\n\t<\/div>\n\t\n<\/div>","protected":false},"excerpt":{"rendered":"","protected":false},"author":1,"featured_media":0,"parent":0,"menu_order":0,"comment_status":"closed","ping_status":"closed","template":"","meta":{"_relevanssi_hide_post":"","_relevanssi_hide_content":"","_relevanssi_pin_for_all":"","_relevanssi_pin_keywords":"","_relevanssi_unpin_keywords":"","_relevanssi_related_keywords":"","_relevanssi_related_include_ids":"","_relevanssi_related_exclude_ids":"","_relevanssi_related_no_append":"","_relevanssi_related_not_related":"","_relevanssi_related_posts":"61,191,311,330,92,87","_relevanssi_noindex_reason":"","hide_logo":false,"footnotes":""},"categories":[],"class_list":["post-6","page","type-page","status-publish","hentry"],"acf":[],"yoast_head":"<!-- This site is optimized with the Yoast SEO plugin v24.9 - https:\/\/yoast.com\/wordpress\/plugins\/seo\/ -->\n<title>Forside - Vestfold<\/title>\n<meta name=\"robots\" content=\"index, follow, max-snippet:-1, max-image-preview:large, max-video-preview:-1\" \/>\n<link rel=\"canonical\" href=\"https:\/\/naturvernforbundet.no\/vestfold\/\" \/>\n<meta property=\"og:locale\" content=\"nb_NO\" \/>\n<meta property=\"og:type\" content=\"article\" \/>\n<meta property=\"og:title\" content=\"Forside - Vestfold\" \/>\n<meta property=\"og:url\" content=\"https:\/\/naturvernforbundet.no\/vestfold\/\" \/>\n<meta property=\"og:site_name\" content=\"Vestfold\" \/>\n<meta property=\"article:modified_time\" content=\"2025-02-24T13:08:41+00:00\" \/>\n<meta name=\"twitter:card\" content=\"summary_large_image\" \/>\n<script type=\"application\/ld+json\" class=\"yoast-schema-graph\">{\"@context\":\"https:\/\/schema.org\",\"@graph\":[{\"@type\":\"WebPage\",\"@id\":\"https:\/\/naturvernforbundet.no\/vestfold\/\",\"url\":\"https:\/\/naturvernforbundet.no\/vestfold\/\",\"name\":\"Forside - Vestfold\",\"isPartOf\":{\"@id\":\"https:\/\/naturvernforbundet.no\/vestfold\/#website\"},\"datePublished\":\"2022-04-01T12:42:29+00:00\",\"dateModified\":\"2025-02-24T13:08:41+00:00\",\"breadcrumb\":{\"@id\":\"https:\/\/naturvernforbundet.no\/vestfold\/#breadcrumb\"},\"inLanguage\":\"nb-NO\",\"potentialAction\":[{\"@type\":\"ReadAction\",\"target\":[\"https:\/\/naturvernforbundet.no\/vestfold\/\"]}]},{\"@type\":\"BreadcrumbList\",\"@id\":\"https:\/\/naturvernforbundet.no\/vestfold\/#breadcrumb\",\"itemListElement\":[{\"@type\":\"ListItem\",\"position\":1,\"name\":\"Till naturvernforbundet.no\",\"item\":\"https:\/\/naturvernforbundet.no\/\"},{\"@type\":\"ListItem\",\"position\":2,\"name\":\"Vestfold\",\"item\":\"https:\/\/naturvernforbundet.no\/vestfold\/\"},{\"@type\":\"ListItem\",\"position\":3,\"name\":\"Forside\"}]},{\"@type\":\"WebSite\",\"@id\":\"https:\/\/naturvernforbundet.no\/vestfold\/#website\",\"url\":\"https:\/\/naturvernforbundet.no\/vestfold\/\",\"name\":\"Vestfold\",\"description\":\"Bare enda et Naturvernforbundet Sites-nettsted\",\"potentialAction\":[{\"@type\":\"SearchAction\",\"target\":{\"@type\":\"EntryPoint\",\"urlTemplate\":\"https:\/\/naturvernforbundet.no\/vestfold\/?s={search_term_string}\"},\"query-input\":{\"@type\":\"PropertyValueSpecification\",\"valueRequired\":true,\"valueName\":\"search_term_string\"}}],\"inLanguage\":\"nb-NO\"}]}<\/script>\n<!-- \/ Yoast SEO plugin. -->","yoast_head_json":{"title":"Forside - Vestfold","robots":{"index":"index","follow":"follow","max-snippet":"max-snippet:-1","max-image-preview":"max-image-preview:large","max-video-preview":"max-video-preview:-1"},"canonical":"https:\/\/naturvernforbundet.no\/vestfold\/","og_locale":"nb_NO","og_type":"article","og_title":"Forside - Vestfold","og_url":"https:\/\/naturvernforbundet.no\/vestfold\/","og_site_name":"Vestfold","article_modified_time":"2025-02-24T13:08:41+00:00","twitter_card":"summary_large_image","schema":{"@context":"https:\/\/schema.org","@graph":[{"@type":"WebPage","@id":"https:\/\/naturvernforbundet.no\/vestfold\/","url":"https:\/\/naturvernforbundet.no\/vestfold\/","name":"Forside - Vestfold","isPartOf":{"@id":"https:\/\/naturvernforbundet.no\/vestfold\/#website"},"datePublished":"2022-04-01T12:42:29+00:00","dateModified":"2025-02-24T13:08:41+00:00","breadcrumb":{"@id":"https:\/\/naturvernforbundet.no\/vestfold\/#breadcrumb"},"inLanguage":"nb-NO","potentialAction":[{"@type":"ReadAction","target":["https:\/\/naturvernforbundet.no\/vestfold\/"]}]},{"@type":"BreadcrumbList","@id":"https:\/\/naturvernforbundet.no\/vestfold\/#breadcrumb","itemListElement":[{"@type":"ListItem","position":1,"name":"Till naturvernforbundet.no","item":"https:\/\/naturvernforbundet.no\/"},{"@type":"ListItem","position":2,"name":"Vestfold","item":"https:\/\/naturvernforbundet.no\/vestfold\/"},{"@type":"ListItem","position":3,"name":"Forside"}]},{"@type":"WebSite","@id":"https:\/\/naturvernforbundet.no\/vestfold\/#website","url":"https:\/\/naturvernforbundet.no\/vestfold\/","name":"Vestfold","description":"Bare enda et Naturvernforbundet Sites-nettsted","potentialAction":[{"@type":"SearchAction","target":{"@type":"EntryPoint","urlTemplate":"https:\/\/naturvernforbundet.no\/vestfold\/?s={search_term_string}"},"query-input":{"@type":"PropertyValueSpecification","valueRequired":true,"valueName":"search_term_string"}}],"inLanguage":"nb-NO"}]}},"_links":{"self":[{"href":"https:\/\/naturvernforbundet.no\/vestfold\/wp-json\/wp\/v2\/pages\/6","targetHints":{"allow":["GET"]}}],"collection":[{"href":"https:\/\/naturvernforbundet.no\/vestfold\/wp-json\/wp\/v2\/pages"}],"about":[{"href":"https:\/\/naturvernforbundet.no\/vestfold\/wp-json\/wp\/v2\/types\/page"}],"author":[{"embeddable":true,"href":"https:\/\/naturvernforbundet.no\/vestfold\/wp-json\/wp\/v2\/users\/1"}],"replies":[{"embeddable":true,"href":"https:\/\/naturvernforbundet.no\/vestfold\/wp-json\/wp\/v2\/comments?post=6"}],"version-history":[{"count":10,"href":"https:\/\/naturvernforbundet.no\/vestfold\/wp-json\/wp\/v2\/pages\/6\/revisions"}],"predecessor-version":[{"id":776,"href":"https:\/\/naturvernforbundet.no\/vestfold\/wp-json\/wp\/v2\/pages\/6\/revisions\/776"}],"wp:attachment":[{"href":"https:\/\/naturvernforbundet.no\/vestfold\/wp-json\/wp\/v2\/media?parent=6"}],"wp:term":[{"taxonomy":"category","embeddable":true,"href":"https:\/\/naturvernforbundet.no\/vestfold\/wp-json\/wp\/v2\/categories?post=6"}],"curies":[{"name":"wp","href":"https:\/\/api.w.org\/{rel}","templated":true}]}}